{"id":8450,"date":"2024-09-10T15:14:11","date_gmt":"2024-09-10T13:14:11","guid":{"rendered":"https:\/\/spleeft.app\/?page_id=8450"},"modified":"2024-09-10T15:20:03","modified_gmt":"2024-09-10T13:20:03","slug":"aviso-legal","status":"publish","type":"page","link":"https:\/\/spleeft.app\/pt\/aviso-legal\/","title":{"rendered":"Aviso legal"},"content":{"rendered":"<div data-elementor-type=\"wp-page\" data-elementor-id=\"8450\" class=\"elementor elementor-8450\" data-elementor-post-type=\"page\">\n\t\t\t\t<div class=\"elementor-element elementor-element-4572789 e-flex e-con-boxed e-con e-parent\" data-id=\"4572789\" data-element_type=\"container\" data-e-type=\"container\">\n\t\t\t\t\t<div class=\"e-con-inner\">\n\t\t\t\t<div class=\"elementor-element elementor-element-84492d0 elementor-widget elementor-widget-text-editor\" data-id=\"84492d0\" data-element_type=\"widget\" data-e-type=\"widget\" data-widget_type=\"text-editor.default\">\n\t\t\t\t<div class=\"elementor-widget-container\">\n\t\t\t\t\t\t\t\t\t<p>Os termos e condi\u00e7\u00f5es que a continua\u00e7\u00e3o s\u00e3o indicados regulamentam o acesso e o uso do site https:\/\/spleeft.app\/ , de propriedade de IVAN DE LUCAS ROGERO, e tamb\u00e9m IVAN-DE-LUCAS, que \u00e9 o respons\u00e1vel legal por este site.<\/p><p>Nome comercial: IVAN-DE-LUCAS\u00a0<br \/>Respons\u00e1vel: IVAN DE LUCAS ROGERO<br \/>DNI: 70265279A<br \/>Endere\u00e7o: Calle Los Cantos, 23. 28260 Galapagar (Madrid)<br \/>Telefone: +34 634442588<br \/>Contato: ivandelucas2000@gmail.com<\/p><p>A seguir, encontre todas as informa\u00e7\u00f5es relativas aos termos e condi\u00e7\u00f5es legais que definem as rela\u00e7\u00f5es entre o usu\u00e1rio e IVAN-DE-LUCAS como respons\u00e1vel por este site.<br \/>IVAN-DE-LUCAS se compromete a processar as informa\u00e7\u00f5es dos usu\u00e1rios e clientes com plenas garantias e cumprir os requisitos nacionais e europeus que regulamentam a coleta e uso dos dados pessoais dos usu\u00e1rios.<br \/>A web https:\/\/spleeft.app\/ est\u00e1 adequada \u00e0s exig\u00eancias das seguintes leis:<\/p><p>\u25cf Lei Org\u00e2nica 3\/2018, de 5 de dezembro, de Prote\u00e7\u00e3o de Dados Pessoais e garantia dos direitos digitais. <a style=\"box-sizing: inherit; background-color: #ffffff;\" href=\"https:\/\/boe.es\/boe\/dias\/2018\/12\/06\/pdfs\/BOE-A-2018-16673.pdf\" target=\"_blank\" rel=\"noopener\">Baixar<\/a>(https:\/\/boe.es\/boe\/dias\/2018\/12\/06\/pdfs\/BOE-A-2018-16673.pdf)<br style=\"box-sizing: inherit;\" \/>\u25cf Regulamento (UE) 2016\/679 do Parlamento Europeu e do Conselho de 27 de abril de 2016 relativo \u00e0 prote\u00e7\u00e3o das pessoas f\u00edsicas (RGPD), <a style=\"box-sizing: inherit; background-color: #ffffff;\" href=\"https:\/\/www.boe.es\/doue\/2016\/119\/L00001-00088.pdf\" target=\"_blank\" rel=\"noopener\">Baixar<\/a>(https:\/\/www.boe.es\/doue\/2016\/119\/L00001-00088.pdf)<br style=\"box-sizing: inherit;\" \/>\u25cf Lei 34\/2002, de 11 de julho, de Servi\u00e7os da Sociedade de Informa\u00e7\u00e3o e Com\u00e9rcio Eletr\u00f4nico (LSSICE ou LSSI) que regulamenta as transa\u00e7\u00f5es econ\u00f4micas por meio de meios eletr\u00f4nicos. <a style=\"box-sizing: inherit; background-color: #ffffff;\" href=\"https:\/\/boe.es\/boe\/dias\/2018\/12\/06\/pdfs\/BOE-A-2018-16673.pdf\" target=\"_blank\" rel=\"noopener\">Baixar<\/a> ( https:\/\/www.boe.es\/buscar\/doc.php?id=BOE-A-2002-13758 )<\/p><h2>T\u00c9RMINOS LEGAIS E CONDI\u00c7\u00d5ES<\/h2><p>As presentes Condi\u00e7\u00f5es Gerais regulam o uso, incluindo o mero acesso, de todas as p\u00e1ginas da web que integram o site de https:\/\/spleeft.app\/ incluindo os conte\u00fados e servi\u00e7os apresentados nas mesmas.<\/p><p>A utiliza\u00e7\u00e3o deste site https:\/\/spleeft.app\/ sup\u00f5e um acordo entre o Usu\u00e1rio e IVAN-DE-LUCAS, o que implica a ades\u00e3o plena e sem reservas a todas e cada uma das condi\u00e7\u00f5es gerais publicadas por IVAN-DE -LUCAS, na vers\u00e3o publicada e vigente no momento em que se acedeu ao mesmo. Por isso, IVAN-DE-LUCAS recomenda ao usu\u00e1rio que leia atentamente as mensagens sempre que acessar o site.<\/p><h2>MENOR DE IDADE<\/h2><p>Que proibiu o acesso e uso do portal para menores de idade, pois o usu\u00e1rio declara que \u00e9 prefeito de idade (\u00e9 decir, tem, pelo menos, 18 anos) e disp\u00f5e da capacidade legal necess\u00e1ria para adquirir os servi\u00e7os oferecidos a trav\u00e9s da Web de IVAN-DE-LUCAS de conformidade com as presentes condi\u00e7\u00f5es gerais, que compreende e entende sua totalidade.<br \/>IVAN-DE-LUCAS a informa\u00e7\u00e3o de que existem programas inform\u00e1ticos que permitem filtrar e bloquear o acesso a determinados conte\u00fados e servi\u00e7os, de tal forma que os pais, por exemplo, podem decidir quais s\u00e3o os conte\u00fados e servi\u00e7os do Portal para aqueles que seus filhos podem tener acesso e cu\u00e1les no.<\/p><p>EXCLUS\u00c3O DE GARANTIAS E REN\u00daNCIA DE QUALQUER RESPONSABILIDADE<\/p><p>Esta p\u00e1gina e seus componentes s\u00e3o oferecidos apenas com informa\u00e7\u00f5es informativas. IVAN-DE-LUCAS, titular deste site, n\u00e3o \u00e9 respons\u00e1vel pela exatid\u00e3o, utiliza\u00e7\u00e3o ou disponibilidade de qualquer informa\u00e7\u00e3o que seja transmitida ou colocada \u00e0 disposi\u00e7\u00e3o atrav\u00e9s do misma; n\u00e3o ser\u00e1 respons\u00e1vel por qualquer erro ou omiss\u00e3o nesta informa\u00e7\u00e3o. Os usu\u00e1rios desta p\u00e1gina que, em seus dados pessoais, com a aceita\u00e7\u00e3o do consentimento informado, renunciam a qualquer indeniza\u00e7\u00e3o que, pelo uso legal desses dados, os pudieram correspondentes, n\u00e3o podendo exercer nenhuma reclama\u00e7\u00e3o legal por eles. De querer ostentar, n\u00e3o deben ceder seus dados neste site.<br \/>Al\u00e9m disso, IVAN-DE-LUCAS n\u00e3o garante que nenhuma pessoa seja respons\u00e1vel, em nenhum caso, por danos e preju\u00edzos de qualquer natureza natural que possa ter sido causada por:<br \/>\u25cf Falta de disponibilidade, manuten\u00e7\u00e3o e funcionamento eficaz da web, ou de seus servi\u00e7os e conte\u00fados.<br \/>\u25cf A exist\u00eancia de malware, programas maliciosos ou lesivos nos conte\u00fados;<br \/>\u25cf Uso il\u00edcito, negligente, fraudulento ou contr\u00e1rio a este aviso legal;<br \/>\u25cf Falta de licitude, qualidade, confiabilidade, utilidade e disponibilidade dos servi\u00e7os prestados por terceiros e postos \u00e0 disposi\u00e7\u00e3o dos usu\u00e1rios no site.<\/p><p>O credor n\u00e3o se responsabiliza por nenhum conceito de danos que possa impedir o uso ilegal ou indevido da presente p\u00e1gina da web.<\/p><h2>ENTORNO SEGURO<\/h2><p>O acesso completo ao site https:\/\/spleeft.app\/ \u00e9 feito atrav\u00e9s do qual o usu\u00e1rio de IVAN-DE-LUCAS efetua a contrata\u00e7\u00e3o de produtos ou servi\u00e7os de IVAN-DE-LUCAS em um ambiente seguro.<\/p><p>Al\u00e9m disso, os dados pessoais comunicados pelo usu\u00e1rio a IVAN-DE-LUCAS podem ser armazenados em bases de dados automatizadas ou n\u00e3o, cuja titularidade corresponde exclusivamente a IVAN-DE-LUCAS, assumindo que s\u00e3o todas as medidas de pr\u00e1tica, t\u00e9cnica e organiza\u00e7\u00e3o seguran\u00e7a que garante a confidencialidade, integridade e qualidade das informa\u00e7\u00f5es contidas nos erros de acordo com o estabelecido na normativa vigente em prote\u00e7\u00e3o de dados. A comunica\u00e7\u00e3o entre usu\u00e1rios e https:\/\/spleeft.app\/ utiliza um canal seguro, e os dados transmitidos s\u00e3o cifrados gra\u00e7as a protocolos em https, portanto, garantem as melhores condi\u00e7\u00f5es de seguran\u00e7a para que a confidencialidade dos usu\u00e1rios seja garantida .<\/p><h2>CONTE\u00daDOS<\/h2><p>As informa\u00e7\u00f5es que aparecem nesta p\u00e1gina s\u00e3o as vigentes na data de sua \u00faltima atualiza\u00e7\u00e3o. IVAN-DE-LUCAS reserva o direito para atualizar, modificar ou excluir as informa\u00e7\u00f5es ou o conte\u00fado deste site, assim como o presente Aviso Legal. A este respeito, IVAN-DE-LUCAS realiza os esfor\u00e7os m\u00e1ximos para evitar qualquer erro nos conte\u00fados que podem aparecer nesta p\u00e1gina.<\/p><p>IVAN-DE-LUCAS n\u00e3o se responsabiliza pelo mau uso que \u00e9 real do conte\u00fado de suas p\u00e1ginas da Web, sendo responsabilidade exclusiva da pessoa que acessa os mesmos ou os utiliza. Simismo, se exonera \u00e0 empresa de responsabilidade ante qualquer dano ou preju\u00edzo que possa sofrer o Usu\u00e1rio como consequ\u00eancia de erros, defeitos ou omiss\u00f5es, na informa\u00e7\u00e3o facilitada por IVAN-DE-LUCAS.<\/p><p>IVAN-DE-LUCAS n\u00e3o controla nem por isso assume alguma responsabilidade pelas informa\u00e7\u00f5es contidas nas p\u00e1ginas Web de terceiros que podem ser acessadas por links (links) ou buscadores das p\u00e1ginas Web de IVAN-DE-LUCAS. A presen\u00e7a de links (links) nas p\u00e1ginas Web de IVAN-DE-LUCAS tem car\u00e1ter meramente informativo e em nenhum caso sup\u00f5e-se sugest\u00e3o, convite ou recomenda\u00e7\u00e3o sobre os mesmos.<\/p><p>No caso de o Usu\u00e1rio ter conhecimento de que os sites enla\u00e7ados enviar\u00e3o p\u00e1ginas cujos conte\u00fados ou servi\u00e7os s\u00e3o il\u00edcitos, contratados, denigrantes, violentos ou contr\u00e1rios \u00e0 moral, voc\u00ea poder\u00e1 entrar em contato com IVAN-DE-LUCAS para verificar os dados pessoais do comunicante e uma breve descri\u00e7\u00e3o dos hechos. A recep\u00e7\u00e3o por parte de IVAN-DE-LUCAS da comunica\u00e7\u00e3o prevista nesta cl\u00e1usula n\u00e3o ser\u00e1 suportada por si mesma, o conhecimento efetivo das atividades e\/ou conte\u00fados indicados pelo comunicante. Queda expressamente proibiu o uso da Web com multas de bem ou de interesse, assim como a\u00e7\u00f5es que de qualquer forma sobrecarguem, danifiquem ou inutilizem redes, servidores e outros equipamentos de inform\u00e1tica (hardware) ou produtos e aplicativos de inform\u00e1tica (software) de IVAN- DE-LUCAS o de terceiro.<\/p><h2>PROPRIEDADE INTELECTUAL E INDUSTRIAL<\/h2><p>Esta Web, https:\/\/spleeft.app\/ \u00e9 propriedade de IVAN-DE-LUCAS. Os direitos de Propriedade Intelectual e os direitos de explora\u00e7\u00e3o e reprodu\u00e7\u00e3o desta Web, de suas p\u00e1ginas, telas, as informa\u00e7\u00f5es que cont\u00eam, sua apar\u00eancia e design, assim como os v\u00ednculos que se estabelecem a partir dela a outras p\u00e1ginas da Web de qualquer sociedade das indicadas anteriormente, sua propriedade \u00e9 exclusiva deste, salvo que especifique outra coisa.<\/p><p>Todas as denomina\u00e7\u00f5es, designs e\/ou logotipos que comp\u00f5em esta p\u00e1gina s\u00e3o marcas obviamente registradas.<\/p><p>Qualquer uso indevido dos erros por pessoa diferente do seu leg\u00edtimo titular poder\u00e1 ser perseguido em conformidade com a legisla\u00e7\u00e3o vigente. Os direitos de propriedade intelectual e marcas de terceiros s\u00e3o destacados e protegidos e devem ser respeitados por todos aqueles que acessam a Web. Somente para uso pessoal e privado permite baixar o conte\u00fado, copiar ou imprimir qualquer p\u00e1gina deste site. \u00c9 proibido reproduzir, transmitir, modificar ou suprimir informa\u00e7\u00f5es, conte\u00fado e an\u00fancios deste site sem a autoriza\u00e7\u00e3o pr\u00e9via por escrito de IVAN-DE-LUCAS.<\/p><p>A respeito das cita\u00e7\u00f5es de produtos e servi\u00e7os de terceiros, IVAN-DE-LUCAS reconhece a favor de seus titulares os correspondentes direitos de propriedade industrial e intelectual, n\u00e3o implicando apenas sua men\u00e7\u00e3o ou apari\u00e7\u00e3o na Web a exist\u00eancia de direitos ou responsabilidade de alguma coisa de IVAN -DE-LUCAS sobre los mismos, como tampoco respaldo, patroc\u00ednio, o recomenda\u00e7\u00e3o por parte de IVAN-DE-LUCAS, a n\u00e3o ser que se manifeste de forma expressa.<\/p><p>No caso de um usu\u00e1rio ou um terceiro considerar que cometeu uma viola\u00e7\u00e3o de seus direitos de propriedade intelectual devido \u00e0 introdu\u00e7\u00e3o de um determinado conte\u00fado na web, dever\u00e1 notificar esta circunst\u00e2ncia a IVAN-DE-LUCAS referindo:<\/p><p>\u25cf Dados pessoais do interesse titular dos direitos presuntamente infringidos, ou indicar a representa\u00e7\u00e3o com a qual atua no caso de a reclama\u00e7\u00e3o apresentar um terceiro distinto do interesse.<\/p><p>\u25cf Se\u00f1alar os conte\u00fados protegidos pelos direitos de propriedade intelectual e sua localiza\u00e7\u00e3o na web, a acredita\u00e7\u00e3o dos direitos de propriedade intelectual sinalizados e a declara\u00e7\u00e3o expressa em que o interesse se responsabiliza pela veracidade das informa\u00e7\u00f5es facilitadas na notifica\u00e7\u00e3o.<\/p><h2>EXCLUS\u00c3O DE GARANTIAS E RESPONSABILIDADE<\/h2><p>IVAN-DE-LUCAS n\u00e3o garante que ningu\u00e9m seja respons\u00e1vel, em nenhum caso, por poss\u00edveis danos ou preju\u00edzos que possam derivar de:<\/p><p>\u25cf Interfer\u00eancias, omiss\u00f5es, interrup\u00e7\u00f5es, v\u00edrus inform\u00e1ticos, averias telef\u00f3nicas ou desconex\u00f5es no funcionamento operativo deste sistema electr\u00f3nico, motivadas por causas ajenas \u00e0 empresa; de atrasos ou bloqueios no uso do atual sistema eletr\u00f4nico causados por defici\u00eancias ou sobrecargas de linhas telef\u00f4nicas ou sobrecargas na Internet ou em outros sistemas eletr\u00f4nicos.<\/p><p>\u25cf Assim como os danos que podem ser causados por terceiras pessoas mediante intromiss\u00f5es ileg\u00edtimas fora do controle de IVAN-DE-LUCAS. Simismo, se exonera a empresa de responsabilidade ante qualquer dano ou preju\u00edzo que possa sofrer o usu\u00e1rio como conseq\u00fc\u00eancia de erros, defeitos ou omiss\u00f5es, na informa\u00e7\u00e3o facilitada por IVAN-DE-LUCAS.<\/p><p>\u25cf Al\u00e9m de falta de disponibilidade, manuten\u00e7\u00e3o e funcionamento eficaz da web, ou de seus servi\u00e7os e conte\u00fados.<\/p><p>\u25cf A exist\u00eancia de malware, programas maliciosos ou lesivos nos conte\u00fados;<\/p><p>\u25cf Uso il\u00edcito, negligente, fraudulento ou contr\u00e1rio a este aviso legal;<\/p><p>\u25cf Falta de licitude, qualidade, confiabilidade, utilidade e disponibilidade dos servi\u00e7os prestados por terceiros e postos \u00e0 disposi\u00e7\u00e3o dos usu\u00e1rios no site.<\/p><p>Por outro lado, IVAN-DE-LUCAS pode exigir de forma provis\u00f3ria a suspens\u00e3o dos servi\u00e7os quando for necess\u00e1rio para a repara\u00e7\u00e3o ou manuten\u00e7\u00e3o dos equipamentos, programas ou redes pr\u00f3prias.<\/p><p>IVAN-DE-LUCAS n\u00e3o se tornou respons\u00e1vel por nenhum conceito dos danos que poderiam resultar no uso ilegal ou indevido da presente p\u00e1gina web.<\/p><p>IVAN-DE-LUCAS reserva o direito de modifica\u00e7\u00e3o, em qualquer momento e sem aviso pr\u00e9vio, o design, apresenta\u00e7\u00e3o e\/ou configura\u00e7\u00e3o do site https:\/\/spleeft.app\/ , assim como alguns ou todos os conte\u00fados e servi\u00e7os, assim como modificar os presentes Condi\u00e7\u00f5es Gerais e\/ou condi\u00e7\u00f5es particulares exigidas para utilizar os mesmos.<\/p><h2>POL\u00cdTICA DE PROTE\u00c7\u00c3O DE DADOS E CONFIDENCIALIDADE<\/h2><p>IVAN-DE-LUCAS se compromete na utiliza\u00e7\u00e3o dos dados obtidos neste site, respeitando sua confidencialidade e usando-os de acordo com a finalidade do mesmo, assim como cumprir sua obriga\u00e7\u00e3o de guard\u00e1-los e adotar todas as medidas para evitar o altera\u00e7\u00e3o, perda, tratamento ou acesso n\u00e3o autorizado, em conformidade com o estabelecido no Regulamento UE 2016\/679, do Parlamento Europeu e do Conselho de 27 de abril de 2016. (RGPD) e da Lei Org\u00e2nica 3\/2018, de 5 de dezembro, de Prote\u00e7\u00e3o de Dados Pessoais e garantia dos direitos digitais.<\/p><p>O Usu\u00e1rio garante que os dados pessoais facilitados atrav\u00e9s dos formul\u00e1rios de contato sejam verdadeiros, ficando obrigado a comunicar qualquer modifica\u00e7\u00e3o dos mesmos. Igualmente, o Usu\u00e1rio garante que todas as informa\u00e7\u00f5es facilitadas correspondam \u00e0 sua situa\u00e7\u00e3o real, que est\u00e1 marcada para o dia e \u00e9 exata. Al\u00e9m disso, o Usu\u00e1rio se obriga a manter em todo o momento seus dados atualizados, sendo o \u00fanico respons\u00e1vel pela inexatid\u00e3o ou falsidade dos dados facilitados e dos preju\u00edzos que podem causar a ele a IVAN-DE-LUCAS como titular do site.<\/p><p>De igual forma, o Usu\u00e1rio tem acesso em todos os momentos a modificar, editar ou excluir as informa\u00e7\u00f5es fornecidas, bem como gerenciar sua baixa diretamente, ou mediante solicita\u00e7\u00e3o dirigida ao contato indicado na se\u00e7\u00e3o Dire\u00e7\u00f5es de Contato ou por escrito dirigido a IVAN-DE- LUCAS junto com c\u00f3pia do seu DNI ou documento acreditativo equivalente.<\/p><p>Para ampliar as informa\u00e7\u00f5es sobre a pol\u00edtica de prote\u00e7\u00e3o de dados e direitos, voc\u00ea pode consultar a dire\u00e7\u00e3o: https:\/\/spleeft.app\/ \/politica-de-privacidadd<\/p><h2>PROPRIEDADE INDUSTRIAL E INTELECTUAL<\/h2><p>Este site \u00e9 propriedade de IVAN-DE-LUCAS. Os direitos de Propriedade Intelectual e os direitos de explora\u00e7\u00e3o e reprodu\u00e7\u00e3o desta Web, de suas p\u00e1ginas, telas, as informa\u00e7\u00f5es que cont\u00eam, sua apar\u00eancia e design, assim como os v\u00ednculos que se estabelecem a partir dela para outras p\u00e1ginas da Web s\u00e3o de propriedade exclusiva deste, salvo que se especifique outra coisa.<\/p><p>Todas as denomina\u00e7\u00f5es, designs e\/ou logotipos que comp\u00f5em esta p\u00e1gina s\u00e3o marcas obviamente registradas.<\/p><p>Qualquer uso indevido dos erros por pessoa diferente do seu leg\u00edtimo titular poder\u00e1 ser perseguido em conformidade com a legisla\u00e7\u00e3o vigente. Os direitos de propriedade intelectual e marcas de terceiros s\u00e3o destacados e protegidos e devem ser respeitados por todos aqueles que acessam a Web. Somente para uso pessoal e privado permite baixar o conte\u00fado, copiar ou imprimir qualquer p\u00e1gina deste site. \u00c9 proibido reproduzir, transmitir, modificar ou suprimir informa\u00e7\u00f5es, conte\u00fado e an\u00fancios deste site sem a autoriza\u00e7\u00e3o pr\u00e9via por escrito de IVAN-DE-LUCAS.<\/p><h2>LEGISLA\u00c7\u00c3O APLIC\u00c1VEL E JURISDI\u00c7\u00c3O<\/h2><p>Para a resolu\u00e7\u00e3o de todas as controv\u00e9rsias ou quest\u00f5es relacionadas com o presente site ou das atividades desenvolvidas, ser\u00e1 de aplica\u00e7\u00e3o da legisla\u00e7\u00e3o espanhola, a que se algumas vezes expressamente as partes, sendo todos competentes para a resolu\u00e7\u00e3o dos conflitos relacionados com su uso dos Juzgados e Tribunais do usu\u00e1rio ou respons\u00e1vel.<\/p><p>Se qualquer cl\u00e1usula inclu\u00edda nos presentes condi\u00e7\u00f5es gerais for declarada total ou parcialmente nula ou ineficaz, tal nulidad ou inefic\u00e1cia s\u00f3 afetar\u00e1 a dicha disposi\u00e7\u00e3o sobre a parte desta que resulta nula ou ineficaz, subsistindo as presentes condi\u00e7\u00f5es gerais em todo o resto e considerando-as tal disposi\u00e7\u00e3o total ou parcialmente por n\u00e3o inclu\u00edda.<\/p><p>Al\u00e9m disso, registramos que voc\u00ea pode acessar a plataforma de resolu\u00e7\u00e3o de lit\u00edgios on-line da Uni\u00e3o Europeia, seguindo este link:<br \/><a href=\"https:\/\/ec.europa.eu\/consumers\/odr\/main\/?event=main.home2.show.\" target=\"_blank\" rel=\"noopener\">https:\/\/ec.europa.eu\/consumers\/odr\/main\/?event=main.home2.show.<\/a><\/p><h2>CONTATO<\/h2><p>Para qualquer d\u00favida sobre aviso legal ou qualquer coment\u00e1rio na web https:\/\/spleeft.app\/ <span style=\"font-style: inherit; font-weight: inherit; background-color: var(--ast-global-color-5); color: var(--ast-global-color-3);\">por favor mande um e-mail para ivandelucas2000@gmail.com<\/span><\/p><p>Aviso legal atualizado pela \u00faltima vez em 8 de agosto de 2024<span style=\"font-style: inherit; font-weight: inherit; background-color: var(--ast-global-color-5); color: var(--ast-global-color-3);\"><br \/><\/span><\/p>\t\t\t\t\t\t\t\t<\/div>\n\t\t\t\t<\/div>\n\t\t\t\t\t<\/div>\n\t\t\t\t<\/div>\n\t\t\t\t<\/div>","protected":false},"excerpt":{"rendered":"<p>Os termos e condi\u00e7\u00f5es que a continua\u00e7\u00e3o s\u00e3o indicados regulamentam o acesso e o uso do site https:\/\/spleeft.app\/ , de propriedade de IVAN DE LUCAS ROGERO, e tamb\u00e9m IVAN-DE-LUCAS, que \u00e9 o respons\u00e1vel legal por este site. Nome comercial: IVAN-DE-LUCAS Respons\u00e1vel: IVAN DE LUCAS ROGERODNI: 70265279ADire\u00e7\u00e3o: Calle Los Cantos, 23. 28260 Galapagar (Madrid)Telefono: +34 634442588Contacto: ivandelucas2000@gmail.com A \u2026 <\/p>\n<p class=\"link-more\"><a href=\"https:\/\/spleeft.app\/pt\/aviso-legal\/\" class=\"more-link\">Ler mais<span class=\"screen-reader-text\"> \u201cAviso legal\u201d<\/span><\/a><\/p>","protected":false},"author":3,"featured_media":0,"parent":0,"menu_order":0,"comment_status":"closed","ping_status":"closed","template":"","meta":{"om_disable_all_campaigns":false,"_monsterinsights_skip_tracking":false,"_monsterinsights_sitenote_active":false,"_monsterinsights_sitenote_note":"","_monsterinsights_sitenote_category":0,"footnotes":""},"class_list":["post-8450","page","type-page","status-publish","hentry"],"_links":{"self":[{"href":"https:\/\/spleeft.app\/pt\/wp-json\/wp\/v2\/pages\/8450","targetHints":{"allow":["GET"]}}],"collection":[{"href":"https:\/\/spleeft.app\/pt\/wp-json\/wp\/v2\/pages"}],"about":[{"href":"https:\/\/spleeft.app\/pt\/wp-json\/wp\/v2\/types\/page"}],"author":[{"embeddable":true,"href":"https:\/\/spleeft.app\/pt\/wp-json\/wp\/v2\/users\/3"}],"replies":[{"embeddable":true,"href":"https:\/\/spleeft.app\/pt\/wp-json\/wp\/v2\/comments?post=8450"}],"version-history":[{"count":0,"href":"https:\/\/spleeft.app\/pt\/wp-json\/wp\/v2\/pages\/8450\/revisions"}],"wp:attachment":[{"href":"https:\/\/spleeft.app\/pt\/wp-json\/wp\/v2\/media?parent=8450"}],"curies":[{"name":"wp","href":"https:\/\/api.w.org\/{rel}","templated":true}]}}