{"id":8012,"date":"2024-08-30T11:56:04","date_gmt":"2024-08-30T09:56:04","guid":{"rendered":"https:\/\/spleeft.app\/?page_id=8012"},"modified":"2024-09-20T08:58:09","modified_gmt":"2024-09-20T06:58:09","slug":"politica-de-cookies","status":"publish","type":"page","link":"https:\/\/spleeft.app\/pt\/politica-de-cookies\/","title":{"rendered":"Pol\u00edtica de Cookies"},"content":{"rendered":"<div data-elementor-type=\"wp-page\" data-elementor-id=\"8012\" class=\"elementor elementor-8012\" data-elementor-post-type=\"page\">\n\t\t\t\t<div class=\"elementor-element elementor-element-af75081 e-flex e-con-boxed e-con e-parent\" data-id=\"af75081\" data-element_type=\"container\" data-e-type=\"container\">\n\t\t\t\t\t<div class=\"e-con-inner\">\n\t\t\t\t<div class=\"elementor-element elementor-element-1273f1b elementor-widget elementor-widget-heading\" data-id=\"1273f1b\" data-element_type=\"widget\" data-e-type=\"widget\" data-widget_type=\"heading.default\">\n\t\t\t\t<div class=\"elementor-widget-container\">\n\t\t\t\t\t<h1 class=\"elementor-heading-title elementor-size-default\">Pol\u00edtica de cookies<\/h1>\t\t\t\t<\/div>\n\t\t\t\t<\/div>\n\t\t\t\t\t<\/div>\n\t\t\t\t<\/div>\n\t\t<div class=\"elementor-element elementor-element-32a1c10 e-flex e-con-boxed e-con e-parent\" data-id=\"32a1c10\" data-element_type=\"container\" data-e-type=\"container\">\n\t\t\t\t\t<div class=\"e-con-inner\">\n\t\t\t\t<div class=\"elementor-element elementor-element-a9a554e elementor-widget elementor-widget-text-editor\" data-id=\"a9a554e\" data-element_type=\"widget\" data-e-type=\"widget\" data-widget_type=\"text-editor.default\">\n\t\t\t\t<div class=\"elementor-widget-container\">\n\t\t\t\t\t\t\t\t\t<p>IVAN DE LUCAS ROGERO informa sobre o uso de cookies em seu site: https:\/\/spleeft.app\/<\/p>\n<p><b>O que s\u00e3o cookies?<br><\/b>\nCookies s\u00e3o arquivos que podem ser baixados para seu computador por meio de sites. S\u00e3o ferramentas que desempenham um papel essencial na presta\u00e7\u00e3o de in\u00fameros servi\u00e7os da sociedade da informa\u00e7\u00e3o. Entre outras coisas, permitem que um site armazene e recupere informa\u00e7\u00f5es sobre os h\u00e1bitos de navega\u00e7\u00e3o de um usu\u00e1rio ou de seu computador e, dependendo das informa\u00e7\u00f5es obtidas, podem ser usadas para reconhecer o usu\u00e1rio e melhorar o servi\u00e7o oferecido.<\/p>\n<p><b>Tipos de cookies<br><\/b>\nDependendo da entidade que gere o dom\u00ednio a partir do qual os cookies s\u00e3o enviados e processa os dados obtidos, podem distinguir-se dois tipos:<\/p>\n<p><b>\u2022 Cookies pr\u00f3prios:<br><\/b>\nAqueles que s\u00e3o enviados ao equipamento terminal do usu\u00e1rio a partir de um computador ou dom\u00ednio gerenciado pelo pr\u00f3prio editor e a partir do qual \u00e9 fornecido o servi\u00e7o solicitado pelo usu\u00e1rio.<\/p>\n<p><b>\u2022 Cookies de terceiros:<br><\/b>\nAqueles que s\u00e3o enviados ao equipamento terminal do usu\u00e1rio a partir de um computador ou dom\u00ednio que n\u00e3o \u00e9 gerenciado pelo editor, mas por outra entidade que processa os dados obtidos por meio dos cookies.<\/p>\n<p>No caso de os cookies serem instalados a partir de um computador ou dom\u00ednio gerido pelo pr\u00f3prio editor, mas as informa\u00e7\u00f5es recolhidas atrav\u00e9s deles serem geridas por um terceiro, n\u00e3o poder\u00e3o ser considerados cookies prim\u00e1rios.<\/p>\n<p>H\u00e1 tamb\u00e9m uma segunda classifica\u00e7\u00e3o com base no tempo que permanecem armazenados no navegador do cliente, que pode ser:<\/p>\n<p><b>\u2022 Cookies de sess\u00e3o:<br><\/b>\nProjetados para coletar e armazenar dados enquanto o usu\u00e1rio acessa um site. Geralmente s\u00e3o utilizados para armazenar informa\u00e7\u00f5es que s\u00f3 interessam manter para a presta\u00e7\u00e3o do servi\u00e7o solicitado pelo usu\u00e1rio em uma \u00fanica ocasi\u00e3o (por exemplo, uma lista de produtos adquiridos).<br><b>\n\u2022 Cookies persistentes:<br><\/b>\nOs dados permanecem armazenados no terminal e podem ser acessados e processados por um per\u00edodo definido pelo respons\u00e1vel pelo cookie, que pode variar de alguns minutos a v\u00e1rios anos.<\/p>\n<p>Por fim, existe outra classifica\u00e7\u00e3o com seis tipos de cookies dependendo da finalidade para a qual os dados obtidos s\u00e3o processados:<\/p>\n<p><b>\u2022 Cookies t\u00e9cnicos:<br><\/b>\nS\u00e3o aqueles que permitem ao utilizador navegar atrav\u00e9s de um s\u00edtio web, plataforma ou aplica\u00e7\u00e3o e utilizar as diferentes op\u00e7\u00f5es ou servi\u00e7os que neles existam, como, por exemplo, controlar o tr\u00e1fego e a comunica\u00e7\u00e3o de dados, identificar a sess\u00e3o, aceder a partes de acesso restrito, recordar os elementos que integram um pedido, realizar o processo de compra de um pedido, realizar o pedido de inscri\u00e7\u00e3o ou participa\u00e7\u00e3o num evento, utilizar elementos de seguran\u00e7a durante a navega\u00e7\u00e3o, armazenar conte\u00fados para a difus\u00e3o de v\u00eddeos ou som ou partilhar conte\u00fados atrav\u00e9s de redes sociais.<br><b>\n\u2022 Cookies de personaliza\u00e7\u00e3o:<br><\/b>\nPermitem ao usu\u00e1rio acessar o servi\u00e7o com algumas caracter\u00edsticas gerais predefinidas com base em uma s\u00e9rie de crit\u00e9rios no terminal do usu\u00e1rio, como o idioma, o tipo de navegador pelo qual o servi\u00e7o \u00e9 acessado, a configura\u00e7\u00e3o regional a partir da qual o servi\u00e7o \u00e9 acessado, etc.<br><b>\n\u2022 Cookies de an\u00e1lise:<br><\/b>\nEstes permitem ao respons\u00e1vel pelos mesmos monitorizar e analisar o comportamento dos utilizadores dos sites aos quais est\u00e3o vinculados. A informa\u00e7\u00e3o recolhida atrav\u00e9s deste tipo de cookies \u00e9 utilizada para medir a atividade dos sites, aplica\u00e7\u00e3o ou plataforma e para elaborar perfis de navega\u00e7\u00e3o dos utilizadores dos referidos sites, aplica\u00e7\u00f5es e plataformas, com a finalidade de introduzir melhorias em fun\u00e7\u00e3o da an\u00e1lise dos dados sobre a utiliza\u00e7\u00e3o que os utilizadores fazem do servi\u00e7o.<br><b>\n\u2022 Cookies de publicidade:<br><\/b>\nElas permitem a gest\u00e3o dos espa\u00e7os publicit\u00e1rios da forma mais eficiente poss\u00edvel.<br><b>\n\u2022 Cookies de publicidade comportamental:<br><\/b>\nEles armazenam informa\u00e7\u00f5es sobre o comportamento dos usu\u00e1rios obtidas por meio da observa\u00e7\u00e3o cont\u00ednua de seus h\u00e1bitos de navega\u00e7\u00e3o, o que permite desenvolver um perfil espec\u00edfico para exibir publicidade em fun\u00e7\u00e3o dele.<br><b>\n\u2022 Cookies de redes sociais externas:<br><\/b>\nEles s\u00e3o usados para que os visitantes possam interagir com o conte\u00fado de diferentes plataformas sociais (Facebook, YouTube, Twitter, LinkedIn, etc.) e s\u00e3o gerados apenas para os usu\u00e1rios dessas redes sociais. As condi\u00e7\u00f5es de uso desses cookies e as informa\u00e7\u00f5es coletadas s\u00e3o reguladas pela pol\u00edtica de privacidade da plataforma social correspondente.<\/p>\n<p><b>DESATIVA\u00c7\u00c3O DE COOKIES<br><\/b>\nVoc\u00ea tem a op\u00e7\u00e3o de permitir, bloquear ou excluir os cookies instalados no seu computador configurando as op\u00e7\u00f5es do navegador instalado no seu computador. Ao desabilitar os cookies, alguns dos servi\u00e7os dispon\u00edveis podem n\u00e3o estar mais operacionais. A maneira de desabilitar os cookies \u00e9 diferente para cada navegador, mas geralmente pode ser feita no menu Ferramentas ou Op\u00e7\u00f5es. Voc\u00ea tamb\u00e9m pode consultar o menu Ajuda do seu navegador, onde pode encontrar instru\u00e7\u00f5es. O usu\u00e1rio pode, a qualquer momento, escolher quais cookies deseja operar neste site.<\/p>\n<p>Voc\u00ea pode permitir, bloquear ou excluir cookies instalados em seu computador configurando as op\u00e7\u00f5es do navegador instalado em seu computador:<\/p>\n<p>\u2022 Microsoft Internet Explorer ou Microsoft Edge:<br>\nhttp:\/\/windows.microsoft.com\/es-es\/windows-vista\/Block-or-allow-cookies<br>\n\u2022 Mozilla Firefox:<br>\nhttp:\/\/support.mozilla.org\/es\/kb \/impedir-que-los-sitios-web-guarden-sus-preference<br>\n\u2022 Cromado:<br>\nhttps:\/\/support.google.com\/accounts\/answer\/61416?hl=es<br>\n\u2022 Saf\u00e1ri:<br>\nhttp:\/\/safari.helpmax.net \/es\/privacidade-e-seguranca\/como-gerenciar-os-cookies\/<br>\n\u2022 \u00d3pera:<br>\nhttp:\/\/help.opera.com\/Linux\/10.60\/es-ES\/cookies.html<\/p>\n<p>Al\u00e9m disso, voc\u00ea tamb\u00e9m pode gerenciar o armazenamento de cookies em seu navegador por meio de ferramentas como as seguintes:<br>\n\u2022 Ghostery: www.ghostery.com\/<br>\n\u2022 Suas escolhas online: www.youronlinechoices.com\/es\/<br>\nOs cookies que est\u00e3o sendo utilizados neste portal s\u00e3o identificados abaixo, bem como seu tipo e fun\u00e7\u00e3o:<br>\n\u2022 _utma<br>\n\u2013 Dura\u00e7\u00e3o: 2 anos a partir da instala\u00e7\u00e3o ou atualiza\u00e7\u00e3o.<br>\n\u2013 Descri\u00e7\u00e3o: Coleta informa\u00e7\u00f5es an\u00f4nimas sobre a navega\u00e7\u00e3o dos usu\u00e1rios no site, a fim de<br>\nconhe\u00e7a a origem das visitas e outros dados estat\u00edsticos. Este cookie \u00e9 normalmente armazenado no navegador na primeira visita ao nosso site. Se o cookie tiver sido exclu\u00eddo pelo navegador e voc\u00ea visitar nosso site novamente, um novo cookie do tipo _utma ser\u00e1 gravado com um ID exclusivo diferente.<br>\nEste cookie \u00e9 usado para determinar visitantes \u00fanicos em nosso site e \u00e9 atualizado a cada visualiza\u00e7\u00e3o de p\u00e1gina.<br>\nAl\u00e9m disso, este cookie fornece um identificador exclusivo que o Google Analytics usa para garantir a validade e acessibilidade do cookie, bem como uma medida de seguran\u00e7a extra.<br>\n\u2013 Tipo: Terceiro<br>\n\u2013 Objetivo: An\u00e1lise<br>\n\u2022 _utmb<br>\n\u2013 Dura\u00e7\u00e3o: 30 minutos<br>\n\u2013 Descri\u00e7\u00e3o: Armazena informa\u00e7\u00f5es sobre a atividade da visita ao nosso site e principalmente<br>\na dura\u00e7\u00e3o disto.<br>\n\u2013 Tipo: Terceiro<br>\n\u2013 Objetivo: An\u00e1lise<br>\n\u2022 _utmc<br>\n\u2013 Dura\u00e7\u00e3o: Sess\u00e3o<br>\n\u2013 Descri\u00e7\u00e3o: Armazena informa\u00e7\u00f5es sobre a atividade da visita ao nosso site e principalmente<br>\na dura\u00e7\u00e3o disto.<br>\n\u2013 Tipo: Terceiro<br>\n\u2013 Objetivo: An\u00e1lise<\/p>\n<p>_utmz<br>\n\u2013 Dura\u00e7\u00e3o: 6 meses a partir da instala\u00e7\u00e3o ou atualiza\u00e7\u00e3o.<br>\n\u2013 Descri\u00e7\u00e3o: Este cookie \u00e9 normalmente armazenado no navegador na primeira visita ao nosso site<br>\n.<br>\nEste cookie armazena como o visitante chegou ao nosso site, seja diretamente inserindo o endere\u00e7o de dom\u00ednio, um link, uma pesquisa na web ou um an\u00fancio. O cookie \u00e9 atualizado toda vez que voc\u00ea visita nosso site.<br>\n\u2013 Tipo: Terceiro<br>\n\u2013 Objetivo: An\u00e1lise<\/p>\n<p>\u2022 _ga<br>\n\u2013 Dura\u00e7\u00e3o: 2 anos<br>\n\u2013 Descri\u00e7\u00e3o: Sirve para distinguir os usu\u00e1rios. Gerado pelo Google Analytics. O Google armazena as informa\u00e7\u00f5es reconhecidas pelos cookies em servidores localizados nos Estados Unidos, cumprindo a legisla\u00e7\u00e3o europeia no que diz respeito \u00e0 prote\u00e7\u00e3o de dados pessoais e se compromete a n\u00e3o compartir com terceiros, exceto quando a lei o obriga a ele ou \u00e9 necess\u00e1ria para o funcionamento do sistema. O Google n\u00e3o associa sua dire\u00e7\u00e3o IP com nenhuma outra informa\u00e7\u00e3o que voc\u00ea tenha. Se desejar obter mais informa\u00e7\u00f5es sobre os cookies usados pelo Google Analytics, acesse esta dire\u00e7\u00e3o: https:\/\/developers.google.com\/analytics\/devguides\/collection\/analyticsjs\/cookie-usage?hl=es&amp;csw=1<br>\n\u2013 Tipo: Terceiro<br>\n\u2013 Finalidade: Anal\u00edtica<br>\n\u2022 _gato<br>\n\u2013 Dura\u00e7\u00e3o: 1 minuto<br>\n\u2013 Descri\u00e7\u00e3o: Utilizada para exibir nossa publicidade em outras p\u00e1ginas da rede Google. Gerado pelo Google Analytics. O Google armazena as informa\u00e7\u00f5es reconhecidas pelos cookies em servidores localizados nos Estados Unidos, cumprindo a legisla\u00e7\u00e3o europeia no que diz respeito \u00e0 prote\u00e7\u00e3o de dados pessoais e se compromete a n\u00e3o compartir com terceiros, exceto quando a lei o obriga a ele ou \u00e9 necess\u00e1ria para o funcionamento do sistema. O Google n\u00e3o associa sua dire\u00e7\u00e3o IP com nenhuma outra informa\u00e7\u00e3o que voc\u00ea tenha. Se desejar obter mais informa\u00e7\u00f5es sobre os cookies usados pelo Google Analytics, por favor<br>\nacesse esta dire\u00e7\u00e3o:<br>\nhttps:\/\/developers.google.com\/analytics\/devguides\/collection\/analyticsjs\/cookie-usage?hl=es&amp;csw=1<\/p>\n<p>Tipo: Terceiro<br>\n\u2013 Objetivo: Publicidade comportamental<br>\n\u2022 _gid<br>\n\u2013 Dura\u00e7\u00e3o: 24 horas<br>\n\u2013 Descri\u00e7\u00e3o: Gerado pelo Google Analytics. O Google armazena as informa\u00e7\u00f5es coletadas pelos cookies em servidores localizados nos Estados Unidos, em conformidade com a legisla\u00e7\u00e3o europeia relativa \u00e0 prote\u00e7\u00e3o de dados pessoais e se compromete a n\u00e3o compartilh\u00e1-las com terceiros, exceto quando exigido por lei ou quando necess\u00e1rio para a opera\u00e7\u00e3o do sistema. O Google n\u00e3o associa seu endere\u00e7o IP a nenhuma outra informa\u00e7\u00e3o que tenha. Se desejar obter mais informa\u00e7\u00f5es sobre os cookies utilizados pelo Google Analytics, visite este endere\u00e7o:<br>\nhttps:\/\/developers.google.com\/analytics\/devguides\/collection\/analyticsjs\/cookie-usage?hl=es&amp;csw<br>\n\u2013 Tipo: Terceiro<br>\n\u2013 Objetivo: Publicidade comportamental<br>\n\u2022 ID da API<br>\n\u2013 Dura\u00e7\u00e3o: 2 anos<br>\n\u2013 Descri\u00e7\u00e3o: Quando voc\u00ea cria ou faz login em uma conta do Google, esse cookie \u00e9 armazenado no seu computador para permanecer conectado \u00e0 sua conta do Google quando voc\u00ea visitar os servi\u00e7os deles novamente. Enquanto voc\u00ea permanecer conectado e usar plugins em outros sites como o nosso, o Google usar\u00e1 esses cookies para melhorar sua experi\u00eancia de usu\u00e1rio.<br>\n\u2013 Tipo: Terceiro<br>\n\u2013 Objetivo: An\u00e1lise<br>\n\u2022 HSID<br>\n\u2013 Dura\u00e7\u00e3o: 2 anos<br>\n\u2013 Descri\u00e7\u00e3o: Quando voc\u00ea cria ou faz login em uma conta do Google, esse cookie \u00e9 armazenado no seu computador para permanecer conectado \u00e0 sua conta do Google quando voc\u00ea visitar os servi\u00e7os deles novamente. Enquanto voc\u00ea permanecer conectado e usar plugins em outros sites como o nosso,<br>\nO Google usar\u00e1 esses cookies para melhorar sua experi\u00eancia de usu\u00e1rio.<br>\n\u2013 Tipo: Terceiro<\/p>\n<p>Objetivo: An\u00e1lise<br>\n\u2022 INFORMA\u00c7\u00d5ES_DE_LOGIN<br>\n\u2013 Dura\u00e7\u00e3o: 2 anos<br>\n\u2013 Descri\u00e7\u00e3o: Em algumas p\u00e1ginas do nosso Website, temos v\u00eddeos incorporados do YouTube, um servi\u00e7o do Google. Seu uso envolve o envio deste cookie al\u00e9m dos cookies que o Google requer se voc\u00ea mantiver a sess\u00e3o ativa com sua conta, para visualizar os v\u00eddeos incorporados, estimar a largura de banda e mostrar quantas vezes ele foi reproduzido.<br>\n\u2013 Tipo: Terceiro<br>\n\u2013 Objetivo: An\u00e1lise<br>\n\u2022 PREFER\u00caNCIA<br>\n\u2013 Dura\u00e7\u00e3o: 2 anos<br>\n\u2013 Descri\u00e7\u00e3o: Quando voc\u00ea cria ou faz login em uma conta do Google, esse cookie \u00e9 armazenado no seu computador para permanecer conectado \u00e0 sua conta do Google quando voc\u00ea visitar os servi\u00e7os deles novamente. Enquanto voc\u00ea permanecer com essa sess\u00e3o ativa e usar plug-ins em outros sites como o nosso, o Google usar\u00e1 esses cookies para melhorar sua experi\u00eancia de usu\u00e1rio.<br>\n\u2013 Tipo: Terceiro<br>\n\u2013 Objetivo: An\u00e1lise<br>\n\u2022 SAP\u00cdSIDE<br>\n\u2013 Dura\u00e7\u00e3o: 2 anos<br>\n\u2013 Descri\u00e7\u00e3o: Em algumas p\u00e1ginas do nosso Website, temos v\u00eddeos incorporados do YouTube, um servi\u00e7o do Google. Seu uso envolve o envio deste cookie al\u00e9m dos cookies que o Google requer se voc\u00ea mantiver a sess\u00e3o ativa com sua conta, para exibir os v\u00eddeos incorporados, estimar a largura de banda e mostrar quantas vezes ele foi reproduzido.<br>\n\u2013 Tipo: Terceiro<br>\n\u2013 Objetivo: An\u00e1lise<br>\n\u2022 SID<br>\n\u2013 Dura\u00e7\u00e3o: 2 anos<br>\nDescri\u00e7\u00e3o: Quando voc\u00ea cria ou faz login em uma conta do Google, esse cookie \u00e9 armazenado no seu computador para permanecer conectado \u00e0 sua conta do Google quando voc\u00ea visitar os servi\u00e7os deles novamente. Enquanto voc\u00ea permanecer com essa sess\u00e3o ativa e usar plugins em outros sites como o nosso, o Google usar\u00e1 esses cookies para melhorar sua experi\u00eancia de usu\u00e1rio.<br>\n\u2013 Tipo: Terceiro<br>\n\u2013 Objetivo: An\u00e1lise<br>\n\u2022 SSID<br>\n\u2013 Dura\u00e7\u00e3o: 2 anos<br>\n\u2013 Descri\u00e7\u00e3o: Quando voc\u00ea cria ou faz login em uma conta do Google, esse cookie \u00e9 armazenado no seu computador para permanecer conectado \u00e0 sua conta do Google quando voc\u00ea visitar os servi\u00e7os deles novamente. Enquanto voc\u00ea permanecer com essa sess\u00e3o ativa e usar plugins em outros sites como o nosso, o Google usar\u00e1 esses cookies para melhorar sua experi\u00eancia de usu\u00e1rio.<br>\n\u2013 Tipo: Terceiro<br>\n\u2013 Objetivo: An\u00e1lise<br>\n\u2022 INFORMA\u00c7\u00d5ES_DO_VISITANTE_1_AO_VIVO<br>\n\u2013 Dura\u00e7\u00e3o: 8 meses<br>\n\u2013 Descri\u00e7\u00e3o: Em algumas p\u00e1ginas do nosso Website, temos v\u00eddeos incorporados do Youtube, \u00e9 um servi\u00e7o do Google. Seu uso envolve o envio deste cookie al\u00e9m dos cookies que o Google requer se voc\u00ea mantiver a sess\u00e3o ativa com sua conta, com o prop\u00f3sito de visualizar os v\u00eddeos incorporados, estimar a largura de banda e mostrar quantas vezes ele foi reproduzido.<br>\n\u2013 Tipo: Terceiro<br>\n\u2013 Objetivo: An\u00e1lise<br>\n\u2022 YSC<br>\n\u2013 Dura\u00e7\u00e3o: Quando voc\u00ea sai<br>\n\u2013 Descri\u00e7\u00e3o: Em algumas p\u00e1ginas do nosso Website, temos v\u00eddeos incorporados do YouTube, um servi\u00e7o do Google. Seu uso envolve o envio deste cookie al\u00e9m dos cookies que o Google requer se voc\u00ea mantiver a sess\u00e3o ativa com sua conta, com o prop\u00f3sito de visualizar os v\u00eddeos incorporados, estimar a largura de banda e mostrar quantas vezes ele foi reproduzido.<\/p>\n<p>Tipo: Terceiro<br>\n\u2013 Objetivo: An\u00e1lise<br>\n\u2022 nTpXe.curr\u00edculo<br>\n\u2013 Dura\u00e7\u00e3o: 1 m\u00eas<br>\n\u2013 Descri\u00e7\u00e3o: Em algumas p\u00e1ginas do nosso Website temos v\u00eddeos incorporados do Youtube, \u00e9 um servi\u00e7o do Google. Seu uso envolve o envio deste cookie al\u00e9m dos cookies que o Google requer se voc\u00ea mantiver a sess\u00e3o ativa com sua conta, para visualizar os v\u00eddeos incorporados, estimar a largura de banda e mostrar quantas vezes ele foi reproduzido.<br>\n\u2013 Tipo: Terceiro<br>\n\u2013 Objetivo: An\u00e1lise<br>\n\u2022 N\u00e3o Identificado<br>\n\u2013 Dura\u00e7\u00e3o: 6 meses<br>\n\u2013 Descri\u00e7\u00e3o: O objetivo deste cookie \u00e9 armazenar informa\u00e7\u00f5es sobre suas prefer\u00eancias.<br>\n\u2013 Tipo: Terceiro<br>\n\u2013 Finalidade: Personaliza\u00e7\u00e3o<br>\n\u2022 TOKEN_AMP<br>\n\u2013 Dura\u00e7\u00e3o: 30 segundos a 1 ano<br>\n\u2013 Descri\u00e7\u00e3o: Inclui um token que pode ser usado para recuperar um ID de cliente do servi\u00e7o AMP Client ID. Outros valores poss\u00edveis indicam opt-outs, solicita\u00e7\u00f5es em andamento ou erros obtidos ao recuperar um ID do servi\u00e7o AMP Client ID.<br>\n\u2013 Tipo: Terceiro<br>\n\u2013 Objetivo: An\u00e1lise<\/p>\n<p>\u2022 _gac_<br>\n\u2013 Dura\u00e7\u00e3o: 90 dias<br>\n\u2013 Descri\u00e7\u00e3o: Cont\u00e9m informa\u00e7\u00f5es de campanha sobre o usu\u00e1rio. Se voc\u00ea tiver vinculado suas contas do Google Analytics e do AdWords, as tags de convers\u00e3o do site ler\u00e3o esse cookie, a menos que voc\u00ea opte por n\u00e3o participar<br>\n\u2013 Tipo: Terceiro<br>\n\u2013 Objetivo: An\u00e1lise<\/p>\n<p><b>Aceita\u00e7\u00e3o da Pol\u00edtica de Cookies<br><\/b>\nhttps:\/\/spleeft.app\/ assume que voc\u00ea aceita o uso de cookies. No entanto, ele exibe informa\u00e7\u00f5es sobre sua Pol\u00edtica de Cookies na parte inferior ou superior de qualquer p\u00e1gina do portal com cada login para que voc\u00ea esteja ciente.<\/p>\n<p>Com essas informa\u00e7\u00f5es, \u00e9 poss\u00edvel realizar as seguintes a\u00e7\u00f5es:<br>\n\u2022 Aceitar cookies:<br>\nEste aviso n\u00e3o ser\u00e1 exibido novamente ao acessar qualquer p\u00e1gina do portal durante a sess\u00e3o atual.<br>\n\u2022 Fechar:<br>\nO aviso est\u00e1 oculto nesta p\u00e1gina.<br>\n\u2022 Modifique suas configura\u00e7\u00f5es:<br>\nVoc\u00ea pode obter mais informa\u00e7\u00f5es sobre o que s\u00e3o cookies, conhe\u00e7a a Pol\u00edtica de Cookies de:<br>\nhttps:\/\/spleeft.app\/ e modifique as configura\u00e7\u00f5es do seu navegador.<\/p>\n<p>Pol\u00edtica de cookies atualizada pela \u00faltima vez em 8 de agosto de 2024<\/p>\t\t\t\t\t\t\t\t<\/div>\n\t\t\t\t<\/div>\n\t\t\t\t\t<\/div>\n\t\t\t\t<\/div>\n\t\t\t\t<\/div>","protected":false},"excerpt":{"rendered":"<p>Pol\u00edtica de cookies IVAN DE LUCAS ROGERO informa sobre o uso de cookies em seu site: https:\/\/spleeft.app\/ O que s\u00e3o cookies? Cookies s\u00e3o arquivos que podem ser baixados para seu computador por meio de sites. Eles s\u00e3o ferramentas que desempenham um papel essencial na presta\u00e7\u00e3o de v\u00e1rios servi\u00e7os da sociedade da informa\u00e7\u00e3o. Entre outras coisas, eles permitem que um site \u2026 <\/p>\n<p class=\"link-more\"><a href=\"https:\/\/spleeft.app\/pt\/politica-de-cookies\/\" class=\"more-link\">Ler mais<span class=\"screen-reader-text\"> \u201cPol\u00edtica de Cookies\u201d<\/span><\/a><\/p>","protected":false},"author":3,"featured_media":0,"parent":0,"menu_order":0,"comment_status":"closed","ping_status":"closed","template":"elementor_header_footer","meta":{"om_disable_all_campaigns":false,"_monsterinsights_skip_tracking":false,"_monsterinsights_sitenote_active":false,"_monsterinsights_sitenote_note":"","_monsterinsights_sitenote_category":0,"footnotes":""},"class_list":["post-8012","page","type-page","status-publish","hentry"],"_links":{"self":[{"href":"https:\/\/spleeft.app\/pt\/wp-json\/wp\/v2\/pages\/8012","targetHints":{"allow":["GET"]}}],"collection":[{"href":"https:\/\/spleeft.app\/pt\/wp-json\/wp\/v2\/pages"}],"about":[{"href":"https:\/\/spleeft.app\/pt\/wp-json\/wp\/v2\/types\/page"}],"author":[{"embeddable":true,"href":"https:\/\/spleeft.app\/pt\/wp-json\/wp\/v2\/users\/3"}],"replies":[{"embeddable":true,"href":"https:\/\/spleeft.app\/pt\/wp-json\/wp\/v2\/comments?post=8012"}],"version-history":[{"count":0,"href":"https:\/\/spleeft.app\/pt\/wp-json\/wp\/v2\/pages\/8012\/revisions"}],"wp:attachment":[{"href":"https:\/\/spleeft.app\/pt\/wp-json\/wp\/v2\/media?parent=8012"}],"curies":[{"name":"wp","href":"https:\/\/api.w.org\/{rel}","templated":true}]}}