{"id":8000,"date":"2024-08-30T11:43:56","date_gmt":"2024-08-30T09:43:56","guid":{"rendered":"https:\/\/spleeft.app\/?page_id=8000"},"modified":"2024-10-01T12:08:57","modified_gmt":"2024-10-01T10:08:57","slug":"politica-de-privacidade-2","status":"publish","type":"page","link":"https:\/\/spleeft.app\/pt\/politica-de-privacidade-2\/","title":{"rendered":"pol\u00edtica de Privacidade"},"content":{"rendered":"<div data-elementor-type=\"wp-page\" data-elementor-id=\"8000\" class=\"elementor elementor-8000\" data-elementor-post-type=\"page\">\n\t\t\t\t<div class=\"elementor-element elementor-element-f2135bb e-flex e-con-boxed e-con e-parent\" data-id=\"f2135bb\" data-element_type=\"container\" data-e-type=\"container\">\n\t\t\t\t\t<div class=\"e-con-inner\">\n\t\t\t\t<div class=\"elementor-element elementor-element-1deb8a1 elementor-widget elementor-widget-heading\" data-id=\"1deb8a1\" data-element_type=\"widget\" data-e-type=\"widget\" data-widget_type=\"heading.default\">\n\t\t\t\t<div class=\"elementor-widget-container\">\n\t\t\t\t\t<h1 class=\"elementor-heading-title elementor-size-default\">Pol\u00edtica de privacidade<\/h1>\t\t\t\t<\/div>\n\t\t\t\t<\/div>\n\t\t\t\t\t<\/div>\n\t\t\t\t<\/div>\n\t\t<div class=\"elementor-element elementor-element-9ba171c e-flex e-con-boxed e-con e-parent\" data-id=\"9ba171c\" data-element_type=\"container\" data-e-type=\"container\">\n\t\t\t\t\t<div class=\"e-con-inner\">\n\t\t\t\t<div class=\"elementor-element elementor-element-0bd6198 elementor-widget elementor-widget-text-editor\" data-id=\"0bd6198\" data-element_type=\"widget\" data-e-type=\"widget\" data-widget_type=\"text-editor.default\">\n\t\t\t\t<div class=\"elementor-widget-container\">\n\t\t\t\t\t\t\t\t\t<p>O site, https:\/\/spleeft.app\/, \u00e9 propriedade de IVAN DE LUCAS ROGERO, doravante IVAN-DE-LUCAS.<\/p>\n<p>Na IVAN-DE-LUCAS estamos comprometidos em proteger as informa\u00e7\u00f5es pessoais que voc\u00ea compartilha conosco, pois \u00e9 essencial para n\u00f3s garantir e proteger a privacidade e a confidencialidade dos seus dados pessoais.&nbsp;<\/p>\n<p>O site https:\/\/spleeft.app\/ est\u00e1 em conformidade com os requisitos das seguintes leis:<\/p>\n<p>Lei Org\u00e2nica 3\/2018, de 5 de dezembro, de Prote\u00e7\u00e3o de Dados Pessoais e Garantia dos Direitos Digitais. Baixar. ( https:\/\/boe.es\/boe\/dias\/2018\/12\/06\/pdfs\/BOE-A-2018-16673.pdf)<br>Regulamento (UE) 2016\/679 do Parlamento Europeu e do Conselho, de 27 de abril de 2016, relativo \u00e0 prote\u00e7\u00e3o das pessoas singulares (RGPD), Descarregar ( https:\/\/www.boe.es\/doue\/2016\/119\/L00001-00088.pdf )<br>Lei 34\/2002, de 11 de julho, de Servi\u00e7os da Sociedade da Informa\u00e7\u00e3o e Com\u00e9rcio Eletr\u00f4nico (LSSICE ou LSSI) que regula as transa\u00e7\u00f5es econ\u00f4micas por meios eletr\u00f4nicos. Baixar ( https:\/\/www.boe.es\/buscar\/doc.php?id=BOE-A-2002-13758 )<br>Esta declara\u00e7\u00e3o define nossa pol\u00edtica de privacidade e prote\u00e7\u00e3o de dados com rela\u00e7\u00e3o \u00e0s informa\u00e7\u00f5es que voc\u00ea nos fornece, para que possamos garantir que:<\/p>\n<p>A qualquer momento, voc\u00ea poder\u00e1 solicitar o cancelamento dos seus dados pessoais, desde que atendidos os requisitos legais de prote\u00e7\u00e3o e conserva\u00e7\u00e3o de dados.<br>Estamos comprometidos em cumprir a obriga\u00e7\u00e3o de confidencialidade dos dados pessoais coletados, o dever de armazen\u00e1-los e n\u00e3o comunic\u00e1-los a terceiros, sem o consentimento expresso do titular dos mesmos.<br>Adotamos as medidas t\u00e9cnicas e organizacionais necess\u00e1rias, levando em considera\u00e7\u00e3o o estado da t\u00e9cnica, os custos de aplica\u00e7\u00e3o, bem como a natureza, o escopo, o contexto e as finalidades do tratamento, bem como os riscos de probabilidade e gravidade vari\u00e1veis para os direitos e liberdades das pessoas f\u00edsicas, para garantir um n\u00edvel de seguran\u00e7a adequado ao risco detectado e assegurar a pseudonimiza\u00e7\u00e3o e a criptografia dos dados pessoais, bem como a capacidade de garantir a confidencialidade, integridade, disponibilidade e resili\u00eancia permanentes dos sistemas e servi\u00e7os de tratamento.<\/p>\n<p>Observe que esta pol\u00edtica de privacidade pode variar dependendo de requisitos legislativos ou de autorregulamenta\u00e7\u00e3o, portanto, os usu\u00e1rios s\u00e3o aconselhados a visit\u00e1-la periodicamente. Ela ser\u00e1 aplic\u00e1vel se os usu\u00e1rios decidirem preencher qualquer formul\u00e1rio em qualquer um dos formul\u00e1rios de contato onde dados pessoais s\u00e3o coletados.<\/p>\n<p>CONTROLADOR DE DADOS<br>O respons\u00e1vel pelo tratamento dos dados pessoais recolhidos neste site \u00e9:<\/p>\n<p>Nome comercial: IVAN-DE-LUCAS<br>Respons\u00e1vel: IVAN DE LUCAS ROGERO<br>CIF: 70265279A<br>Endere\u00e7o: Calle Los Cantos, 23. 28260 Galapagar (Madrid)<br>Telefone: +34 634442588<br>Contato: ivandelucas2000@gmail.com<\/p>\n<p>PRINC\u00cdPIOS DE APLICA\u00c7\u00c3O \u00c0S INFORMA\u00c7\u00d5ES PESSOAIS<br>No tratamento dos seus dados pessoais ser\u00e3o aplicados os seguintes princ\u00edpios, que cumprem os requisitos do novo regulamento europeu de prote\u00e7\u00e3o de dados:<\/p>\n<p>Princ\u00edpio da legalidade, lealdade e transpar\u00eancia: O consentimento do usu\u00e1rio ser\u00e1 sempre necess\u00e1rio para o tratamento de seus dados pessoais para uma ou mais finalidades espec\u00edficas que ser\u00e3o previamente informadas com absoluta transpar\u00eancia.<br>Princ\u00edpio da minimiza\u00e7\u00e3o de dados: Ser\u00e3o solicitados apenas os dados estritamente necess\u00e1rios em rela\u00e7\u00e3o \u00e0s finalidades para as quais s\u00e3o requeridos. O m\u00ednimo poss\u00edvel. Princ\u00edpio da limita\u00e7\u00e3o do per\u00edodo de conserva\u00e7\u00e3o: os dados ser\u00e3o mantidos por n\u00e3o mais tempo do que o necess\u00e1rio para as finalidades do tratamento, dependendo da finalidade.<br>Princ\u00edpio de integridade e confidencialidade: Os dados pessoais ser\u00e3o tratados de tal forma que a seguran\u00e7a adequada dos dados pessoais seja garantida e a confidencialidade seja garantida. Voc\u00ea deve saber que todas as precau\u00e7\u00f5es necess\u00e1rias s\u00e3o tomadas para evitar acesso n\u00e3o autorizado ou uso indevido de dados do usu\u00e1rio por terceiros.<\/p>\n<p>FINALIDADE DO PROCESSAMENTO DOS SEUS DADOS PESSOAIS<br>A coleta e o uso de seus dados pessoais s\u00f3 ser\u00e3o poss\u00edveis se voc\u00ea voluntariamente nos fornecer seus dados pessoais e aceitar esta pol\u00edtica de privacidade.<\/p>\n<p>As diferentes finalidades do tratamento dos seus dados pessoais ser\u00e3o:<\/p>\n<p>Loja online: Compra de vestu\u00e1rio (\u201co Contrato\u201d) Os dados pessoais fornecidos durante o curso do seu processo de compra ser\u00e3o recolhidos, processados e utilizados com a finalidade de gerir o seu servi\u00e7o para a posterior execu\u00e7\u00e3o do Contrato, e com a finalidade de manter a rela\u00e7\u00e3o contratual, a gest\u00e3o, administra\u00e7\u00e3o, presta\u00e7\u00e3o, extens\u00e3o e melhoria dos servi\u00e7os, bem como o envio dos seus artigos adquiridos relacionados com o Contrato, por qualquer meio, incluindo e-mail e\/ou meios equivalentes.<br>Formul\u00e1rios de contato: Por meio de qualquer um dos formul\u00e1rios de contato estabelecidos no Site (&#039;Solicita\u00e7\u00e3o de informa\u00e7\u00f5es&#039;, &#039;Contato&#039;, etc.), solicitaremos, al\u00e9m do seu n\u00famero de telefone e e-mail, certos dados relativos a voc\u00ea, ou \u00e0 sua empresa, para resolver suas d\u00favidas, consultas ou enviar-lhe mais informa\u00e7\u00f5es. A base legal para o processamento de tais dados \u00e9 baseada no seu consentimento. Os dados fornecidos est\u00e3o localizados nos servidores da Webempresa Europa SL<br>Formul\u00e1rio de assinatura para conte\u00fado e comunica\u00e7\u00f5es comerciais: Por meio do formul\u00e1rio de assinatura de newsletter, s\u00e3o solicitados os seguintes dados pessoais (nome, empresa, e-mail e n\u00famero de telefone) para gerenciar a lista de assinaturas, enviar newsletters, comunica\u00e7\u00f5es comerciais, promo\u00e7\u00f5es e ofertas especiais por meios eletr\u00f4nicos, telef\u00f4nicos ou telem\u00e1ticos, fornecidos pelo usu\u00e1rio ao se inscrever. Dentro do site, existem v\u00e1rios formul\u00e1rios para ativar a assinatura. Os dados ser\u00e3o mantidos para essa finalidade enquanto voc\u00ea permanecer registrado em nossos sistemas de envio de comunica\u00e7\u00f5es comerciais e enquanto voc\u00ea n\u00e3o revogar seu consentimento. Os boletins eletr\u00f4nicos ou newsletters s\u00e3o gerenciados pelo Mailchimp. Informo que os dados que voc\u00ea me fornecer estar\u00e3o localizados nos servidores do The Rocket Science Group LLC (MailChimp), provedor do IVAN-DE-LUCAS, fora da UE, nos EUA. Mailchimp. Voc\u00ea pode ver a pol\u00edtica de privacidade do Mailchimp aqui.<br>Cookies: Ao acessar e navegar no Site, arquivos chamados cookies podem ser implantados no equipamento que voc\u00ea usa para navegar. Ao acessar o Site, certas informa\u00e7\u00f5es ser\u00e3o oferecidas sobre o uso desta tecnologia atrav\u00e9s do seu dispositivo ou equipamento terminal e voc\u00ea pode escolher quais cookies deseja operar neste Site. O Site usa cookies com a finalidade de personalizar conte\u00fado e an\u00fancios, oferecer fun\u00e7\u00f5es de m\u00eddia social e analisar tr\u00e1fego. Al\u00e9m disso, compartilhamos informa\u00e7\u00f5es sobre seu uso do Site com nossos parceiros de m\u00eddia social, publicidade e an\u00e1lise da web, que podem combin\u00e1-las com outras informa\u00e7\u00f5es que voc\u00ea forneceu a eles ou que eles coletaram do seu uso de seus servi\u00e7os. A qualquer momento, voc\u00ea pode retirar ou modificar seu consentimento, bloque\u00e1-los ou desabilit\u00e1-los atrav\u00e9s do sistema de configura\u00e7\u00e3o do Site ou das op\u00e7\u00f5es de configura\u00e7\u00e3o do seu navegador. Se quiser mais informa\u00e7\u00f5es, pode consultar nossa pol\u00edtica de cookies. A base legal para o processamento de tais dados \u00e9 baseada em seu consentimento.<br>Perfis. Caso nos d\u00ea o seu consentimento expresso e inequ\u00edvoco, os dados pessoais fornecidos ser\u00e3o recolhidos, tratados e utilizados com a finalidade de criar automaticamente perfis para poder oferecer produtos de acordo com as suas necessidades. Para tal, IVAN-DE-LUCAS informa que: dita an\u00e1lise n\u00e3o produzir\u00e1 efeitos jur\u00eddicos nem consequ\u00eancias discriminat\u00f3rias que possam surgir devido a crit\u00e9rios sens\u00edveis, como ra\u00e7a ou origem \u00e9tnica, opini\u00f5es pol\u00edticas ou cren\u00e7as religiosas, estado de sa\u00fade ou orienta\u00e7\u00e3o sexual, uma vez que essas informa\u00e7\u00f5es n\u00e3o est\u00e3o inclu\u00eddas no dito tratamento, o seu direito de obter interven\u00e7\u00e3o humana nos tratamentos, de expressar o seu ponto de vista, de obter uma explica\u00e7\u00e3o sobre a decis\u00e3o tomada com base no tratamento automatizado e de contestar a dita decis\u00e3o mediante comunica\u00e7\u00e3o direta com o nosso DPO atrav\u00e9s do e-mail ivandelucas2000@gmail.com; a l\u00f3gica aplicada baseia-se na realiza\u00e7\u00e3o proativa de an\u00e1lises de risco e na aplica\u00e7\u00e3o de t\u00e9cnicas estat\u00edsticas e de segmenta\u00e7\u00e3o de clientes aos seus dados, com as seguintes finalidades: a) estudar produtos ou servi\u00e7os que possam ser ajustados ao perfil espec\u00edfico do Utilizador, tudo isto com o objetivo de realizar ofertas comerciais adaptadas \u00e0s suas necessidades e prefer\u00eancias, b) monitorizar os produtos e servi\u00e7os contratados, c) realizar, por parte da IVAN-DE-LUCAS ou de terceiros por ela contratados, inqu\u00e9ritos de satisfa\u00e7\u00e3o por via telef\u00f3nica ou eletr\u00f3nica com o objetivo de avaliar os servi\u00e7os prestados, d) conceber novos produtos ou servi\u00e7os, ou melhorar o design e a usabilidade dos existentes, bem como definir ou melhorar as experi\u00eancias dos utilizadores. O usu\u00e1rio, se houver, autoriza a incorpora\u00e7\u00e3o nos perfis criados sobre ele dos dados que ele mesmo forneceu, tais como: dados de contato (como nome, endere\u00e7o, e-mail, dados de identifica\u00e7\u00e3o (como nome, sobrenome, n\u00famero de telefone, e-mail); hist\u00f3rico de clientes (como recebimento de ofertas, dados de compra de projetos ou servi\u00e7os complementares oferecidos por IVAN-DE-LUCAS); dados de aplicativos, sites ou redes sociais (como dados sobre o uso de consultas on-line ou solicita\u00e7\u00f5es de informa\u00e7\u00f5es).<\/p>\n<p>Existem tamb\u00e9m outras finalidades para as quais os dados pessoais dos usu\u00e1rios s\u00e3o processados:<\/p>\n<p>Para garantir a conformidade com as condi\u00e7\u00f5es de uso e a lei aplic\u00e1vel. Isso pode incluir o desenvolvimento de ferramentas e algoritmos que ajudem este site a garantir a confidencialidade dos dados pessoais que ele coleta.<br>Para dar suporte e melhorar os servi\u00e7os oferecidos por este site. Tamb\u00e9m s\u00e3o coletados outros dados n\u00e3o identific\u00e1veis que s\u00e3o obtidos por meio de alguns cookies que s\u00e3o baixados para o computador do usu\u00e1rio ao navegar neste site, que detalho na pol\u00edtica de cookies.<br>Para gerenciar redes sociais. IVAN-DE-LUCAS tem presen\u00e7a em redes sociais. O processamento de dados realizado sobre pessoas que se tornam seguidores nas redes sociais das p\u00e1ginas https:\/\/spleeft.app\/ ser\u00e1 regido por esta se\u00e7\u00e3o. Bem como por aquelas condi\u00e7\u00f5es de uso, pol\u00edticas de privacidade e regulamentos de acesso que pertencem \u00e0 rede social que se aplica em cada caso e previamente aceitos pelo usu\u00e1rio de IVAN-DE-LUCAS. Ele processar\u00e1 seus dados com a finalidade de gerenciar corretamente sua presen\u00e7a na rede social, relatando atividades, produtos ou servi\u00e7os de https:\/\/spleeft.app\/. Bem como para qualquer outra finalidade permitida pelos regulamentos de m\u00eddia social.<\/p>\n<p>ACOMPANHAMENTO NAS M\u00cdDIAS SOCIAIS<br>Redes sociais s\u00e3o servi\u00e7os fornecidos por provedores terceirizados que permitem aos usu\u00e1rios participar de uma comunidade virtual com outros usu\u00e1rios por meio da qual eles podem criar seu pr\u00f3prio perfil p\u00fablico onde podem criar e compartilhar conte\u00fado, informa\u00e7\u00f5es e dados pessoais com outros usu\u00e1rios da rede. Em uma rede social, p\u00e1ginas, contas ou perfis podem ser criados e compartilhados para fins pessoais e\/ou comerciais. O funcionamento da rede social \u00e9 regulado, em primeiro lugar, pelas condi\u00e7\u00f5es estabelecidas pelo propriet\u00e1rio e\/ou provedor da rede e, em segundo lugar, quando se trata de p\u00e1ginas, contas ou perfis para fins comerciais, pelos termos e condi\u00e7\u00f5es estabelecidos pela pessoa respons\u00e1vel pelo perfil ou conta comercial, que tamb\u00e9m ser\u00e1 respons\u00e1vel pelo processamento dos dados neles contidos.<br>IVAN-DE-LUCAS tem perfis em algumas redes sociais como, mas n\u00e3o limitado a, Twitter, Facebook e Linkedin. Os usu\u00e1rios podem nos seguir e se tornar f\u00e3s das p\u00e1ginas oficiais de IVAN-DE-LUCAS nas redes sociais supracitadas.<br>O usu\u00e1rio \u00e9 informado de que o tratamento de dados realizado atrav\u00e9s das p\u00e1ginas, perfis ou contas de IVAN-DE-LUCAS nas redes sociais ser\u00e1 regido pelas pol\u00edticas e condi\u00e7\u00f5es correspondentes tanto da p\u00e1gina oficial quanto do provedor e titular de cada rede social, quando aplic\u00e1vel.<\/p>\n<p>PER\u00cdODO DE RETEN\u00c7\u00c3O DE DADOS<br>Os dados pessoais fornecidos para a finalidade 1 &#039;Contrata\u00e7\u00e3o de projetos&#039; ser\u00e3o mantidos enquanto a rela\u00e7\u00e3o comercial entre as partes for mantida e por um per\u00edodo m\u00e1ximo de 5 anos.<\/p>\n<p>Os dados pessoais fornecidos para fins de formul\u00e1rios, cookies, perfis e pesquisas ser\u00e3o mantidos enquanto o titular dos dados n\u00e3o exercer seus direitos de exclus\u00e3o, oposi\u00e7\u00e3o, limita\u00e7\u00e3o do tratamento e revoga\u00e7\u00e3o do consentimento concedido.<\/p>\n<p>CATEGORIA DE DADOS<br>As categorias de dados processados s\u00e3o: dados de identifica\u00e7\u00e3o, especificamente, nome, sobrenome, endere\u00e7o, propriet\u00e1rio do quarto, n\u00famero de telefone e endere\u00e7o de e-mail.<\/p>\n<p>Nenhuma categoria de dados especialmente protegida \u00e9 processada.<\/p>\n<p>DESTINAT\u00c1RIOS. COMUNICA\u00c7\u00c3O DE DADOS<br>IVAN-DE-LUCAS utiliza ferramentas para gerenciar dados de usu\u00e1rios que s\u00e3o contratados por terceiros.<\/p>\n<p>Para fornecer servi\u00e7os estritamente necess\u00e1rios ao desenvolvimento da atividade, IVAN-DE-LUCAS compartilha dados com os seguintes provedores sob suas correspondentes condi\u00e7\u00f5es de privacidade:<\/p>\n<p>Google Analytics: um servi\u00e7o de an\u00e1lise da web fornecido pelo Google, Inc., uma empresa de Delaware cujo escrit\u00f3rio principal fica em 1600 Amphitheatre Parkway, Mountain View (Calif\u00f3rnia), CA 94043, Estados Unidos (\u201cGoogle\u201d). O Google Analytics usa \u201ccookies\u201d, que s\u00e3o arquivos de texto localizados no seu computador, para ajudar https:\/\/spleeft.app\/ a analisar como os usu\u00e1rios usam o site. As informa\u00e7\u00f5es geradas pelo cookie sobre o seu uso do https:\/\/spleeft.app\/ (incluindo seu endere\u00e7o IP) ser\u00e3o transmitidas diretamente e armazenadas pelo Google em servidores nos Estados Unidos.<br>Hospedagem: Webempresa Europa SL, com endere\u00e7o C\/ Almagro 11 6\u00ba 7\u00aa 1. 28010 Madrid (MADRID) Espanha. Mais informa\u00e7\u00f5es aqui. A Webempresa Europa SL processa os dados com a finalidade de fornecer seus servi\u00e7os de hospedagem de sites e bancos de dados para IVAN-DE-LUCAS.<br>Marketing por e-mail: Para realizar campanhas de marketing por e-mail, segmentar p\u00fablicos e realizar campanhas promocionais, eu uso o Mailchimp, de propriedade do The Rocket Science Group LLC (MailChimp), com sede fora da UE, nos EUA. Voc\u00ea pode ver a pol\u00edtica de privacidade do Mailchimp aqui.<\/p>\n<p>NAVEGA\u00c7\u00c3O<br>Ao navegar em https:\/\/spleeft.app\/ dados n\u00e3o identific\u00e1veis podem ser coletados, o que pode incluir endere\u00e7os IP, localiza\u00e7\u00e3o geogr\u00e1fica (aproximadamente), um registro de como os servi\u00e7os e sites s\u00e3o usados e outros dados que n\u00e3o podem ser usados para identificar o usu\u00e1rio. Dados n\u00e3o identific\u00e1veis tamb\u00e9m incluem dados relacionados aos seus h\u00e1bitos de navega\u00e7\u00e3o por meio de servi\u00e7os de terceiros. Este site usa os seguintes servi\u00e7os de an\u00e1lise de terceiros:<\/p>\n<p>Google Analytics. Essas informa\u00e7\u00f5es s\u00e3o usadas para analisar tend\u00eancias, administrar o site, rastrear os movimentos do usu\u00e1rio pelo site e coletar informa\u00e7\u00f5es demogr\u00e1ficas sobre nossa base de usu\u00e1rios como um todo.<\/p>\n<p>SEGURAN\u00c7A E CONFIDENCIALIDADE DE DADOS<br>IVAN-DE-LUCAS se compromete a utilizar e tratar os dados pessoais dos usu\u00e1rios, respeitando sua confidencialidade e utilizando-os de acordo com sua finalidade, bem como a cumprir com sua obriga\u00e7\u00e3o de armazen\u00e1-los e a adaptar todas as medidas para evitar sua altera\u00e7\u00e3o, perda, tratamento ou acesso n\u00e3o autorizado, de acordo com o disposto na normativa vigente sobre prote\u00e7\u00e3o de dados.<\/p>\n<p>Este site inclui um certificado SSL. Este \u00e9 um protocolo de seguran\u00e7a que garante que seus dados trafeguem de forma \u00edntegra e segura, ou seja, a transmiss\u00e3o de dados entre um servidor e um usu\u00e1rio da web, e no retorno, \u00e9 completamente criptografada.<\/p>\n<p>IVAN-DE-LUCAS n\u00e3o pode garantir a invulnerabilidade absoluta da Internet e, portanto, a viola\u00e7\u00e3o de dados por meio de acesso fraudulento a eles por terceiros.<\/p>\n<p>Com rela\u00e7\u00e3o \u00e0 confidencialidade do processamento, IVAN-DE-LUCAS garantir\u00e1 que qualquer pessoa autorizada por IVAN-DE-LUCAS a processar os dados do Cliente (incluindo sua equipe, colaboradores e provedores), estar\u00e1 sob a devida obriga\u00e7\u00e3o de confidencialidade (seja um dever contratual ou legal).<\/p>\n<p>Quando ocorrer um incidente de seguran\u00e7a, ao tomar conhecimento dele, IVAN-DE-LUCAS dever\u00e1 notificar o cliente sem demora injustificada e dever\u00e1 fornecer informa\u00e7\u00f5es oportunas relacionadas ao incidente de seguran\u00e7a, assim que forem conhecidas ou conforme razoavelmente solicitado pelo cliente.<\/p>\n<p>PRECIS\u00c3O E VERACIDADE DOS DADOS<br>O usu\u00e1rio \u00e9 o \u00fanico respons\u00e1vel pela veracidade e exatid\u00e3o dos dados enviados para https:\/\/spleeft.app\/, exonerando IVAN-DE-LUCAS de qualquer responsabilidade a esse respeito.<\/p>\n<p>Os usu\u00e1rios garantem e s\u00e3o respons\u00e1veis, em qualquer caso, pela exatid\u00e3o, validade e autenticidade dos dados pessoais fornecidos, e se comprometem a mant\u00ea-los devidamente atualizados. O usu\u00e1rio concorda em fornecer informa\u00e7\u00f5es completas e corretas no formul\u00e1rio de contato ou inscri\u00e7\u00e3o.<\/p>\n<p>ACEITA\u00c7\u00c3O E CONSENTIMENTO<br>O utilizador declara ter sido informado das condi\u00e7\u00f5es relativas \u00e0 prote\u00e7\u00e3o de dados pessoais, aceitando e consentindo o tratamento dos mesmos por IVAN-DE-LUCAS na forma e para as finalidades indicadas na presente pol\u00edtica de privacidade.<\/p>\n<p>REVOGABILIDADE<br>O consentimento prestado, tanto para o tratamento como para a cess\u00e3o dos dados dos interessados, \u00e9 revog\u00e1vel a qualquer momento mediante comunica\u00e7\u00e3o a IVAN-DE-LUCAS nos termos estabelecidos nesta pol\u00edtica para o exerc\u00edcio dos direitos da ARCOPOL. Esta revoga\u00e7\u00e3o n\u00e3o ser\u00e1 em nenhum caso retroativa.<\/p>\n<p>Para exercer esses direitos ou retirar o consentimento dado, voc\u00ea pode entrar em contato com o DPO de IVAN-DE-LUCAS pelo e-mail ivandelucas2000@gmail.com<\/p>\n<p>ALTERA\u00c7\u00d5ES NA POL\u00cdTICA DE PRIVACIDADE<br>IVAN-DE-LUCAS, reserva-se o direito de modificar a presente pol\u00edtica para adapt\u00e1-la \u00e0s novidades legislativas ou jurisprudenciais, bem como \u00e0s pr\u00e1ticas da ind\u00fastria. Em tais suposi\u00e7\u00f5es, IVAN-DE-LUCAS anunciar\u00e1 nesta p\u00e1gina as mudan\u00e7as introduzidas com anteced\u00eancia razo\u00e1vel para sua posi\u00e7\u00e3o pr\u00e1tica.<\/p>\n<p>E-MAILS COMERCIAIS<br>De acordo com a LSSICE, o site https:\/\/spleeft.app\/ n\u00e3o realiza pr\u00e1ticas de SPAM, e portanto n\u00e3o envia e-mails comerciais que n\u00e3o tenham sido previamente solicitados ou autorizados pelo usu\u00e1rio. Consequentemente, em cada um dos formul\u00e1rios do site, o usu\u00e1rio tem a possibilidade de dar seu consentimento expresso para receber a newsletter, independentemente das informa\u00e7\u00f5es comerciais especificamente solicitadas.<\/p>\n<p>De acordo com o disposto na Lei 34\/2002 de Servi\u00e7os da Sociedade da Informa\u00e7\u00e3o e Com\u00e9rcio Eletr\u00f4nico, https:\/\/spleeft.app\/ se compromete a n\u00e3o enviar comunica\u00e7\u00f5es comerciais sem identific\u00e1-las adequadamente.<\/p>\n<div data-elementor-type=\"wp-page\" data-elementor-id=\"8000\" data-elementor-post-type=\"page\">\n<div data-id=\"9ba171c\" data-element_type=\"container\">\n<div>\n<div data-id=\"0bd6198\" data-element_type=\"widget\" data-widget_type=\"text-editor.default\">\n<div>\n<p>Pol\u00edtica de privacidade <span style=\"color: var( --e-global-color-text ); font-family: var( --e-global-typography-text-font-family ), Sans-serif; font-size: var( --e-global-typography-text-font-size ); font-weight: var( --e-global-typography-text-font-weight ); text-align: var(--text-align);\">&nbsp;\u00faltima atualiza\u00e7\u00e3o em 8 de agosto de 2024<\/span><\/p><p><br><\/p>\n<\/div>\n<\/div>\n<\/div>\n<\/div>\n<\/div>\n<div data-elementor-type=\"footer\" data-elementor-id=\"8025\" data-elementor-post-type=\"elementor_library\">&nbsp;<\/div>\n<p><\/p>\t\t\t\t\t\t\t\t<\/div>\n\t\t\t\t<\/div>\n\t\t\t\t\t<\/div>\n\t\t\t\t<\/div>\n\t\t\t\t<\/div>","protected":false},"excerpt":{"rendered":"<p>Pol\u00edtica de Privacidade O site https:\/\/spleeft.app\/ \u00e9 propriedade de IVAN DE LUCAS ROGERO, doravante IVAN-DE-LUCAS. Na IVAN-DE-LUCAS, estamos comprometidos em proteger as informa\u00e7\u00f5es pessoais que voc\u00ea compartilha conosco, pois \u00e9 essencial para n\u00f3s garantir e proteger a privacidade e a confidencialidade dos seus dados pessoais. O site https:\/\/spleeft.app\/ cumpre os requisitos de \u2026 <\/p>\n<p class=\"link-more\"><a href=\"https:\/\/spleeft.app\/pt\/politica-de-privacidade-2\/\" class=\"more-link\">Ler mais<span class=\"screen-reader-text\"> &quot;Pol\u00edtica de Privacidade&quot;<\/span><\/a><\/p>","protected":false},"author":3,"featured_media":0,"parent":0,"menu_order":0,"comment_status":"closed","ping_status":"closed","template":"elementor_header_footer","meta":{"om_disable_all_campaigns":false,"_monsterinsights_skip_tracking":false,"_monsterinsights_sitenote_active":false,"_monsterinsights_sitenote_note":"","_monsterinsights_sitenote_category":0,"footnotes":""},"class_list":["post-8000","page","type-page","status-publish","hentry"],"_links":{"self":[{"href":"https:\/\/spleeft.app\/pt\/wp-json\/wp\/v2\/pages\/8000","targetHints":{"allow":["GET"]}}],"collection":[{"href":"https:\/\/spleeft.app\/pt\/wp-json\/wp\/v2\/pages"}],"about":[{"href":"https:\/\/spleeft.app\/pt\/wp-json\/wp\/v2\/types\/page"}],"author":[{"embeddable":true,"href":"https:\/\/spleeft.app\/pt\/wp-json\/wp\/v2\/users\/3"}],"replies":[{"embeddable":true,"href":"https:\/\/spleeft.app\/pt\/wp-json\/wp\/v2\/comments?post=8000"}],"version-history":[{"count":0,"href":"https:\/\/spleeft.app\/pt\/wp-json\/wp\/v2\/pages\/8000\/revisions"}],"wp:attachment":[{"href":"https:\/\/spleeft.app\/pt\/wp-json\/wp\/v2\/media?parent=8000"}],"curies":[{"name":"wp","href":"https:\/\/api.w.org\/{rel}","templated":true}]}}