{"id":7988,"date":"2024-08-30T11:38:26","date_gmt":"2024-08-30T09:38:26","guid":{"rendered":"https:\/\/spleeft.app\/?page_id=7988"},"modified":"2024-09-10T15:41:46","modified_gmt":"2024-09-10T13:41:46","slug":"aviso-legal-2","status":"publish","type":"page","link":"https:\/\/spleeft.app\/pt\/aviso-legal-2\/","title":{"rendered":"Aviso Legal"},"content":{"rendered":"<div data-elementor-type=\"wp-page\" data-elementor-id=\"7988\" class=\"elementor elementor-7988\" data-elementor-post-type=\"page\">\n\t\t\t\t<div class=\"elementor-element elementor-element-9e2b5de e-flex e-con-boxed e-con e-parent\" data-id=\"9e2b5de\" data-element_type=\"container\" data-e-type=\"container\">\n\t\t\t\t\t<div class=\"e-con-inner\">\n\t\t\t\t<div class=\"elementor-element elementor-element-38f9019 elementor-widget elementor-widget-heading\" data-id=\"38f9019\" data-element_type=\"widget\" data-e-type=\"widget\" data-widget_type=\"heading.default\">\n\t\t\t\t<div class=\"elementor-widget-container\">\n\t\t\t\t\t<h1 class=\"elementor-heading-title elementor-size-default\">Aviso Legal<\/h1>\t\t\t\t<\/div>\n\t\t\t\t<\/div>\n\t\t\t\t\t<\/div>\n\t\t\t\t<\/div>\n\t\t<div class=\"elementor-element elementor-element-24d78e0 e-flex e-con-boxed e-con e-parent\" data-id=\"24d78e0\" data-element_type=\"container\" data-e-type=\"container\">\n\t\t\t\t\t<div class=\"e-con-inner\">\n\t\t\t\t<div class=\"elementor-element elementor-element-9037bc0 elementor-widget elementor-widget-text-editor\" data-id=\"9037bc0\" data-element_type=\"widget\" data-e-type=\"widget\" data-widget_type=\"text-editor.default\">\n\t\t\t\t<div class=\"elementor-widget-container\">\n\t\t\t\t\t\t\t\t\t<p>Os termos e condi\u00e7\u00f5es indicados abaixo regulam o acesso e a utiliza\u00e7\u00e3o do site https:\/\/spleeft.app\/, propriedade de IVAN DE LUCAS ROGERO, doravante IVAN-DE-LUCAS, que \u00e9 legalmente respons\u00e1vel por este site.<\/p>\n<p>Nome comercial: IVAN-DE-LUCAS&nbsp;<br>Respons\u00e1vel: IVAN DE LUCAS ROGERO<br>Identifica\u00e7\u00e3o: 70265279A<br>Endere\u00e7o: Calle Los Cantos, 23. 28260 Galapagar (Madrid)<br>Telefone: +34 634442588<br>Contato: ivandelucas2000@gmail.com<\/p>\n<p>Abaixo est\u00e3o todas as informa\u00e7\u00f5es relacionadas aos termos e condi\u00e7\u00f5es legais que definem as rela\u00e7\u00f5es entre o usu\u00e1rio e IVAN-DE-LUCAS como respons\u00e1vel por este site.<br>IVAN-DE-LUCAS est\u00e1 empenhada em tratar as informa\u00e7\u00f5es dos utilizadores e clientes com todas as garantias e em cumprir com os requisitos nacionais e europeus que regulam a recolha e utiliza\u00e7\u00e3o dos dados pessoais dos utilizadores.<br>O site https:\/\/spleeft.app\/ est\u00e1 adaptado \u00e0s exig\u00eancias das seguintes leis:<\/p>\n<p>\u25cf Lei Org\u00e2nica 3\/2018, de 5 de dezembro, de Prote\u00e7\u00e3o de Dados Pessoais e garantia dos direitos digitais. Baixar (https:\/\/boe.es\/boe\/dias\/2018\/12\/06\/pdfs\/BOE-A-2018-16673.pdf)<br>\u25cf Regulamento (UE) 2016\/679 do Parlamento Europeu e do Conselho de 27 de abril de 2016 relativo \u00e0 prote\u00e7\u00e3o das pessoas singulares (RGPD), Descarregar (https:\/\/www.boe.es\/doue\/2016\/119\/ L00001-00088.pdf )<br>\u25cf Lei 34\/2002, de 11 de julho, de Servi\u00e7os da Sociedade da Informa\u00e7\u00e3o e Com\u00e9rcio Eletr\u00f4nico (LSSICE ou LSSI) que regula as transa\u00e7\u00f5es econ\u00f4micas por meios eletr\u00f4nicos. Baixar (https:\/\/www.boe.es\/buscar\/doc.php?id=BOE-A-2002-13758)<\/p>\n<p>TERMOS E CONDI\u00c7\u00d5ES LEGAIS<br>As presentes Condi\u00e7\u00f5es Gerais regulam a utiliza\u00e7\u00e3o, incluindo o mero acesso, de todas as p\u00e1ginas web que integram o site https:\/\/spleeft.app\/, incluindo os conte\u00fados e servi\u00e7os nelas apresentados.<\/p>\n<p>A utiliza\u00e7\u00e3o deste site https:\/\/spleeft.app\/ sup\u00f5e um acordo entre o Usu\u00e1rio e IVAN-DE-LUCAS, o que implica a ades\u00e3o plena e sem reservas a todas e cada uma das condi\u00e7\u00f5es gerais publicadas por IVAN-DE-LUCAS, na vers\u00e3o publicada e vigente no momento em que \u00e9 acessado. Portanto, IVAN-DE-LUCAS recomenda que o Usu\u00e1rio as leia atentamente cada vez que acessar o Site.<\/p>\n<p>MENORES<br>O acesso e utiliza\u00e7\u00e3o do portal por menores de idade \u00e9 proibido, pelo que o utilizador declara ser maior de idade (ou seja, ter pelo menos 18 anos) e ter a capacidade jur\u00eddica necess\u00e1ria para adquirir os servi\u00e7os oferecidos atrav\u00e9s do Site IVAN-DE-LUCAS de acordo com estas condi\u00e7\u00f5es gerais, as quais conhece e compreende na sua totalidade.<br>IVAN-DE-LUCAS informa que existem programas de computador que permitem filtrar e bloquear o acesso a determinados conte\u00fados e servi\u00e7os, para que os pais, por exemplo, possam decidir a quais conte\u00fados e servi\u00e7os do Portal seus filhos poder\u00e3o ter acesso e quais n\u00e3o.<\/p>\n<p>EXCLUS\u00c3O DE GARANTIAS E REN\u00daNCIA DE QUALQUER RESPONSABILIDADE<\/p>\n<p>Esta p\u00e1gina e seus componentes s\u00e3o fornecidos apenas para fins informativos. IVAN-DE-LUCAS, propriet\u00e1rio deste site, n\u00e3o \u00e9 respons\u00e1vel pela exatid\u00e3o, utilidade ou disponibilidade de nenhuma informa\u00e7\u00e3o que seja transmitida ou disponibilizada por meio dele; n\u00e3o ser\u00e1 respons\u00e1vel por quaisquer erros ou omiss\u00f5es em tais informa\u00e7\u00f5es. Os usu\u00e1rios desta p\u00e1gina que fornecem seus dados pessoais, com a aceita\u00e7\u00e3o do consentimento informado, renunciam a qualquer compensa\u00e7\u00e3o que possa ser aplicada a eles pelo uso legal desses dados, e n\u00e3o podem exercer nenhuma reivindica\u00e7\u00e3o legal para isso. Se voc\u00ea quiser exibi-los, n\u00e3o deve transferir seus dados neste site.<br>Al\u00e9m disso, IVAN-DE-LUCAS n\u00e3o concede nenhuma garantia nem \u00e9 respons\u00e1vel, em nenhum caso, por danos de qualquer natureza que possam surgir de:<br>\u25cf A falta de disponibilidade, manuten\u00e7\u00e3o e funcionamento eficaz do site, ou dos seus servi\u00e7os e conte\u00fados.<br>\u25cf A exist\u00eancia de malware, programas maliciosos ou nocivos no conte\u00fado;<br>\u25cf Uso ilegal, negligente, fraudulento ou contr\u00e1rio deste aviso legal;<br>\u25cf A falta de legalidade, qualidade, confiabilidade, utilidade e disponibilidade dos servi\u00e7os prestados por terceiros e disponibilizados aos usu\u00e1rios no site.<\/p>\n<p>O provedor n\u00e3o \u00e9 respons\u00e1vel, em nenhuma circunst\u00e2ncia, por quaisquer danos que possam surgir do uso ilegal ou indevido deste site.<\/p>\n<p>AMBIENTE SEGURO<br>O acesso integral ao site https:\/\/spleeft.app\/ por meio do qual o Usu\u00e1rio IVAN-DE-LUCAS contrata os produtos ou servi\u00e7os IVAN-DE-LUCAS \u00e9 realizado em ambiente seguro.<\/p>\n<p>Al\u00e9m disso, os dados pessoais comunicados pelo usu\u00e1rio a IVAN-DE-LUCAS podem ser armazenados em bancos de dados automatizados ou n\u00e3o, cuja titularidade corresponde exclusivamente a IVAN-DE-LUCAS, assumindo todas as medidas t\u00e9cnicas, organizacionais e de seguran\u00e7a que garantam a confidencialidade, integridade e qualidade das informa\u00e7\u00f5es neles contidas de acordo com as disposi\u00e7\u00f5es da regulamenta\u00e7\u00e3o vigente sobre prote\u00e7\u00e3o de dados. A comunica\u00e7\u00e3o entre os usu\u00e1rios e https:\/\/spleeft.app\/ utiliza um canal seguro, e os dados transmitidos s\u00e3o criptografados gra\u00e7as aos protocolos https, portanto, s\u00e3o garantidas as melhores condi\u00e7\u00f5es de seguran\u00e7a para que a confidencialidade dos usu\u00e1rios seja garantida.<\/p>\n<p>CONTE\u00daDO<br>As informa\u00e7\u00f5es que aparecem nesta p\u00e1gina s\u00e3o atuais na data de sua \u00faltima atualiza\u00e7\u00e3o. IVAN-DE-LUCAS reserva-se o direito de atualizar, modificar ou excluir as informa\u00e7\u00f5es ou o conte\u00fado deste site, bem como este Aviso Legal. Neste sentido, IVAN-DE-LUCAS faz todos os esfor\u00e7os para evitar quaisquer erros no conte\u00fado que possam aparecer nesta p\u00e1gina.<\/p>\n<p>IVAN-DE-LUCAS n\u00e3o se responsabiliza por qualquer uso indevido dos conte\u00fados de suas p\u00e1ginas Web, sendo de exclusiva responsabilidade da pessoa que as acessa ou utiliza. Da mesma forma, a empresa fica exonerada de responsabilidade por qualquer dano ou preju\u00edzo que o Usu\u00e1rio possa sofrer em decorr\u00eancia de erros, defeitos ou omiss\u00f5es nas informa\u00e7\u00f5es fornecidas por IVAN-DE-LUCAS.<\/p>\n<p>IVAN-DE-LUCAS n\u00e3o controla e, portanto, n\u00e3o assume nenhuma responsabilidade pelas informa\u00e7\u00f5es contidas em sites de terceiros que podem ser acessados por meio de links ou mecanismos de busca nos sites IVAN-DE-LUCAS. A presen\u00e7a de links nas p\u00e1ginas da Web IVAN-DE-LUCAS tem fins puramente informativos e em nenhum caso implica uma sugest\u00e3o, convite ou recomenda\u00e7\u00e3o a respeito deles.<\/p>\n<p>Caso o Usu\u00e1rio tenha conhecimento de que os sites vinculados se referem a p\u00e1ginas cujos conte\u00fados ou servi\u00e7os sejam il\u00edcitos, prejudiciais, degradantes, violentos ou contr\u00e1rios \u00e0 moral, poder\u00e1 entrar em contato com IVAN-DE-LUCAS indicando os dados pessoais do comunicador e uma breve descri\u00e7\u00e3o dos fatos. O recebimento por IVAN-DE-LUCAS da comunica\u00e7\u00e3o prevista nesta cl\u00e1usula n\u00e3o implicar\u00e1, por si s\u00f3, conhecimento efetivo das atividades e\/ou conte\u00fados indicados pelo comunicador. \u00c9 expressamente proibida a utiliza\u00e7\u00e3o do Site para fins que prejudiquem a propriedade ou os interesses, bem como a\u00e7\u00f5es que de qualquer forma sobrecarreguem, danifiquem ou inutilizem as redes, servidores e outros equipamentos de inform\u00e1tica (hardware) ou produtos e aplicativos de inform\u00e1tica (software) da IVAN DE-LUCAS ou de terceiros.<\/p>\n<p>PROPRIEDADE INTELECTUAL E INDUSTRIAL<br>Este Website, https:\/\/spleeft.app\/ \u00e9 propriedade de IVAN-DE-LUCAS. Os direitos de Propriedade Intelectual e os direitos de explora\u00e7\u00e3o e reprodu\u00e7\u00e3o deste Website, suas p\u00e1ginas, telas, as informa\u00e7\u00f5es que elas cont\u00eam, sua apar\u00eancia e design, bem como os links estabelecidos a partir dele para outros Websites de qualquer uma das empresas indicadas acima, s\u00e3o propriedade exclusiva destas \u00faltimas, salvo disposi\u00e7\u00e3o em contr\u00e1rio.<\/p>\n<p>Todos os nomes, designs e\/ou logotipos que comp\u00f5em esta p\u00e1gina s\u00e3o marcas comerciais devidamente registradas.<\/p>\n<p>Qualquer uso indevido deles por uma pessoa que n\u00e3o seja seu leg\u00edtimo propriet\u00e1rio pode ser processado de acordo com a legisla\u00e7\u00e3o vigente. Os direitos de propriedade intelectual e marcas de terceiros s\u00e3o convenientemente destacados e devem ser respeitados por todos que acessam o Site. Somente para uso pessoal e privado \u00e9 permitido baixar o conte\u00fado, copiar ou imprimir qualquer p\u00e1gina deste Site. \u00c9 proibido reproduzir, transmitir, modificar ou excluir as informa\u00e7\u00f5es, conte\u00fado ou avisos neste Site sem a autoriza\u00e7\u00e3o pr\u00e9via por escrito de IVAN-DE-LUCAS.<\/p>\n<p>No que se refere \u00e0s cita\u00e7\u00f5es de produtos e servi\u00e7os de terceiros, IVAN-DE-LUCAS reconhece a favor de seus titulares os correspondentes direitos de propriedade industrial e intelectual, n\u00e3o implicando sua mera men\u00e7\u00e3o ou apari\u00e7\u00e3o na Web a exist\u00eancia de quaisquer direitos ou responsabilidades de IVAN-DE-LUCAS sobre os mesmos, nem qualquer endosso, patroc\u00ednio ou recomenda\u00e7\u00e3o por parte de IVAN-DE-LUCAS, salvo indica\u00e7\u00e3o expressa.<\/p>\n<p>Caso um usu\u00e1rio ou um terceiro considere que ocorreu uma viola\u00e7\u00e3o de seus leg\u00edtimos direitos de propriedade intelectual devido \u00e0 introdu\u00e7\u00e3o de determinado conte\u00fado no site, dever\u00e1 notificar IVAN-DE-LUCAS dessa circunst\u00e2ncia, indicando:<\/p>\n<p>\u25cf Dados pessoais do interessado titular dos direitos alegadamente infringidos, ou indicar a representa\u00e7\u00e3o com que atua no caso de a reclama\u00e7\u00e3o ser apresentada por terceiro distinto do interessado.<\/p>\n<p>\u25cf Indicar os conte\u00fados protegidos por direitos de propriedade intelectual e sua localiza\u00e7\u00e3o na web, a acredita\u00e7\u00e3o dos direitos de propriedade intelectual indicados e uma declara\u00e7\u00e3o expressa na qual o interessado \u00e9 respons\u00e1vel pela veracidade das informa\u00e7\u00f5es fornecidas na notifica\u00e7\u00e3o.<\/p>\n<p>EXCLUS\u00c3O DE GARANTIAS E RESPONSABILIDADE<br>IVAN-DE-LUCAS n\u00e3o concede nenhuma garantia nem se responsabiliza, em nenhum caso, por poss\u00edveis danos ou preju\u00edzos que possam advir de:<\/p>\n<p>\u25cf Interfer\u00eancias, omiss\u00f5es, interrup\u00e7\u00f5es, v\u00edrus inform\u00e1ticos, avarias ou desconex\u00f5es telef\u00f3nicas no funcionamento operacional deste sistema eletr\u00f3nico, causadas por causas alheias \u00e0 vontade da empresa; de atrasos ou bloqueios na utiliza\u00e7\u00e3o deste sistema eletr\u00f3nico causados por defici\u00eancias ou sobrecargas de linhas telef\u00f3nicas ou sobrecargas na Internet ou noutros sistemas eletr\u00f3nicos.<\/p>\n<p>\u25cf Bem como pelos danos que possam ser causados por terceiros atrav\u00e9s de intromiss\u00f5es ileg\u00edtimas fora do controle de IVAN-DE-LUCAS. Da mesma forma, a empresa fica exonerada de responsabilidade por qualquer dano ou preju\u00edzo que o usu\u00e1rio possa sofrer como resultado de erros, defeitos ou omiss\u00f5es nas informa\u00e7\u00f5es fornecidas por IVAN-DE-LUCAS.<\/p>\n<p>\u25cf Al\u00e9m disso, a falta de disponibilidade, manuten\u00e7\u00e3o e funcionamento eficaz do site, ou dos seus servi\u00e7os e conte\u00fados.<\/p>\n<p>\u25cf A exist\u00eancia de malware, programas maliciosos ou nocivos no conte\u00fado;<\/p>\n<p>\u25cf Uso ilegal, negligente, fraudulento ou contr\u00e1rio deste aviso legal;<\/p>\n<p>\u25cf A falta de legalidade, qualidade, confiabilidade, utilidade e disponibilidade dos servi\u00e7os prestados por terceiros e disponibilizados aos usu\u00e1rios no site.<\/p>\n<p>Por outro lado, IVAN-DE-LUCAS poder\u00e1 requerer provisoriamente a suspens\u00e3o dos servi\u00e7os quando esta for necess\u00e1ria para repara\u00e7\u00e3o ou manuten\u00e7\u00e3o dos seus pr\u00f3prios equipamentos, programas ou redes.<\/p>\n<p>IVAN-DE-LUCAS n\u00e3o se responsabiliza em nenhuma circunst\u00e2ncia por quaisquer danos que possam resultar do uso ilegal ou indevido deste site.<\/p>\n<p>IVAN-DE-LUCAS reserva-se o direito de modificar, a qualquer momento e sem aviso pr\u00e9vio, o design, a apresenta\u00e7\u00e3o e\/ou a configura\u00e7\u00e3o do site https:\/\/spleeft.app\/, bem como alguns ou todos os conte\u00fados e servi\u00e7os, bem como a forma de modificar estas Condi\u00e7\u00f5es Gerais e\/ou condi\u00e7\u00f5es particulares necess\u00e1rias para a sua utiliza\u00e7\u00e3o.<\/p>\n<p>POL\u00cdTICA DE PROTE\u00c7\u00c3O DE DADOS E CONFIDENCIALIDADE<br>IVAN-DE-LUCAS compromete-se a utilizar os dados obtidos neste site, a respeitar a sua confidencialidade e a utiliz\u00e1-los de acordo com a sua finalidade, bem como a cumprir com a sua obriga\u00e7\u00e3o de os conservar e adaptar todas as medidas para evitar a sua altera\u00e7\u00e3o, perda, tratamento ou acesso n\u00e3o autorizado, de acordo com o disposto no Regulamento UE 2016\/679, do Parlamento Europeu e do Conselho, de 27 de abril de 2016. (RGPD) e na Lei Org\u00e2nica 3\/2018, de 5 de dezembro, de Prote\u00e7\u00e3o de Dados Pessoais e garantia dos direitos digitais.<\/p>\n<p>O Usu\u00e1rio garante que os dados pessoais fornecidos atrav\u00e9s dos formul\u00e1rios de contato s\u00e3o verdadeiros, e \u00e9 obrigado a comunicar qualquer modifica\u00e7\u00e3o dos mesmos. Da mesma forma, o Usu\u00e1rio garante que todas as informa\u00e7\u00f5es fornecidas correspondem \u00e0 sua situa\u00e7\u00e3o real, que est\u00e3o atualizadas e precisas. Al\u00e9m disso, o Usu\u00e1rio \u00e9 obrigado a manter seus dados atualizados em todos os momentos, sendo o \u00fanico respons\u00e1vel pela inexatid\u00e3o ou falsidade dos dados fornecidos e por qualquer dano que possa ser causado por isso a IVAN-DE-LUCAS como o propriet\u00e1rio do site.<\/p>\n<p>Da mesma forma, o Usu\u00e1rio tem acesso a qualquer momento para modificar, editar ou eliminar as informa\u00e7\u00f5es fornecidas, bem como gerir o seu cancelamento diretamente, ou mediante solicita\u00e7\u00e3o dirigida ao contato indicado na se\u00e7\u00e3o Endere\u00e7os de Contato ou escrevendo para IVAN-DE-LUCAS juntamente com uma c\u00f3pia do seu DNI ou documento equivalente.<\/p>\n<p>Para mais informa\u00e7\u00f5es sobre a pol\u00edtica de prote\u00e7\u00e3o de dados e direitos, voc\u00ea pode consultar o endere\u00e7o: https:\/\/spleeft.app\/politica-de-privacidad<\/p>\n<p>PROPRIEDADE INDUSTRIAL E INTELECTUAL<br>Este Website \u00e9 propriedade de IVAN-DE-LUCAS. Os direitos de Propriedade Intelectual e os direitos de explora\u00e7\u00e3o e reprodu\u00e7\u00e3o deste Website, suas p\u00e1ginas, telas, as informa\u00e7\u00f5es que elas cont\u00eam, sua apar\u00eancia e design, bem como os links estabelecidos a partir dele para outros Websites s\u00e3o de propriedade exclusiva dele, salvo disposi\u00e7\u00e3o em contr\u00e1rio.<\/p>\n<p>Todos os nomes, designs e\/ou logotipos que comp\u00f5em esta p\u00e1gina s\u00e3o marcas comerciais devidamente registradas.<\/p>\n<p>Qualquer uso indevido deles por uma pessoa que n\u00e3o seja seu leg\u00edtimo propriet\u00e1rio pode ser processado de acordo com a legisla\u00e7\u00e3o vigente. Os direitos de propriedade intelectual e marcas de terceiros s\u00e3o convenientemente destacados e devem ser respeitados por todos que acessam o Site. Somente para uso pessoal e privado \u00e9 permitido baixar o conte\u00fado, copiar ou imprimir qualquer p\u00e1gina deste Site. \u00c9 proibido reproduzir, transmitir, modificar ou excluir as informa\u00e7\u00f5es, conte\u00fado ou avisos neste Site sem a autoriza\u00e7\u00e3o pr\u00e9via por escrito de IVAN-DE-LUCAS.<\/p>\n<p>LEI APLIC\u00c1VEL E JURISDI\u00c7\u00c3O<br>Para a resolu\u00e7\u00e3o de todas as controv\u00e9rsias ou quest\u00f5es relacionadas com este site ou com as atividades nele desenvolvidas, ser\u00e1 aplicada a legisla\u00e7\u00e3o espanhola, \u00e0 qual as partes se submetem expressamente, sendo competentes para a resolu\u00e7\u00e3o de todos os conflitos relacionados com a sua utiliza\u00e7\u00e3o os Tribunais do utilizador ou respons\u00e1vel.<\/p>\n<p>Se qualquer cl\u00e1usula inclu\u00edda nas presentes condi\u00e7\u00f5es gerais for declarada total ou parcialmente nula ou ineficaz, tal nulidade ou inefic\u00e1cia afetar\u00e1 somente a referida disposi\u00e7\u00e3o ou a parte dela que for nula ou ineficaz, subsistindo em tudo o mais as presentes condi\u00e7\u00f5es gerais e considerando-se tal disposi\u00e7\u00e3o total ou parcialmente n\u00e3o inclu\u00edda.<\/p>\n<p>Al\u00e9m disso, lembramos que voc\u00ea pode acessar a plataforma de resolu\u00e7\u00e3o de lit\u00edgios online da Uni\u00e3o Europeia seguindo este link:<br>https:\/\/ec.europa.eu\/consumers\/odr\/main\/?event=main.home2.show.<\/p>\n<p>CONTACTO<br>Para qualquer d\u00favida sobre o aviso legal ou qualquer coment\u00e1rio sobre o site https:\/\/spleeft.app\/, envie um e-mail para ivandelucas2000@gmail.com<\/p>\n<p>Aviso legal atualizado pela \u00faltima vez em 8 de agosto de 2024<\/p>\t\t\t\t\t\t\t\t<\/div>\n\t\t\t\t<\/div>\n\t\t\t\t\t<\/div>\n\t\t\t\t<\/div>\n\t\t\t\t<\/div>","protected":false},"excerpt":{"rendered":"<p>Aviso Legal Os termos e condi\u00e7\u00f5es indicados abaixo regulam o acesso e uso do site https:\/\/spleeft.app\/, propriedade de IVAN DE LUCAS ROGERO, doravante IVAN-DE-LUCAS, que \u00e9 legalmente respons\u00e1vel por este site. Nome comercial: IVAN-DE-LUCAS Respons\u00e1vel: IVAN DE LUCAS ROGEROID: 70265279AEndere\u00e7o: Calle Los Cantos, 23. 28260 Galapagar (Madrid)Telefone: +34 634442588Contato: ivandelucas2000@gmail.com Abaixo est\u00e3o todas as informa\u00e7\u00f5es relacionadas \u2026 <\/p>\n<p class=\"link-more\"><a href=\"https:\/\/spleeft.app\/pt\/aviso-legal-2\/\" class=\"more-link\">Ler mais<span class=\"screen-reader-text\"> \u201cAviso Legal\u201d<\/span><\/a><\/p>","protected":false},"author":3,"featured_media":0,"parent":0,"menu_order":0,"comment_status":"closed","ping_status":"closed","template":"elementor_header_footer","meta":{"om_disable_all_campaigns":false,"_monsterinsights_skip_tracking":false,"_monsterinsights_sitenote_active":false,"_monsterinsights_sitenote_note":"","_monsterinsights_sitenote_category":0,"footnotes":""},"class_list":["post-7988","page","type-page","status-publish","hentry"],"_links":{"self":[{"href":"https:\/\/spleeft.app\/pt\/wp-json\/wp\/v2\/pages\/7988","targetHints":{"allow":["GET"]}}],"collection":[{"href":"https:\/\/spleeft.app\/pt\/wp-json\/wp\/v2\/pages"}],"about":[{"href":"https:\/\/spleeft.app\/pt\/wp-json\/wp\/v2\/types\/page"}],"author":[{"embeddable":true,"href":"https:\/\/spleeft.app\/pt\/wp-json\/wp\/v2\/users\/3"}],"replies":[{"embeddable":true,"href":"https:\/\/spleeft.app\/pt\/wp-json\/wp\/v2\/comments?post=7988"}],"version-history":[{"count":0,"href":"https:\/\/spleeft.app\/pt\/wp-json\/wp\/v2\/pages\/7988\/revisions"}],"wp:attachment":[{"href":"https:\/\/spleeft.app\/pt\/wp-json\/wp\/v2\/media?parent=7988"}],"curies":[{"name":"wp","href":"https:\/\/api.w.org\/{rel}","templated":true}]}}