{"id":10734,"date":"2025-10-17T11:05:25","date_gmt":"2025-10-17T09:05:25","guid":{"rendered":"https:\/\/spleeft.app\/?page_id=10734"},"modified":"2025-10-17T11:40:24","modified_gmt":"2025-10-17T09:40:24","slug":"clubes-organizacoes","status":"publish","type":"page","link":"https:\/\/spleeft.app\/pt\/clubes-organizacoes\/","title":{"rendered":"Spleft para clubes e grandes organiza\u00e7\u00f5es"},"content":{"rendered":"\t\t<div data-elementor-type=\"wp-page\" data-elementor-id=\"10734\" class=\"elementor elementor-10734\" data-elementor-post-type=\"page\">\n\t\t\t\t\t\t<section class=\"elementor-section elementor-top-section elementor-element elementor-element-e9a6140 elementor-section-boxed elementor-section-height-default elementor-section-height-default\" data-id=\"e9a6140\" data-element_type=\"section\" data-e-type=\"section\">\n\t\t\t\t\t\t<div class=\"elementor-container elementor-column-gap-default\">\n\t\t\t\t\t\t<\/div>\n\t\t<\/section>\n\t\t\t\t<section class=\"elementor-section elementor-top-section elementor-element elementor-element-a36d901 elementor-section-height-min-height elementor-section-boxed elementor-section-height-default elementor-section-items-middle\" data-id=\"a36d901\" data-element_type=\"section\" data-e-type=\"section\" data-settings=\"{&quot;background_background&quot;:&quot;classic&quot;}\">\n\t\t\t\t\t\t\t<div class=\"elementor-background-overlay\"><\/div>\n\t\t\t\t\t\t\t<div class=\"elementor-container elementor-column-gap-no\">\n\t\t\t\t\t<div class=\"elementor-column elementor-col-100 elementor-top-column elementor-element elementor-element-7ac586d\" data-id=\"7ac586d\" data-element_type=\"column\" data-e-type=\"column\" data-settings=\"{&quot;background_background&quot;:&quot;classic&quot;}\">\n\t\t\t<div class=\"elementor-widget-wrap elementor-element-populated\">\n\t\t\t\t\t\t<div class=\"elementor-element elementor-element-d3e889d elementor-widget elementor-widget-heading\" data-id=\"d3e889d\" data-element_type=\"widget\" data-e-type=\"widget\" data-widget_type=\"heading.default\">\n\t\t\t\t<div class=\"elementor-widget-container\">\n\t\t\t\t\t<h1 class=\"elementor-heading-title elementor-size-default\"><span style=\"color:#E64B19\"> SpleeftApp <\/span> for Clubs &amp; Major Organizations<\/h1>\t\t\t\t<\/div>\n\t\t\t\t<\/div>\n\t\t\t\t<div class=\"elementor-element elementor-element-717781c elementor-widget elementor-widget-image\" data-id=\"717781c\" data-element_type=\"widget\" data-e-type=\"widget\" data-widget_type=\"image.default\">\n\t\t\t\t<div class=\"elementor-widget-container\">\n\t\t\t\t\t\t\t\t\t\t\t\t\t\t\t<img fetchpriority=\"high\" decoding=\"async\" width=\"512\" height=\"512\" src=\"https:\/\/spleeft.app\/wp-content\/uploads\/2024\/01\/Iconos-android-BLANCO.png\" class=\"attachment-large size-large wp-image-6992\" alt=\"\" srcset=\"https:\/\/spleeft.app\/wp-content\/uploads\/2024\/01\/Iconos-android-BLANCO.png 512w, https:\/\/spleeft.app\/wp-content\/uploads\/2024\/01\/Iconos-android-BLANCO-300x300.png 300w, https:\/\/spleeft.app\/wp-content\/uploads\/2024\/01\/Iconos-android-BLANCO-150x150.png 150w, https:\/\/spleeft.app\/wp-content\/uploads\/2024\/01\/Iconos-android-BLANCO-12x12.png 12w\" sizes=\"100vw\" title=\"\">\t\t\t\t\t\t\t\t\t\t\t\t\t\t\t<\/div>\n\t\t\t\t<\/div>\n\t\t\t\t<div class=\"elementor-element elementor-element-5e6eebf elementor-widget elementor-widget-text-editor\" data-id=\"5e6eebf\" data-element_type=\"widget\" data-e-type=\"widget\" data-widget_type=\"text-editor.default\">\n\t\t\t\t<div class=\"elementor-widget-container\">\n\t\t\t\t\t\t\t\t\t<p>At Spleeft, we offer special conditions for clubs, professional teams, and high-performance centres looking to equip their staff and athletes with our velocity-based training tools.<\/p><h2 style=\"color: white;\">Volume Discounts<\/h2><p>We provide variable discounts based on the number of licenses purchased, applicable to our annual subscriptions (which already offer savings over monthly plans).<br \/>Additionally, the agreement may include social media collaborations to help promote and grow the project.<\/p><h2 style=\"color: white;\">Exclusive Personalized Services<\/h2><p>Clubs and organizations purchasing a significant number of licenses can also access private services, many of which will be included free of charge in the quote, depending on the number of licenses acquired:<br \/><br \/><\/p><ul><li>Private online and practical training: for coaches and athletes, with real-life examples, use of all devices and tools, to make the most of Spleeft.<\/li><li>Advanced theoretical training on Velocity Based Training for the technical staff.<\/li><li>On-site workshop: practical implementation at your facility, conducting live tests and activating the platform on all devices.<\/li><li>Performance consulting: joint analysis of real data with the coach or strength manager, to learn how to interpret metrics correctly and optimize team and athlete performance.<\/li><\/ul>\t\t\t\t\t\t\t\t<\/div>\n\t\t\t\t<\/div>\n\t\t\t\t<div class=\"elementor-element elementor-element-85f7252 elementor-widget elementor-widget-text-editor\" data-id=\"85f7252\" data-element_type=\"widget\" data-e-type=\"widget\" data-widget_type=\"text-editor.default\">\n\t\t\t\t<div class=\"elementor-widget-container\">\n\t\t\t\t\t\t\t\t\t<p data-start=\"515\" data-end=\"531\">Thank you for choosing Spleeft. If you represent a club or institution and would like to receive a personalized quote, please contact us at <strong data-start=\"1596\" data-end=\"1649\"><a class=\"decorated-link cursor-pointer\" href=\"mailto:info@spleeft.app\" rel=\"noopener\" data-start=\"1598\" data-end=\"1647\" target=\"_blank\">info@spleeft.app <\/a><\/strong>or by filling out the form below \ud83d\udc47\u00a0<\/p>\t\t\t\t\t\t\t\t<\/div>\n\t\t\t\t<\/div>\n\t\t\t\t\t<\/div>\n\t\t<\/div>\n\t\t\t\t\t<\/div>\n\t\t<\/section>\n\t\t\t\t<section class=\"elementor-section elementor-top-section elementor-element elementor-element-28a30ca elementor-section-boxed elementor-section-height-default elementor-section-height-default\" data-id=\"28a30ca\" data-element_type=\"section\" data-e-type=\"section\" data-settings=\"{&quot;background_background&quot;:&quot;gradient&quot;}\">\n\t\t\t\t\t\t<div class=\"elementor-container elementor-column-gap-wider\">\n\t\t\t\t\t<div class=\"elementor-column elementor-col-100 elementor-top-column elementor-element elementor-element-9c35447\" data-id=\"9c35447\" data-element_type=\"column\" data-e-type=\"column\">\n\t\t\t<div class=\"elementor-widget-wrap elementor-element-populated\">\n\t\t\t\t\t\t<div class=\"elementor-element elementor-element-329ac64 elementor-widget elementor-widget-wpforms\" data-id=\"329ac64\" data-element_type=\"widget\" data-e-type=\"widget\" data-widget_type=\"wpforms.default\">\n\t\t\t\t<div class=\"elementor-widget-container\">\n\t\t\t\t\t<div class=\"wpforms-container \" id=\"wpforms-10643\"><form id=\"wpforms-form-10643\" class=\"wpforms-validate wpforms-form wpforms-ajax-form\" data-formid=\"10643\" method=\"post\" enctype=\"multipart\/form-data\" action=\"\/pt\/wp-json\/wp\/v2\/pages\/10734\" data-token=\"cdc3a2448a544f569b6c05fd10793dd6\" data-token-time=\"1777114756\"><noscript class=\"wpforms-error-noscript\">Please enable JavaScript in your browser to complete this form.<\/noscript><div class=\"wpforms-field-container\"><div id=\"wpforms-10643-field_1-container\" class=\"wpforms-field wpforms-field-name\" data-field-id=\"1\"><label class=\"wpforms-field-label\">Name <span class=\"wpforms-required-label\">*<\/span><\/label><div class=\"wpforms-field-row wpforms-field-medium\"><div class=\"wpforms-field-row-block wpforms-first wpforms-one-half\"><input type=\"text\" id=\"wpforms-10643-field_1\" class=\"wpforms-field-name-first wpforms-field-required\" name=\"wpforms[fields][1][first]\" required><label for=\"wpforms-10643-field_1\" class=\"wpforms-field-sublabel after\">First<\/label><\/div><div class=\"wpforms-field-row-block wpforms-one-half\"><input type=\"text\" id=\"wpforms-10643-field_1-last\" class=\"wpforms-field-name-last wpforms-field-required\" name=\"wpforms[fields][1][last]\" required><label for=\"wpforms-10643-field_1-last\" class=\"wpforms-field-sublabel after\">Last<\/label><\/div><\/div><\/div>\t\t<div id=\"wpforms-10643-field_4-container\"\n\t\t\tclass=\"wpforms-field wpforms-field-text\"\n\t\t\tdata-field-type=\"text\"\n\t\t\tdata-field-id=\"4\"\n\t\t\t>\n\t\t\t<label class=\"wpforms-field-label\" for=\"wpforms-10643-field_4\" >Links socials\/website Message<\/label>\n\t\t\t<input type=\"text\" id=\"wpforms-10643-field_4\" class=\"wpforms-field-medium\" name=\"wpforms[fields][4]\" >\n\t\t<\/div>\n\t\t<div id=\"wpforms-10643-field_2-container\" class=\"wpforms-field wpforms-field-email\" data-field-id=\"2\"><label class=\"wpforms-field-label\" for=\"wpforms-10643-field_2\">Email <span class=\"wpforms-required-label\">*<\/span><\/label><input type=\"email\" id=\"wpforms-10643-field_2\" class=\"wpforms-field-medium wpforms-field-required\" name=\"wpforms[fields][2]\" spellcheck=\"false\" required><\/div><div id=\"wpforms-10643-field_5-container\" class=\"wpforms-field wpforms-field-text\" data-field-id=\"5\"><label class=\"wpforms-field-label\" for=\"wpforms-10643-field_5\">Links to your socials\/website<\/label><input type=\"text\" id=\"wpforms-10643-field_5\" class=\"wpforms-field-medium\" name=\"wpforms[fields][5]\" ><\/div><div id=\"wpforms-10643-field_3-container\" class=\"wpforms-field wpforms-field-textarea\" data-field-id=\"3\"><label class=\"wpforms-field-label\" for=\"wpforms-10643-field_3\">Comment or Message<\/label><textarea id=\"wpforms-10643-field_3\" class=\"wpforms-field-medium\" name=\"wpforms[fields][3]\" ><\/textarea><\/div><script>\n\t\t\t\t( function() {\n\t\t\t\t\tconst style = document.createElement( 'style' );\n\t\t\t\t\tstyle.appendChild( document.createTextNode( '#wpforms-10643-field_4-container { position: absolute !important; overflow: hidden !important; display: inline !important; height: 1px !important; width: 1px !important; z-index: -1000 !important; padding: 0 !important; } #wpforms-10643-field_4-container input { visibility: hidden; } #wpforms-conversational-form-page #wpforms-10643-field_4-container label { counter-increment: none; }' ) );\n\t\t\t\t\tdocument.head.appendChild( style );\n\t\t\t\t\tdocument.currentScript?.remove();\n\t\t\t\t} )();\n\t\t\t<\/script><\/div><!-- .wpforms-field-container --><div class=\"wpforms-submit-container\" ><input type=\"hidden\" name=\"wpforms[id]\" value=\"10643\"><input type=\"hidden\" name=\"page_title\" value=\"\"><input type=\"hidden\" name=\"page_url\" value=\"https:\/\/spleeft.app\/pt\/wp-json\/wp\/v2\/pages\/10734\"><input type=\"hidden\" name=\"url_referer\" value=\"\"><button type=\"submit\" name=\"wpforms[submit]\" id=\"wpforms-submit-10643\" class=\"wpforms-submit\" data-alt-text=\"Sending\u2026\" data-submit-text=\"Submit\" aria-live=\"assertive\" value=\"wpforms-submit\">Submit<\/button><img decoding=\"async\" src=\"https:\/\/spleeft.app\/wp-content\/plugins\/wpforms-lite\/assets\/images\/submit-spin.svg\" class=\"wpforms-submit-spinner\" style=\"display: none;\" width=\"26\" height=\"26\" alt=\"Loading\" title=\"\"><\/div><\/form><\/div>  <!-- .wpforms-container -->\t\t\t\t<\/div>\n\t\t\t\t<\/div>\n\t\t\t\t\t<\/div>\n\t\t<\/div>\n\t\t\t\t\t<\/div>\n\t\t<\/section>\n\t\t\t\t<\/div>\n\t\t","protected":false},"excerpt":{"rendered":"<p>SpleeftApp para Clubes e Grandes Organiza\u00e7\u00f5es. Na Spleeft, oferecemos condi\u00e7\u00f5es especiais para clubes, equipes profissionais e centros de alto rendimento que desejam equipar seus funcion\u00e1rios e atletas com nossas ferramentas de treinamento baseadas em velocidade. Descontos por Volume. Oferecemos descontos vari\u00e1veis com base no n\u00famero de licen\u00e7as adquiridas, aplic\u00e1veis \u00e0s nossas assinaturas anuais (que j\u00e1 oferecem economia em rela\u00e7\u00e3o \u00e0s assinaturas mensais...). <\/p>\n<p class=\"link-more\"><a href=\"https:\/\/spleeft.app\/pt\/clubes-organizacoes\/\" class=\"more-link\">Ler mais<span class=\"screen-reader-text\"> \u201cSpleft para Clubes e Grandes Organiza\u00e7\u00f5es\u201d<\/span><\/a><\/p>","protected":false},"author":2,"featured_media":0,"parent":0,"menu_order":0,"comment_status":"closed","ping_status":"closed","template":"page-templates\/full-width-builder-bb.php","meta":{"om_disable_all_campaigns":false,"_monsterinsights_skip_tracking":false,"_monsterinsights_sitenote_active":false,"_monsterinsights_sitenote_note":"","_monsterinsights_sitenote_category":0,"footnotes":""},"class_list":["post-10734","page","type-page","status-publish","hentry"],"_links":{"self":[{"href":"https:\/\/spleeft.app\/pt\/wp-json\/wp\/v2\/pages\/10734","targetHints":{"allow":["GET"]}}],"collection":[{"href":"https:\/\/spleeft.app\/pt\/wp-json\/wp\/v2\/pages"}],"about":[{"href":"https:\/\/spleeft.app\/pt\/wp-json\/wp\/v2\/types\/page"}],"author":[{"embeddable":true,"href":"https:\/\/spleeft.app\/pt\/wp-json\/wp\/v2\/users\/2"}],"replies":[{"embeddable":true,"href":"https:\/\/spleeft.app\/pt\/wp-json\/wp\/v2\/comments?post=10734"}],"version-history":[{"count":16,"href":"https:\/\/spleeft.app\/pt\/wp-json\/wp\/v2\/pages\/10734\/revisions"}],"predecessor-version":[{"id":10754,"href":"https:\/\/spleeft.app\/pt\/wp-json\/wp\/v2\/pages\/10734\/revisions\/10754"}],"wp:attachment":[{"href":"https:\/\/spleeft.app\/pt\/wp-json\/wp\/v2\/media?parent=10734"}],"curies":[{"name":"wp","href":"https:\/\/api.w.org\/{rel}","templated":true}]}}