{"id":10710,"date":"2025-10-01T13:59:22","date_gmt":"2025-10-01T11:59:22","guid":{"rendered":"https:\/\/spleeft.app\/?page_id=10710"},"modified":"2025-10-01T14:00:14","modified_gmt":"2025-10-01T12:00:14","slug":"ivan-de-lucas-rogero","status":"publish","type":"page","link":"https:\/\/spleeft.app\/pt\/ivan-de-lucas-rogero\/","title":{"rendered":"Ivan de Lucas \u2013 P\u00e1gina"},"content":{"rendered":"<div data-elementor-type=\"wp-page\" data-elementor-id=\"10710\" class=\"elementor elementor-10710\" data-elementor-post-type=\"page\">\n\t\t\t\t\t\t<section class=\"elementor-section elementor-top-section elementor-element elementor-element-20aa25f2 elementor-section-height-min-height elementor-section-boxed elementor-section-height-default elementor-section-items-middle\" data-id=\"20aa25f2\" data-element_type=\"section\" data-e-type=\"section\" data-settings=\"{&quot;background_background&quot;:&quot;classic&quot;}\">\n\t\t\t\t\t\t\t<div class=\"elementor-background-overlay\"><\/div>\n\t\t\t\t\t\t\t<div class=\"elementor-container elementor-column-gap-no\">\n\t\t\t\t\t<div class=\"elementor-column elementor-col-100 elementor-top-column elementor-element elementor-element-df0e7d4\" data-id=\"df0e7d4\" data-element_type=\"column\" data-e-type=\"column\" data-settings=\"{&quot;background_background&quot;:&quot;classic&quot;}\">\n\t\t\t<div class=\"elementor-widget-wrap elementor-element-populated\">\n\t\t\t\t\t\t<div class=\"elementor-element elementor-element-297753a0 elementor-widget elementor-widget-heading\" data-id=\"297753a0\" data-element_type=\"widget\" data-e-type=\"widget\" data-widget_type=\"heading.default\">\n\t\t\t\t<div class=\"elementor-widget-container\">\n\t\t\t\t\t<h1 class=\"elementor-heading-title elementor-size-default\">Iv\u00e1n de Lucas Rogero<\/h1>\t\t\t\t<\/div>\n\t\t\t\t<\/div>\n\t\t\t\t<div class=\"elementor-element elementor-element-6d22a58e elementor-widget elementor-widget-image\" data-id=\"6d22a58e\" data-element_type=\"widget\" data-e-type=\"widget\" data-widget_type=\"image.default\">\n\t\t\t\t<div class=\"elementor-widget-container\">\n\t\t\t\t\t\t\t\t\t\t\t\t\t\t\t<img fetchpriority=\"high\" decoding=\"async\" width=\"512\" height=\"512\" src=\"https:\/\/spleeft.app\/wp-content\/uploads\/2024\/01\/Iconos-android-BLANCO.png\" class=\"attachment-large size-large wp-image-6992\" alt=\"Iconos android BLANCO - Ivan de Lucas - P\u00e1gina\" srcset=\"https:\/\/spleeft.app\/wp-content\/uploads\/2024\/01\/Iconos-android-BLANCO.png.webp 512w, https:\/\/spleeft.app\/wp-content\/uploads\/2024\/01\/Iconos-android-BLANCO-300x300.png.webp 300w, https:\/\/spleeft.app\/wp-content\/uploads\/2024\/01\/Iconos-android-BLANCO-150x150.png.webp 150w, https:\/\/spleeft.app\/wp-content\/uploads\/2024\/01\/Iconos-android-BLANCO-12x12.png.webp 12w\" sizes=\"100vw\" title=\"Ivan de Lucas - P\u00e1gina, Ivan de Lucas - P\u00e1gina\" \/>\t\t\t\t\t\t\t\t\t\t\t\t\t\t\t<\/div>\n\t\t\t\t<\/div>\n\t\t\t\t\t<\/div>\n\t\t<\/div>\n\t\t\t\t\t<\/div>\n\t\t<\/section>\n\t\t\t\t<section class=\"elementor-section elementor-top-section elementor-element elementor-element-5a0e393c elementor-section-boxed elementor-section-height-default elementor-section-height-default\" data-id=\"5a0e393c\" data-element_type=\"section\" data-e-type=\"section\" data-settings=\"{&quot;background_background&quot;:&quot;gradient&quot;}\">\n\t\t\t\t\t\t<div class=\"elementor-container elementor-column-gap-wider\">\n\t\t\t\t\t<div class=\"elementor-column elementor-col-50 elementor-top-column elementor-element elementor-element-4b351783\" data-id=\"4b351783\" data-element_type=\"column\" data-e-type=\"column\">\n\t\t\t<div class=\"elementor-widget-wrap elementor-element-populated\">\n\t\t\t\t\t\t<div class=\"elementor-element elementor-element-2d087c2f elementor-widget elementor-widget-heading\" data-id=\"2d087c2f\" data-element_type=\"widget\" data-e-type=\"widget\" data-widget_type=\"heading.default\">\n\t\t\t\t<div class=\"elementor-widget-container\">\n\t\t\t\t\t<h3 class=\"elementor-heading-title elementor-size-default\">Sobre<\/h3>\t\t\t\t<\/div>\n\t\t\t\t<\/div>\n\t\t\t\t<div class=\"elementor-element elementor-element-4255a462 elementor-widget elementor-widget-heading\" data-id=\"4255a462\" data-element_type=\"widget\" data-e-type=\"widget\" data-widget_type=\"heading.default\">\n\t\t\t\t<div class=\"elementor-widget-container\">\n\t\t\t\t\t<h2 class=\"elementor-heading-title elementor-size-default\">Iv\u00e1n de Lucas Rogero<\/h2>\t\t\t\t<\/div>\n\t\t\t\t<\/div>\n\t\t\t\t<div class=\"elementor-element elementor-element-47f3f632 elementor-widget__width-initial elementor-widget elementor-widget-text-editor\" data-id=\"47f3f632\" data-element_type=\"widget\" data-e-type=\"widget\" data-widget_type=\"text-editor.default\">\n\t\t\t\t<div class=\"elementor-widget-container\">\n\t\t\t\t\t\t\t\t\tCom apenas 22 anos, Iv\u00e1n trabalha em biomec\u00e2nica e ci\u00eancias do desporto na <a title=\"Ivan de Lucas\" href=\"https:\/\/www.entrenamientociclismo.com\/ivan-de-lucas\" target=\"_blank\" rel=\"noopener\">EntrenamientoCiclismo.com<\/a>\u00a0apoiar decis\u00f5es baseadas em dados. \u00c9 apaixonado por bicicletas de montanha (XCO).\n<ul>\n \t<li>Licenciatura em Ci\u00eancias do Desporto na UAM, Madrid.<\/li>\n \t<li>MSC de rendimento f\u00edsico na U. Pablo de Olavide, Sevilha.<\/li>\n \t<li style=\"list-style-type: none;\"><\/li>\n<\/ul>\nOutros projectos: C-Trends Erasmus+.\n<div style=\"display: flex; justify-content: center; align-items: center; margin: 20px 0;\">\n    <div class=\"dropdown\" style=\"position: relative; width: 100%; max-width: 400px; text-align: left;\">\n        <button style=\"width: 100%; padding: 10px 15px; font-size: 16px; cursor: pointer; border: 1px solid #ddd; border-radius: 5px; background-color: #f9f9f9; text-align: left; display: flex; justify-content: space-between; align-items: center;\" onclick=\"toggleDropdown()\">\n            Sites em destaque\n            <span>\u25bc<\/span>\n        <\/button>\n        <div id=\"dropdownContent\" style=\"display: none; position: absolute; top: 100%; left: 0; width: 100%; background-color: white; border: 1px solid #ddd; border-radius: 5px; box-shadow: 0 2px 5px rgba(0, 0, 0, 0.1); z-index: 100;\">\n            <!-- Links -->\n            <a href=\"https:\/\/www.ciclismoafondo.es\/preparacion-fisica\/entrenamiento-ciclismo\/perfil-potencia-record-en-ciclismo-valores-referencia-en-categorias-inferiores_288775_102.html\" rel=\"nofollow noopener\" style=\"display: block; padding: 10px 15px; text-decoration: none; color: #333; font-size: 14px; border-bottom: 1px solid #f1f1f1;\" target=\"_blank\">\n                Perfil de pot\u00eancia recorde no ciclismo \u2013 Iv\u00e1n de Lucas Rogero\n            <\/a>\n            <a href=\"https:\/\/rfec.com\/es\/smartweb\/universo_ciclista\/articulo\/rfec\/326-Perfil-de-potencia-en-ciclismo-valores-de-referencia-en-categorias-inferiores\" rel=\"nofollow noopener\" style=\"display: block; padding: 10px 15px; text-decoration: none; color: #333; font-size: 14px; border-bottom: 1px solid #f1f1f1;\" target=\"_blank\">\n                Perfil de pot\u00eancia no ciclismo \u2013 Iv\u00e1n de Lucas Rogero\n            <\/a>\n            <a href=\"https:\/\/fmciclismo.com\/index.php\/es\/smartweb\/seccion\/noticia\/madrid\/FORMACIoN\/48926-Puedo-mejorar-mi-tecnica-de-pedalada-Estudio-de-caso-Pedaleo-de-punta\" rel=\"nofollow noopener\" style=\"display: block; padding: 10px 15px; text-decoration: none; color: #333; font-size: 14px; border-bottom: 1px solid #f1f1f1;\" target=\"_blank\">\n                T\u00e9cnica de pedalada com os dedos dos p\u00e9s \u2013 Iv\u00e1n de Lucas Rogero\n            <\/a>\n            <a href=\"https:\/\/www.ciclo21.com\/puedo-mejorar-mi-tecnica-de-pedalada\/\" rel=\"nofollow noopener\" style=\"display: block; padding: 10px 15px; text-decoration: none; color: #333; font-size: 14px; border-bottom: 1px solid #f1f1f1;\" target=\"_blank\">\n                Aprimorando a t\u00e9cnica de pedalada \u2013 Iv\u00e1n de Lucas Rogero\n            <\/a>\n            <a href=\"https:\/\/msa.training\/fuerza-basada-en-la-velocidad-de-ejecucion-con-ivan-de-lucas\/\" rel=\"nofollow noopener\" style=\"display: block; padding: 10px 15px; text-decoration: none; color: #333; font-size: 14px; border-bottom: 1px solid #f1f1f1;\" target=\"_blank\">\n                For\u00e7a baseada na velocidade de execu\u00e7\u00e3o \u2013 Iv\u00e1n de Lucas Rogero\n            <\/a>\n            <a href=\"https:\/\/www.sportraining.es\/2022\/11\/13\/gran-nivel-en-el-14o-simposio-nacional-sobre-entrenamiento-para-deportes-de-resistencia\/\" rel=\"nofollow noopener\" style=\"display: block; padding: 10px 15px; text-decoration: none; color: #333; font-size: 14px; border-bottom: 1px solid #f1f1f1;\" target=\"_blank\">\n                14\u00ba SIMPOSIO NACIONAL SOBRE ENTRENAMIENTO PARA DEPORTES DE RESISTENCIA \u2013 Iv\u00e1n de Lucas Rogero\n            <\/a>\n            <a href=\"https:\/\/www.entrenamientociclismo.com\/post\/an%C3%A1lisis-de-la-t%C3%A9cnica-de-pedaleo\" rel=\"nofollow noopener\" style=\"display: block; padding: 10px 15px; text-decoration: none; color: #333; font-size: 14px; border-bottom: 1px solid #f1f1f1;\" target=\"_blank\">\n                An\u00e1lise da T\u00e9cnica de Pedalada \u2013 Iv\u00e1n de Lucas Rogero\n            <\/a>\n            <a href=\"https:\/\/medium.com\/@ivandelucasrogero\" rel=\"nofollow noopener\" style=\"display: block; padding: 10px 15px; text-decoration: none; color: #333; font-size: 14px; border-bottom: 1px solid #f1f1f1;\" target=\"_blank\">\n                Perfil M\u00e9dio \u2013 Iv\u00e1n de Lucas Rogero\n            <\/a>\n            <a href=\"https:\/\/www.linkedin.com\/in\/iv%C3%A1n-de-lucas-rogero-b34680178\/\" rel=\"nofollow noopener\" style=\"display: block; padding: 10px 15px; text-decoration: none; color: #333; font-size: 14px; border-bottom: 1px solid #f1f1f1;\" target=\"_blank\">\n                Perfil do LinkedIn \u2013 Iv\u00e1n de Lucas Rogero\n            <\/a>\n            <a href=\"https:\/\/www.researchgate.net\/profile\/Ivan-De-Lucas-Rogero\" rel=\"nofollow noopener\" style=\"display: block; padding: 10px 15px; text-decoration: none; color: #333; font-size: 14px; border-bottom: 1px solid #f1f1f1;\" target=\"_blank\">\n                Perfil ResearchGate \u2013 Iv\u00e1n de Lucas Rogero\n            <\/a>\n            <a href=\"https:\/\/x.com\/ivvy_dlr\" rel=\"nofollow\" style=\"display: block; padding: 10px 15px; text-decoration: none; color: #333; font-size: 14px;\" target=\"_blank\">\n                Perfil do Twitter \u2013 Iv\u00e1n de Lucas Rogero\n            <\/a>\n        <\/div>\n    <\/div>\n<\/div>\n\n<script>\n    function toggleDropdown() {\n        const dropdownContent = document.getElementById('dropdownContent');\n        dropdownContent.style.display = dropdownContent.style.display === 'block' ? 'none' : 'block';\n    }\n\n    \/\/ Close the dropdown menu if the user clicks outside of it\n    window.onclick = function(event) {\n        if (!event.target.closest('.dropdown')) {\n            const dropdownContent = document.getElementById('dropdownContent');\n            dropdownContent.style.display = 'none';\n        }\n    }\n<\/script>\n\t\t\t\t\t\t\t\t<\/div>\n\t\t\t\t<\/div>\n\t\t\t\t\t<\/div>\n\t\t<\/div>\n\t\t\t\t<div class=\"elementor-column elementor-col-50 elementor-top-column elementor-element elementor-element-1eaeff8c\" data-id=\"1eaeff8c\" data-element_type=\"column\" data-e-type=\"column\">\n\t\t\t<div class=\"elementor-widget-wrap elementor-element-populated\">\n\t\t\t\t\t\t<div class=\"elementor-element elementor-element-787f270 elementor--h-position-left elementor--v-position-bottom elementor-widget__width-initial elementor-arrows-position-inside elementor-widget elementor-widget-slides\" data-id=\"787f270\" data-element_type=\"widget\" data-e-type=\"widget\" data-settings=\"{&quot;navigation&quot;:&quot;arrows&quot;,&quot;infinite&quot;:&quot;yes&quot;,&quot;transition&quot;:&quot;slide&quot;,&quot;transition_speed&quot;:500}\" data-widget_type=\"slides.default\">\n\t\t\t\t<div class=\"elementor-widget-container\">\n\t\t\t\t\t\t\t\t\t<div class=\"elementor-swiper\">\n\t\t\t\t\t<div class=\"elementor-slides-wrapper elementor-main-swiper swiper\" role=\"region\" aria-roledescription=\"carousel\" aria-label=\"Slides\" dir=\"ltr\" data-animation=\"fadeInUp\">\n\t\t\t\t<div class=\"swiper-wrapper elementor-slides\">\n\t\t\t\t\t\t\t\t\t\t<div class=\"elementor-repeater-item-2a371ed swiper-slide\" role=\"group\" aria-roledescription=\"slide\"><div class=\"swiper-slide-bg elementor-ken-burns elementor-ken-burns--in\" role=\"img\" aria-label=\"Imagem do WhatsApp 2022-05-15 \u00e0s 10.17.08 PM\"><\/div><div class=\"swiper-slide-inner\" ><div class=\"swiper-slide-contents\"><\/div><\/div><\/div><div class=\"elementor-repeater-item-f849a29 swiper-slide\" role=\"group\" aria-roledescription=\"slide\"><div class=\"swiper-slide-bg elementor-ken-burns elementor-ken-burns--in\" role=\"img\" aria-label=\"d19fb150-ce63-4121-9e2e-c0f192ce37f6_\"><\/div><div class=\"swiper-slide-inner\" ><div class=\"swiper-slide-contents\"><\/div><\/div><\/div><div class=\"elementor-repeater-item-ef3d367 swiper-slide\" role=\"group\" aria-roledescription=\"slide\"><div class=\"swiper-slide-bg elementor-ken-burns elementor-ken-burns--in\" role=\"img\" aria-label=\"Halteres Ol\u00edmpicos, Halteres Padr\u00e3o, Melhores Aplicativos Apple Watch 2024, Rastreador de Velocidade, VBT, Speeft\"><\/div><div class=\"swiper-slide-inner\" ><div class=\"swiper-slide-contents\"><\/div><\/div><\/div>\t\t\t\t<\/div>\n\t\t\t\t\t\t\t\t\t\t\t\t\t\t\t<div class=\"elementor-swiper-button elementor-swiper-button-prev\" role=\"button\" tabindex=\"0\" aria-label=\"\u4e0a\u4e00\u5f20\u5e7b\u706f\u7247\" data-no-translation-aria-label=\"\">\n\t\t\t\t\t\t\t<i aria-hidden=\"true\" class=\"eicon-chevron-left\"><\/i>\t\t\t\t\t\t<\/div>\n\t\t\t\t\t\t<div class=\"elementor-swiper-button elementor-swiper-button-next\" role=\"button\" tabindex=\"0\" aria-label=\"\u4e0b\u4e00\u5f20\u5e7b\u706f\u7247\" data-no-translation-aria-label=\"\">\n\t\t\t\t\t\t\t<i aria-hidden=\"true\" class=\"eicon-chevron-right\"><\/i>\t\t\t\t\t\t<\/div>\n\t\t\t\t\t\t\t\t\t\t\t\t\t\t\t\t\t<\/div>\n\t\t\t\t<\/div>\n\t\t\t\t\t\t\t\t<\/div>\n\t\t\t\t<\/div>\n\t\t\t\t\t<\/div>\n\t\t<\/div>\n\t\t\t\t\t<\/div>\n\t\t<\/section>\n\t\t\t\t<\/div>","protected":false},"excerpt":{"rendered":"<p>Iv\u00e1n de Lucas Rogero Sobre Iv\u00e1n de Lucas Rogero Com apenas 22 anos, Iv\u00e1n trabalha com biomec\u00e2nica e ci\u00eancias do esporte no EntrenamientoCiclismo.com, apoiando decis\u00f5es baseadas em dados. Ele \u00e9 apaixonado por mountain bike (XCO). Graduado em Ci\u00eancias do Esporte pela UAM, Madri. Mestre em Performance F\u00edsica pela U. Pablo de Olavide, Sevilha. Outros projetos: C-Trends Erasmus+. Sites em Destaque \u25bc Record \u2026 <\/p>\n<p class=\"link-more\"><a href=\"https:\/\/spleeft.app\/pt\/ivan-de-lucas-rogero\/\" class=\"more-link\">Ler mais<span class=\"screen-reader-text\"> \u201cIvan de Lucas \u2013 P\u00e1gina\u201d<\/span><\/a><\/p>","protected":false},"author":2,"featured_media":0,"parent":0,"menu_order":0,"comment_status":"closed","ping_status":"closed","template":"elementor_header_footer","meta":{"om_disable_all_campaigns":false,"_monsterinsights_skip_tracking":false,"_monsterinsights_sitenote_active":false,"_monsterinsights_sitenote_note":"","_monsterinsights_sitenote_category":0,"footnotes":""},"class_list":["post-10710","page","type-page","status-publish","hentry"],"_links":{"self":[{"href":"https:\/\/spleeft.app\/pt\/wp-json\/wp\/v2\/pages\/10710","targetHints":{"allow":["GET"]}}],"collection":[{"href":"https:\/\/spleeft.app\/pt\/wp-json\/wp\/v2\/pages"}],"about":[{"href":"https:\/\/spleeft.app\/pt\/wp-json\/wp\/v2\/types\/page"}],"author":[{"embeddable":true,"href":"https:\/\/spleeft.app\/pt\/wp-json\/wp\/v2\/users\/2"}],"replies":[{"embeddable":true,"href":"https:\/\/spleeft.app\/pt\/wp-json\/wp\/v2\/comments?post=10710"}],"version-history":[{"count":4,"href":"https:\/\/spleeft.app\/pt\/wp-json\/wp\/v2\/pages\/10710\/revisions"}],"predecessor-version":[{"id":10714,"href":"https:\/\/spleeft.app\/pt\/wp-json\/wp\/v2\/pages\/10710\/revisions\/10714"}],"wp:attachment":[{"href":"https:\/\/spleeft.app\/pt\/wp-json\/wp\/v2\/media?parent=10710"}],"curies":[{"name":"wp","href":"https:\/\/api.w.org\/{rel}","templated":true}]}}