{"id":8450,"date":"2024-09-10T15:14:11","date_gmt":"2024-09-10T13:14:11","guid":{"rendered":"https:\/\/spleeft.app\/?page_id=8450"},"modified":"2024-09-10T15:20:03","modified_gmt":"2024-09-10T13:20:03","slug":"avviso-legale-2","status":"publish","type":"page","link":"https:\/\/spleeft.app\/it\/avviso-legale-2\/","title":{"rendered":"Avviso legale"},"content":{"rendered":"<div data-elementor-type=\"wp-page\" data-elementor-id=\"8450\" class=\"elementor elementor-8450\" data-elementor-post-type=\"page\">\n\t\t\t\t<div class=\"elementor-element elementor-element-4572789 e-flex e-con-boxed e-con e-parent\" data-id=\"4572789\" data-element_type=\"container\" data-e-type=\"container\">\n\t\t\t\t\t<div class=\"e-con-inner\">\n\t\t\t\t<div class=\"elementor-element elementor-element-84492d0 elementor-widget elementor-widget-text-editor\" data-id=\"84492d0\" data-element_type=\"widget\" data-e-type=\"widget\" data-widget_type=\"text-editor.default\">\n\t\t\t\t<div class=\"elementor-widget-container\">\n\t\t\t\t\t\t\t\t\t<p>I termini e le condizioni che di seguito vengono indicati regolano l&#039;accesso e l&#039;uso del sito Web https:\/\/spleeft.app\/ , propriet\u00e0 di IVAN DE LUCAS ROGERO, in adelante IVAN-DE-LUCAS que es responsable legal de questo web.<\/p><p>Nome commerciale: IVAN-DE-LUCAS\u00a0<br \/>Responsabile: IVAN DE LUCAS ROGERO<br \/>Codice fiscale: 70265279A<br \/>Indirizzo: Calle Los Cantos, 23. 28260 Galapagar (Madrid)<br \/>Telefono: +34 634442588<br \/>Contatto: ivandelucas2000@gmail.com<\/p><p>Di seguito, si trovano tutte le informazioni relative ai termini e alle condizioni legali che definiscono le relazioni tra l&#039;utente e IVAN-DE-LUCAS come responsabile di questo sito web.<br \/>IVAN-DE-LUCAS si impegna a elaborare le informazioni degli utenti e dei clienti con ampie garanzie e soddisfa i requisiti nazionali ed europei che regolano la raccolta e l&#039;uso dei dati personali degli utenti.<br \/>La web https:\/\/spleeft.app\/ \u00e8 adatta alle esigenze delle seguenti leggi:<\/p><p>\u25cf Ley Organica 3\/2018, del 5 dicembre, sulla protezione dei dati personali e sulla garanzia dei diritti digitali. <a style=\"box-sizing: inherit; background-color: #ffffff;\" href=\"https:\/\/boe.es\/boe\/dias\/2018\/12\/06\/pdfs\/BOE-A-2018-16673.pdf\" target=\"_blank\" rel=\"noopener\">Scaricare<\/a>(https:\/\/boe.es\/boe\/dias\/2018\/12\/06\/pdfs\/BOE-A-2018-16673.pdf )<br style=\"box-sizing: inherit;\" \/>\u25cf Regolamento (UE) 2016\/679 del Parlamento Europeo e del Consiglio del 27 aprile 2016 relativo alla protezione delle persone fisiche (RGPD), <a style=\"box-sizing: inherit; background-color: #ffffff;\" href=\"https:\/\/www.boe.es\/doue\/2016\/119\/L00001-00088.pdf\" target=\"_blank\" rel=\"noopener\">Scaricare<\/a>(https:\/\/www.boe.es\/doue\/2016\/119\/L00001-00088.pdf )<br style=\"box-sizing: inherit;\" \/>\u25cf Ley 34\/2002, de 11 de julio, de Servicios de la Sociedad de la Informaci\u00f3n y Comercio Electr\u00f3nico (LSSICE o LSSI) che regolano le transazioni economiche mediante mezzi elettronici. <a style=\"box-sizing: inherit; background-color: #ffffff;\" href=\"https:\/\/boe.es\/boe\/dias\/2018\/12\/06\/pdfs\/BOE-A-2018-16673.pdf\" target=\"_blank\" rel=\"noopener\">Scaricare<\/a> (https:\/\/www.boe.es\/buscar\/doc.php?id=BOE-A-2002-13758)<\/p><h2>TERMINI LEGALI E CONDICIONES<\/h2><p>Las presentes Condiciones Generales regulan el uso, incluyendo el mero acceso, de todas las p\u00e1ginas web que integran el sitio web de https:\/\/spleeft.app\/ incluidos los contenidos y servicios presentados en las mismas.<\/p><p>L&#039;utilizzo di questo sito Web https:\/\/spleeft.app\/ supone un ringraziamento tra l&#039;Utente e IVAN-DE-LUCAS, lo quale implica la piena adesione e senza riserve a tutti e ciascuna delle condizioni generali pubblicate da IVAN-DE -LUCAS, en la versi\u00f3n publicada y vigore en el momento en que se acceda al mismo. Per lui, IVAN-DE-LUCAS consiglia all&#039;Utente di leggere attentamente le misure ogni volta che acceda al sito Web.<\/p><h2>MENORES DI ET\u00c0<\/h2><p>\u00c8 vietato l&#039;accesso e l&#039;uso del portale ai meno giovani di et\u00e0, in modo che l&#039;utente dichiari che \u00e8 sindaco di et\u00e0 (ha deciso di aver compiuto almeno 18 anni) e dispone della capacit\u00e0 legale necessaria per acquisire i servizi offerti attraverso de la Web de IVAN-DE-LUCAS de conformidad con las presentes condiciones generales, che comprende e comprende la sua totalit\u00e0.<br \/>IVAN-DE-LUCAS informa che esistono programmi informatici che consentono di filtrare e bloccare l&#039;accesso a determinati contenuti e servizi, in modo che i genitori, ad esempio, possano decidere quali sono i contenuti e i servizi del Portale a cui possono accedere i loro figli tener acceso e quali no.<\/p><p>ESCLUSI\u00d3N DE GARANT\u00cdAS Y RENUNCIA A QUALQUIER RESPONSABILIDAD<\/p><p>Questa pagina e i suoi componenti vengono forniti esclusivamente con dettagli informativi. IVAN-DE-LUCAS, titolare di questo sito web, non \u00e8 responsabile dell&#039;esattezza, dell&#039;utilizzo o della disponibilit\u00e0 di qualsiasi informazione che venga trasmessa o ponga a disposizione attraverso la stessa; non sar\u00e0 responsabile per eventuali errori o omissioni in queste informazioni. Gli utenti di questa pagina contenente i loro dati personali, con l&#039;accettazione del consenso informato, rinunciano a qualsiasi indennizzo che per l&#039;uso legale di questi dati les pudiera corrispondente, non possono esercitare alcuna rivendicazione legale per lui. Se vuoi ostentarla, non devi cedere i tuoi dati su questo sito web.<br \/>Inoltre, IVAN-DE-LUCAS non ha alcuna garanzia e non \u00e8 responsabile, in nessun caso, dei danni e dei danni di qualsiasi natura che potrebbero essere causati da:<br \/>\u25cf La mancanza di disponibilit\u00e0, manutenzione ed efficace funzionamento del web o dei suoi servizi e contenuti.<br \/>\u25cf La presenza di malware, programmi dannosi o danni nei contenuti;<br \/>\u25cf El uso il\u00edcito, negligente, fraudulento o contrario a este aviso legal;<br \/>\u25cf La mancanza di liceit\u00e0, qualit\u00e0, affidabilit\u00e0, utilit\u00e0 e disponibilit\u00e0 dei servizi prestati da terzi e da parte degli utenti a disposizione degli utenti nel sito web.<\/p><p>Il prestatore non \u00e8 responsabile per nessun motivo dei danni che potrebbero derivare dall&#039;uso illegale o indebito della presente pagina web.<\/p><h2>ENTORNO SICURO<\/h2><p>El acceso completo al sito https:\/\/spleeft.app\/ a trav\u00e9s de las que el Usuario de IVAN-DE-LUCAS efect\u00faa la contrataci\u00f3n de productos o servicios de IVAN-DE-LUCAS se realiza en un entorno seguro.<\/p><p>Inoltre, i dati personali comunicati dall&#039;utente a IVAN-DE-LUCAS possono essere memorizzati su basi di dati automatizzate o no, la cui titolarit\u00e0 corrisponde in esclusiva a IVAN-DE-LUCAS, assumendo \u00e9sta todas las medidas de indol t\u00e9cnica, organizzativa y de sicurezza che garantisce la riservatezza, integrit\u00e0 e qualit\u00e0 delle informazioni contenute negli stessi valori in conformit\u00e0 con la normativa vigente in materia di protezione dei dati. La comunicazione tra gli utenti e https:\/\/spleeft.app\/ utilizza un canale sicuro, e i dati trasmessi sono cifrati grazie ai protocolli https, pertanto, sono garantite le migliori condizioni di sicurezza affinch\u00e9 la riservatezza degli utenti sia garantita .<\/p><h2>CONTENUTI<\/h2><p>L&#039;informazione che appare in questa pagina \u00e8 quella vigente nella data del suo ultimo aggiornamento. IVAN-DE-LUCAS si riserva il diritto di aggiornare, modificare o eliminare le informazioni o il contenuto di questo sito web cos\u00ec come il presente Aviso Legal. In questo senso, IVAN-DE-LUCAS realizza i massimi sforzi per evitare qualsiasi errore nei contenuti che potrebbero apparire in questa pagina.<\/p><p>IVAN-DE-LUCAS non \u00e8 responsabile del cattivo uso che si verifica dei contenuti delle sue pagine Web, poich\u00e9 \u00e8 esclusiva responsabilit\u00e0 della persona che vi accede o los utilice. Asimismo, se exonera a la empresa de responsabilidad ante cualquier da\u00f1o o perjuicio que pudiera sufrir el Usuario como consecuencia de errores, wrongos u omisiones, en la informaci\u00f3n facilitada por IVAN-DE-LUCAS.<\/p><p>IVAN-DE-LUCAS non controlla n\u00e9 tanto si assume alcuna responsabilit\u00e0 per le informazioni contenute nelle pagine Web di terze parti a quelle a cui pu\u00f2 accedere tramite link (link) o buscadores delle pagine Web di IVAN-DE-LUCAS. La presenza di collegamenti (link) nelle pagine Web di IVAN-DE-LUCAS ha finalit\u00e0 puramente informative e in nessun caso supone suggerimenti, inviti o raccomandazioni su los mismos.<\/p><p>Nel caso in cui l&#039;Utente sia a conoscenza del fatto che i siti collegati alle pagine con contenuti o servizi siano illeciti, nocivi, denigranti, violenti o contrari alla morale, potr\u00e0 mettersi in contatto con IVAN-DE-LUCAS indicando i dati personali del comunicante e una breve descrizione di los hechos. La ricezione da parte di IVAN-DE-LUCAS della comunicazione prevista in questa clausola non supondr\u00e1 per s\u00e9 stessa, la conoscenza effettiva delle attivit\u00e0 e\/o dei contenuti indicati dal comunicante. Ci\u00f2 \u00e8 espressamente proibito l&#039;uso del Web con fini lesivo di beni o interessi, cos\u00ec come attuazioni che di qualsiasi forma di sicurezza, danni o inutilizzo di reti, server e altre apparecchiature informatiche (hardware) o prodotti e applicazioni informatiche (software) di IVAN- DE-LUCAS o de terceros.<\/p><h2>PROPRIET\u00c0 INTELLETTUALE E INDUSTRIALE<\/h2><p>Questo Web, https:\/\/spleeft.app\/ \u00e8 di propriet\u00e0 di IVAN-DE-LUCAS. I diritti di propriet\u00e0 intellettuale e i diritti di sfruttamento e riproduzione di questo Web, delle sue pagine, schermi, le informazioni che contengono, la sua visualizzazione e il suo design, cos\u00ec come i bordi che si stabiliscono da altre pagine Web di qualsiasi societ\u00e0 indicata. anteriormente, son propiedad esclusiva di questo, salvo che sia specifica un&#039;altra cosa.<\/p><p>Tutte le denominazioni, disegni e\/o loghi che compongono questa pagina sono marcati obbligatoriamente registrati.<\/p><p>Qualsiasi uso indebito delle stesse da parte di una persona diversa dal suo legittimo titolare potr\u00e0 essere perseguito in conformit\u00e0 alla legislazione vigente. I diritti di propriet\u00e0 intellettuale e i marchi di terzi sono convenienti e devono essere rispettati da chiunque acceda al Web. Solo per uso personale e privato \u00e8 consentito scaricare i contenuti, copiare o stampare qualsiasi pagina di questo Web. \u00c8 vietato riprodurre, trasmettere, modificare o aggiungere informazioni, contenuti o avvisi di questo Web senza la previa autorizzazione scritta da IVAN-DE-LUCAS.<\/p><p>Rispetto alle citazioni di prodotti e servizi di terzi, IVAN-DE-LUCAS riconosce un favore ai suoi titolari i corrispondenti diritti di propriet\u00e0 industriale e intellettuale, senza implicare la sua sola menzione o apparizione sul Web l&#039;esistenza di diritti o responsabilit\u00e0 di IVAN -DE-LUCAS sobre los mismos, como tampoco respaldo, patrocinio, o raccomandazione da parte di IVAN-DE-LUCAS, a no ser que se manifiede de manera expresa.<\/p><p>Nel caso in cui un utente o un terzo ritenga di aver prodotto una violazione dei suoi legittimi diritti di propriet\u00e0 intellettuale introducendo un determinato contenuto sul web, dovr\u00e0 notificare questa circostanza a IVAN-DE-LUCAS indicando:<\/p><p>\u25cf Dati personali dell&#039;interessato titolare dei diritti presumibilmente violati, o indicare la rappresentazione presso colui che agisce nel caso in cui la rivendicazione la presenti un terzo distinto dell&#039;interessato.<\/p><p>\u25cf Segnalare i contenuti protetti dai diritti di propriet\u00e0 intellettuale e la loro posizione nel web, l&#039;accreditamento dei diritti di propriet\u00e0 intellettuale segnalati e la dichiarazione espressa in modo che l&#039;interessato sia responsabile della veridicit\u00e0 delle informazioni fornite nella notifica.<\/p><h2>ESCLUSI\u00d3N DE GARANTIAS Y RESPONSABILIDAD<\/h2><p>IVAN-DE-LUCAS non ha alcuna garanzia e non \u00e8 responsabile, in nessun caso, di eventuali danni o danni che potrebbero derivare da:<\/p><p>\u25cf Interferenze, omissioni, interruzioni, virus informatici, problemi telefonici o disconnessioni nel funzionamento di questo sistema elettronico, motivate da problemi all&#039;azienda; di resi o blocchi nell&#039;uso del presente sistema elettronico causati da carenze o sobrecarichi di linee telefoniche o sobrecarichi su Internet o su altri sistemi elettronici.<\/p><p>\u25cf Cos\u00ec come alcuni danni che possono essere causati da terze persone a causa di intromisioni illegittime fuori dal controllo di IVAN-DE-LUCAS. Asimismo, se esonera la empresa de responsabilidad ante cualquier da\u00f1o o perjuicio que pudiera soffrire el usuario como consecuencia de errores, defectos u omisiones, en la informaci\u00f3n facilitada por IVAN-DE-LUCAS.<\/p><p>\u25cf Inoltre, la mancanza di disponibilit\u00e0, manutenzione ed efficace funzionamento del web o dei suoi servizi e contenuti.<\/p><p>\u25cf La presenza di malware, programmi dannosi o danni nei contenuti;<\/p><p>\u25cf El uso il\u00edcito, negligente, fraudulento o contrario a este aviso legal;<\/p><p>\u25cf La mancanza di liceit\u00e0, qualit\u00e0, affidabilit\u00e0, utilit\u00e0 e disponibilit\u00e0 dei servizi prestati da terzi e da parte degli utenti a disposizione degli utenti nel sito web.<\/p><p>Per l&#039;altro, IVAN-DE-LUCAS pu\u00f2 richiedere in forma provvisoria la sospensione dei servizi quando \u00e8 necessario per la riparazione o la manutenzione delle apparecchiature, dei programmi o delle reti proprie.<\/p><p>IVAN-DE-LUCAS non \u00e8 responsabile per il concetto dei danni che potrebbero risultare dall&#039;uso illegale o indebito della presente pagina web.<\/p><p>IVAN-DE-LUCAS si riserva il diritto di modifica in qualsiasi momento e senza preavviso, il design, la presentazione e\/o la configurazione del sito https:\/\/spleeft.app\/, cos\u00ec come alcuni o tutti i contenuti e i servizi, cos\u00ec come modificare le presenti condizioni generali e\/o le condizioni particolari richieste per utilizzare los mismos.<\/p><h2>POLITICA DI PROTEZIONE DEI DATI E RISERVATEZZA<\/h2><p>IVAN-DE-LUCAS si compromette nell&#039;utilizzo dei dati ottenuti in questo sito web, nel rispettare la loro riservatezza e nell&#039;utilizzarli in accordo con la finalit\u00e0 dello stesso, cos\u00ec come dar compimento al tuo obbligo di conservarli e adattare tutte le misure per evitare la alterazione, perdita, trattamento o accesso non autorizzato, in conformit\u00e0 con lo stabilito nel Regolamento UE 2016\/679, del Parlamento Europeo e del Consiglio del 27 aprile 2016 (RGPD) e della Ley Organica 3\/2018, del 5 dicembre, sulla protezione dei dati personali e sulla garanzia degli stessi diritti digitali.<\/p><p>L&#039;Utente garantisce che i dati personali sono facilitati attraverso i formulari di contatto, obbligandosi a comunicare qualsiasi modifica degli stessi. Allo stesso modo, l&#039;Utente garantisce che tutte le informazioni fornite corrispondono alla tua situazione reale, che \u00e8 possibile al giorno ed \u00e8 esatta. Inoltre l&#039;Utente \u00e8 obbligato a mantenere in ogni momento i propri dati aggiornati, essendo l&#039;unico responsabile dell&#039;inesattezza o della falsit\u00e0 dei dati facilitati e dei danni che possono causare a IVAN-DE-LUCAS come titolare del sito web.<\/p><p>Allo stesso modo, l&#039;Utente ha accesso in ogni momento per modificare, modificare o eliminare le informazioni fornite, cos\u00ec come gestire la propria baja direttamente, o mediante sollecitazione diretta al contatto mostrato nella sezione Direcciones de Contact o mediante escrito dirigido a IVAN-DE- LUCAS insieme alla copia del tuo DNI o al documento accreditativo equivalente.<\/p><p>Per ampliare le informazioni sulla politica di protezione dei dati e dei diritti, \u00e8 possibile consultare la direzione: https:\/\/spleeft.app\/ \/politica-de-privacidadd<\/p><h2>PROPRIET\u00c0 INDUSTRIALE E INTELLETTUALE<\/h2><p>Questo Web \u00e8 di propriet\u00e0 di IVAN-DE-LUCAS. I diritti di propriet\u00e0 intellettuale e i diritti di sfruttamento e riproduzione di questo Web, delle sue pagine, schermi, le informazioni che contengono, la sua visualizzazione e il suo design, cos\u00ec come i legami che si stabiliscono da altre pagine Web sono propriet\u00e0 esclusiva di questo, salvo quello specifico altro cosa.<\/p><p>Tutte le denominazioni, disegni e\/o loghi che compongono questa pagina sono marcati obbligatoriamente registrati.<\/p><p>Qualsiasi uso indebito delle stesse da parte di una persona diversa dal suo legittimo titolare potr\u00e0 essere perseguito in conformit\u00e0 alla legislazione vigente. I diritti di propriet\u00e0 intellettuale e i marchi di terzi sono convenienti e devono essere rispettati da chiunque acceda al Web. Solo per uso personale e privato \u00e8 consentito scaricare i contenuti, copiare o stampare qualsiasi pagina di questo Web. \u00c8 vietato riprodurre, trasmettere, modificare o aggiungere informazioni, contenuti o avvisi di questo Web senza la previa autorizzazione scritta da IVAN-DE-LUCAS.<\/p><h2>LEGISLACI\u00d3N APLICABLE Y JURISDICCI\u00d3N<\/h2><p>Per la risoluzione di tutte le controversie o questioni legate al presente sito web o alle attivit\u00e0 sviluppate, sar\u00e0 applicata la legislazione spagnola che talvolta \u00e8 espressa espressamente dalle parti, siendo competenti per la risoluzione di tutti i conflitti legati a su uso los Juzgados y Tribunales del usuario o responsabile.<\/p><p>Se qualche clausola inclusa nelle presenti condizioni generali \u00e8 stata dichiarata totale o parziale nulla o inefficace, tale nullit\u00e0 o inefficacia influenzer\u00e0 solo questa disposizione o la parte di questa che risulta nulla o inefficace, sussistendo le presenti condizioni generali in tutte le altre e considerandole tal disposizione totale o parziale per non inclusa.<\/p><p>Inoltre, ti ricordiamo che puoi accedere alla piattaforma di risoluzione delle controversie in linea dell&#039;Unione Europea seguendo questo collegamento:<br \/><a href=\"https:\/\/ec.europa.eu\/consumers\/odr\/main\/?event=main.home2.show.\" target=\"_blank\" rel=\"noopener\">https:\/\/ec.europa.eu\/consumers\/odr\/main\/?event=main.home2.show.<\/a><\/p><h2>CONTATTO<\/h2><p>Per qualsiasi cosa riguardo all&#039;avviso legale o qualsiasi commento sul web https:\/\/spleeft.app\/ <span style=\"font-style: inherit; font-weight: inherit; background-color: var(--ast-global-color-5); color: var(--ast-global-color-3);\">per favore, invia un&#039;e-mail a ivandelucas2000@gmail.com<\/span><\/p><p>Avviso legale aggiornato per l&#039;ultima volta l&#039;8 agosto 2024<span style=\"font-style: inherit; font-weight: inherit; background-color: var(--ast-global-color-5); color: var(--ast-global-color-3);\"><br \/><\/span><\/p>\t\t\t\t\t\t\t\t<\/div>\n\t\t\t\t<\/div>\n\t\t\t\t\t<\/div>\n\t\t\t\t<\/div>\n\t\t\t\t<\/div>","protected":false},"excerpt":{"rendered":"<p>I termini e le condizioni che di seguito vengono indicati regolano l&#039;accesso e l&#039;uso del sito Web https:\/\/spleeft.app\/ , propriet\u00e0 di IVAN DE LUCAS ROGERO, in adelante IVAN-DE-LUCAS que es responsable legal de questo web. Nombre comercial: IVAN-DE-LUCAS Responsable: IVAN DE LUCAS ROGERODNI: 70265279ADirecci\u00f3n: Calle Los Cantos, 23. 28260 Galapagar (Madrid)Tel\u00e9fono: +34 634442588Contacto: ivandelucas2000@gmail.com A \u2026 <\/p>\n<p class=\"link-more\"><a href=\"https:\/\/spleeft.app\/it\/avviso-legale-2\/\" class=\"more-link\">Leggi tutto<span class=\"screen-reader-text\"> \u201cAvviso legale\u201d<\/span><\/a><\/p>","protected":false},"author":3,"featured_media":0,"parent":0,"menu_order":0,"comment_status":"closed","ping_status":"closed","template":"","meta":{"om_disable_all_campaigns":false,"_monsterinsights_skip_tracking":false,"_monsterinsights_sitenote_active":false,"_monsterinsights_sitenote_note":"","_monsterinsights_sitenote_category":0,"footnotes":""},"class_list":["post-8450","page","type-page","status-publish","hentry"],"_links":{"self":[{"href":"https:\/\/spleeft.app\/it\/wp-json\/wp\/v2\/pages\/8450","targetHints":{"allow":["GET"]}}],"collection":[{"href":"https:\/\/spleeft.app\/it\/wp-json\/wp\/v2\/pages"}],"about":[{"href":"https:\/\/spleeft.app\/it\/wp-json\/wp\/v2\/types\/page"}],"author":[{"embeddable":true,"href":"https:\/\/spleeft.app\/it\/wp-json\/wp\/v2\/users\/3"}],"replies":[{"embeddable":true,"href":"https:\/\/spleeft.app\/it\/wp-json\/wp\/v2\/comments?post=8450"}],"version-history":[{"count":0,"href":"https:\/\/spleeft.app\/it\/wp-json\/wp\/v2\/pages\/8450\/revisions"}],"wp:attachment":[{"href":"https:\/\/spleeft.app\/it\/wp-json\/wp\/v2\/media?parent=8450"}],"curies":[{"name":"parola chiave","href":"https:\/\/api.w.org\/{rel}","templated":true}]}}