{"id":8012,"date":"2024-08-30T11:56:04","date_gmt":"2024-08-30T09:56:04","guid":{"rendered":"https:\/\/spleeft.app\/?page_id=8012"},"modified":"2024-09-20T08:58:09","modified_gmt":"2024-09-20T06:58:09","slug":"politica-sui-cookie","status":"publish","type":"page","link":"https:\/\/spleeft.app\/it\/politica-sui-cookie\/","title":{"rendered":"Politica sui cookie"},"content":{"rendered":"<div data-elementor-type=\"wp-page\" data-elementor-id=\"8012\" class=\"elementor elementor-8012\" data-elementor-post-type=\"page\">\n\t\t\t\t<div class=\"elementor-element elementor-element-af75081 e-flex e-con-boxed e-con e-parent\" data-id=\"af75081\" data-element_type=\"container\" data-e-type=\"container\">\n\t\t\t\t\t<div class=\"e-con-inner\">\n\t\t\t\t<div class=\"elementor-element elementor-element-1273f1b elementor-widget elementor-widget-heading\" data-id=\"1273f1b\" data-element_type=\"widget\" data-e-type=\"widget\" data-widget_type=\"heading.default\">\n\t\t\t\t<div class=\"elementor-widget-container\">\n\t\t\t\t\t<h1 class=\"elementor-heading-title elementor-size-default\">Politica sui cookie<\/h1>\t\t\t\t<\/div>\n\t\t\t\t<\/div>\n\t\t\t\t\t<\/div>\n\t\t\t\t<\/div>\n\t\t<div class=\"elementor-element elementor-element-32a1c10 e-flex e-con-boxed e-con e-parent\" data-id=\"32a1c10\" data-element_type=\"container\" data-e-type=\"container\">\n\t\t\t\t\t<div class=\"e-con-inner\">\n\t\t\t\t<div class=\"elementor-element elementor-element-a9a554e elementor-widget elementor-widget-text-editor\" data-id=\"a9a554e\" data-element_type=\"widget\" data-e-type=\"widget\" data-widget_type=\"text-editor.default\">\n\t\t\t\t<div class=\"elementor-widget-container\">\n\t\t\t\t\t\t\t\t\t<p>IVAN DE LUCAS ROGERO informa sull&#039;utilizzo dei cookie sul proprio sito web: https:\/\/spleeft.app\/<\/p>\n<p><b>Cosa sono i cookie?<br><\/b>\nI cookie sono file che possono essere scaricati sul tuo computer tramite siti web. Sono strumenti che svolgono un ruolo essenziale nella fornitura di numerosi servizi della societ\u00e0 dell&#039;informazione. Tra le altre cose, consentono a un sito web di archiviare e recuperare informazioni sulle abitudini di navigazione di un utente o del suo computer e, a seconda delle informazioni ottenute, possono essere utilizzati per riconoscere l&#039;utente e migliorare il servizio offerto.<\/p>\n<p><b>Tipi di cookie<br><\/b>\nA seconda dell&#039;entit\u00e0 che gestisce il dominio da cui vengono inviati i cookie ed elabora i dati ottenuti, si possono distinguere due tipologie:<\/p>\n<p><b>\u2022 Cookie propri:<br><\/b>\nSono quelli inviati all&#039;apparecchiatura terminale dell&#039;utente da un computer o dominio gestito dall&#039;editore stesso e dal quale viene fornito il servizio richiesto dall&#039;utente.<\/p>\n<p><b>\u2022 Cookie di terze parti:<br><\/b>\nQuelli che vengono inviati al terminale dell&#039;utente da un computer o dominio non gestito dall&#039;editore, ma da un&#039;altra entit\u00e0 che elabora i dati ottenuti tramite i cookie.<\/p>\n<p>Nel caso in cui i cookie siano installati da un computer o dominio gestito dallo stesso editore ma le informazioni raccolte attraverso di essi siano gestite da una terza parte, non possono essere considerati cookie di prima parte.<\/p>\n<p>Esiste anche una seconda classificazione basata sulla durata del periodo di memorizzazione nel browser del cliente, che pu\u00f2 essere:<\/p>\n<p><b>\u2022 Cookie di sessione:<br><\/b>\nProgettati per raccogliere e archiviare dati mentre l&#039;utente accede a un sito Web. Di solito vengono utilizzati per archiviare informazioni che interessano solo conservare per la fornitura del servizio richiesto dall&#039;utente in una singola occasione (ad esempio un elenco di prodotti acquistati).<br><b>\n\u2022 Cookie persistenti:<br><\/b>\nI dati rimangono memorizzati nel terminale e possono essere consultati ed elaborati per un periodo di tempo definito dal responsabile del cookie, che pu\u00f2 variare da pochi minuti a diversi anni.<\/p>\n<p>Infine, esiste un&#039;altra classificazione con sei tipologie di cookie a seconda dello scopo per cui vengono trattati i dati ottenuti:<\/p>\n<p><b>\u2022 Cookie tecnici:<br><\/b>\nConsentono all&#039;utente di navigare attraverso un sito web, una piattaforma o un&#039;applicazione e di utilizzare le diverse opzioni o servizi in esso esistenti, come, ad esempio, controllare il traffico e la comunicazione dei dati, identificare la sessione, accedere a parti ad accesso riservato, ricordare gli elementi che compongono un ordine, realizzare il processo di acquisto di un ordine, effettuare la richiesta di registrazione o partecipazione a un evento, utilizzare elementi di sicurezza durante la navigazione, memorizzare contenuti per la diffusione di video o suoni o condividere contenuti attraverso i social network.<br><b>\n\u2022 Cookie di personalizzazione:<br><\/b>\nConsentono all&#039;utente di accedere al servizio con alcune caratteristiche generali predefinite in base a una serie di criteri presenti nel terminale dell&#039;utente, come la lingua, il tipo di browser attraverso il quale si accede al servizio, la configurazione regionale dalla quale si accede al servizio, ecc.<br><b>\n\u2022 Cookie di analisi:<br><\/b>\nQuesti consentono al responsabile di monitorare e analizzare il comportamento degli utenti dei siti web a cui sono collegati. Le informazioni raccolte tramite questo tipo di cookie vengono utilizzate per misurare l&#039;attivit\u00e0 dei siti web, dell&#039;applicazione o della piattaforma e per creare profili di navigazione degli utenti di detti siti, applicazioni e piattaforme, al fine di introdurre miglioramenti basati sull&#039;analisi dei dati sull&#039;uso che gli utenti fanno del servizio.<br><b>\n\u2022 Cookie pubblicitari:<br><\/b>\nPermettono di gestire gli spazi pubblicitari nel modo pi\u00f9 efficiente possibile.<br><b>\n\u2022 Cookie pubblicitari comportamentali:<br><\/b>\nMemorizzano informazioni sul comportamento degli utenti ottenute attraverso l&#039;osservazione continua delle loro abitudini di navigazione, consentendo di elaborare un profilo specifico per visualizzare pubblicit\u00e0 basate su di esso.<br><b>\n\u2022 Cookie di social network esterni:<br><\/b>\nQuesti vengono utilizzati affinch\u00e9 i visitatori possano interagire con i contenuti di diverse piattaforme social (Facebook, YouTube, Twitter, LinkedIn, ecc.) e vengono generati solo per gli utenti di tali social network. Le condizioni di utilizzo di questi cookie e le informazioni raccolte sono regolate dall&#039;informativa sulla privacy della piattaforma social corrispondente.<\/p>\n<p><b>DISATTIVAZIONE DEI COOKIE<br><\/b>\nHai la possibilit\u00e0 di consentire, bloccare o eliminare i cookie installati sul tuo computer configurando le opzioni del browser installato sul tuo computer. Disattivando i cookie, alcuni dei servizi disponibili potrebbero non essere pi\u00f9 operativi. Il modo per disattivare i cookie \u00e8 diverso per ogni browser, ma di solito pu\u00f2 essere fatto dal menu Strumenti o Opzioni. Puoi anche consultare il menu Aiuto del tuo browser dove puoi trovare le istruzioni. L&#039;utente pu\u00f2 in qualsiasi momento scegliere quali cookie desidera far funzionare su questo sito web.<\/p>\n<p>Puoi consentire, bloccare o eliminare i cookie installati sul tuo computer configurando le opzioni del browser installato sul tuo computer:<\/p>\n<p>\u2022 Microsoft Internet Explorer o Microsoft Edge:<br>\nhttp:\/\/windows.microsoft.com\/es-es\/windows-vista\/Block-or-allow-cookies<br>\n\u2022 Mozilla Firefox:<br>\nhttp:\/\/support.mozilla.org\/es\/kb \/impedir-que-los-sitios-web-guarden-sus-preference<br>\n\u2022 Cromo:<br>\nhttps:\/\/support.google.com\/accounts\/answer\/61416?hl=es<br>\n\u2022 Safari:<br>\nhttp:\/\/safari.helpmax.net \/it\/privacy-e-sicurezza\/come-gestire-i-cookie\/<br>\n\u2022 Opera:<br>\nhttp:\/\/help.opera.com\/Linux\/10.60\/es-ES\/cookies.html<\/p>\n<p>Inoltre, puoi anche gestire il cookie store nel tuo browser attraverso strumenti come i seguenti:<br>\n\u2022 Ghostery: www.ghostery.com\/<br>\n\u2022 Le tue scelte online: www.youronlinechoices.com\/es\/<br>\nDi seguito sono identificati i cookie utilizzati su questo portale, nonch\u00e9 la loro tipologia e funzione:<br>\n\u2022 _utma<br>\n\u2013 Durata: 2 anni dall\u2019installazione o dall\u2019aggiornamento.<br>\n\u2013 Descrizione: Raccoglie informazioni anonime sulla navigazione degli utenti sul sito web al fine di<br>\nconoscere l&#039;origine delle visite e altri dati statistici. Questo cookie viene normalmente memorizzato nel browser alla prima visita al nostro sito web. Se il cookie \u00e8 stato eliminato tramite il browser e successivamente si visita nuovamente il nostro sito web, viene scritto un nuovo cookie di tipo _utma con un ID univoco diverso.<br>\nQuesto cookie viene utilizzato per determinare i visitatori unici del nostro sito web e viene aggiornato a ogni visualizzazione di pagina.<br>\nInoltre, questo cookie fornisce un identificatore univoco che Google Analytics utilizza per garantire la validit\u00e0 e l&#039;accessibilit\u00e0 del cookie, nonch\u00e9 un&#039;ulteriore misura di sicurezza.<br>\n\u2013 Tipo: Terze parti<br>\n\u2013 Scopo: Analisi<br>\n\u2022 _utmb<br>\n\u2013 Durata: 30 minuti<br>\n\u2013 Descrizione: Memorizza informazioni sull\u2019attivit\u00e0 della visita al nostro sito web e principalmente<br>\nla durata di questo.<br>\n\u2013 Tipo: Terze parti<br>\n\u2013 Scopo: Analisi<br>\n\u2022 _utmc<br>\n\u2013 Durata: Sessione<br>\n\u2013 Descrizione: Memorizza informazioni sull\u2019attivit\u00e0 della visita al nostro sito web e principalmente<br>\nla durata di questo.<br>\n\u2013 Tipo: Terze parti<br>\n\u2013 Scopo: Analisi<\/p>\n<p>_utmz<br>\n\u2013 Durata: 6 mesi dall\u2019installazione o dall\u2019aggiornamento.<br>\n\u2013 Descrizione: Questo cookie viene solitamente memorizzato nel browser durante la prima visita al nostro sito web<br>\n.<br>\nQuesto cookie memorizza come il visitatore \u00e8 arrivato al nostro sito web, direttamente inserendo l&#039;indirizzo del dominio, un link, una ricerca web o una pubblicit\u00e0. Il cookie viene aggiornato ogni volta che visiti il nostro sito web.<br>\n\u2013 Tipo: Terze parti<br>\n\u2013 Scopo: Analisi<\/p>\n<p>\u2022 _ga<br>\n\u2013 Durata: 2 anni<br>\n\u2013 Descrizione: Sirve para distinguir a los usuarios. Generato da Google Analytics. Google memorizza le informazioni riconosciute dai cookie sui server ubicati negli Stati Uniti, in conformit\u00e0 con la legislazione europea sulla protezione dei dati personali e se compromessa a non condividerla con terzi, tranne quando la legge le obbliga a farlo o se \u00e8 necessario per il funzionamento del sistema. Google non associa il suo indirizzo IP a nessuna altra informazione che ha. Se desideri ottenere maggiori informazioni sui cookie utilizzati da Google Analytics, puoi accedere a questa direzione: https:\/\/developers.google.com\/analytics\/devguides\/collection\/analyticsjs\/cookie-usage?hl=es&amp;csw=1<br>\n\u2013 Tipo: Terzo<br>\n\u2013 Finalit\u00e0: Analitica<br>\n\u2022 _gatto<br>\n\u2013 Durata: 1 minuto<br>\n\u2013 Descrizione: Utilizzato per mostrare la nostra pubblicit\u00e0 in altre pagine della rete di Google. Generato da Google Analytics. Google memorizza le informazioni riconosciute dai cookie sui server ubicati negli Stati Uniti, in conformit\u00e0 con la legislazione europea sulla protezione dei dati personali e se compromessa a non condividerla con terzi, tranne quando la legge le obbliga a farlo o se \u00e8 necessario per il funzionamento del sistema. Google non associa il suo indirizzo IP a nessuna altra informazione che ha. Se desideri ottenere maggiori informazioni sui cookie utilizzati da Google Analytics, ti invitiamo a farlo<br>\naccedi a questa direzione:<br>\nhttps:\/\/developers.google.com\/analytics\/devguides\/collection\/analyticsjs\/cookie-usage?hl=es&amp;csw=1<\/p>\n<p>Tipo: Terze parti<br>\n\u2013 Finalit\u00e0: Pubblicit\u00e0 comportamentale<br>\n\u2022 _gid<br>\n\u2013 Durata: 24 ore<br>\n\u2013 Descrizione: Generato da Google Analytics. Google memorizza le informazioni raccolte dai cookie su server situati negli Stati Uniti, nel rispetto della legislazione europea in materia di protezione dei dati personali e si impegna a non condividerle con terze parti, salvo quando richiesto dalla legge o quando necessario per il funzionamento del sistema. Google non associa il tuo indirizzo IP a nessun&#039;altra informazione in suo possesso. Se desideri ottenere maggiori informazioni sui cookie utilizzati da Google Analytics, visita questo indirizzo:<br>\nhttps:\/\/developers.google.com\/analytics\/devguides\/collection\/analyticsjs\/cookie-usage?hl=es&amp;csw<br>\n\u2013 Tipo: Terze parti<br>\n\u2013 Finalit\u00e0: Pubblicit\u00e0 comportamentale<br>\n\u2022 APISID<br>\n\u2013 Durata: 2 anni<br>\n\u2013 Descrizione: Quando crei o accedi a un account Google, questo cookie viene memorizzato sul tuo computer per rimanere connesso al tuo account Google quando visiti nuovamente i suoi servizi. Finch\u00e9 rimani connesso e utilizzi plugin su altri siti web come il nostro, Google utilizzer\u00e0 questi cookie per migliorare la tua esperienza utente.<br>\n\u2013 Tipo: Terze parti<br>\n\u2013 Scopo: Analisi<br>\n\u2022 Istituto Superiore di Sanit\u00e0<br>\n\u2013 Durata: 2 anni<br>\n\u2013 Descrizione: Quando crei o accedi a un account Google, questo cookie viene memorizzato sul tuo computer per rimanere connesso al tuo account Google quando visiti di nuovo i suoi servizi. Finch\u00e9 rimani connesso e utilizzi plugin su altri siti web come il nostro,<br>\nGoogle utilizzer\u00e0 questi cookie per migliorare la tua esperienza utente.<br>\n\u2013 Tipo: Terze parti<\/p>\n<p>Scopo: Analisi<br>\n\u2022 INFORMAZIONI_DI_ACCESSO<br>\n\u2013 Durata: 2 anni<br>\n\u2013 Descrizione: In alcune pagine del nostro Sito Web abbiamo incorporato video da YouTube, un servizio di Google. Il suo utilizzo comporta l&#039;invio di questo cookie in aggiunta ai cookie che Google richiede se mantieni attiva la sessione con il tuo account, al fine di visualizzare i video incorporati, stimare la larghezza di banda e mostrare quante volte \u00e8 stato riprodotto.<br>\n\u2013 Tipo: Terze parti<br>\n\u2013 Scopo: Analisi<br>\n\u2022 PREFERENZA<br>\n\u2013 Durata: 2 anni<br>\n\u2013 Descrizione: Quando crei o accedi a un account Google, questo cookie viene memorizzato sul tuo computer per rimanere connesso al tuo account Google quando visiti nuovamente i suoi servizi. Finch\u00e9 rimani con questa sessione attiva e utilizzi plug-in su altri siti Web come il nostro, Google utilizzer\u00e0 questi cookie per migliorare la tua esperienza utente.<br>\n\u2013 Tipo: Terze parti<br>\n\u2013 Scopo: Analisi<br>\n\u2022 SAPISID<br>\n\u2013 Durata: 2 anni<br>\n\u2013 Descrizione: In alcune pagine del nostro Sito Web abbiamo incorporato video da YouTube, un servizio di Google. Il suo utilizzo comporta l&#039;invio di questo cookie in aggiunta ai cookie che Google richiede se mantieni attiva la sessione con il tuo account, al fine di visualizzare i video incorporati, stimare la larghezza di banda e mostrare quante volte \u00e8 stato riprodotto.<br>\n\u2013 Tipo: Terze parti<br>\n\u2013 Scopo: Analisi<br>\n\u2022 SID<br>\n\u2013 Durata: 2 anni<br>\nDescrizione: Quando crei o accedi a un account Google, questo cookie viene memorizzato sul tuo computer per rimanere connesso al tuo account Google quando visiti nuovamente i suoi servizi. Finch\u00e9 rimani con questa sessione attiva e utilizzi plugin su altri siti Web come il nostro, Google utilizzer\u00e0 questi cookie per migliorare la tua esperienza utente.<br>\n\u2013 Tipo: Terze parti<br>\n\u2013 Scopo: Analisi<br>\n\u2022 Nome utente<br>\n\u2013 Durata: 2 anni<br>\n\u2013 Descrizione: Quando crei o accedi a un account Google, questo cookie viene memorizzato sul tuo computer per rimanere connesso al tuo account Google quando visiti nuovamente i suoi servizi. Finch\u00e9 rimani con questa sessione attiva e utilizzi plugin su altri siti Web come il nostro, Google utilizzer\u00e0 questi cookie per migliorare la tua esperienza utente.<br>\n\u2013 Tipo: Terze parti<br>\n\u2013 Scopo: Analisi<br>\n\u2022 VISITATORE_INFO1_LIVE<br>\n\u2013 Durata: 8 mesi<br>\n\u2013 Descrizione: In alcune pagine del nostro Sito Web abbiamo incorporato video da Youtube, \u00e8 un servizio di Google. Il suo utilizzo comporta l&#039;invio di questo cookie in aggiunta ai cookie che Google richiede se mantieni attiva la sessione con il tuo account, allo scopo di visualizzare i video incorporati, stimare la larghezza di banda e mostrare quante volte \u00e8 stato riprodotto.<br>\n\u2013 Tipo: Terze parti<br>\n\u2013 Scopo: Analisi<br>\n\u2022 Scuola elementare<br>\n\u2013 Durata: quando ti disconnetti<br>\n\u2013 Descrizione: In alcune pagine del nostro Sito Web abbiamo incorporato video da YouTube, un servizio di Google. Il suo utilizzo comporta l&#039;invio di questo cookie in aggiunta ai cookie che Google richiede se mantieni attiva la sessione con il tuo account, allo scopo di visualizzare i video incorporati, stimare la larghezza di banda e mostrare quante volte \u00e8 stato riprodotto.<\/p>\n<p>Tipo: Terza parte<br>\n\u2013 Scopo: Analisi<br>\n\u2022 nTpXe.riassunto<br>\n\u2013 Durata: 1 mese<br>\n\u2013 Descrizione: In alcune pagine del nostro Sito Web abbiamo incorporato video da Youtube, \u00e8 un servizio di Google. Il suo utilizzo comporta l&#039;invio di questo cookie in aggiunta ai cookie che Google richiede se mantieni attiva la sessione con il tuo account, al fine di visualizzare i video incorporati, stimare la larghezza di banda e mostrare quante volte \u00e8 stato riprodotto.<br>\n\u2013 Tipo: Terze parti<br>\n\u2013 Scopo: Analisi<br>\n\u2022 NID<br>\n\u2013 Durata: 6 mesi<br>\n\u2013 Descrizione: Lo scopo di questo cookie \u00e8 memorizzare informazioni sulle tue preferenze.<br>\n\u2013 Tipo: Terze parti<br>\n\u2013 Scopo: Personalizzazione<br>\n\u2022 AMP_TOKEN<br>\n\u2013 Durata: da 30 secondi a 1 anno<br>\n\u2013 Descrizione: include un token che pu\u00f2 essere utilizzato per recuperare un ID client dal servizio AMP Client ID. Altri valori possibili indicano opt-out, richieste in corso o errori ottenuti durante il recupero di un ID dal servizio AMP Client ID.<br>\n\u2013 Tipo: Terze parti<br>\n\u2013 Scopo: Analisi<\/p>\n<p>\u2022 _gac_<br>\n\u2013 Durata: 90 giorni<br>\n\u2013 Descrizione: Contiene informazioni sulla campagna relative all&#039;utente. Se hai collegato i tuoi account Google Analytics e AdWords, i tag di conversione del sito web leggeranno questo cookie a meno che tu non scelga di disattivarlo<br>\n\u2013 Tipo: Terze parti<br>\n\u2013 Scopo: Analisi<\/p>\n<p><b>Accettazione della Politica sui Cookies<br><\/b>\nhttps:\/\/spleeft.app\/ presuppone che tu accetti l&#039;uso dei cookie. Tuttavia, visualizza informazioni sulla sua Politica sui cookie in fondo o in cima a qualsiasi pagina del portale a ogni accesso in modo che tu ne sia a conoscenza.<\/p>\n<p>Con queste informazioni \u00e8 possibile effettuare le seguenti azioni:<br>\n\u2022 Accetta i cookie:<br>\nQuesto avviso non verr\u00e0 pi\u00f9 visualizzato quando si accede a qualsiasi pagina del portale durante la sessione corrente.<br>\n\u2022 Vicino:<br>\nL&#039;avviso \u00e8 nascosto in questa pagina.<br>\n\u2022 Modifica le tue impostazioni:<br>\nPuoi ottenere maggiori informazioni su cosa sono i cookie, consultando la Cookie Policy di:<br>\nhttps:\/\/spleeft.app\/ e modifica le impostazioni del tuo browser.<\/p>\n<p>Politica sui cookie aggiornata l&#039;ultima volta l&#039;8 agosto 2024<\/p>\t\t\t\t\t\t\t\t<\/div>\n\t\t\t\t<\/div>\n\t\t\t\t\t<\/div>\n\t\t\t\t<\/div>\n\t\t\t\t<\/div>","protected":false},"excerpt":{"rendered":"<p>Politica sui cookie IVAN DE LUCAS ROGERO informa sull&#039;uso dei cookie sul suo sito web: https:\/\/spleeft.app\/ Cosa sono i cookie? I cookie sono file che possono essere scaricati sul tuo computer tramite siti web. Sono strumenti che svolgono un ruolo essenziale nella fornitura di numerosi servizi della societ\u00e0 dell&#039;informazione. Tra le altre cose, consentono a un sito web di \u2026 <\/p>\n<p class=\"link-more\"><a href=\"https:\/\/spleeft.app\/it\/politica-sui-cookie\/\" class=\"more-link\">Leggi tutto<span class=\"screen-reader-text\"> \u201cInformativa sui cookie\u201d<\/span><\/a><\/p>","protected":false},"author":3,"featured_media":0,"parent":0,"menu_order":0,"comment_status":"closed","ping_status":"closed","template":"elementor_header_footer","meta":{"om_disable_all_campaigns":false,"_monsterinsights_skip_tracking":false,"_monsterinsights_sitenote_active":false,"_monsterinsights_sitenote_note":"","_monsterinsights_sitenote_category":0,"footnotes":""},"class_list":["post-8012","page","type-page","status-publish","hentry"],"_links":{"self":[{"href":"https:\/\/spleeft.app\/it\/wp-json\/wp\/v2\/pages\/8012","targetHints":{"allow":["GET"]}}],"collection":[{"href":"https:\/\/spleeft.app\/it\/wp-json\/wp\/v2\/pages"}],"about":[{"href":"https:\/\/spleeft.app\/it\/wp-json\/wp\/v2\/types\/page"}],"author":[{"embeddable":true,"href":"https:\/\/spleeft.app\/it\/wp-json\/wp\/v2\/users\/3"}],"replies":[{"embeddable":true,"href":"https:\/\/spleeft.app\/it\/wp-json\/wp\/v2\/comments?post=8012"}],"version-history":[{"count":0,"href":"https:\/\/spleeft.app\/it\/wp-json\/wp\/v2\/pages\/8012\/revisions"}],"wp:attachment":[{"href":"https:\/\/spleeft.app\/it\/wp-json\/wp\/v2\/media?parent=8012"}],"curies":[{"name":"parola chiave","href":"https:\/\/api.w.org\/{rel}","templated":true}]}}