{"id":8000,"date":"2024-08-30T11:43:56","date_gmt":"2024-08-30T09:43:56","guid":{"rendered":"https:\/\/spleeft.app\/?page_id=8000"},"modified":"2024-10-01T12:08:57","modified_gmt":"2024-10-01T10:08:57","slug":"informativa-sulla-privacy-2","status":"publish","type":"page","link":"https:\/\/spleeft.app\/it\/informativa-sulla-privacy-2\/","title":{"rendered":"politica sulla riservatezza"},"content":{"rendered":"<div data-elementor-type=\"wp-page\" data-elementor-id=\"8000\" class=\"elementor elementor-8000\" data-elementor-post-type=\"page\">\n\t\t\t\t<div class=\"elementor-element elementor-element-f2135bb e-flex e-con-boxed e-con e-parent\" data-id=\"f2135bb\" data-element_type=\"container\" data-e-type=\"container\">\n\t\t\t\t\t<div class=\"e-con-inner\">\n\t\t\t\t<div class=\"elementor-element elementor-element-1deb8a1 elementor-widget elementor-widget-heading\" data-id=\"1deb8a1\" data-element_type=\"widget\" data-e-type=\"widget\" data-widget_type=\"heading.default\">\n\t\t\t\t<div class=\"elementor-widget-container\">\n\t\t\t\t\t<h1 class=\"elementor-heading-title elementor-size-default\">Politica sulla riservatezza<\/h1>\t\t\t\t<\/div>\n\t\t\t\t<\/div>\n\t\t\t\t\t<\/div>\n\t\t\t\t<\/div>\n\t\t<div class=\"elementor-element elementor-element-9ba171c e-flex e-con-boxed e-con e-parent\" data-id=\"9ba171c\" data-element_type=\"container\" data-e-type=\"container\">\n\t\t\t\t\t<div class=\"e-con-inner\">\n\t\t\t\t<div class=\"elementor-element elementor-element-0bd6198 elementor-widget elementor-widget-text-editor\" data-id=\"0bd6198\" data-element_type=\"widget\" data-e-type=\"widget\" data-widget_type=\"text-editor.default\">\n\t\t\t\t<div class=\"elementor-widget-container\">\n\t\t\t\t\t\t\t\t\t<p>Il sito web https:\/\/spleeft.app\/ \u00e8 di propriet\u00e0 di IVAN DE LUCAS ROGERO, di seguito IVAN-DE-LUCAS.<\/p>\n<p>Noi di IVAN-DE-LUCAS ci impegniamo a proteggere le informazioni personali che condividi con noi, poich\u00e9 per noi \u00e8 essenziale garantire e proteggere la privacy e la riservatezza dei tuoi dati personali.&nbsp;<\/p>\n<p>Il sito web https:\/\/spleeft.app\/ \u00e8 conforme ai requisiti delle seguenti leggi:<\/p>\n<p>Legge organica 3\/2018, del 5 dicembre, sulla protezione dei dati personali e la garanzia dei diritti digitali. Scarica. ( https:\/\/boe.es\/boe\/dias\/2018\/12\/06\/pdfs\/BOE-A-2018-16673.pdf)<br>Regolamento (UE) 2016\/679 del Parlamento europeo e del Consiglio del 27 aprile 2016 relativo alla protezione delle persone fisiche (GDPR), Scarica ( https:\/\/www.boe.es\/doue\/2016\/119\/L00001-00088.pdf )<br>Legge 34\/2002, dell&#039;11 luglio, sui Servizi della Societ\u00e0 dell&#039;Informazione e del Commercio Elettronico (LSSICE o LSSI) che regola le transazioni economiche tramite mezzi elettronici. Scarica ( https:\/\/www.boe.es\/buscar\/doc.php?id=BOE-A-2002-13758 )<br>La presente informativa stabilisce la nostra politica sulla privacy e sulla protezione dei dati in relazione alle informazioni che ci fornisci, in modo che possiamo garantire che:<\/p>\n<p>In qualsiasi momento potrai richiedere la cancellazione dei tuoi dati personali, purch\u00e9 siano rispettati i requisiti legali per la protezione e la conservazione dei dati.<br>Ci impegniamo a rispettare l\u2019obbligo di riservatezza dei dati personali raccolti, il dovere di conservarli e di non comunicarli a terzi, senza l\u2019espresso consenso del titolare degli stessi.<br>Abbiamo adottato le misure tecniche e organizzative necessarie, tenendo conto dello stato dell&#039;arte e dei costi di applicazione, nonch\u00e9 della natura, dell&#039;ambito di applicazione, del contesto e delle finalit\u00e0 del trattamento, come anche dei rischi di probabilit\u00e0 e gravit\u00e0 variabili per i diritti e le libert\u00e0 delle persone fisiche, per garantire un livello di sicurezza adeguato al rischio rilevato, e assicurano la pseudonimizzazione e la cifratura dei dati personali nonch\u00e9 la capacit\u00e0 di assicurare la riservatezza, l&#039;integrit\u00e0, la disponibilit\u00e0 e la resilienza su base permanente dei sistemi e dei servizi di trattamento.<\/p>\n<p>Si prega di notare che questa informativa sulla privacy pu\u00f2 variare a seconda dei requisiti legislativi o di autoregolamentazione, pertanto si consiglia agli utenti di consultarla periodicamente. Sar\u00e0 applicabile se gli utenti decidono di compilare un modulo su uno qualsiasi dei moduli di contatto in cui vengono raccolti dati personali.<\/p>\n<p>TITOLARE DEL TRATTAMENTO DEI DATI<br>Il responsabile del trattamento dei dati personali raccolti su questo sito web \u00e8:<\/p>\n<p>Nome commerciale: IVAN-DE-LUCAS<br>Responsabile: IVAN DE LUCAS ROGERO<br>Codice fiscale: 70265279A<br>Indirizzo: Calle Los Cantos, 23. 28260 Galapagar (Madrid)<br>Telefono: +34 634442588<br>Contatto: ivandelucas2000@gmail.com<\/p>\n<p>PRINCIPI DI APPLICAZIONE AI DATI PERSONALI<br>Nel trattamento dei tuoi dati personali verranno applicati i seguenti principi, conformi ai requisiti del nuovo regolamento europeo sulla protezione dei dati:<\/p>\n<p>Principio di liceit\u00e0, lealt\u00e0 e trasparenza: Per il trattamento dei dati personali per una o pi\u00f9 finalit\u00e0 specifiche sar\u00e0 sempre richiesto il consenso dell\u2019utente che verr\u00e0 previamente comunicato con assoluta trasparenza.<br>Principio di minimizzazione dei dati: Saranno richiesti solo i dati strettamente necessari in relazione alle finalit\u00e0 per cui sono richiesti. Il minimo possibile. Principio di limitazione del periodo di conservazione: i dati saranno conservati per un periodo non superiore a quello necessario alle finalit\u00e0 del trattamento, a seconda della finalit\u00e0.<br>Principio di integrit\u00e0 e riservatezza: i dati personali saranno trattati in modo tale da garantire un&#039;adeguata sicurezza dei dati personali e da garantirne la riservatezza. \u00c8 opportuno sapere che vengono prese tutte le precauzioni necessarie per impedire l&#039;accesso non autorizzato o l&#039;uso improprio dei dati degli utenti da parte di terzi.<\/p>\n<p>FINALIT\u00c0 DEL TRATTAMENTO DEI TUOI DATI PERSONALI<br>La raccolta e l&#039;utilizzo dei tuoi dati personali sono possibili solo se ci fornisci volontariamente i tuoi dati personali e accetti la presente informativa sulla privacy.<\/p>\n<p>Le diverse finalit\u00e0 del trattamento dei tuoi dati personali saranno:<\/p>\n<p>Negozio online: Acquisto di abbigliamento (&quot;il Contratto&quot;) I dati personali forniti durante il corso del processo di acquisto saranno raccolti, elaborati e utilizzati allo scopo di gestire il tuo servizio per la successiva esecuzione del Contratto e allo scopo di mantenere il rapporto contrattuale, la gestione, l&#039;amministrazione, la fornitura, l&#039;estensione e il miglioramento dei servizi, nonch\u00e9 la spedizione degli articoli acquistati relativi al Contratto, con qualsiasi mezzo, inclusa la posta elettronica e\/o mezzi equivalenti.<br>Moduli di contatto: Attraverso uno qualsiasi dei moduli di contatto stabiliti sul Sito Web (&#039;Richiesta informazioni&#039;, &#039;Contatto&#039;, ecc.), ti chiederemo, oltre al tuo numero di telefono e alla tua e-mail, alcuni dati relativi a te o alla tua azienda, al fine di risolvere i tuoi dubbi, le tue richieste o inviarti ulteriori informazioni. La base giuridica per il trattamento di tali dati si basa sul tuo consenso. I dati forniti si trovano sui server di Webempresa Europa SL<br>Modulo di iscrizione a contenuti e comunicazioni commerciali: Tramite il modulo di iscrizione alla newsletter vengono richiesti i seguenti dati personali (nome, azienda, email e numero di telefono) per gestire la lista degli iscritti, inviare newsletter, comunicazioni commerciali, promozioni e offerte speciali tramite mezzi elettronici, telefonici o telematici, forniti dall&#039;utente al momento dell&#039;iscrizione. All&#039;interno del sito web sono presenti diversi moduli per attivare l&#039;iscrizione. I dati saranno conservati per questo scopo finch\u00e9 rimarrai registrato nei nostri sistemi per l&#039;invio di comunicazioni commerciali e finch\u00e9 non revocherai il tuo consenso. Le newsletter elettroniche o newsletter sono gestite da Mailchimp. Ti informo che i dati che mi fornirai saranno localizzati sui server di The Rocket Science Group LLC (MailChimp), fornitore di IVAN-DE-LUCAS, fuori dall&#039;UE negli USA. Mailchimp. Puoi vedere l&#039;informativa sulla privacy di Mailchimp da qui.<br>Cookie: Accedendo e navigando sul Sito Web, file chiamati cookie possono essere impiantati sull&#039;apparecchiatura che utilizzi per navigare. Quando accedi al Sito Web, ti verranno offerte determinate informazioni sull&#039;uso di questa tecnologia tramite il tuo dispositivo o terminale e potrai scegliere quali cookie desideri utilizzare su questo Sito Web. Il Sito Web utilizza i cookie allo scopo di personalizzare contenuti e pubblicit\u00e0, offrire funzioni di social media e analizzare il traffico. Inoltre, condividiamo informazioni sul tuo utilizzo del Sito Web con i nostri partner di social media, pubblicit\u00e0 e analisi web, che possono combinarle con altre informazioni che hai fornito loro o che hanno raccolto dal tuo utilizzo dei loro servizi. In qualsiasi momento puoi revocare o modificare il tuo consenso, bloccarli o disattivarli tramite il sistema di configurazione del Sito Web o le opzioni di configurazione del tuo browser. Se desideri maggiori informazioni, puoi consultare la nostra politica sui cookie. La base giuridica per il trattamento di tali dati si basa sul tuo consenso.<br>Profili. Nel caso in cui ci fornisca il suo consenso espresso e inequivocabile, i dati personali forniti saranno raccolti, trattati e utilizzati allo scopo di creare profili in modo automatico per poterle offrire prodotti in base alle sue esigenze. A tal fine, IVAN-DE-LUCAS la informa che: tale analisi non produrr\u00e0 effetti giuridici o conseguenze discriminatorie che possano sorgere a causa di criteri sensibili, quali razza o origine etnica, opinioni politiche o convinzioni religiose, stato di salute o orientamento sessuale, poich\u00e9 tali informazioni non sono incluse in tale trattamento, il suo diritto di ottenere un intervento umano nei trattamenti, di esprimere il suo punto di vista, di ottenere una spiegazione sulla decisione presa in base al trattamento automatizzato e di contestare tale decisione mediante comunicazione diretta con il nostro DPO tramite l&#039;e-mail ivandelucas2000@gmail.com; la logica applicata si basa sulla realizzazione proattiva di analisi dei rischi e sull&#039;applicazione di tecniche statistiche e di segmentazione della clientela ai tuoi dati, per i seguenti scopi: a) studiare prodotti o servizi che possano essere adattati al profilo specifico dell&#039;Utente, il tutto al fine di elaborare offerte commerciali personalizzate in base alle tue esigenze e preferenze, b) monitorare i prodotti e servizi contrattati, c) realizzare, da parte di IVAN-DE-LUCAS o di terzi da essa incaricati, sondaggi di soddisfazione telefonici o elettronici al fine di valutare i servizi forniti, d) progettare nuovi prodotti o servizi, o migliorare la progettazione e l&#039;usabilit\u00e0 di quelli esistenti, nonch\u00e9 definire o migliorare le esperienze degli utenti. L&#039;utente, se disponibile, autorizza l&#039;inserimento nei profili creati su di lui\/lei dei dati da lui personalmente forniti, quali: dati di contatto (come nome, indirizzo, e-mail); dati identificativi (come nome, cognome, numero di telefono, e-mail); cronologia del cliente (come ricezione di offerte, dati di acquisto per progetti o servizi complementari offerti da IVAN-DE-LUCAS); dati provenienti da app, siti web o social network (come dati sull&#039;utilizzo di consulenze online o richieste di informazioni).<\/p>\n<p>Esistono inoltre altre finalit\u00e0 per cui i dati personali degli utenti vengono trattati:<\/p>\n<p>Per garantire la conformit\u00e0 alle condizioni d&#039;uso e alla legge applicabile. Ci\u00f2 pu\u00f2 includere lo sviluppo di strumenti e algoritmi che aiutino questo sito Web a garantire la riservatezza dei dati personali che raccoglie.<br>Per supportare e migliorare i servizi offerti da questo sito web. Vengono inoltre raccolti altri dati non identificativi ottenuti tramite alcuni cookie che vengono scaricati sul computer dell&#039;utente durante la navigazione di questo sito web, che descrivo in dettaglio nella politica sui cookie.<br>Per gestire i social network. IVAN-DE-LUCAS \u00e8 presente sui social network. Il trattamento dei dati effettuato sulle persone che diventano follower sui social network delle pagine https:\/\/spleeft.app\/ sar\u00e0 regolato da questa sezione. Cos\u00ec come da quelle condizioni d&#039;uso, politiche sulla privacy e regolamenti di accesso che appartengono al social network che si applica in ogni caso e precedentemente accettati dall&#039;utente di IVAN-DE-LUCAS. Elaborer\u00e0 i tuoi dati allo scopo di gestire correttamente la tua presenza sul social network, segnalando attivit\u00e0, prodotti o servizi di https:\/\/spleeft.app\/. Cos\u00ec come per qualsiasi altro scopo consentito dalla normativa sui social media.<\/p>\n<p>FOLLOW-UP SUI SOCIAL MEDIA<br>I social network sono servizi forniti da provider terzi che consentono agli utenti di partecipare a una comunit\u00e0 virtuale con altri utenti attraverso la quale possono creare un proprio profilo pubblico dove possono creare e condividere contenuti, informazioni e dati personali con altri utenti del network. Su un social network, pagine, account o profili possono essere creati e condivisi per scopi personali e\/o commerciali. Il funzionamento del social network \u00e8 regolato, in primo luogo, dalle condizioni stabilite dal proprietario e\/o provider del network e, in secondo luogo, quando si tratta di pagine, account o profili per scopi commerciali, dai termini e dalle condizioni stabiliti dalla persona responsabile del profilo o account commerciale, che sar\u00e0 anche responsabile del trattamento dei dati su di essi.<br>IVAN-DE-LUCAS ha profili su alcuni social network come, ma non solo, Twitter, Facebook e Linkedin. Gli utenti possono seguirci e diventare fan delle pagine ufficiali di IVAN-DE-LUCAS sui social network sopra menzionati.<br>Si informa l&#039;utente che il trattamento dei dati effettuato attraverso le pagine, i profili o gli account di IVAN-DE-LUCAS sui social network sar\u00e0 regolato dalle corrispondenti politiche e condizioni sia della pagina ufficiale sia del fornitore e proprietario di ciascun social network, ove applicabile.<\/p>\n<p>PERIODO DI CONSERVAZIONE DEI DATI<br>I dati personali forniti per la finalit\u00e0 1 \u201cContrattazione di progetto\u201d saranno conservati fintantoch\u00e9 sar\u00e0 mantenuto il rapporto commerciale tra le parti e per un periodo massimo di 5 anni.<\/p>\n<p>I dati personali forniti ai fini dei moduli, dei cookie, dei profili e dei sondaggi saranno conservati finch\u00e9 il titolare dei dati non eserciter\u00e0 il proprio diritto di cancellazione, opposizione, limitazione del trattamento e revoca del consenso prestato.<\/p>\n<p>CATEGORIA DATI<br>Le categorie di dati trattati sono: dati identificativi, nello specifico, nome, cognome, indirizzo, titolare della camera, numero di telefono e indirizzo e-mail.<\/p>\n<p>Non vengono trattate categorie di dati particolarmente protette.<\/p>\n<p>DESTINATARI. COMUNICAZIONE DEI DATI<br>IVAN-DE-LUCAS utilizza strumenti per la gestione dei dati degli utenti che vengono contrattati da terze parti.<\/p>\n<p>Al fine di fornire servizi strettamente necessari allo sviluppo dell&#039;attivit\u00e0, IVAN-DE-LUCAS condivide i dati con i seguenti fornitori, secondo le rispettive condizioni sulla privacy:<\/p>\n<p>Google Analytics: un servizio di analisi web fornito da Google, Inc., una societ\u00e0 del Delaware la cui sede principale \u00e8 in 1600 Amphitheatre Parkway, Mountain View (California), CA 94043, Stati Uniti (&quot;Google&quot;). Google Analytics utilizza i &quot;cookie&quot;, che sono file di testo che si trovano sul tuo computer, per aiutare https:\/\/spleeft.app\/ ad analizzare come gli utenti utilizzano il sito web. Le informazioni generate dal cookie sul tuo utilizzo di https:\/\/spleeft.app\/ (incluso il tuo indirizzo IP) saranno trasmesse direttamente a Google e archiviate su server negli Stati Uniti.<br>Hosting: Webempresa Europa SL, con indirizzo C\/ Almagro 11 6\u00ba 7\u00aa 1. 28010 Madrid (MADRID) Spagna. Maggiori informazioni qui . Webempresa Europa SL elabora i dati allo scopo di fornire i suoi servizi di hosting di siti web e database a IVAN-DE-LUCAS.<br>Email marketing: per realizzare campagne di email marketing, segmentare il pubblico e realizzare campagne promozionali, utilizzo Mailchimp, di propriet\u00e0 di The Rocket Science Group LLC (MailChimp), con sede al di fuori dell&#039;UE negli USA. Puoi visualizzare l&#039;informativa sulla privacy di Mailchimp qui.<\/p>\n<p>NAVIGAZIONE<br>Durante la navigazione su https:\/\/spleeft.app\/ potrebbero essere raccolti dati non identificabili, che potrebbero includere indirizzi IP, posizione geografica (approssimativamente), un registro di come vengono utilizzati i servizi e i siti e altri dati che non possono essere utilizzati per identificare l&#039;utente. I dati non identificabili includono anche dati relativi alle tue abitudini di navigazione tramite servizi di terze parti. Questo sito Web utilizza i seguenti servizi di analisi di terze parti:<\/p>\n<p>Google Analytics. Queste informazioni vengono utilizzate per analizzare le tendenze, amministrare il sito Web, tracciare i movimenti degli utenti sul sito Web e raccogliere informazioni demografiche sulla nostra base di utenti nel suo complesso.<\/p>\n<p>SICUREZZA E RISERVATEZZA DEI DATI<br>IVAN-DE-LUCAS si impegna a utilizzare e trattare i dati personali degli utenti, rispettandone la riservatezza e utilizzandoli in conformit\u00e0 con la loro finalit\u00e0, nonch\u00e9 ad adempiere al proprio obbligo di conservarli e ad adottare tutte le misure per impedirne l&#039;alterazione, la perdita, il trattamento o l&#039;accesso non autorizzati, in conformit\u00e0 con quanto disposto dalla normativa vigente in materia di protezione dei dati.<\/p>\n<p>Questo sito web include un certificato SSL. Si tratta di un protocollo di sicurezza che garantisce che i tuoi dati viaggino in modo integrale e sicuro, ovvero che la trasmissione dei dati tra un server e un utente web, e in risposta, sia completamente crittografata.<\/p>\n<p>IVAN-DE-LUCAS non pu\u00f2 garantire l&#039;assoluta invulnerabilit\u00e0 di Internet e pertanto la violazione dei dati tramite l&#039;accesso fraudolento agli stessi da parte di terzi.<\/p>\n<p>Per quanto riguarda la riservatezza del trattamento, IVAN-DE-LUCAS garantir\u00e0 che qualsiasi persona autorizzata da IVAN-DE-LUCAS a trattare i dati del Cliente (ivi compresi il suo personale, i suoi collaboratori e i suoi fornitori), sar\u00e0 tenuta a rispettare un adeguato obbligo di riservatezza (sia esso contrattuale o legale).<\/p>\n<p>Quando si verifica un incidente di sicurezza, non appena ne viene a conoscenza, IVAN-DE-LUCAS deve avvisare il cliente senza indebito ritardo e deve fornire tempestivamente informazioni relative all&#039;incidente di sicurezza non appena vengono a conoscenza o come ragionevolmente richiesto dal cliente.<\/p>\n<p>PRECISIONE E VERIDICIT\u00c0 DEI DATI<br>L&#039;utente \u00e8 l&#039;unico responsabile della veridicit\u00e0 e dell&#039;accuratezza dei dati inviati a https:\/\/spleeft.app\/, esonerando IVAN-DE-LUCAS da qualsiasi responsabilit\u00e0 al riguardo.<\/p>\n<p>Gli utenti garantiscono e sono responsabili, in ogni caso, dell&#039;esattezza, validit\u00e0 e autenticit\u00e0 dei dati personali forniti, e si impegnano a mantenerli debitamente aggiornati. L&#039;utente accetta di fornire informazioni complete e corrette nel modulo di contatto o di iscrizione.<\/p>\n<p>ACCETTAZIONE E CONSENSO<br>L&#039;utente dichiara di essere stato informato delle condizioni relative alla protezione dei dati personali, accettando e acconsentendo al trattamento degli stessi da parte di IVAN-DE-LUCAS nei modi e per le finalit\u00e0 indicate nella presente informativa sulla privacy.<\/p>\n<p>REVOCABILIT\u00c0<br>Il consenso prestato, sia per il trattamento che per la cessione dei dati degli interessati, \u00e8 revocabile in qualsiasi momento comunicandolo a IVAN-DE-LUCAS nei termini stabiliti nella presente politica per l&#039;esercizio dei diritti ARCOPOL. Tale revoca non sar\u00e0 in nessun caso retroattiva.<\/p>\n<p>Per esercitare tali diritti o revocare il consenso prestato, \u00e8 possibile contattare il DPO di IVAN-DE-LUCAS tramite e-mail all&#039;indirizzo ivandelucas2000@gmail.com<\/p>\n<p>MODIFICHE ALLA PRIVACY POLICY<br>IVAN-DE-LUCAS, si riserva il diritto di modificare la presente politica per adattarla alle novit\u00e0 legislative o giurisprudenziali, cos\u00ec come alle pratiche dell&#039;industria. En dichos supuestos, IVAN-DE-LUCAS annuncer\u00e0 in questa pagina le modifiche introdotte con ragionevole anticipo alla tua porta pratica.<\/p>\n<p>EMAIL COMMERCIALI<br>In conformit\u00e0 con la LSSICE, il sito web https:\/\/spleeft.app\/ non effettua pratiche di SPAM e pertanto non invia e-mail commerciali che non siano state precedentemente richieste o autorizzate dall&#039;utente. Di conseguenza, in ciascuno dei moduli presenti sul sito web, l&#039;utente ha la possibilit\u00e0 di dare il proprio consenso espresso a ricevere la newsletter, indipendentemente dalle informazioni commerciali specificamente richieste.<\/p>\n<p>In conformit\u00e0 con quanto disposto dalla Legge 34\/2002 sui Servizi della Societ\u00e0 dell&#039;Informazione e del Commercio Elettronico, https:\/\/spleeft.app\/ si impegna a non inviare comunicazioni commerciali senza identificarle adeguatamente.<\/p>\n<div data-elementor-type=\"wp-page\" data-elementor-id=\"8000\" data-elementor-post-type=\"page\">\n<div data-id=\"9ba171c\" data-element_type=\"container\">\n<div>\n<div data-id=\"0bd6198\" data-element_type=\"widget\" data-widget_type=\"text-editor.default\">\n<div>\n<p>Politica sulla riservatezza <span style=\"color: var( --e-global-color-text ); font-family: var( --e-global-typography-text-font-family ), Sans-serif; font-size: var( --e-global-typography-text-font-size ); font-weight: var( --e-global-typography-text-font-weight ); text-align: var(--text-align);\">&nbsp;ultimo aggiornamento l&#039;8 agosto 2024<\/span><\/p><p><br><\/p>\n<\/div>\n<\/div>\n<\/div>\n<\/div>\n<\/div>\n<div data-elementor-type=\"footer\" data-elementor-id=\"8025\" data-elementor-post-type=\"elementor_library\">&nbsp;<\/div>\n<p><\/p>\t\t\t\t\t\t\t\t<\/div>\n\t\t\t\t<\/div>\n\t\t\t\t\t<\/div>\n\t\t\t\t<\/div>\n\t\t\t\t<\/div>","protected":false},"excerpt":{"rendered":"<p>Informativa sulla privacy Il sito web, https:\/\/spleeft.app\/, \u00e8 di propriet\u00e0 di IVAN DE LUCAS ROGERO, di seguito IVAN-DE-LUCAS. In IVAN-DE-LUCAS ci impegniamo a proteggere le informazioni personali che condividi con noi, poich\u00e9 \u00e8 essenziale per noi garantire e proteggere la privacy e la riservatezza dei tuoi dati personali. Il sito web https:\/\/spleeft.app\/ \u00e8 conforme ai requisiti di \u2026 <\/p>\n<p class=\"link-more\"><a href=\"https:\/\/spleeft.app\/it\/informativa-sulla-privacy-2\/\" class=\"more-link\">Leggi tutto<span class=\"screen-reader-text\"> &quot;Politica sulla riservatezza&quot;<\/span><\/a><\/p>","protected":false},"author":3,"featured_media":0,"parent":0,"menu_order":0,"comment_status":"closed","ping_status":"closed","template":"elementor_header_footer","meta":{"om_disable_all_campaigns":false,"_monsterinsights_skip_tracking":false,"_monsterinsights_sitenote_active":false,"_monsterinsights_sitenote_note":"","_monsterinsights_sitenote_category":0,"footnotes":""},"class_list":["post-8000","page","type-page","status-publish","hentry"],"_links":{"self":[{"href":"https:\/\/spleeft.app\/it\/wp-json\/wp\/v2\/pages\/8000","targetHints":{"allow":["GET"]}}],"collection":[{"href":"https:\/\/spleeft.app\/it\/wp-json\/wp\/v2\/pages"}],"about":[{"href":"https:\/\/spleeft.app\/it\/wp-json\/wp\/v2\/types\/page"}],"author":[{"embeddable":true,"href":"https:\/\/spleeft.app\/it\/wp-json\/wp\/v2\/users\/3"}],"replies":[{"embeddable":true,"href":"https:\/\/spleeft.app\/it\/wp-json\/wp\/v2\/comments?post=8000"}],"version-history":[{"count":0,"href":"https:\/\/spleeft.app\/it\/wp-json\/wp\/v2\/pages\/8000\/revisions"}],"wp:attachment":[{"href":"https:\/\/spleeft.app\/it\/wp-json\/wp\/v2\/media?parent=8000"}],"curies":[{"name":"parola chiave","href":"https:\/\/api.w.org\/{rel}","templated":true}]}}