{"id":7988,"date":"2024-08-30T11:38:26","date_gmt":"2024-08-30T09:38:26","guid":{"rendered":"https:\/\/spleeft.app\/?page_id=7988"},"modified":"2024-09-10T15:41:46","modified_gmt":"2024-09-10T13:41:46","slug":"avviso-legale","status":"publish","type":"page","link":"https:\/\/spleeft.app\/it\/avviso-legale\/","title":{"rendered":"Avviso legale"},"content":{"rendered":"<div data-elementor-type=\"wp-page\" data-elementor-id=\"7988\" class=\"elementor elementor-7988\" data-elementor-post-type=\"page\">\n\t\t\t\t<div class=\"elementor-element elementor-element-9e2b5de e-flex e-con-boxed e-con e-parent\" data-id=\"9e2b5de\" data-element_type=\"container\" data-e-type=\"container\">\n\t\t\t\t\t<div class=\"e-con-inner\">\n\t\t\t\t<div class=\"elementor-element elementor-element-38f9019 elementor-widget elementor-widget-heading\" data-id=\"38f9019\" data-element_type=\"widget\" data-e-type=\"widget\" data-widget_type=\"heading.default\">\n\t\t\t\t<div class=\"elementor-widget-container\">\n\t\t\t\t\t<h1 class=\"elementor-heading-title elementor-size-default\">Avviso legale<\/h1>\t\t\t\t<\/div>\n\t\t\t\t<\/div>\n\t\t\t\t\t<\/div>\n\t\t\t\t<\/div>\n\t\t<div class=\"elementor-element elementor-element-24d78e0 e-flex e-con-boxed e-con e-parent\" data-id=\"24d78e0\" data-element_type=\"container\" data-e-type=\"container\">\n\t\t\t\t\t<div class=\"e-con-inner\">\n\t\t\t\t<div class=\"elementor-element elementor-element-9037bc0 elementor-widget elementor-widget-text-editor\" data-id=\"9037bc0\" data-element_type=\"widget\" data-e-type=\"widget\" data-widget_type=\"text-editor.default\">\n\t\t\t\t<div class=\"elementor-widget-container\">\n\t\t\t\t\t\t\t\t\t<p>I termini e le condizioni indicati di seguito regolano l&#039;accesso e l&#039;utilizzo del sito web https:\/\/spleeft.app\/, di propriet\u00e0 di IVAN DE LUCAS ROGERO, di seguito IVAN-DE-LUCAS, che \u00e8 legalmente responsabile di questo sito web.<\/p>\n<p>Nome commerciale: IVAN-DE-LUCAS&nbsp;<br>Responsabile: IVAN DE LUCAS ROGERO<br>Numero identificativo: 70265279A<br>Indirizzo: Calle Los Cantos, 23. 28260 Galapagar (Madrid)<br>Telefono: +34 634442588<br>Contatto: ivandelucas2000@gmail.com<\/p>\n<p>Di seguito sono riportate tutte le informazioni relative ai termini e alle condizioni legali che definiscono i rapporti tra l&#039;utente e IVAN-DE-LUCAS, in qualit\u00e0 di responsabile del presente sito web.<br>IVAN-DE-LUCAS si impegna a trattare le informazioni degli utenti e dei clienti con tutte le garanzie e a rispettare le normative nazionali ed europee che regolano la raccolta e l&#039;utilizzo dei dati personali degli utenti.<br>Il sito web https:\/\/spleeft.app\/ \u00e8 adattato ai requisiti delle seguenti leggi:<\/p>\n<p>\u25cf Legge organica 3\/2018, del 5 dicembre, sulla protezione dei dati personali e garanzia dei diritti digitali. Scarica (https:\/\/boe.es\/boe\/dias\/2018\/12\/06\/pdfs\/BOE-A-2018-16673.pdf)<br>\u25cf Regolamento (UE) 2016\/679 del Parlamento europeo e del Consiglio del 27 aprile 2016 relativo alla protezione delle persone fisiche (GDPR), Scarica (https:\/\/www.boe.es\/doue\/2016\/119\/ L00001-00088.pdf )<br>\u25cf Legge 34\/2002, dell&#039;11 luglio, sui Servizi della Societ\u00e0 dell&#039;Informazione e del Commercio Elettronico (LSSICE o LSSI) che regola le transazioni economiche tramite mezzi elettronici. Scarica (https:\/\/www.boe.es\/buscar\/doc.php?id=BOE-A-2002-13758)<\/p>\n<p>TERMINI E CONDIZIONI LEGALI<br>Le presenti Condizioni Generali regolano l&#039;utilizzo, compreso il semplice accesso, di tutte le pagine web che compongono il sito https:\/\/spleeft.app\/, compresi i contenuti e i servizi ivi presentati.<\/p>\n<p>L&#039;uso di questo sito web https:\/\/spleeft.app\/ presuppone un accordo tra l&#039;Utente e IVAN-DE-LUCAS, che implica l&#039;adesione piena e senza riserve a tutte e ciascuna delle condizioni generali pubblicate da IVAN-DE-LUCAS, nella versione pubblicata e vigente al momento dell&#039;accesso. Pertanto, IVAN-DE-LUCAS raccomanda all&#039;Utente di leggerle attentamente ogni volta che accede al Sito Web.<\/p>\n<p>MINORI<br>L&#039;accesso e l&#039;utilizzo del portale da parte di minorenni \u00e8 vietato, pertanto l&#039;utente dichiara di essere maggiorenne (vale a dire di avere almeno 18 anni) e di avere la capacit\u00e0 giuridica necessaria per acquisire i servizi offerti tramite il sito web IVAN-DE-LUCAS in conformit\u00e0 con le presenti condizioni generali, che comprende e accetta nella loro interezza.<br>IVAN-DE-LUCAS informa che esistono programmi per computer che consentono di filtrare e bloccare l&#039;accesso a determinati contenuti e servizi, in modo che i genitori, ad esempio, possano decidere a quali contenuti e servizi del Portale possono accedere i loro figli e a quali no.<\/p>\n<p>ESCLUSIONE DI GARANZIE E RINUNCIA A QUALSIASI RESPONSABILIT\u00c0<\/p>\n<p>Questa pagina e i suoi componenti sono forniti solo a scopo informativo. IVAN-DE-LUCAS, proprietario di questo sito web, non \u00e8 responsabile dell&#039;accuratezza, dell&#039;utilit\u00e0 o della disponibilit\u00e0 di alcuna informazione trasmessa o resa disponibile tramite esso; non sar\u00e0 responsabile di eventuali errori od omissioni in tali informazioni. Gli utenti di questa pagina che forniscono i propri dati personali, con l&#039;accettazione del consenso informato, rinunciano a qualsiasi compenso che possa essere loro applicato per l&#039;uso legale di tali dati e non possono esercitare alcuna pretesa legale per questo. Se vuoi mostrarlo, non dovresti trasferire i tuoi dati su questo sito web.<br>Inoltre, IVAN-DE-LUCAS non presta alcuna garanzia n\u00e9 \u00e8 responsabile, in nessun caso, per danni di qualsiasi natura che possano derivare da:<br>\u25cf La mancanza di disponibilit\u00e0, manutenzione ed effettivo funzionamento del sito web, o dei suoi servizi e contenuti.<br>\u25cf L&#039;esistenza di malware, programmi dannosi o maligni nel contenuto;<br>\u25cf Uso illegale, negligente, fraudolento o contrario al presente avviso legale;<br>\u25cf La mancanza di legalit\u00e0, qualit\u00e0, affidabilit\u00e0, utilit\u00e0 e disponibilit\u00e0 dei servizi forniti da terze parti e resi disponibili agli utenti sul sito web.<\/p>\n<p>Il fornitore non \u00e8 in nessun caso responsabile per eventuali danni che potrebbero derivare dall&#039;uso illegale o improprio di questo sito web.<\/p>\n<p>AMBIENTE SICURO<br>L&#039;accesso completo al sito https:\/\/spleeft.app\/ attraverso il quale l&#039;Utente IVAN-DE-LUCAS stipula contratti per prodotti o servizi IVAN-DE-LUCAS avviene in un ambiente sicuro.<\/p>\n<p>Inoltre, i dati personali comunicati dall&#039;utente a IVAN-DE-LUCAS potranno essere archiviati in database automatizzati o meno, la cui titolarit\u00e0 corrisponde esclusivamente a IVAN-DE-LUCAS, assumendo tutte le misure tecniche, organizzative e di sicurezza che garantiscano la riservatezza, l&#039;integrit\u00e0 e la qualit\u00e0 delle informazioni in essi contenute in conformit\u00e0 con quanto previsto dalle vigenti normative sulla protezione dei dati. La comunicazione tra gli utenti e https:\/\/spleeft.app\/ utilizza un canale sicuro e i dati trasmessi sono criptati grazie ai protocolli https, pertanto, sono garantite le migliori condizioni di sicurezza affinch\u00e9 sia garantita la riservatezza degli utenti.<\/p>\n<p>CONTENUTO<br>Le informazioni che appaiono in questa pagina sono aggiornate alla data del loro ultimo aggiornamento. IVAN-DE-LUCAS si riserva il diritto di aggiornare, modificare o eliminare le informazioni o il contenuto di questo sito web, nonch\u00e9 il presente Avviso legale. In questo senso, IVAN-DE-LUCAS fa ogni sforzo per evitare qualsiasi errore nel contenuto che potrebbe apparire in questa pagina.<\/p>\n<p>IVAN-DE-LUCAS non \u00e8 responsabile di alcun uso improprio dei contenuti delle sue pagine Web, che \u00e8 di esclusiva responsabilit\u00e0 della persona che vi accede o le utilizza. Allo stesso modo, la societ\u00e0 \u00e8 esonerata da responsabilit\u00e0 per qualsiasi danno o pregiudizio che l&#039;Utente possa subire a causa di errori, difetti o omissioni nelle informazioni fornite da IVAN-DE-LUCAS.<\/p>\n<p>IVAN-DE-LUCAS non controlla e pertanto non si assume alcuna responsabilit\u00e0 per le informazioni contenute nei siti web di terze parti a cui \u00e8 possibile accedere tramite link o motori di ricerca sui siti web di IVAN-DE-LUCAS. La presenza di link sulle pagine web di IVAN-DE-LUCAS ha finalit\u00e0 puramente informative e in nessun caso implica un suggerimento, un invito o una raccomandazione in merito.<\/p>\n<p>Nel caso in cui l&#039;Utente sia a conoscenza che i siti collegati rimandano a pagine i cui contenuti o servizi sono illeciti, dannosi, degradanti, violenti o contrari alla morale, potr\u00e0 contattare IVAN-DE-LUCAS indicando i dati personali del comunicatore e una breve descrizione dei fatti. La ricezione da parte di IVAN-DE-LUCAS della comunicazione prevista nella presente clausola non implicher\u00e0 di per s\u00e9 un&#039;effettiva conoscenza delle attivit\u00e0 e\/o dei contenuti indicati dal comunicatore. \u00c8 espressamente vietato l&#039;uso del Sito Web per scopi che ledano la propriet\u00e0 o gli interessi, nonch\u00e9 azioni che in qualsiasi modo sovraccarichino, danneggino o disabilitino le reti, i server e altre apparecchiature informatiche (hardware) o prodotti e applicazioni informatiche (software) di IVAN. DE-LUCAS o terzi.<\/p>\n<p>PROPRIET\u00c0 INTELLETTUALE E INDUSTRIALE<br>Questo sito Web, https:\/\/spleeft.app\/ \u00e8 di propriet\u00e0 di IVAN-DE-LUCAS. I diritti di propriet\u00e0 intellettuale e i diritti di sfruttamento e riproduzione di questo sito Web, delle sue pagine, schermate, delle informazioni in esse contenute, del suo aspetto e design, nonch\u00e9 dei collegamenti stabiliti da esso ad altri siti Web di una qualsiasi delle societ\u00e0 indicate sopra, sono di esclusiva propriet\u00e0 di quest&#039;ultima, salvo diversamente specificato.<\/p>\n<p>Tutti i nomi, i design e\/o i loghi che compongono questa pagina sono marchi registrati.<\/p>\n<p>Ogni uso improprio degli stessi da parte di una persona diversa dal legittimo proprietario potr\u00e0 essere perseguito ai sensi della normativa vigente. I diritti di propriet\u00e0 intellettuale e i marchi di terze parti sono opportunamente evidenziati e devono essere rispettati da chiunque acceda al Sito Web. Solo per uso personale e privato \u00e8 consentito scaricare i contenuti, copiare o stampare qualsiasi pagina di questo Sito Web. \u00c8 vietato riprodurre, trasmettere, modificare o eliminare le informazioni, i contenuti o gli avvisi di questo Sito Web senza la previa autorizzazione scritta di IVAN-DE-LUCAS.<\/p>\n<p>Per quanto riguarda le citazioni di prodotti e servizi di terze parti, IVAN-DE-LUCAS riconosce a favore dei rispettivi titolari i corrispondenti diritti di propriet\u00e0 industriale e intellettuale, la loro semplice menzione o apparizione sul Web non implica l&#039;esistenza di alcun diritto o responsabilit\u00e0 di IVAN-DE-LUCAS su di essi, n\u00e9 alcuna approvazione, sponsorizzazione o raccomandazione da parte di IVAN-DE-LUCAS, salvo quanto espressamente indicato.<\/p>\n<p>Nel caso in cui un utente o un terzo ritenga che si sia verificata una violazione dei propri legittimi diritti di propriet\u00e0 intellettuale a causa dell&#039;introduzione di determinati contenuti sul sito web, dovr\u00e0 avvisare IVAN-DE-LUCAS di tale circostanza, indicando:<\/p>\n<p>\u25cf I dati personali dell&#039;interessato titolare dei diritti presumibilmente violati, oppure indicare la rappresentanza con cui lo stesso si comporta nel caso in cui la richiesta venga presentata da un terzo diverso dall&#039;interessato.<\/p>\n<p>\u25cf Indicare i contenuti protetti da diritti di propriet\u00e0 intellettuale e la loro ubicazione nel web, l&#039;accreditamento dei diritti di propriet\u00e0 intellettuale indicati e una dichiarazione espressa in cui l&#039;interessato \u00e8 responsabile della veridicit\u00e0 delle informazioni fornite nella notifica.<\/p>\n<p>ESCLUSIONE DI GARANZIE E RESPONSABILIT\u00c0<br>IVAN-DE-LUCAS non presta alcuna garanzia n\u00e9 \u00e8 responsabile, in nessun caso, per eventuali danni o perdite che possano derivare da:<\/p>\n<p>\u25cf Interferenze, omissioni, interruzioni, virus informatici, guasti telefonici o disconnessioni nel funzionamento operativo di questo sistema elettronico, causati da cause al di fuori del controllo della societ\u00e0; di ritardi o blocchi nell&#039;uso di questo sistema elettronico causati da carenze o sovraccarichi delle linee telefoniche o sovraccarichi di Internet o di altri sistemi elettronici.<\/p>\n<p>\u25cf Oltre ai danni che possono essere causati da terzi tramite interferenze illegittime al di fuori del controllo di IVAN-DE-LUCAS. Allo stesso modo, la societ\u00e0 \u00e8 esonerata da responsabilit\u00e0 per qualsiasi danno o pregiudizio che l&#039;utente possa subire a causa di errori, difetti o omissioni nelle informazioni fornite da IVAN-DE-LUCAS.<\/p>\n<p>\u25cf Oltre a ci\u00f2, la mancanza di disponibilit\u00e0, manutenzione ed efficace funzionamento del sito web, o dei suoi servizi e contenuti.<\/p>\n<p>\u25cf L&#039;esistenza di malware, programmi dannosi o maligni nel contenuto;<\/p>\n<p>\u25cf Uso illegale, negligente, fraudolento o contrario al presente avviso legale;<\/p>\n<p>\u25cf La mancanza di legalit\u00e0, qualit\u00e0, affidabilit\u00e0, utilit\u00e0 e disponibilit\u00e0 dei servizi forniti da terze parti e resi disponibili agli utenti sul sito web.<\/p>\n<p>D&#039;altro canto, IVAN-DE-LUCAS potr\u00e0 richiedere temporaneamente la sospensione dei servizi quando ci\u00f2 sia necessario per la riparazione o la manutenzione delle proprie apparecchiature, programmi o reti.<\/p>\n<p>IVAN-DE-LUCAS non \u00e8 in nessun caso responsabile per eventuali danni che possano derivare dall&#039;uso illegale o improprio di questo sito web.<\/p>\n<p>IVAN-DE-LUCAS si riserva il diritto di modificare, in qualsiasi momento e senza preavviso, il design, la presentazione e\/o la configurazione del sito https:\/\/spleeft.app\/, nonch\u00e9 alcuni o tutti i contenuti e servizi, nonch\u00e9 le modalit\u00e0 di modifica delle presenti Condizioni Generali e\/o delle condizioni particolari richieste per il loro utilizzo.<\/p>\n<p>POLITICA SULLA PROTEZIONE E RISERVATEZZA DEI DATI<br>IVAN-DE-LUCAS si impegna a utilizzare i dati ottenuti su questo sito web, a rispettarne la riservatezza e a utilizzarli in conformit\u00e0 con la loro finalit\u00e0, nonch\u00e9 ad adempiere al proprio obbligo di salvarli e ad adottare tutte le misure per evitarne l&#039;alterazione, la perdita, il trattamento o l&#039;accesso non autorizzato, in conformit\u00e0 con le disposizioni del Regolamento UE 2016\/679, del Parlamento europeo e del Consiglio, del 27 aprile 2016 (RGPD) e della Legge organica 3\/2018, del 5 dicembre, sulla protezione dei dati personali e sulla garanzia dei diritti digitali.<\/p>\n<p>L&#039;Utente garantisce che i dati personali forniti attraverso i moduli di contatto sono veritieri, e si impegna a comunicare qualsiasi modifica degli stessi. Allo stesso modo, l&#039;Utente garantisce che tutte le informazioni fornite corrispondono alla sua situazione reale, che sono aggiornate e accurate. Inoltre, l&#039;Utente \u00e8 obbligato a mantenere i propri dati aggiornati in ogni momento, essendo l&#039;unico responsabile dell&#039;inesattezza o falsit\u00e0 dei dati forniti e di qualsiasi danno che possa essere causato da ci\u00f2 a IVAN-DE-LUCAS come proprietario del sito web.<\/p>\n<p>Allo stesso modo, l&#039;Utente ha in ogni momento la possibilit\u00e0 di modificare, correggere o cancellare le informazioni fornite, nonch\u00e9 di gestirne la cancellazione direttamente, oppure tramite richiesta indirizzata al contatto indicato nella sezione Indirizzi di contatto o scrivendo a IVAN-DE-LUCAS allegando una copia del documento d&#039;identit\u00e0 o di un documento equivalente.<\/p>\n<p>Per maggiori informazioni sulla politica di protezione dei dati e sui diritti, puoi consultare l&#039;indirizzo: https:\/\/spleeft.app\/politica-de-privacidad<\/p>\n<p>PROPRIET\u00c0 INDUSTRIALE E INTELLETTUALE<br>Questo sito Web \u00e8 di propriet\u00e0 di IVAN-DE-LUCAS. I diritti di propriet\u00e0 intellettuale e i diritti di sfruttamento e riproduzione di questo sito Web, delle sue pagine, schermate, delle informazioni in esse contenute, del suo aspetto e design, nonch\u00e9 dei collegamenti stabiliti da esso ad altri siti Web sono di sua esclusiva propriet\u00e0, salvo diversamente specificato.<\/p>\n<p>Tutti i nomi, i design e\/o i loghi che compongono questa pagina sono marchi registrati.<\/p>\n<p>Ogni uso improprio degli stessi da parte di una persona diversa dal legittimo proprietario potr\u00e0 essere perseguito ai sensi della normativa vigente. I diritti di propriet\u00e0 intellettuale e i marchi di terze parti sono opportunamente evidenziati e devono essere rispettati da chiunque acceda al Sito Web. Solo per uso personale e privato \u00e8 consentito scaricare i contenuti, copiare o stampare qualsiasi pagina di questo Sito Web. \u00c8 vietato riprodurre, trasmettere, modificare o eliminare le informazioni, i contenuti o gli avvisi di questo Sito Web senza la previa autorizzazione scritta di IVAN-DE-LUCAS.<\/p>\n<p>LEGGE APPLICABILE E GIURISDIZIONE<br>Per la risoluzione di tutte le controversie o questioni relative al presente sito web o alle attivit\u00e0 in esso svolte, si applicher\u00e0 la legislazione spagnola, alla quale le parti si sottopongono espressamente, essendo competenti per la risoluzione di tutti i conflitti relativi al suo utilizzo i Tribunali dell&#039;utente o del responsabile.<\/p>\n<p>Se una qualsiasi clausola inclusa nelle presenti condizioni generali fosse dichiarata totalmente o parzialmente nulla o inefficace, tale nullit\u00e0 o inefficacia riguarder\u00e0 solo detta disposizione o la parte di essa che risultasse nulla o inefficace, restando le presenti condizioni generali sussistenti per tutto il resto e considerandosi tale disposizione totalmente o parzialmente non inclusa.<\/p>\n<p>Ti ricordiamo inoltre che puoi accedere alla piattaforma di risoluzione delle controversie online dell&#039;Unione Europea seguendo questo link:<br>https:\/\/ec.europa.eu\/consumers\/odr\/main\/?event=main.home2.show.<\/p>\n<p>CONTATTO<br>Per qualsiasi domanda relativa all&#039;avviso legale o per qualsiasi commento sul sito web https:\/\/spleeft.app\/, inviare un&#039;e-mail a ivandelucas2000@gmail.com<\/p>\n<p>Avviso legale aggiornato l&#039;ultima volta l&#039;8 agosto 2024<\/p>\t\t\t\t\t\t\t\t<\/div>\n\t\t\t\t<\/div>\n\t\t\t\t\t<\/div>\n\t\t\t\t<\/div>\n\t\t\t\t<\/div>","protected":false},"excerpt":{"rendered":"<p>Avviso legale I termini e le condizioni indicati di seguito regolano l&#039;accesso e l&#039;uso del sito web https:\/\/spleeft.app\/, di propriet\u00e0 di IVAN DE LUCAS ROGERO, di seguito IVAN-DE-LUCAS, che \u00e8 legalmente responsabile di questo sito web. Nome commerciale: IVAN-DE-LUCAS Responsabile: IVAN DE LUCAS ROGEROID: 70265279ADirizzo: Calle Los Cantos, 23. 28260 Galapagar (Madrid)Telefono: +34 634442588Contatto: ivandelucas2000@gmail.com Di seguito sono riportate tutte le informazioni relative \u2026 <\/p>\n<p class=\"link-more\"><a href=\"https:\/\/spleeft.app\/it\/avviso-legale\/\" class=\"more-link\">Leggi tutto<span class=\"screen-reader-text\"> \u201cNote legali\u201d<\/span><\/a><\/p>","protected":false},"author":3,"featured_media":0,"parent":0,"menu_order":0,"comment_status":"closed","ping_status":"closed","template":"elementor_header_footer","meta":{"om_disable_all_campaigns":false,"_monsterinsights_skip_tracking":false,"_monsterinsights_sitenote_active":false,"_monsterinsights_sitenote_note":"","_monsterinsights_sitenote_category":0,"footnotes":""},"class_list":["post-7988","page","type-page","status-publish","hentry"],"_links":{"self":[{"href":"https:\/\/spleeft.app\/it\/wp-json\/wp\/v2\/pages\/7988","targetHints":{"allow":["GET"]}}],"collection":[{"href":"https:\/\/spleeft.app\/it\/wp-json\/wp\/v2\/pages"}],"about":[{"href":"https:\/\/spleeft.app\/it\/wp-json\/wp\/v2\/types\/page"}],"author":[{"embeddable":true,"href":"https:\/\/spleeft.app\/it\/wp-json\/wp\/v2\/users\/3"}],"replies":[{"embeddable":true,"href":"https:\/\/spleeft.app\/it\/wp-json\/wp\/v2\/comments?post=7988"}],"version-history":[{"count":0,"href":"https:\/\/spleeft.app\/it\/wp-json\/wp\/v2\/pages\/7988\/revisions"}],"wp:attachment":[{"href":"https:\/\/spleeft.app\/it\/wp-json\/wp\/v2\/media?parent=7988"}],"curies":[{"name":"parola chiave","href":"https:\/\/api.w.org\/{rel}","templated":true}]}}