{"id":5206,"date":"2014-08-06T08:40:48","date_gmt":"2014-08-06T07:40:48","guid":{"rendered":"http:\/\/demo.wpzoom.com\/inspiro\/?page_id=5206"},"modified":"2023-03-05T18:26:43","modified_gmt":"2023-03-05T17:26:43","slug":"registro-delle-modifiche","status":"publish","type":"page","link":"https:\/\/spleeft.app\/it\/registro-delle-modifiche\/","title":{"rendered":"Ultimi aggiornamenti"},"content":{"rendered":"<div data-elementor-type=\"wp-page\" data-elementor-id=\"5206\" class=\"elementor elementor-5206\" data-elementor-post-type=\"page\">\n\t\t\t\t\t\t<section class=\"elementor-section elementor-top-section elementor-element elementor-element-5e5f23f elementor-section-boxed elementor-section-height-default elementor-section-height-default\" data-id=\"5e5f23f\" data-element_type=\"section\" data-e-type=\"section\">\n\t\t\t\t\t\t<div class=\"elementor-container elementor-column-gap-default\">\n\t\t\t\t\t<div class=\"elementor-column elementor-col-100 elementor-top-column elementor-element elementor-element-e09a620\" data-id=\"e09a620\" data-element_type=\"column\" data-e-type=\"column\">\n\t\t\t<div class=\"elementor-widget-wrap elementor-element-populated\">\n\t\t\t\t\t\t<div class=\"elementor-element elementor-element-40abc3f elementor-widget elementor-widget-heading\" data-id=\"40abc3f\" data-element_type=\"widget\" data-e-type=\"widget\" data-widget_type=\"heading.default\">\n\t\t\t\t<div class=\"elementor-widget-container\">\n\t\t\t\t\t<h2 class=\"elementor-heading-title elementor-size-default\">Versione 2.2 (su Android \ud83e\udd16)<\/h2>\t\t\t\t<\/div>\n\t\t\t\t<\/div>\n\t\t\t\t<div class=\"elementor-element elementor-element-fb35c8b elementor-widget elementor-widget-button\" data-id=\"fb35c8b\" data-element_type=\"widget\" data-e-type=\"widget\" data-widget_type=\"button.default\">\n\t\t\t\t<div class=\"elementor-widget-container\">\n\t\t\t\t\t\t\t\t\t<div class=\"elementor-button-wrapper\">\n\t\t\t\t\t<a class=\"elementor-button elementor-button-link elementor-size-sm\" href=\"https:\/\/linktr.ee\/spleeftapp\" target=\"_blank\" rel=\"noopener\">\n\t\t\t\t\t\t<span class=\"elementor-button-content-wrapper\">\n\t\t\t\t\t\t\t\t\t<span class=\"elementor-button-text\">6\/03\/2023<\/span>\n\t\t\t\t\t<\/span>\n\t\t\t\t\t<\/a>\n\t\t\t\t<\/div>\n\t\t\t\t\t\t\t\t<\/div>\n\t\t\t\t<\/div>\n\t\t\t\t\t<\/div>\n\t\t<\/div>\n\t\t\t\t\t<\/div>\n\t\t<\/section>\n\t\t\t\t<section class=\"elementor-section elementor-top-section elementor-element elementor-element-2fb2a7d elementor-section-boxed elementor-section-height-default elementor-section-height-default\" data-id=\"2fb2a7d\" data-element_type=\"section\" data-e-type=\"section\">\n\t\t\t\t\t\t<div class=\"elementor-container elementor-column-gap-default\">\n\t\t\t\t\t<div class=\"elementor-column elementor-col-100 elementor-top-column elementor-element elementor-element-a3c19b2\" data-id=\"a3c19b2\" data-element_type=\"column\" data-e-type=\"column\">\n\t\t\t<div class=\"elementor-widget-wrap elementor-element-populated\">\n\t\t\t\t\t\t<div class=\"elementor-element elementor-element-fdcae2e elementor-widget elementor-widget-text-editor\" data-id=\"fdcae2e\" data-element_type=\"widget\" data-e-type=\"widget\" data-widget_type=\"text-editor.default\">\n\t\t\t\t<div class=\"elementor-widget-container\">\n\t\t\t\t\t\t\t\t\t<h3><strong><span style=\"color: #333333;\">Miglioramenti<\/span> (\ud83e\udd16)<\/strong><\/h3>\n<p>Nella parte superiore della schermata della velocit\u00e0 in tempo reale hai la possibilit\u00e0 di calibrare il sensore del tuo telefono. Prima di tutto, posiziona il telefono su una superficie e lascialo fermo per dieci secondi. Nella schermata vedrai l&#039;accelerazione media degli ultimi 8 secondi e la deviazione standard. Se l&#039;accelerazione media \u00e8 maggiore di 0,01 m\/s2, l&#039;accelerometro \u00e8 calibrato. Puoi calibrare e reimpostare il valore in quella schermata.&nbsp;<\/p><p>La precisione del sensore \u00e8 indicata anche sotto il pulsante di riproduzione nella schermata.<\/p>\n<h3><span style=\"color: #333333;\"><strong>Correzione bug \ud83d\udc1b (<\/strong><\/span>\ud83e\udd16<strong>&nbsp;<\/strong><strong style=\"font-size: 1.5rem; color: rgb(51, 51, 51);\">)<\/strong><\/h3>\n<p>A volte l&#039;app si bloccava dopo alcuni secondi senza movimento; attualmente questo errore dovrebbe scomparire nella maggior parte dei dispositivi.<\/p><p>Alcune ripetizioni non sono state conteggiate a causa di un errore nei filtri automatici, che \u00e8 stato attualmente risolto.<\/p>\t\t\t\t\t\t\t\t<\/div>\n\t\t\t\t<\/div>\n\t\t\t\t<div class=\"elementor-element elementor-element-4f52282 elementor-widget-divider--view-line elementor-widget elementor-widget-divider\" data-id=\"4f52282\" data-element_type=\"widget\" data-e-type=\"widget\" data-widget_type=\"divider.default\">\n\t\t\t\t<div class=\"elementor-widget-container\">\n\t\t\t\t\t\t\t<div class=\"elementor-divider\">\n\t\t\t<span class=\"elementor-divider-separator\">\n\t\t\t\t\t\t<\/span>\n\t\t<\/div>\n\t\t\t\t\t\t<\/div>\n\t\t\t\t<\/div>\n\t\t\t\t\t<\/div>\n\t\t<\/div>\n\t\t\t\t\t<\/div>\n\t\t<\/section>\n\t\t\t\t<section class=\"elementor-section elementor-top-section elementor-element elementor-element-6435f82 elementor-section-boxed elementor-section-height-default elementor-section-height-default\" data-id=\"6435f82\" data-element_type=\"section\" data-e-type=\"section\">\n\t\t\t\t\t\t<div class=\"elementor-container elementor-column-gap-default\">\n\t\t\t\t\t<div class=\"elementor-column elementor-col-100 elementor-top-column elementor-element elementor-element-b67b605\" data-id=\"b67b605\" data-element_type=\"column\" data-e-type=\"column\">\n\t\t\t<div class=\"elementor-widget-wrap elementor-element-populated\">\n\t\t\t\t\t\t<div class=\"elementor-element elementor-element-940ee90 elementor-widget elementor-widget-heading\" data-id=\"940ee90\" data-element_type=\"widget\" data-e-type=\"widget\" data-widget_type=\"heading.default\">\n\t\t\t\t<div class=\"elementor-widget-container\">\n\t\t\t\t\t<h2 class=\"elementor-heading-title elementor-size-default\">Versione 1.4 .4 (\ud83c\udf4e) e 2.1 .2(\ud83e\udd16)<\/h2>\t\t\t\t<\/div>\n\t\t\t\t<\/div>\n\t\t\t\t<div class=\"elementor-element elementor-element-ea2b808 elementor-widget elementor-widget-button\" data-id=\"ea2b808\" data-element_type=\"widget\" data-e-type=\"widget\" data-widget_type=\"button.default\">\n\t\t\t\t<div class=\"elementor-widget-container\">\n\t\t\t\t\t\t\t\t\t<div class=\"elementor-button-wrapper\">\n\t\t\t\t\t<a class=\"elementor-button elementor-button-link elementor-size-sm\" href=\"https:\/\/linktr.ee\/spleeftapp\" target=\"_blank\" rel=\"noopener\">\n\t\t\t\t\t\t<span class=\"elementor-button-content-wrapper\">\n\t\t\t\t\t\t\t\t\t<span class=\"elementor-button-text\">23\/11\/2022<\/span>\n\t\t\t\t\t<\/span>\n\t\t\t\t\t<\/a>\n\t\t\t\t<\/div>\n\t\t\t\t\t\t\t\t<\/div>\n\t\t\t\t<\/div>\n\t\t\t\t\t<\/div>\n\t\t<\/div>\n\t\t\t\t\t<\/div>\n\t\t<\/section>\n\t\t\t\t<section class=\"elementor-section elementor-top-section elementor-element elementor-element-6091b14 elementor-section-boxed elementor-section-height-default elementor-section-height-default\" data-id=\"6091b14\" data-element_type=\"section\" data-e-type=\"section\">\n\t\t\t\t\t\t<div class=\"elementor-container elementor-column-gap-default\">\n\t\t\t\t\t<div class=\"elementor-column elementor-col-100 elementor-top-column elementor-element elementor-element-fc81071\" data-id=\"fc81071\" data-element_type=\"column\" data-e-type=\"column\">\n\t\t\t<div class=\"elementor-widget-wrap elementor-element-populated\">\n\t\t\t\t\t\t<div class=\"elementor-element elementor-element-1b66f30 elementor-widget elementor-widget-text-editor\" data-id=\"1b66f30\" data-element_type=\"widget\" data-e-type=\"widget\" data-widget_type=\"text-editor.default\">\n\t\t\t\t<div class=\"elementor-widget-container\">\n\t\t\t\t\t\t\t\t\t<h3><strong><span style=\"color: #333333;\">Miglioramenti<\/span> (\ud83c\udf4e e \ud83e\udd16)<\/strong><\/h3><p>In linea con gli ultimi due aggiornamenti, ora i filtri ROM e velocity vengono calcolati automaticamente per ogni serie. Questa funzionalit\u00e0 \u00e8 impostata di default (consigliata), ma puoi passare ai filtri manuali (se stai sperimentando problemi o altro) nelle impostazioni.<\/p><p>COME FUNZIONA? Per il filtro ROM, i valori inferiori o lontani da 35% della media della serie non sono considerati validi e il segnale viene rielaborato. Idem per il filtro di velocit\u00e0.<\/p><h3><span style=\"color: #333333;\"><strong>Correzione bug \ud83d\udc1b (\ud83c\udf4e <\/strong><\/span><strong style=\"color: #333333; font-size: 1.5rem;\">)<\/strong><\/h3><p>Risolti i problemi con il feedback audio in iOS 16.<\/p>\t\t\t\t\t\t\t\t<\/div>\n\t\t\t\t<\/div>\n\t\t\t\t<div class=\"elementor-element elementor-element-c0c9ca4 elementor-widget-divider--view-line elementor-widget elementor-widget-divider\" data-id=\"c0c9ca4\" data-element_type=\"widget\" data-e-type=\"widget\" data-widget_type=\"divider.default\">\n\t\t\t\t<div class=\"elementor-widget-container\">\n\t\t\t\t\t\t\t<div class=\"elementor-divider\">\n\t\t\t<span class=\"elementor-divider-separator\">\n\t\t\t\t\t\t<\/span>\n\t\t<\/div>\n\t\t\t\t\t\t<\/div>\n\t\t\t\t<\/div>\n\t\t\t\t\t<\/div>\n\t\t<\/div>\n\t\t\t\t\t<\/div>\n\t\t<\/section>\n\t\t\t\t<section class=\"elementor-section elementor-top-section elementor-element elementor-element-97aefcf elementor-section-boxed elementor-section-height-default elementor-section-height-default\" data-id=\"97aefcf\" data-element_type=\"section\" data-e-type=\"section\">\n\t\t\t\t\t\t<div class=\"elementor-container elementor-column-gap-default\">\n\t\t\t\t\t<div class=\"elementor-column elementor-col-100 elementor-top-column elementor-element elementor-element-9446448\" data-id=\"9446448\" data-element_type=\"column\" data-e-type=\"column\">\n\t\t\t<div class=\"elementor-widget-wrap elementor-element-populated\">\n\t\t\t\t\t\t<div class=\"elementor-element elementor-element-453a43a elementor-widget elementor-widget-heading\" data-id=\"453a43a\" data-element_type=\"widget\" data-e-type=\"widget\" data-widget_type=\"heading.default\">\n\t\t\t\t<div class=\"elementor-widget-container\">\n\t\t\t\t\t<h2 class=\"elementor-heading-title elementor-size-default\">Versione 1.4 .2 (\ud83c\udf4e) e 2.1 .1(\ud83e\udd16)<\/h2>\t\t\t\t<\/div>\n\t\t\t\t<\/div>\n\t\t\t\t<div class=\"elementor-element elementor-element-c58be9a elementor-widget elementor-widget-button\" data-id=\"c58be9a\" data-element_type=\"widget\" data-e-type=\"widget\" data-widget_type=\"button.default\">\n\t\t\t\t<div class=\"elementor-widget-container\">\n\t\t\t\t\t\t\t\t\t<div class=\"elementor-button-wrapper\">\n\t\t\t\t\t<a class=\"elementor-button elementor-button-link elementor-size-sm\" href=\"https:\/\/linktr.ee\/spleeftapp\" target=\"_blank\" rel=\"noopener\">\n\t\t\t\t\t\t<span class=\"elementor-button-content-wrapper\">\n\t\t\t\t\t\t\t\t\t<span class=\"elementor-button-text\">19\/11\/2022<\/span>\n\t\t\t\t\t<\/span>\n\t\t\t\t\t<\/a>\n\t\t\t\t<\/div>\n\t\t\t\t\t\t\t\t<\/div>\n\t\t\t\t<\/div>\n\t\t\t\t\t<\/div>\n\t\t<\/div>\n\t\t\t\t\t<\/div>\n\t\t<\/section>\n\t\t\t\t<section class=\"elementor-section elementor-top-section elementor-element elementor-element-d7fd0bc elementor-section-boxed elementor-section-height-default elementor-section-height-default\" data-id=\"d7fd0bc\" data-element_type=\"section\" data-e-type=\"section\">\n\t\t\t\t\t\t<div class=\"elementor-container elementor-column-gap-default\">\n\t\t\t\t\t<div class=\"elementor-column elementor-col-100 elementor-top-column elementor-element elementor-element-c47d4cb\" data-id=\"c47d4cb\" data-element_type=\"column\" data-e-type=\"column\">\n\t\t\t<div class=\"elementor-widget-wrap elementor-element-populated\">\n\t\t\t\t\t\t<div class=\"elementor-element elementor-element-da49a39 elementor-widget elementor-widget-text-editor\" data-id=\"da49a39\" data-element_type=\"widget\" data-e-type=\"widget\" data-widget_type=\"text-editor.default\">\n\t\t\t\t<div class=\"elementor-widget-container\">\n\t\t\t\t\t\t\t\t\t<h3><strong><span style=\"color: #333333;\">Miglioramenti<\/span> (\ud83c\udf4e e \ud83e\udd16)<\/strong><\/h3><p>Abbiamo ottimizzato l&#039;app in modo che tu possa impostare un filtro di velocit\u00e0 (impostazioni nella schermata di velocit\u00e0 in tempo reale nell&#039;angolo in alto a destra) per migliorare l&#039;accuratezza delle misurazioni. Dopo l&#039;ultimo aggiornamento, se l&#039;app rileva una ripetizione sotto il filtro di intervallo di movimento o il filtro di velocit\u00e0, la ripetizione non viene conteggiata ma il segnale viene rielaborato quando viene rilevata un&#039;altra ripetizione. misura gli esercizi su una macchina.\u00a0<\/p><p>COME MIGLIORARE IL CONTEGGIO DELLE REP. E LA PRECISIONE DELLA VELOCIT\u00c0 CON QUESTI AGGIORNAMENTI? Basta impostare un filtro di velocit\u00e0 e ROM vicino al risultato previsto. Ad esempio: se si prevede di sollevare 60 kg in back-squat a 0,74 m\/s e con un ROM di 50 cm, impostare i filtri un po&#039; bassi, ad esempio di 0,5 m\/s e 30 cm. Ci\u00f2 verr\u00e0 fatto automaticamente nei seguenti aggiornamenti.\u00a0<\/p><p>Il tempo di risposta \u00e8 stato ridotto: ora il feedback sulla velocit\u00e0 viene fornito un po&#039; prima.\u00a0<\/p><h3><span style=\"color: #333333;\"><strong>Nuove funzionalit\u00e0 (\ud83c\udf4e\u00a0<\/strong><\/span>e \ud83e\udd16<strong style=\"color: #333333; font-size: 1.5rem;\">)<\/strong><\/h3><ol><li><span style=\"text-decoration: underline;\">NUOVI ESERCIZI:<\/span> esercizi con macchine come lat pull-down o leg press sono stati testati (per questo \u00e8 necessario usare filtri di velocit\u00e0) e aggiunti all&#039;elenco degli esercizi. Basta appoggiare il telefono sui piatti e misurare la velocit\u00e0 verticale.<\/li><\/ol><p>IMPORTANTE: la leg press inclinata \u00e8 dotata di una correzione del fattore sen(45\u00ba). Attualmente Spleeft misura la velocit\u00e0 di movimento solo sull&#039;asse verticale, ma in questo esercizio la forza viene applicata con 45 gradi di inclinazione.\u00a0<\/p>\t\t\t\t\t\t\t\t<\/div>\n\t\t\t\t<\/div>\n\t\t\t\t<div class=\"elementor-element elementor-element-de1bed7 elementor-widget-divider--view-line elementor-widget elementor-widget-divider\" data-id=\"de1bed7\" data-element_type=\"widget\" data-e-type=\"widget\" data-widget_type=\"divider.default\">\n\t\t\t\t<div class=\"elementor-widget-container\">\n\t\t\t\t\t\t\t<div class=\"elementor-divider\">\n\t\t\t<span class=\"elementor-divider-separator\">\n\t\t\t\t\t\t<\/span>\n\t\t<\/div>\n\t\t\t\t\t\t<\/div>\n\t\t\t\t<\/div>\n\t\t\t\t\t<\/div>\n\t\t<\/div>\n\t\t\t\t\t<\/div>\n\t\t<\/section>\n\t\t\t\t<section class=\"elementor-section elementor-top-section elementor-element elementor-element-3e39ec6 elementor-section-boxed elementor-section-height-default elementor-section-height-default\" data-id=\"3e39ec6\" data-element_type=\"section\" data-e-type=\"section\">\n\t\t\t\t\t\t<div class=\"elementor-container elementor-column-gap-default\">\n\t\t\t\t\t<div class=\"elementor-column elementor-col-100 elementor-top-column elementor-element elementor-element-11ca8c3\" data-id=\"11ca8c3\" data-element_type=\"column\" data-e-type=\"column\">\n\t\t\t<div class=\"elementor-widget-wrap elementor-element-populated\">\n\t\t\t\t\t\t<div class=\"elementor-element elementor-element-a7721d9 elementor-widget elementor-widget-heading\" data-id=\"a7721d9\" data-element_type=\"widget\" data-e-type=\"widget\" data-widget_type=\"heading.default\">\n\t\t\t\t<div class=\"elementor-widget-container\">\n\t\t\t\t\t<h2 class=\"elementor-heading-title elementor-size-default\">Versione 1.4 (\ud83c\udf4e) e 2.1 (\ud83e\udd16)<\/h2>\t\t\t\t<\/div>\n\t\t\t\t<\/div>\n\t\t\t\t<div class=\"elementor-element elementor-element-7a8a7d9 elementor-widget elementor-widget-button\" data-id=\"7a8a7d9\" data-element_type=\"widget\" data-e-type=\"widget\" data-widget_type=\"button.default\">\n\t\t\t\t<div class=\"elementor-widget-container\">\n\t\t\t\t\t\t\t\t\t<div class=\"elementor-button-wrapper\">\n\t\t\t\t\t<a class=\"elementor-button elementor-button-link elementor-size-sm\" href=\"https:\/\/linktr.ee\/spleeftapp\" target=\"_blank\" rel=\"noopener\">\n\t\t\t\t\t\t<span class=\"elementor-button-content-wrapper\">\n\t\t\t\t\t\t\t\t\t<span class=\"elementor-button-text\">3\/11\/2022<\/span>\n\t\t\t\t\t<\/span>\n\t\t\t\t\t<\/a>\n\t\t\t\t<\/div>\n\t\t\t\t\t\t\t\t<\/div>\n\t\t\t\t<\/div>\n\t\t\t\t\t<\/div>\n\t\t<\/div>\n\t\t\t\t\t<\/div>\n\t\t<\/section>\n\t\t\t\t<section class=\"elementor-section elementor-top-section elementor-element elementor-element-0890bae elementor-section-boxed elementor-section-height-default elementor-section-height-default\" data-id=\"0890bae\" data-element_type=\"section\" data-e-type=\"section\">\n\t\t\t\t\t\t<div class=\"elementor-container elementor-column-gap-default\">\n\t\t\t\t\t<div class=\"elementor-column elementor-col-100 elementor-top-column elementor-element elementor-element-46e05e7\" data-id=\"46e05e7\" data-element_type=\"column\" data-e-type=\"column\">\n\t\t\t<div class=\"elementor-widget-wrap elementor-element-populated\">\n\t\t\t\t\t\t<div class=\"elementor-element elementor-element-e5122dd elementor-widget elementor-widget-text-editor\" data-id=\"e5122dd\" data-element_type=\"widget\" data-e-type=\"widget\" data-widget_type=\"text-editor.default\">\n\t\t\t\t<div class=\"elementor-widget-container\">\n\t\t\t\t\t\t\t\t\t<h3><strong><span style=\"color: #333333;\">Miglioramenti<\/span> (\ud83c\udf4e e \ud83e\udd16)<\/strong><\/h3><p>Miglioramento del tracciamento della velocit\u00e0 con la precisione dell&#039;accelerometro rielaborando il segnale ogni volta che viene rilevato un piccolo movimento ed eliminando il segnale subito dopo una ripetizione. In precedenza il segnale veniva cancellato quando veniva rilevata una velocit\u00e0 pari a zero. Ora Spleeft \u00e8 pi\u00f9 in grado di rilevare le ripetizioni pi\u00f9 lente, ma il tempo di risposta (tempo tra la fine del movimento e il feedback della velocit\u00e0) \u00e8 pi\u00f9 significativo.<\/p><h3><span style=\"color: #333333;\"><strong>Nuove funzionalit\u00e0 (\ud83c\udf4e)<\/strong><\/span><\/h3><ol><li><span style=\"text-decoration: underline;\">Profilo automatico carico-velocit\u00e0.<\/span> Attualmente Spleeft \u00e8 in grado di eseguire profili carico-velocit\u00e0 in base ai dati storici e ad alcune condizioni per essere affidabile. <a href=\"https:\/\/spleeft.app\/autoregulation-1-automatic-load-velocity-profile-and-daily-1rm-estimation\/\" target=\"_blank\">Per maggiori informazioni clicca qui.<\/a><\/li><li><span style=\"text-decoration: underline;\">Stima giornaliera di 1RM<\/span>: sulla base del precedente profilo carico-velocit\u00e0, Spleeft ora pu\u00f2 fornirti una stima del tuo 1RM giornaliero per migliorare l&#039;autoregolazione. <a href=\"https:\/\/spleeft.app\/autoregulation-1-automatic-load-velocity-profile-and-daily-1rm-estimation\/\" target=\"_blank\">Per maggiori informazioni clicca qui.\u00a0<\/a><\/li><li><span style=\"text-decoration: underline;\">Feedback di potenza in tempo reale<\/span>: nella schermata di monitoraggio della velocit\u00e0 in alto a destra tocca il pulsante delle impostazioni e scegli tra feedback di velocit\u00e0 o di potenza.\u00a0<\/li><li>\u00a0<span style=\"text-decoration: underline;\">Potenza massima con un dato carico monitoraggio a lungo termine<\/span>Come nel primo caso, puoi scegliere tra velocit\u00e0 o potenza nel grafico cronologico. <a href=\"https:\/\/spleeft.app\/manage-your-long-term-performance-with-velocity-based-training\/\" target=\"_blank\">Per maggiori informazioni clicca qui.<\/a><\/li><li>\u00a0<span style=\"text-decoration: underline;\">Modifica il carico nella schermata di riepilogo della serie<\/span>Fai clic a lungo sul carico e inserisci quello corretto.\u00a0<\/li><\/ol><p>Ricordate il nostro post sulla nuova funzionalit\u00e0 dell&#039;ultimo aggiornamento: <a href=\"https:\/\/spleeft.app\/autoregulate-your-resistance-training-with-z-scores\/\" target=\"_blank\">Z-Score per l&#039;autoregolamentazione.<\/a><\/p>\t\t\t\t\t\t\t\t<\/div>\n\t\t\t\t<\/div>\n\t\t\t\t\t<\/div>\n\t\t<\/div>\n\t\t\t\t\t<\/div>\n\t\t<\/section>\n\t\t\t\t<\/div>","protected":false},"excerpt":{"rendered":"<p>Version 2.2 (on Android \ud83e\udd16) 6\/03\/2023 Improvements (\ud83e\udd16) At the top of the real-time velocity screen you have to chance to calibrate your phone&#8217;s sensor. First of all place the phone on a surface an let it without movements for ten seconds. At the screen you will see the mean acceleration of the last 8 &hellip; <\/p>\n<p class=\"link-more\"><a href=\"https:\/\/spleeft.app\/it\/registro-delle-modifiche\/\" class=\"more-link\">Leggi tutto<span class=\"screen-reader-text\"> &#8220;Last Updates&#8221;<\/span><\/a><\/p>","protected":false},"author":1,"featured_media":0,"parent":0,"menu_order":0,"comment_status":"open","ping_status":"closed","template":"page-templates\/full-width-builder-bb.php","meta":{"om_disable_all_campaigns":false,"_monsterinsights_skip_tracking":false,"_monsterinsights_sitenote_active":false,"_monsterinsights_sitenote_note":"","_monsterinsights_sitenote_category":0,"footnotes":""},"class_list":["post-5206","page","type-page","status-publish","hentry"],"_links":{"self":[{"href":"https:\/\/spleeft.app\/it\/wp-json\/wp\/v2\/pages\/5206","targetHints":{"allow":["GET"]}}],"collection":[{"href":"https:\/\/spleeft.app\/it\/wp-json\/wp\/v2\/pages"}],"about":[{"href":"https:\/\/spleeft.app\/it\/wp-json\/wp\/v2\/types\/page"}],"author":[{"embeddable":true,"href":"https:\/\/spleeft.app\/it\/wp-json\/wp\/v2\/users\/1"}],"replies":[{"embeddable":true,"href":"https:\/\/spleeft.app\/it\/wp-json\/wp\/v2\/comments?post=5206"}],"version-history":[{"count":0,"href":"https:\/\/spleeft.app\/it\/wp-json\/wp\/v2\/pages\/5206\/revisions"}],"wp:attachment":[{"href":"https:\/\/spleeft.app\/it\/wp-json\/wp\/v2\/media?parent=5206"}],"curies":[{"name":"parola chiave","href":"https:\/\/api.w.org\/{rel}","templated":true}]}}