{"id":10433,"date":"2025-07-07T12:34:24","date_gmt":"2025-07-07T10:34:24","guid":{"rendered":"https:\/\/spleeft.app\/?page_id=10433"},"modified":"2025-07-07T12:48:58","modified_gmt":"2025-07-07T10:48:58","slug":"colomba-6","status":"publish","type":"page","link":"https:\/\/spleeft.app\/it\/colomba-6\/","title":{"rendered":"Referito \u2013 ASKESIS"},"content":{"rendered":"<div data-elementor-type=\"wp-page\" data-elementor-id=\"10433\" class=\"elementor elementor-10433\" data-elementor-post-type=\"page\">\n\t\t\t\t\t\t<section class=\"elementor-section elementor-top-section elementor-element elementor-element-16df6dd4 elementor-section-height-min-height elementor-section-boxed elementor-section-height-default elementor-section-items-middle\" data-id=\"16df6dd4\" data-element_type=\"section\" data-e-type=\"section\" data-settings=\"{&quot;background_background&quot;:&quot;classic&quot;}\">\n\t\t\t\t\t\t\t<div class=\"elementor-background-overlay\"><\/div>\n\t\t\t\t\t\t\t<div class=\"elementor-container elementor-column-gap-no\">\n\t\t\t\t\t<div class=\"elementor-column elementor-col-100 elementor-top-column elementor-element elementor-element-65ce748c\" data-id=\"65ce748c\" data-element_type=\"column\" data-e-type=\"column\" data-settings=\"{&quot;background_background&quot;:&quot;classic&quot;}\">\n\t\t\t<div class=\"elementor-widget-wrap elementor-element-populated\">\n\t\t\t\t\t\t<div class=\"elementor-element elementor-element-392e711 elementor-widget elementor-widget-heading\" data-id=\"392e711\" data-element_type=\"widget\" data-e-type=\"widget\" data-widget_type=\"heading.default\">\n\t\t\t\t<div class=\"elementor-widget-container\">\n\t\t\t\t\t<h2 class=\"elementor-heading-title elementor-size-default\"><span style=\"color:#E64B19\">ASKESIS <\/span> X <span style=\"color:#E64B19\">SPLEEFTAPP\n<\/span> Collaborazione<\/h2>\t\t\t\t<\/div>\n\t\t\t\t<\/div>\n\t\t\t\t<div class=\"elementor-element elementor-element-0522e32 elementor-widget elementor-widget-heading\" data-id=\"0522e32\" data-element_type=\"widget\" data-e-type=\"widget\" data-widget_type=\"heading.default\">\n\t\t\t\t<div class=\"elementor-widget-container\">\n\t\t\t\t\t<h1 class=\"elementor-heading-title elementor-size-default\">Scaricamento <span style=\"color:#E64B19\"> AppSpleeft <\/span> e provalo per <span style=\"color:#E64B19\">GRATUITO\n<\/span> per iOS <\/h1>\t\t\t\t<\/div>\n\t\t\t\t<\/div>\n\t\t\t\t<div class=\"elementor-element elementor-element-4d43b2a elementor-widget elementor-widget-image\" data-id=\"4d43b2a\" data-element_type=\"widget\" data-e-type=\"widget\" data-widget_type=\"image.default\">\n\t\t\t\t<div class=\"elementor-widget-container\">\n\t\t\t\t\t\t\t\t\t\t\t\t\t\t\t<img fetchpriority=\"high\" decoding=\"async\" width=\"512\" height=\"512\" src=\"https:\/\/spleeft.app\/wp-content\/uploads\/2024\/01\/Iconos-android-BLANCO.png\" class=\"attachment-large size-large wp-image-6992\" alt=\"Iconos android BLANCO - Referido - ASKESIS\" srcset=\"https:\/\/spleeft.app\/wp-content\/uploads\/2024\/01\/Iconos-android-BLANCO.png 512w, https:\/\/spleeft.app\/wp-content\/uploads\/2024\/01\/Iconos-android-BLANCO-300x300.png 300w, https:\/\/spleeft.app\/wp-content\/uploads\/2024\/01\/Iconos-android-BLANCO-150x150.png 150w, https:\/\/spleeft.app\/wp-content\/uploads\/2024\/01\/Iconos-android-BLANCO-12x12.png 12w\" sizes=\"100vw\" title=\"Referido - ASKESIS, Referido - ASKESIS\" \/>\t\t\t\t\t\t\t\t\t\t\t\t\t\t\t<\/div>\n\t\t\t\t<\/div>\n\t\t\t\t<div class=\"elementor-element elementor-element-376a7d2 elementor-widget elementor-widget-text-editor\" data-id=\"376a7d2\" data-element_type=\"widget\" data-e-type=\"widget\" data-widget_type=\"text-editor.default\">\n\t\t\t\t<div class=\"elementor-widget-container\">\n\t\t\t\t\t\t\t\t\t<p data-pm-slice=\"1 1 []\"><strong>Inizia un allenamento smart con Spleeft: monitora la velocit\u00e0 del bilanciere, l&#039;altezza del salto, l&#039;1RM e l&#039;affaticamento in tempo reale. Crea il tuo profilo carico-velocit\u00e0 e ottimizza l&#039;allenamento. Completamente compatibile con tutti i dispositivi VBT, perfetto per allenatori e atleti.<\/strong><\/p>\t\t\t\t\t\t\t\t<\/div>\n\t\t\t\t<\/div>\n\t\t\t\t<div class=\"elementor-element elementor-element-bf03a9f elementor-widget__width-initial elementor-view-default elementor-widget elementor-widget-icon\" data-id=\"bf03a9f\" data-element_type=\"widget\" data-e-type=\"widget\" data-widget_type=\"icon.default\">\n\t\t\t\t<div class=\"elementor-widget-container\">\n\t\t\t\t\t\t\t<div class=\"elementor-icon-wrapper\">\n\t\t\t<div class=\"elementor-icon\">\n\t\t\t<i aria-hidden=\"true\" class=\"fas fa-exclamation-triangle\"><\/i>\t\t\t<\/div>\n\t\t<\/div>\n\t\t\t\t\t\t<\/div>\n\t\t\t\t<\/div>\n\t\t\t\t<div class=\"elementor-element elementor-element-e56be74 elementor-widget__width-initial elementor-widget-mobile__width-initial elementor-widget elementor-widget-text-editor\" data-id=\"e56be74\" data-element_type=\"widget\" data-e-type=\"widget\" data-widget_type=\"text-editor.default\">\n\t\t\t\t<div class=\"elementor-widget-container\">\n\t\t\t\t\t\t\t\t\t<p><strong>Tutti gli utenti di Spleeft hanno un periodo di prova gratuito di 3 giorni. Se dopo questo periodo decidete di provare uno qualsiasi dei loro prodotti, vi consiglio di acquistarli tramite questi link per ottenere un ulteriore periodo gratuito.<\/strong><\/p>\t\t\t\t\t\t\t\t<\/div>\n\t\t\t\t<\/div>\n\t\t\t\t\t<\/div>\n\t\t<\/div>\n\t\t\t\t\t<\/div>\n\t\t<\/section>\n\t\t\t\t<section class=\"elementor-section elementor-top-section elementor-element elementor-element-18c52fd8 elementor-section-boxed elementor-section-height-default elementor-section-height-default\" data-id=\"18c52fd8\" data-element_type=\"section\" data-e-type=\"section\" data-settings=\"{&quot;background_background&quot;:&quot;gradient&quot;}\">\n\t\t\t\t\t\t<div class=\"elementor-container elementor-column-gap-wider\">\n\t\t\t\t\t<div class=\"elementor-column elementor-col-50 elementor-top-column elementor-element elementor-element-5b9df77c\" data-id=\"5b9df77c\" data-element_type=\"column\" data-e-type=\"column\">\n\t\t\t<div class=\"elementor-widget-wrap elementor-element-populated\">\n\t\t\t\t\t\t<div class=\"elementor-element elementor-element-19cfc94e elementor-widget elementor-widget-heading\" data-id=\"19cfc94e\" data-element_type=\"widget\" data-e-type=\"widget\" data-widget_type=\"heading.default\">\n\t\t\t\t<div class=\"elementor-widget-container\">\n\t\t\t\t\t<h3 class=\"elementor-heading-title elementor-size-default\">MELA<\/h3>\t\t\t\t<\/div>\n\t\t\t\t<\/div>\n\t\t\t\t<div class=\"elementor-element elementor-element-36e12d2b elementor-widget elementor-widget-heading\" data-id=\"36e12d2b\" data-element_type=\"widget\" data-e-type=\"widget\" data-widget_type=\"heading.default\">\n\t\t\t\t<div class=\"elementor-widget-container\">\n\t\t\t\t\t<h2 class=\"elementor-heading-title elementor-size-default\">Usa Spleeft per iOS <br> iPhone, Apple Watch, iPad e Mac<\/h2>\t\t\t\t<\/div>\n\t\t\t\t<\/div>\n\t\t\t\t<div class=\"elementor-element elementor-element-d305810 elementor-widget elementor-widget-text-editor\" data-id=\"d305810\" data-element_type=\"widget\" data-e-type=\"widget\" data-widget_type=\"text-editor.default\">\n\t\t\t\t<div class=\"elementor-widget-container\">\n\t\t\t\t\t\t\t\t\t<p><strong><span style=\"color: #e64b19;\"> Spleeft PRO <\/span><\/strong>: abbonamento pensato per singoli atleti che ti d\u00e0 accesso a tutte le funzionalit\u00e0 individuali: misura la velocit\u00e0 di esecuzione o l&#039;altezza del salto con il tuo iPhone o Apple Watch. Analisi avanzata dei dati con evoluzione delle prestazioni e identificazione dei punti di forza. Esporta i dati al tuo coach e importali da qualsiasi dispositivo VBT (integrazione nativa con ADR Encoder e Vitruve):<\/p><p><em>*Ricevi una settimana gratuita quando acquisti l&#039;abbonamento mensile o un mese gratuito quando acquisti l&#039;abbonamento annuale.<\/em><\/p>\t\t\t\t\t\t\t\t<\/div>\n\t\t\t\t<\/div>\n\t\t\t\t<div class=\"elementor-element elementor-element-790e122 elementor-align-center elementor-widget__width-auto elementor-widget elementor-widget-button\" data-id=\"790e122\" data-element_type=\"widget\" data-e-type=\"widget\" data-widget_type=\"button.default\">\n\t\t\t\t<div class=\"elementor-widget-container\">\n\t\t\t\t\t\t\t\t\t<div class=\"elementor-button-wrapper\">\n\t\t\t\t\t<a class=\"elementor-button elementor-button-link elementor-size-sm\" href=\"https:\/\/apps.apple.com\/redeem?ctx=offercodes&#038;id=1606893985&#038;code=ASKESISSPM\" target=\"_blank\" rel=\"nofollow noopener\" spleeft=\"\">\n\t\t\t\t\t\t<span class=\"elementor-button-content-wrapper\">\n\t\t\t\t\t\t\t\t\t<span class=\"elementor-button-text\">SETTIMANA GRATUITA<\/span>\n\t\t\t\t\t<\/span>\n\t\t\t\t\t<\/a>\n\t\t\t\t<\/div>\n\t\t\t\t\t\t\t\t<\/div>\n\t\t\t\t<\/div>\n\t\t\t\t<div class=\"elementor-element elementor-element-50988f8 elementor-align-center elementor-widget__width-auto elementor-widget elementor-widget-button\" data-id=\"50988f8\" data-element_type=\"widget\" data-e-type=\"widget\" data-widget_type=\"button.default\">\n\t\t\t\t<div class=\"elementor-widget-container\">\n\t\t\t\t\t\t\t\t\t<div class=\"elementor-button-wrapper\">\n\t\t\t\t\t<a class=\"elementor-button elementor-button-link elementor-size-sm\" href=\"https:\/\/apps.apple.com\/redeem?ctx=offercodes&#038;id=1606893985&#038;code=ASKESISSPA\" target=\"_blank\" rel=\"nofollow noopener\" spleeft=\"\">\n\t\t\t\t\t\t<span class=\"elementor-button-content-wrapper\">\n\t\t\t\t\t\t\t\t\t<span class=\"elementor-button-text\">MESE GRATUITO<\/span>\n\t\t\t\t\t<\/span>\n\t\t\t\t\t<\/a>\n\t\t\t\t<\/div>\n\t\t\t\t\t\t\t\t<\/div>\n\t\t\t\t<\/div>\n\t\t\t\t<div class=\"elementor-element elementor-element-c91364e elementor-widget elementor-widget-text-editor\" data-id=\"c91364e\" data-element_type=\"widget\" data-e-type=\"widget\" data-widget_type=\"text-editor.default\">\n\t\t\t\t<div class=\"elementor-widget-container\">\n\t\t\t\t\t\t\t\t\t<p><strong><span style=\"color: #e64b19;\"> Allenatore di Spleeft <\/span><\/strong>: abbonamento pensato per gli allenatori. Oltre alle funzionalit\u00e0 di Spleeft PRO, aggiunge funzionalit\u00e0 di analisi pensate per gli allenatori. Inoltre, \u00e8 possibile gestire i dati di un massimo di 10 atleti.<\/p><p>\u00a0<\/p><p><em>*Ricevi una settimana gratuita quando acquisti l&#039;abbonamento mensile o un mese gratuito quando acquisti l&#039;abbonamento annuale.<\/em><\/p>\t\t\t\t\t\t\t\t<\/div>\n\t\t\t\t<\/div>\n\t\t\t\t<div class=\"elementor-element elementor-element-6c448fd elementor-align-center elementor-widget__width-auto elementor-widget elementor-widget-button\" data-id=\"6c448fd\" data-element_type=\"widget\" data-e-type=\"widget\" data-widget_type=\"button.default\">\n\t\t\t\t<div class=\"elementor-widget-container\">\n\t\t\t\t\t\t\t\t\t<div class=\"elementor-button-wrapper\">\n\t\t\t\t\t<a class=\"elementor-button elementor-button-link elementor-size-sm\" href=\"https:\/\/apps.apple.com\/redeem?ctx=offercodes&#038;id=1606893985&#038;code=ASKESISCM\" target=\"_blank\" rel=\"nofollow noopener\" spleeft=\"\">\n\t\t\t\t\t\t<span class=\"elementor-button-content-wrapper\">\n\t\t\t\t\t\t\t\t\t<span class=\"elementor-button-text\">SETTIMANA GRATUITA<\/span>\n\t\t\t\t\t<\/span>\n\t\t\t\t\t<\/a>\n\t\t\t\t<\/div>\n\t\t\t\t\t\t\t\t<\/div>\n\t\t\t\t<\/div>\n\t\t\t\t<div class=\"elementor-element elementor-element-65f5f62 elementor-align-center elementor-widget__width-auto elementor-widget elementor-widget-button\" data-id=\"65f5f62\" data-element_type=\"widget\" data-e-type=\"widget\" data-widget_type=\"button.default\">\n\t\t\t\t<div class=\"elementor-widget-container\">\n\t\t\t\t\t\t\t\t\t<div class=\"elementor-button-wrapper\">\n\t\t\t\t\t<a class=\"elementor-button elementor-button-link elementor-size-sm\" href=\"https:\/\/apps.apple.com\/redeem?ctx=offercodes&#038;id=1606893985&#038;code=ASKESISCA\" target=\"_blank\" rel=\"nofollow noopener\" spleeft=\"\">\n\t\t\t\t\t\t<span class=\"elementor-button-content-wrapper\">\n\t\t\t\t\t\t\t\t\t<span class=\"elementor-button-text\">MESE GRATUITO<\/span>\n\t\t\t\t\t<\/span>\n\t\t\t\t\t<\/a>\n\t\t\t\t<\/div>\n\t\t\t\t\t\t\t\t<\/div>\n\t\t\t\t<\/div>\n\t\t\t\t<div class=\"elementor-element elementor-element-fdd0980 elementor-widget elementor-widget-text-editor\" data-id=\"fdd0980\" data-element_type=\"widget\" data-e-type=\"widget\" data-widget_type=\"text-editor.default\">\n\t\t\t\t<div class=\"elementor-widget-container\">\n\t\t\t\t\t\t\t\t\t<p><strong><span style=\"color: #e64b19;\"> Spleeft Big Coach <\/span><\/strong>: oltre a sbloccare tutte le funzionalit\u00e0 sopra menzionate, potrai creare profili illimitati per tutti i tuoi atleti.<\/p><p><em>*Ricevi una settimana gratuita quando acquisti l&#039;abbonamento mensile o un mese gratuito quando acquisti l&#039;abbonamento annuale.<\/em><\/p>\t\t\t\t\t\t\t\t<\/div>\n\t\t\t\t<\/div>\n\t\t\t\t<div class=\"elementor-element elementor-element-273b5e7 elementor-align-center elementor-widget__width-auto elementor-widget elementor-widget-button\" data-id=\"273b5e7\" data-element_type=\"widget\" data-e-type=\"widget\" data-widget_type=\"button.default\">\n\t\t\t\t<div class=\"elementor-widget-container\">\n\t\t\t\t\t\t\t\t\t<div class=\"elementor-button-wrapper\">\n\t\t\t\t\t<a class=\"elementor-button elementor-button-link elementor-size-sm\" href=\"https:\/\/apps.apple.com\/redeem?ctx=offercodes&#038;id=1606893985&#038;code=ASKESISBCM\" target=\"_blank\" rel=\"nofollow noopener\" spleeft=\"\">\n\t\t\t\t\t\t<span class=\"elementor-button-content-wrapper\">\n\t\t\t\t\t\t\t\t\t<span class=\"elementor-button-text\">SETTIMANA GRATUITA<\/span>\n\t\t\t\t\t<\/span>\n\t\t\t\t\t<\/a>\n\t\t\t\t<\/div>\n\t\t\t\t\t\t\t\t<\/div>\n\t\t\t\t<\/div>\n\t\t\t\t<div class=\"elementor-element elementor-element-a6ed4ca elementor-align-center elementor-widget__width-auto elementor-widget elementor-widget-button\" data-id=\"a6ed4ca\" data-element_type=\"widget\" data-e-type=\"widget\" data-widget_type=\"button.default\">\n\t\t\t\t<div class=\"elementor-widget-container\">\n\t\t\t\t\t\t\t\t\t<div class=\"elementor-button-wrapper\">\n\t\t\t\t\t<a class=\"elementor-button elementor-button-link elementor-size-sm\" href=\"https:\/\/apps.apple.com\/redeem?ctx=offercodes&#038;id=1606893985&#038;code=ASKESISBCA\" target=\"_blank\" rel=\"nofollow noopener\" spleeft=\"\">\n\t\t\t\t\t\t<span class=\"elementor-button-content-wrapper\">\n\t\t\t\t\t\t\t\t\t<span class=\"elementor-button-text\">MESE GRATUITO<\/span>\n\t\t\t\t\t<\/span>\n\t\t\t\t\t<\/a>\n\t\t\t\t<\/div>\n\t\t\t\t\t\t\t\t<\/div>\n\t\t\t\t<\/div>\n\t\t\t\t<div class=\"elementor-element elementor-element-69cb0b7 elementor-widget-mobile__width-initial elementor-widget elementor-widget-counter\" data-id=\"69cb0b7\" data-element_type=\"widget\" data-e-type=\"widget\" data-widget_type=\"counter.default\">\n\t\t\t\t<div class=\"elementor-widget-container\">\n\t\t\t\t\t\t\t<div class=\"elementor-counter\">\n\t\t\t<div class=\"elementor-counter-title\">Allenatori e atleti usano Spleeft ogni giorno<\/div>\t\t\t<div class=\"elementor-counter-number-wrapper\">\n\t\t\t\t<span class=\"elementor-counter-number-prefix\"><\/span>\n\t\t\t\t<span class=\"elementor-counter-number\" data-duration=\"2000\" data-to-value=\"5633\" data-from-value=\"0\" data-delimiter=\",\">0<\/span>\n\t\t\t\t<span class=\"elementor-counter-number-suffix\"><\/span>\n\t\t\t<\/div>\n\t\t<\/div>\n\t\t\t\t\t\t<\/div>\n\t\t\t\t<\/div>\n\t\t\t\t\t<\/div>\n\t\t<\/div>\n\t\t\t\t<div class=\"elementor-column elementor-col-50 elementor-top-column elementor-element elementor-element-2e0a2b1d\" data-id=\"2e0a2b1d\" data-element_type=\"column\" data-e-type=\"column\">\n\t\t\t<div class=\"elementor-widget-wrap elementor-element-populated\">\n\t\t\t\t\t\t<div class=\"elementor-element elementor-element-e551844 elementor--h-position-left elementor--v-position-bottom elementor-arrows-position-inside elementor-widget elementor-widget-slides\" data-id=\"e551844\" data-element_type=\"widget\" data-e-type=\"widget\" data-settings=\"{&quot;navigation&quot;:&quot;arrows&quot;,&quot;infinite&quot;:&quot;yes&quot;,&quot;transition&quot;:&quot;slide&quot;,&quot;transition_speed&quot;:500}\" data-widget_type=\"slides.default\">\n\t\t\t\t<div class=\"elementor-widget-container\">\n\t\t\t\t\t\t\t\t\t<div class=\"elementor-swiper\">\n\t\t\t\t\t<div class=\"elementor-slides-wrapper elementor-main-swiper swiper\" role=\"region\" aria-roledescription=\"carousel\" aria-label=\"Diapositive\" dir=\"ltr\" data-animation=\"fadeInUp\">\n\t\t\t\t<div class=\"swiper-wrapper elementor-slides\">\n\t\t\t\t\t\t\t\t\t\t<div class=\"elementor-repeater-item-2a371ed swiper-slide\" role=\"group\" aria-roledescription=\"slide\"><div class=\"swiper-slide-bg\" role=\"img\" aria-label=\"Spleeft Apple iOS\"><\/div><div class=\"swiper-slide-inner\" ><div class=\"swiper-slide-contents\"><\/div><\/div><\/div>\t\t\t\t<\/div>\n\t\t\t\t\t\t\t<\/div>\n\t\t\t\t<\/div>\n\t\t\t\t\t\t\t\t<\/div>\n\t\t\t\t<\/div>\n\t\t\t\t\t<\/div>\n\t\t<\/div>\n\t\t\t\t\t<\/div>\n\t\t<\/section>\n\t\t<div class=\"elementor-element elementor-element-1753530 e-flex e-con-boxed e-con e-parent\" data-id=\"1753530\" data-element_type=\"container\" data-e-type=\"container\" data-settings=\"{&quot;background_background&quot;:&quot;gradient&quot;}\">\n\t\t\t\t\t<div class=\"e-con-inner\">\n\t\t\t\t<div class=\"elementor-element elementor-element-34815a8 elementor-widget elementor-widget-heading\" data-id=\"34815a8\" data-element_type=\"widget\" data-e-type=\"widget\" data-widget_type=\"heading.default\">\n\t\t\t\t<div class=\"elementor-widget-container\">\n\t\t\t\t\t<h2 class=\"elementor-heading-title elementor-size-default\">I nostri prodotti: disponibili nel nostro negozio all&#039;interno dell&#039;app<\/h2>\t\t\t\t<\/div>\n\t\t\t\t<\/div>\n\t\t\t\t\t<\/div>\n\t\t\t\t<\/div>\n\t\t<div class=\"elementor-element elementor-element-b3111c0 e-flex e-con-boxed e-con e-parent\" data-id=\"b3111c0\" data-element_type=\"container\" data-e-type=\"container\" data-settings=\"{&quot;background_background&quot;:&quot;gradient&quot;}\">\n\t\t\t\t\t<div class=\"e-con-inner\">\n\t\t<div class=\"elementor-element elementor-element-6cc419f e-con-full e-flex e-con e-child\" data-id=\"6cc419f\" data-element_type=\"container\" data-e-type=\"container\">\n\t\t\t\t<div class=\"elementor-element elementor-element-3138527 elementor-widget elementor-widget-text-editor\" data-id=\"3138527\" data-element_type=\"widget\" data-e-type=\"widget\" data-widget_type=\"text-editor.default\">\n\t\t\t\t<div class=\"elementor-widget-container\">\n\t\t\t\t\t\t\t\t\t<h3><strong><span style=\"color: #000000;\"> Spleeft VBT<\/span><\/strong><\/h3><p>Canone una tantum che ti d\u00e0 accesso limitato all&#039;app. Potrai solo misurare la tua velocit\u00e0 di esecuzione e condividere i dati con il tuo coach.<\/p><p><em>*Incluso nelle versioni Spleeft PRO o Coach.<\/em><\/p>\t\t\t\t\t\t\t\t<\/div>\n\t\t\t\t<\/div>\n\t\t\t\t<div class=\"elementor-element elementor-element-a445cd1 elementor-widget elementor-widget-image\" data-id=\"a445cd1\" data-element_type=\"widget\" data-e-type=\"widget\" data-widget_type=\"image.default\">\n\t\t\t\t<div class=\"elementor-widget-container\">\n\t\t\t\t\t\t\t\t\t\t\t\t\t\t\t<img decoding=\"async\" width=\"1080\" height=\"720\" src=\"https:\/\/spleeft.app\/wp-content\/uploads\/2025\/07\/spleeft-vbt-1.png\" class=\"attachment-full size-full wp-image-10421\" alt=\"spleeft vbt 1 - Referido - ASKESIS\" srcset=\"https:\/\/spleeft.app\/wp-content\/uploads\/2025\/07\/spleeft-vbt-1.png 1080w, https:\/\/spleeft.app\/wp-content\/uploads\/2025\/07\/spleeft-vbt-1-300x200.png 300w, https:\/\/spleeft.app\/wp-content\/uploads\/2025\/07\/spleeft-vbt-1-1024x683.png 1024w, https:\/\/spleeft.app\/wp-content\/uploads\/2025\/07\/spleeft-vbt-1-18x12.png 18w\" sizes=\"100vw\" title=\"Referido - ASKESIS, Referido - ASKESIS\" \/>\t\t\t\t\t\t\t\t\t\t\t\t\t\t\t<\/div>\n\t\t\t\t<\/div>\n\t\t\t\t<\/div>\n\t\t<div class=\"elementor-element elementor-element-a1835d7 e-con-full e-flex e-con e-child\" data-id=\"a1835d7\" data-element_type=\"container\" data-e-type=\"container\">\n\t\t\t\t<div class=\"elementor-element elementor-element-523a03d elementor-widget elementor-widget-text-editor\" data-id=\"523a03d\" data-element_type=\"widget\" data-e-type=\"widget\" data-widget_type=\"text-editor.default\">\n\t\t\t\t<div class=\"elementor-widget-container\">\n\t\t\t\t\t\t\t\t\t<h3><strong><span style=\"color: #000000;\">Salto di Spleeft<\/span><\/strong><\/h3><p class=\"p1\">Costo una tantum che ti d\u00e0 accesso limitato all&#039;app. Potrai solo misurare l&#039;altezza del salto, ma potrai trasmettere i dati al tuo allenatore.<\/p><p class=\"p1\"><i>*Incluso nelle versioni Spleeft PRO o coach.<\/i><\/p>\t\t\t\t\t\t\t\t<\/div>\n\t\t\t\t<\/div>\n\t\t\t\t<div class=\"elementor-element elementor-element-551dc41 elementor-widget elementor-widget-image\" data-id=\"551dc41\" data-element_type=\"widget\" data-e-type=\"widget\" data-widget_type=\"image.default\">\n\t\t\t\t<div class=\"elementor-widget-container\">\n\t\t\t\t\t\t\t\t\t\t\t\t\t\t\t<img decoding=\"async\" width=\"1080\" height=\"720\" src=\"https:\/\/spleeft.app\/wp-content\/uploads\/2025\/07\/spleeft-jump-1.png\" class=\"attachment-full size-full wp-image-10422\" alt=\"salto della notte 1 - Referido - ASKESIS\" srcset=\"https:\/\/spleeft.app\/wp-content\/uploads\/2025\/07\/spleeft-jump-1.png 1080w, https:\/\/spleeft.app\/wp-content\/uploads\/2025\/07\/spleeft-jump-1-300x200.png 300w, https:\/\/spleeft.app\/wp-content\/uploads\/2025\/07\/spleeft-jump-1-1024x683.png 1024w, https:\/\/spleeft.app\/wp-content\/uploads\/2025\/07\/spleeft-jump-1-18x12.png 18w\" sizes=\"100vw\" title=\"Referido - ASKESIS, Referido - ASKESIS\" \/>\t\t\t\t\t\t\t\t\t\t\t\t\t\t\t<\/div>\n\t\t\t\t<\/div>\n\t\t\t\t<\/div>\n\t\t<div class=\"elementor-element elementor-element-1bab1f9 e-con-full e-flex e-con e-child\" data-id=\"1bab1f9\" data-element_type=\"container\" data-e-type=\"container\">\n\t\t\t\t<div class=\"elementor-element elementor-element-35b81dc elementor-widget elementor-widget-text-editor\" data-id=\"35b81dc\" data-element_type=\"widget\" data-e-type=\"widget\" data-widget_type=\"text-editor.default\">\n\t\t\t\t<div class=\"elementor-widget-container\">\n\t\t\t\t\t\t\t\t\t<h3><strong><span style=\"color: #000000;\">Orologio Spleeft<\/span><\/strong><\/h3><p class=\"p1\">Pagamento una tantum per usufruire della misurazione del salto e della velocit\u00e0 di esecuzione sul tuo Apple Watch.<\/p><p class=\"p1\"><i>*NON incluso nelle versioni Spleeft PRO o coach.<\/i><\/p>\t\t\t\t\t\t\t\t<\/div>\n\t\t\t\t<\/div>\n\t\t\t\t<div class=\"elementor-element elementor-element-cbb4d7f elementor-widget elementor-widget-image\" data-id=\"cbb4d7f\" data-element_type=\"widget\" data-e-type=\"widget\" data-widget_type=\"image.default\">\n\t\t\t\t<div class=\"elementor-widget-container\">\n\t\t\t\t\t\t\t\t\t\t\t\t\t\t\t<img loading=\"lazy\" decoding=\"async\" width=\"1080\" height=\"720\" src=\"https:\/\/spleeft.app\/wp-content\/uploads\/2025\/07\/spleeft-watch-1.png\" class=\"attachment-full size-full wp-image-10423\" alt=\"orologio del sonno 1 - Referido - ASKESIS\" srcset=\"https:\/\/spleeft.app\/wp-content\/uploads\/2025\/07\/spleeft-watch-1.png 1080w, https:\/\/spleeft.app\/wp-content\/uploads\/2025\/07\/spleeft-watch-1-300x200.png 300w, https:\/\/spleeft.app\/wp-content\/uploads\/2025\/07\/spleeft-watch-1-1024x683.png 1024w, https:\/\/spleeft.app\/wp-content\/uploads\/2025\/07\/spleeft-watch-1-18x12.png 18w\" sizes=\"100vw\" title=\"Referido - ASKESIS, Referido - ASKESIS\" \/>\t\t\t\t\t\t\t\t\t\t\t\t\t\t\t<\/div>\n\t\t\t\t<\/div>\n\t\t\t\t<\/div>\n\t\t\t\t\t<\/div>\n\t\t\t\t<\/div>\n\t\t\t\t<\/div>","protected":false},"excerpt":{"rendered":"<p>Collaborazione ASKESIS x SPLEEFTAPP Scarica SpleeftApp e provala GRATIS per iOS. Inizia un allenamento smart con Spleeft: monitora la velocit\u00e0 del bilanciere, l&#039;altezza del salto, l&#039;1RM e l&#039;affaticamento in tempo reale. Crea il tuo profilo carico-velocit\u00e0 e ottimizza l&#039;allenamento. Completamente compatibile con tutti i dispositivi VBT, perfetto per allenatori e atleti. Tutti gli utenti Spleeft hanno un periodo di prova gratuito di 3 giorni. Se... <\/p>\n<p class=\"link-more\"><a href=\"https:\/\/spleeft.app\/it\/colomba-6\/\" class=\"more-link\">Leggi tutto<span class=\"screen-reader-text\"> &#8220;Referido &#8211; ASKESIS&#8221;<\/span><\/a><\/p>","protected":false},"author":2,"featured_media":0,"parent":0,"menu_order":0,"comment_status":"closed","ping_status":"closed","template":"elementor_header_footer","meta":{"om_disable_all_campaigns":false,"_monsterinsights_skip_tracking":false,"_monsterinsights_sitenote_active":false,"_monsterinsights_sitenote_note":"","_monsterinsights_sitenote_category":0,"footnotes":""},"class_list":["post-10433","page","type-page","status-publish","hentry"],"_links":{"self":[{"href":"https:\/\/spleeft.app\/it\/wp-json\/wp\/v2\/pages\/10433","targetHints":{"allow":["GET"]}}],"collection":[{"href":"https:\/\/spleeft.app\/it\/wp-json\/wp\/v2\/pages"}],"about":[{"href":"https:\/\/spleeft.app\/it\/wp-json\/wp\/v2\/types\/page"}],"author":[{"embeddable":true,"href":"https:\/\/spleeft.app\/it\/wp-json\/wp\/v2\/users\/2"}],"replies":[{"embeddable":true,"href":"https:\/\/spleeft.app\/it\/wp-json\/wp\/v2\/comments?post=10433"}],"version-history":[{"count":0,"href":"https:\/\/spleeft.app\/it\/wp-json\/wp\/v2\/pages\/10433\/revisions"}],"wp:attachment":[{"href":"https:\/\/spleeft.app\/it\/wp-json\/wp\/v2\/media?parent=10433"}],"curies":[{"name":"parola chiave","href":"https:\/\/api.w.org\/{rel}","templated":true}]}}