{"id":8450,"date":"2024-09-10T15:14:11","date_gmt":"2024-09-10T13:14:11","guid":{"rendered":"https:\/\/spleeft.app\/?page_id=8450"},"modified":"2024-09-10T15:20:03","modified_gmt":"2024-09-10T13:20:03","slug":"aviso-legal","status":"publish","type":"page","link":"https:\/\/spleeft.app\/es\/aviso-legal\/","title":{"rendered":"Aviso legal"},"content":{"rendered":"<div data-elementor-type=\"wp-page\" data-elementor-id=\"8450\" class=\"elementor elementor-8450\" data-elementor-post-type=\"page\">\n\t\t\t\t<div class=\"elementor-element elementor-element-4572789 e-flex e-con-boxed e-con e-parent\" data-id=\"4572789\" data-element_type=\"container\" data-e-type=\"container\">\n\t\t\t\t\t<div class=\"e-con-inner\">\n\t\t\t\t<div class=\"elementor-element elementor-element-84492d0 elementor-widget elementor-widget-text-editor\" data-id=\"84492d0\" data-element_type=\"widget\" data-e-type=\"widget\" data-widget_type=\"text-editor.default\">\n\t\t\t\t<div class=\"elementor-widget-container\">\n\t\t\t\t\t\t\t\t\t<p>Los t\u00e9rminos y condiciones que a continuaci\u00f3n se indican regulan el acceso y el uso del sitio web https:\/\/spleeft.app\/ , propiedad de IVAN DE LUCAS ROGERO, en adelante IVAN-DE-LUCAS que es responsable legal de esta web.<\/p><p>Nombre comercial: IVAN-DE-LUCAS\u00a0<br \/>Responsable: IVAN DE LUCAS ROGERO<br \/>DNI: 70265279A<br \/>Direcci\u00f3n: Calle Los Cantos, 23. 28260 Galapagar (Madrid)<br \/>Tel\u00e9fono: +34 634442588<br \/>Contacto: ivandelucas2000@gmail.com<\/p><p>A continuaci\u00f3n, se encuentra toda la informaci\u00f3n relativa a los t\u00e9rminos y condiciones legales que definen las relaciones entre el usuario e IVAN-DE-LUCAS como responsable de esta web.<br \/>IVAN-DE-LUCAS se compromete a procesar la informaci\u00f3n de los usuarios y clientes con plenas garant\u00edas y cumplir los requisitos nacionales y europeos que regulan la recopilaci\u00f3n y uso de los datos personales de los usuarios.<br \/>La web https:\/\/spleeft.app\/ est\u00e1 adecuada a las exigencias de las siguientes leyes:<\/p><p>\u25cf Ley Org\u00e1nica 3\/2018, de 5 de diciembre, de Protecci\u00f3n de Datos Personales y garant\u00eda de los derechos digitales. <a style=\"box-sizing: inherit; background-color: #ffffff;\" href=\"https:\/\/boe.es\/boe\/dias\/2018\/12\/06\/pdfs\/BOE-A-2018-16673.pdf\" target=\"_blank\" rel=\"noopener\">Descargar<\/a>(https:\/\/boe.es\/boe\/dias\/2018\/12\/06\/pdfs\/BOE-A-2018-16673.pdf)<br style=\"box-sizing: inherit;\" \/>\u25cf Reglamento (UE) 2016\/679 del Parlamento Europeo y del Consejo de 27 de abril de 2016 relativo a la protecci\u00f3n de las personas f\u00edsicas (RGPD), <a style=\"box-sizing: inherit; background-color: #ffffff;\" href=\"https:\/\/www.boe.es\/doue\/2016\/119\/L00001-00088.pdf\" target=\"_blank\" rel=\"noopener\">Descargar<\/a>(https:\/\/www.boe.es\/doue\/2016\/119\/L00001-00088.pdf)<br style=\"box-sizing: inherit;\" \/>\u25cf Ley 34\/2002, de 11 de julio, de Servicios de la Sociedad de la Informaci\u00f3n y Comercio Electr\u00f3nico (LSSICE o LSSI) que regula las transacciones econ\u00f3micas mediante medios electr\u00f3nicos. <a style=\"box-sizing: inherit; background-color: #ffffff;\" href=\"https:\/\/boe.es\/boe\/dias\/2018\/12\/06\/pdfs\/BOE-A-2018-16673.pdf\" target=\"_blank\" rel=\"noopener\">Descargar<\/a> (https:\/\/www.boe.es\/buscar\/doc.php?id=BOE-A-2002-13758)<\/p><h2>T\u00c9RMINOS LEGALES Y CONDICIONES<\/h2><p>Las presentes Condiciones Generales regulan el uso, incluyendo el mero acceso, de todas las p\u00e1ginas web que integran el sitio web de https:\/\/spleeft.app\/ incluidos los contenidos y servicios presentados en las mismas.<\/p><p>La utilizaci\u00f3n de este sitio web https:\/\/spleeft.app\/ supone un acuerdo entre el Usuario e IVAN-DE-LUCAS, lo cual implica la adhesi\u00f3n plena y sin reservas a todas y cada una de las condiciones generales publicadas por IVAN-DE. -LUCAS, en la versi\u00f3n publicada y vigente en el momento en que se accede al mismo. Por ello, IVAN-DE-LUCAS recomienda al Usuario leer las mismas atentamente cada vez que accede al sitio Web.<\/p><h2>MENORES DE EDAD<\/h2><p>Queda prohibido el acceso y uso del portal a los menores de edad, por lo que el usuario declara que es mayor de edad (es decir, tiene, al menos, 18 a\u00f1os) y dispone de la capacidad legal necesaria para adquirir los servicios ofrecidos a trav\u00e9s de la Web de IVAN-DE-LUCAS de conformidad con las presentes condiciones generales, que comprende y entiende en su totalidad.<br \/>IVAN-DE-LUCAS les informa que existen programas inform\u00e1ticos que permiten filtrar y bloquear el acceso a determinados contenidos y servicios, de tal forma que los padres, por ejemplo, pueden decidir cu\u00e1les son los contenidos y servicios del Portal a los que sus hijos pueden tener acceso y cu\u00e1les no.<\/p><p>EXCLUSI\u00d3N DE GARANT\u00cdAS Y RENUNCIA A CUALQUIER RESPONSABILIDAD<\/p><p>Esta p\u00e1gina y sus componentes se ofrecen \u00fanicamente con finos informativos. IVAN-DE-LUCAS, titular de este sitio web no se hace responsable de la exactitud, utilidad o disponibilidad de cualquier informaci\u00f3n que se transmita o ponga a disposici\u00f3n a trav\u00e9s de la misma; no ser\u00e1 responsable por cualquier error u omisi\u00f3n en dicha informaci\u00f3n. Los usuarios de esta p\u00e1gina que den sus datos personales, con la aceptaci\u00f3n del consentimiento informado renuncian a cualquier indemnizaci\u00f3n que por el uso legal de esos datos les pudiera corresponder, no pudiendo ejercer ninguna reclamaci\u00f3n legal por ello. De querer ostentarla, no deben ceder sus datos en este sitio web.<br \/>Adem\u00e1s, IVAN-DE-LUCAS no otorga ninguna garant\u00eda ni se hace responsable, en ning\u00fan caso, de los da\u00f1os y perjuicios de cualquier naturaleza que puedan traer causa de:<br \/>\u25cf La falta de disponibilidad, mantenimiento y efectivo funcionamiento de la web, o de sus servicios y contenidos.<br \/>\u25cf La existencia de malware, programas maliciosos o lesivos en los contenidos;<br \/>\u25cf El uso il\u00edcito, negligente, fraudulento o contrario a este aviso legal;<br \/>\u25cf La falta de licitud, calidad, confiabilidad, utilidad y disponibilidad de los servicios prestados por terceros y puestos a disposici\u00f3n de los usuarios en el sitio web.<\/p><p>El prestador no se hace responsable bajo ning\u00fan concepto de los da\u00f1os que puedan dimanar del uso ilegal o indebido de la presente p\u00e1gina web.<\/p><h2>ENTORNO SEGURO<\/h2><p>El acceso completo al sitio https:\/\/spleeft.app\/ a trav\u00e9s de las que el Usuario de IVAN-DE-LUCAS efect\u00faa la contrataci\u00f3n de productos o servicios de IVAN-DE-LUCAS se realiza en un entorno seguro.<\/p><p>Adem\u00e1s, los datos personales comunicados por el usuario a IVAN-DE-LUCAS pueden ser almacenados en bases de datos automatizadas o no, cuya titularidad corresponde en exclusiva a IVAN-DE-LUCAS, asumiendo \u00e9sta todas las medidas de \u00edndole t\u00e9cnica, organizativa y de seguridad que garantizan la confidencialidad, integridad y calidad de la informaci\u00f3n contenida en las mismas de acuerdo con lo establecido en la normativa vigente en protecci\u00f3n de datos. La comunicaci\u00f3n entre los usuarios y https:\/\/spleeft.app\/ utiliza un canal seguro, y los datos transmitidos son cifrados gracias a protocolos a https, por tanto, se garantiza las mejores condiciones de seguridad para que la confidencialidad de los usuarios est\u00e9 garantizada .<\/p><h2>CONTENIDOS<\/h2><p>La informaci\u00f3n que aparece en esta p\u00e1gina es la vigente en la fecha de su \u00faltima actualizaci\u00f3n. IVAN-DE-LUCAS se reserva el derecho a actualizar, modificar o eliminar la informaci\u00f3n o el contenido de este sitio web as\u00ed como el presente Aviso Legal. En este sentido, IVAN-DE-LUCAS realiza los m\u00e1ximos esfuerzos para evitar cualquier error en los contenidos que puedan aparecer en esta p\u00e1gina.<\/p><p>IVAN-DE-LUCAS no se responsabiliza del mal uso que se realiza de los contenidos de sus p\u00e1ginas web, siendo responsabilidad exclusiva de la persona que accede a ellos o los utiliza. Asimismo, se exonera a la empresa de responsabilidad ante cualquier da\u00f1o o perjuicio que pudiera sufrir el Usuario como consecuencia de errores, defectos u omisiones, en la informaci\u00f3n facilitada por IVAN-DE-LUCAS.<\/p><p>IVAN-DE-LUCAS no controla ni por tanto asume responsabilidad alguna por la informaci\u00f3n contenida en p\u00e1ginas web de terceros a las que se pueda acceder por enlaces (links) o buscadores de las p\u00e1ginas web de IVAN-DE-LUCAS. La presencia de enlaces (links) en las p\u00e1ginas Web de IVAN-DE-LUCAS tiene finalidad meramente informativa y en ning\u00fan caso supone sugerencia, invitaci\u00f3n o recomendaci\u00f3n sobre los mismos.<\/p><p>En el caso de que el Usuario tuviera conocimiento de que los sitios enlazados remiten a p\u00e1ginas cuyos contenidos o servicios son il\u00edcitos, nocivos, denigrantes, violentos o contrarios a la moral podr\u00e1 ponerse en contacto con IVAN-DE-LUCAS indicando los datos personales del comunicante. y una breve descripci\u00f3n de los hechos. La recepci\u00f3n por parte de IVAN-DE-LUCAS de la comunicaci\u00f3n prevista en esta cl\u00e1usula no supondr\u00e1 por s\u00ed misma, el conocimiento efectivo de las actividades y\/o contenidos indicados por el comunicante. Queda expresamente prohibido el uso de la Web con fines lesivos de bienes o intereses, as\u00ed como actuaciones que de cualquier forma sobrecarguen, da\u00f1en o inutilicen las redes, servidores y dem\u00e1s equipos inform\u00e1ticos (hardware) o productos y aplicaciones inform\u00e1ticas (software) de IVAN- DE-LUCAS o de terceros.<\/p><h2>PROPIEDAD INTELECTUAL E INDUSTRIAL<\/h2><p>Esta Web, https:\/\/spleeft.app\/ es propiedad de IVAN-DE-LUCAS. Los derechos de Propiedad Intelectual y derechos de explotaci\u00f3n y reproducci\u00f3n de esta Web, de sus p\u00e1ginas, pantallas, la informaci\u00f3n que contienen, su apariencia y dise\u00f1o, as\u00ed como los v\u00ednculos que se establecen desde ella a otras p\u00e1ginas Web de cualquier sociedad de las indicadas. anteriormente, son propiedad exclusiva de \u00e9ste, salvo que se especifique otra cosa.<\/p><p>Todas las denominaciones, dise\u00f1os y\/o logotipos que componen esta p\u00e1gina son marcas debidamente registradas.<\/p><p>Cualquier uso indebido de las mismas por persona diferente de su titular leg\u00edtimo podr\u00e1 ser perseguido de conformidad con la legislaci\u00f3n vigente. Los derechos de propiedad intelectual y marcas de terceros est\u00e1n destacados convenientemente y deben ser respetados por todo aquel que acceda a la Web. Solo para uso personal y privado se permite descargar los contenidos, copiar o imprimir cualquier p\u00e1gina de esta Web. Queda prohibido reproducir, transmitir, modificar o suprimir la informaci\u00f3n, contenido u advertencias de esta Web sin la autorizaci\u00f3n previa escrita de IVAN-DE-LUCAS.<\/p><p>Respecto a las citas de productos y servicios de terceros, IVAN-DE-LUCAS reconoce a favor de sus titulares los correspondientes derechos de propiedad industrial e intelectual, no implicando su sola menci\u00f3n o aparici\u00f3n en la Web la existencia de derechos o responsabilidad alguna de IVAN. -DE-LUCAS sobre los mismos, como tampoco respaldo, patrocinio, o recomendaci\u00f3n por parte de IVAN-DE-LUCAS, a no ser que se manifieste de manera expresa.<\/p><p>En el caso de que un usuario o un tercero considere que se ha producido una violaci\u00f3n de sus leg\u00edtimos derechos de propiedad intelectual por la introducci\u00f3n de un contenido determinado en la web, deber\u00e1 notificar dicha circunstancia a IVAN-DE-LUCAS indicando:<\/p><p>\u25cf Datos personales del interesado titular de los derechos presuntamente infringidos, o indicar la representaci\u00f3n con la que act\u00faa en caso de que la reclamaci\u00f3n la presente un tercero distinto del interesado.<\/p><p>\u25cf Se\u00f1alar los contenidos protegidos por los derechos de propiedad intelectual y su ubicaci\u00f3n en la web, la acreditaci\u00f3n de los derechos de propiedad intelectual se\u00f1alados y declaraci\u00f3n expresa en la que el interesado se responsabiliza de la veracidad de las informaciones facilitadas en la notificaci\u00f3n.<\/p><h2>EXCLUSI\u00d3N DE GARANT\u00cdAS Y RESPONSABILIDAD<\/h2><p>IVAN-DE-LUCAS no otorga ninguna garant\u00eda ni se hace responsable, en ning\u00fan caso, de posibles da\u00f1os o perjuicios que se puedan derivar de:<\/p><p>\u25cf Interferencias, omisiones, interrupciones, virus inform\u00e1ticos, aver\u00edas telef\u00f3nicas o desconexiones en el funcionamiento operativo de este sistema electr\u00f3nico, motivadas por causas ajenas a la empresa; de retrasos o bloqueos en el uso del presente sistema electr\u00f3nico causados por deficiencias o sobrecargas de l\u00edneas telef\u00f3nicas o sobrecargas en Internet o en otros sistemas electr\u00f3nicos.<\/p><p>\u25cf As\u00ed como de da\u00f1os que puedan ser causados por terceras personas mediante intromisiones ileg\u00edtimas fuera del control de IVAN-DE-LUCAS. Asimismo, se exonera a la empresa de responsabilidad ante cualquier da\u00f1o o perjuicio que pueda sufrir el usuario como consecuencia de errores, defectos u omisiones, en la informaci\u00f3n facilitada por IVAN-DE-LUCAS.<\/p><p>\u25cf Adem\u00e1s de, falta de disponibilidad, mantenimiento y efectivo funcionamiento de la web, o de sus servicios y contenidos.<\/p><p>\u25cf La existencia de malware, programas maliciosos o lesivos en los contenidos;<\/p><p>\u25cf El uso il\u00edcito, negligente, fraudulento o contrario a este aviso legal;<\/p><p>\u25cf La falta de licitud, calidad, confiabilidad, utilidad y disponibilidad de los servicios prestados por terceros y puestos a disposici\u00f3n de los usuarios en el sitio web.<\/p><p>Por otro lado, IVAN-DE-LUCAS puede requerir de forma provisional la suspensi\u00f3n de los servicios cuando ello sea necesario para la reparaci\u00f3n o mantenimiento de los equipos, programas o redes propias.<\/p><p>IVAN-DE-LUCAS no se hace responsable bajo ning\u00fan concepto de los da\u00f1os que puedan resultar del uso ilegal o indebido de la presente p\u00e1gina web.<\/p><p>IVAN-DE-LUCAS se reserva el derecho de modificar, en cualquier momento y sin previo aviso, el dise\u00f1o, presentaci\u00f3n y\/o configuraci\u00f3n del sitio https:\/\/spleeft.app\/, as\u00ed como algunos o todos los contenidos y servicios, as\u00ed como modificar las presentes Condiciones Generales y\/o condiciones particulares requeridas para utilizar los mismos.<\/p><h2>POL\u00cdTICA DE PROTECCI\u00d3N DE DATOS Y CONFIDENCIALIDAD<\/h2><p>IVAN-DE-LUCAS se compromete en la utilizaci\u00f3n de los datos obtenidos en esta web, a respetar su confidencialidad ya utilizarlos de acuerdo con la finalidad del mismo, as\u00ed como a dar cumplimiento a su obligaci\u00f3n de guardarlos y adaptar todas las medidas para evitar la alteraci\u00f3n, p\u00e9rdida, tratamiento o acceso no autorizado, de conformidad con lo establecido en el Reglamento UE 2016\/679, del Parlamento Europeo y del Consejo de 27 de abril de 2016. (RGPD) y la Ley Org\u00e1nica 3\/2018, de 5 de diciembre, de Protecci\u00f3n de Datos Personales y garant\u00eda de los derechos digitales.<\/p><p>El Usuario garantiza que los datos personales facilitados a trav\u00e9s de los formularios de contactos son veraces, quedando obligado a comunicar cualquier modificaci\u00f3n de los mismos. Igualmente, el Usuario garantiza que toda la informaci\u00f3n facilitada corresponde con su situaci\u00f3n real, que est\u00e1 puesta al d\u00eda y es exacta. Adem\u00e1s el Usuario se obliga a mantener en todo momento sus datos actualizados, siendo el \u00fanico responsable de la inexactitud o falsedad de los datos facilitados y de los perjuicios que pueda causar por ello a IVAN-DE-LUCAS como titular del sitio web.<\/p><p>De igual forma, el Usuario tiene acceso en todo momento a modificar, editar o eliminar la informaci\u00f3n proporcionada, as\u00ed como gestionar su baja directamente, o mediante solicitud dirigida al contacto mostrado en la secci\u00f3n Direcciones de Contacto o mediante escrito dirigido a IVAN-DE- LUCAS junto con copia de su DNI o documento acreditativo equivalente.<\/p><p>Para ampliar la informaci\u00f3n sobre la pol\u00edtica de protecci\u00f3n de datos y derechos, puede consultar la direcci\u00f3n: https:\/\/spleeft.app\/ \/politica-de-privacidadd<\/p><h2>PROPIEDAD INDUSTRIAL E INTELECTUAL<\/h2><p>Esta Web es propiedad de IVAN-DE-LUCAS. Los derechos de Propiedad Intelectual y derechos de explotaci\u00f3n y reproducci\u00f3n de esta Web, de sus p\u00e1ginas, pantallas, la informaci\u00f3n que contienen, su apariencia y dise\u00f1o, as\u00ed como los v\u00ednculos que se establecen desde ella a otras p\u00e1ginas Web son propiedad exclusiva de \u00e9ste, salvo que se especifique otra cosa.<\/p><p>Todas las denominaciones, dise\u00f1os y\/o logotipos que componen esta p\u00e1gina son marcas debidamente registradas.<\/p><p>Cualquier uso indebido de las mismas por persona diferente de su titular leg\u00edtimo podr\u00e1 ser perseguido de conformidad con la legislaci\u00f3n vigente. Los derechos de propiedad intelectual y marcas de terceros est\u00e1n destacados convenientemente y deben ser respetados por todo aquel que acceda a la Web. Solo para uso personal y privado se permite descargar los contenidos, copiar o imprimir cualquier p\u00e1gina de esta Web. Queda prohibido reproducir, transmitir, modificar o suprimir la informaci\u00f3n, contenido u advertencias de esta Web sin la autorizaci\u00f3n previa escrita de IVAN-DE-LUCAS.<\/p><h2>LEGISLACI\u00d3N APLICABLE Y JURISDICCI\u00d3N<\/h2><p>Para la resoluci\u00f3n de todas las controversias o cuestiones relacionadas con el presente sitio web o de las actividades en \u00e9l desarrolladas, ser\u00e1 de aplicaci\u00f3n la legislaci\u00f3n espa\u00f1ola, a la que se algunas expresamente las partes, siendo competentes para la resoluci\u00f3n de todos los conflictos relacionados con su uso los Juzgados y Tribunales del usuario o responsable.<\/p><p>Si cualquier cl\u00e1usula incluida en las presentes condiciones generales fuese declarada total o parcialmente nula o ineficaz, tal nulidad o ineficacia tan s\u00f3lo afectar\u00e1 a dicha disposici\u00f3n oa la parte de esta que resulte nula o ineficaz, subsistiendo las presentes condiciones generales en todo lo dem\u00e1s y consider\u00e1ndose tal disposici\u00f3n total o parcialmente por no incluida.<\/p><p>Adem\u00e1s, te recordamos que puedes acceder a la plataforma de resoluci\u00f3n de litigios en l\u00ednea de la Uni\u00f3n Europea siguiendo este enlace:<br \/><a href=\"https:\/\/ec.europa.eu\/consumers\/odr\/main\/?event=main.home2.show.\" target=\"_blank\" rel=\"noopener\">https:\/\/ec.europa.eu\/consumers\/odr\/main\/?event=main.home2.show.<\/a><\/p><h2>CONTACTO<\/h2><p>Para cualquier duda acerca del aviso legal o cualquier comentario sobre la web https:\/\/spleeft.app\/ <span style=\"font-style: inherit; font-weight: inherit; background-color: var(--ast-global-color-5); color: var(--ast-global-color-3);\">por favor mande un correo electr\u00f3nico a ivandelucas2000@gmail.com<\/span><\/p><p>Aviso legal actualizado por \u00faltima vez el 8 de agosto de 2024<span style=\"font-style: inherit; font-weight: inherit; background-color: var(--ast-global-color-5); color: var(--ast-global-color-3);\"><br \/><\/span><\/p>\t\t\t\t\t\t\t\t<\/div>\n\t\t\t\t<\/div>\n\t\t\t\t\t<\/div>\n\t\t\t\t<\/div>\n\t\t\t\t<\/div>","protected":false},"excerpt":{"rendered":"<p>Los t\u00e9rminos y condiciones que a continuaci\u00f3n se indican regulan el acceso y el uso del sitio web https:\/\/spleeft.app\/ , propiedad de IVAN DE LUCAS ROGERO, en adelante IVAN-DE-LUCAS que es responsable legal de esta web. Nombre comercial: IVAN-DE-LUCAS Responsable: IVAN DE LUCAS ROGERODNI: 70265279ADirecci\u00f3n: Calle Los Cantos, 23. 28260 Galapagar (Madrid)Tel\u00e9fono: +34 634442588Contacto: ivandelucas2000@gmail.com A \u2026 <\/p>\n<p class=\"link-more\"><a href=\"https:\/\/spleeft.app\/es\/aviso-legal\/\" class=\"more-link\">Leer m\u00e1s<span class=\"screen-reader-text\"> \u00abAviso legal\u00bb<\/span><\/a><\/p>","protected":false},"author":3,"featured_media":0,"parent":0,"menu_order":0,"comment_status":"closed","ping_status":"closed","template":"","meta":{"om_disable_all_campaigns":false,"_monsterinsights_skip_tracking":false,"_monsterinsights_sitenote_active":false,"_monsterinsights_sitenote_note":"","_monsterinsights_sitenote_category":0,"footnotes":""},"class_list":["post-8450","page","type-page","status-publish","hentry"],"_links":{"self":[{"href":"https:\/\/spleeft.app\/es\/wp-json\/wp\/v2\/pages\/8450","targetHints":{"allow":["GET"]}}],"collection":[{"href":"https:\/\/spleeft.app\/es\/wp-json\/wp\/v2\/pages"}],"about":[{"href":"https:\/\/spleeft.app\/es\/wp-json\/wp\/v2\/types\/page"}],"author":[{"embeddable":true,"href":"https:\/\/spleeft.app\/es\/wp-json\/wp\/v2\/users\/3"}],"replies":[{"embeddable":true,"href":"https:\/\/spleeft.app\/es\/wp-json\/wp\/v2\/comments?post=8450"}],"version-history":[{"count":0,"href":"https:\/\/spleeft.app\/es\/wp-json\/wp\/v2\/pages\/8450\/revisions"}],"wp:attachment":[{"href":"https:\/\/spleeft.app\/es\/wp-json\/wp\/v2\/media?parent=8450"}],"curies":[{"name":"gracias","href":"https:\/\/api.w.org\/{rel}","templated":true}]}}