{"id":8012,"date":"2024-08-30T11:56:04","date_gmt":"2024-08-30T09:56:04","guid":{"rendered":"https:\/\/spleeft.app\/?page_id=8012"},"modified":"2024-09-20T08:58:09","modified_gmt":"2024-09-20T06:58:09","slug":"politica-de-cookies","status":"publish","type":"page","link":"https:\/\/spleeft.app\/es\/politica-de-cookies\/","title":{"rendered":"Pol\u00edtica de cookies"},"content":{"rendered":"<div data-elementor-type=\"wp-page\" data-elementor-id=\"8012\" class=\"elementor elementor-8012\" data-elementor-post-type=\"page\">\n\t\t\t\t<div class=\"elementor-element elementor-element-af75081 e-flex e-con-boxed e-con e-parent\" data-id=\"af75081\" data-element_type=\"container\" data-e-type=\"container\">\n\t\t\t\t\t<div class=\"e-con-inner\">\n\t\t\t\t<div class=\"elementor-element elementor-element-1273f1b elementor-widget elementor-widget-heading\" data-id=\"1273f1b\" data-element_type=\"widget\" data-e-type=\"widget\" data-widget_type=\"heading.default\">\n\t\t\t\t<div class=\"elementor-widget-container\">\n\t\t\t\t\t<h1 class=\"elementor-heading-title elementor-size-default\">Pol\u00edtica de cookies<\/h1>\t\t\t\t<\/div>\n\t\t\t\t<\/div>\n\t\t\t\t\t<\/div>\n\t\t\t\t<\/div>\n\t\t<div class=\"elementor-element elementor-element-32a1c10 e-flex e-con-boxed e-con e-parent\" data-id=\"32a1c10\" data-element_type=\"container\" data-e-type=\"container\">\n\t\t\t\t\t<div class=\"e-con-inner\">\n\t\t\t\t<div class=\"elementor-element elementor-element-a9a554e elementor-widget elementor-widget-text-editor\" data-id=\"a9a554e\" data-element_type=\"widget\" data-e-type=\"widget\" data-widget_type=\"text-editor.default\">\n\t\t\t\t<div class=\"elementor-widget-container\">\n\t\t\t\t\t\t\t\t\t<p>IVAN DE LUCAS ROGERO informa sobre el uso de cookies en su sitio web: https:\/\/spleeft.app\/<\/p>\n<p><b>\u00bfQu\u00e9 son las cookies?<br><\/b>\nLas cookies son archivos que se pueden descargar en su equipo a trav\u00e9s de las p\u00e1ginas web. Son herramientas que tienen un papel esencial para la prestaci\u00f3n de numerosos servicios de la sociedad de la informaci\u00f3n. Entre otros, permiten a una p\u00e1gina web almacenar y recuperar informaci\u00f3n sobre los h\u00e1bitos de navegaci\u00f3n de un usuario o de su equipo y, dependiendo de la informaci\u00f3n obtenida, se pueden utilizar para reconocer al usuario y mejorar el servicio ofrecido.<\/p>\n<p><b>Tipos de cookies<br><\/b>\nSeg\u00fan quien sea la entidad que gestione el dominio desde donde se env\u00edan las cookies y trate los datos que se obtengan se pueden distinguir dos tipos:<\/p>\n<p><b>\u2022 Cookies propias:<br><\/b>\nAquellas que se env\u00edan al equipo terminal del usuario desde un equipo o dominio gestionado por el propio editor y desde el que se presta el servicio solicitado por el usuario.<\/p>\n<p><b>\u2022 Cookies de terceros:<br><\/b>\nAquellas que se env\u00edan al equipo terminal del usuario desde un equipo o dominio que no es gestionado por el editor, sino por otra entidad que trata los datos obtenidos trav\u00e9s de las cookies.<\/p>\n<p>En el caso de que las cookies sean instaladas desde un equipo o dominio gestionado por el propio editor pero la informaci\u00f3n que se recoja mediante \u00e9stas sea gestionada por un tercero, no pueden ser consideradas como cookies propias.<\/p>\n<p>Existe tambi\u00e9n una segunda clasificaci\u00f3n seg\u00fan el plazo de tiempo que permanecen almacenadas en el navegador del cliente, pudiendo tratarse de:<\/p>\n<p><b>\u2022 Cookies de sesi\u00f3n:<br><\/b>\nDise\u00f1adas para recabar y almacenar datos mientras el usuario accede a una p\u00e1gina web. Se suelen emplear para almacenar informaci\u00f3n que solo interesa conservar para la prestaci\u00f3n del servicio solicitado por el usuario en una sola ocasi\u00f3n (p.e. una lista de productos adquiridos).<br><b>\n\u2022 Cookies persistentes:<br><\/b>\nLos datos permanecen almacenados en el terminal y pueden ser accedidos y tratados durante un periodo definido por el responsable de la cookie, y que puede ir de unos minutos a varios a\u00f1os.<\/p>\n<p>Por \u00faltimo, existe otra clasificaci\u00f3n con seis tipos de cookies seg\u00fan la finalidad para la que se traten los datos obtenidos:<\/p>\n<p><b>\u2022 Cookies t\u00e9cnicas:<br><\/b>\nPermiten al usuario la navegaci\u00f3n a trav\u00e9s de una p\u00e1gina web, plataforma o aplicaci\u00f3n y la utilizaci\u00f3n de las diferentes opciones o servicios que en ella existan como, por ejemplo, controlar el tr\u00e1fico y la comunicaci\u00f3n de datos, identificar la sesi\u00f3n, acceder a partes de acceso restringido, recordar los elementos que integran un pedido, realizar el proceso de compra de un pedido, realizar la solicitud de inscripci\u00f3n o participaci\u00f3n en un evento, utilizar elementos de seguridad durante la navegaci\u00f3n, almacenar contenidos para la difusi\u00f3n de v\u00eddeos o sonido o compartir contenidos a trav\u00e9s de redes sociales.<br><b>\n\u2022 Cookies de personalizaci\u00f3n:<br><\/b>\nPermiten al usuario acceder al servicio con algunas caracter\u00edsticas de car\u00e1cter general predefinidas en funci\u00f3n de una serie de criterios en el terminal del usuario como por ejemplo serian el idioma, el tipo de navegador a trav\u00e9s del cual accede al servicio, la configuraci\u00f3n regional desde donde accede al servicio, etc.<br><b>\n\u2022 Cookies de an\u00e1lisis:<br><\/b>\nSon aqu\u00e9llas que permiten al responsable de las mismas, el seguimiento y an\u00e1lisis del comportamiento de los usuarios de los sitios web a los que est\u00e1n vinculadas. La informaci\u00f3n recogida mediante este tipo de cookies se utiliza en la medici\u00f3n de la actividad de los sitios web, aplicaci\u00f3n o plataforma y para la elaboraci\u00f3n de perfiles de navegaci\u00f3n de los usuarios de dichos sitios, aplicaciones y plataformas, con el fin de introducir mejoras en funci\u00f3n del an\u00e1lisis de los datos de uso que hacen los usuarios del servicio.<br><b>\n\u2022 Cookies publicitarias:<br><\/b>\n\u00c9stas permiten la gesti\u00f3n de los espacios publicitarios de la forma m\u00e1s eficiente posible.<br><b>\n\u2022 Cookies de publicidad comportamental:<br><\/b>\nEstas almacenan informaci\u00f3n del comportamiento de los usuarios obtenida a trav\u00e9s de la observaci\u00f3n continuada de sus h\u00e1bitos de navegaci\u00f3n, lo que permite desarrollar un perfil espec\u00edfico para mostrar publicidad en funci\u00f3n del mismo.<br><b>\n\u2022 Cookies de redes sociales externas:<br><\/b>\nSe utilizan para que los visitantes puedan interactuar con el contenido de diferentes plataformas sociales (Facebook, YouTube, Twitter, LinkedIn, etc.) y se generan \u00fanicamente para los usuarios de dichas redes sociales. Las condiciones de utilizaci\u00f3n de estas cookies y la informaci\u00f3n recopilada se regulan por la pol\u00edtica de privacidad de la plataforma social correspondiente.<\/p>\n<p><b>DESACTIVACI\u00d3N DE COOKIES<br><\/b>\nTienes la opci\u00f3n de permitir, bloquear o eliminar las cookies instaladas en tu equipo mediante la configuraci\u00f3n de las opciones del navegador instalado en tu equipo. Al desactivar cookies, algunos de los servicios disponibles podr\u00edan dejar de estar operativos. La forma de deshabilitar las cookies es diferente para cada navegador, pero normalmente puede hacerse desde el men\u00fa Herramientas u Opciones. Tambi\u00e9n puede consultarse el men\u00fa de Ayuda de tu navegador d\u00f3nde puedes encontrar instrucciones. El usuario podr\u00e1 en cualquier momento elegir qu\u00e9 cookies quiere que funcionen en este sitio web.<\/p>\n<p>Puede usted permitir, bloquear o eliminar las cookies instaladas en su equipo mediante la configuraci\u00f3n de las opciones del navegador instalado en su ordenador:<\/p>\n<p>\u2022 Microsoft Internet Explorer o Microsoft Edge:<br>\nhttp:\/\/windows.microsoft.com\/es-es\/windows-vista\/Block-or-allow-cookies<br>\n\u2022 Mozilla Firefox:<br>\nhttp:\/\/support.mozilla.org\/es\/kb \/impedir-que-los-sitios-web-guarden-sus-preferencia<br>\n\u2022 Cromo:<br>\nhttps:\/\/support.google.com\/accounts\/answer\/61416?hl=es<br>\n\u2022 Safari:<br>\nhttp:\/\/safari.helpmax.net\/es\/privacidad-y-seguridad\/como-gestionar-las-cookies\/<br>\n\u2022 \u00d3pera:<br>\nhttp:\/\/help.opera.com\/Linux\/10.60\/es-ES\/cookies.html<\/p>\n<p>Adem\u00e1s, tambi\u00e9n puedes gestionar el almac\u00e9n de cookies en tu navegador a trav\u00e9s de herramientas como las siguientes:<br>\n\u2022 Fantasma: www.ghostery.com\/<br>\n\u2022 Tus opciones en l\u00ednea: www.youronlinechoices.com\/es\/<br>\nA continuaci\u00f3n se identifican las cookies que est\u00e1n siendo utilizadas en este portal as\u00ed como su tipolog\u00eda y funci\u00f3n:<br>\n\u2022 _utma<br>\n\u2013 Duraci\u00f3n: 2 a\u00f1os desde la instalaci\u00f3n o actualizaci\u00f3n.<br>\n\u2013 Descripci\u00f3n: Recopila informaci\u00f3n an\u00f3nima sobre la navegaci\u00f3n de los usuarios en el sitio web con el fin de<br>\nconocer el origen de las visitas y otros datos estad\u00edsticos. Esta cookie normalmente se almacena en el navegador en la primera visita a nuestra web. Si la cookie ha sido borrada a trav\u00e9s del navegador y posteriormente vuelves a visitar nuestra web, se escribe una nueva cookie de tipo _utma con un ID \u00fanico diferente.<br>\nEsta cookie se utiliza para determinar visitantes \u00fanicos a nuestro sitio web y se actualiza con cada visita a la p\u00e1gina.<br>\nAdem\u00e1s, esta cookie proporciona un identificador \u00fanico que Google Analytics utiliza para garantizar la validez y accesibilidad de la cookie, as\u00ed como una medida de seguridad adicional.<br>\n\u2013 Tipo: Terceros<br>\n\u2013 Finalidad: Anal\u00edtica<br>\n\u2022 _utmb<br>\n\u2013 Duraci\u00f3n: 30 minutos<br>\n\u2013 Descripci\u00f3n: Almacena informaci\u00f3n sobre la actividad de la visita a nuestro sitio web y principalmente<br>\nla duraci\u00f3n de esto.<br>\n\u2013 Tipo: Terceros<br>\n\u2013 Finalidad: Anal\u00edtica<br>\n\u2022 _utmc<br>\n\u2013 Duraci\u00f3n: Sesi\u00f3n<br>\n\u2013 Descripci\u00f3n: Almacena informaci\u00f3n sobre la actividad de la visita a nuestro sitio web y principalmente<br>\nla duraci\u00f3n de esto.<br>\n\u2013 Tipo: Terceros<br>\n\u2013 Finalidad: Anal\u00edtica<\/p>\n<p>_utmz<br>\n\u2013 Duraci\u00f3n: 6 meses desde la instalaci\u00f3n o actualizaci\u00f3n.<br>\n\u2013 Descripci\u00f3n: Esta cookie normalmente se almacena en el navegador en la primera visita a nuestro sitio web.<br>\n.<br>\nEsta cookie almacena c\u00f3mo ha llegado el visitante a nuestro sitio web, ya sea directamente introduciendo la direcci\u00f3n del dominio, un enlace, una b\u00fasqueda web o un anuncio. La cookie se actualiza cada vez que visita nuestro sitio web.<br>\n\u2013 Tipo: Tercero<br>\n\u2013 Finalidad: Anal\u00edtica<\/p>\n<p>\u2022 _ga<br>\n\u2013 Duraci\u00f3n: 2 a\u00f1os<br>\n\u2013 Descripci\u00f3n: Sirve para distinguir a los usuarios. Generada por Google Analytics. Google almacena la informaci\u00f3n recogida por las cookies en servidores ubicados en Estados Unidos, cumpliendo con la legislaci\u00f3n europea en cuanto a protecci\u00f3n de datos personales y se compromete a no compartirla con terceros, excepto cuando la ley le obliga a ello o sea necesario para el funcionamiento. del sistema. Google no asocia su direcci\u00f3n IP con ninguna otra informaci\u00f3n que tenga. Si desea obtener m\u00e1s informaci\u00f3n acerca de las cookies utilizadas por Google Analytics, por favor acceda a esta direcci\u00f3n: https:\/\/developers.google.com\/analytics\/devguides\/collection\/analyticsjs\/cookie-usage?hl=es&amp;csw=1<br>\n\u2013 Tipo: Tercero<br>\n\u2013 Finalidad: Anal\u00edtica<br>\n\u2022 _gato<br>\n\u2013 Duraci\u00f3n: 1 minuto<br>\n\u2013 Descripci\u00f3n: Utilizada para mostrar nuestra publicidad en otras p\u00e1ginas de la red de Google. Generada por Google Analytics. Google almacena la informaci\u00f3n recogida por las cookies en servidores ubicados en Estados Unidos, cumpliendo con la legislaci\u00f3n europea en cuanto a protecci\u00f3n de datos personales y se compromete a no compartirla con terceros, excepto cuando la ley le obliga a ello o sea necesario para el funcionamiento. del sistema. Google no asocia su direcci\u00f3n IP con ninguna otra informaci\u00f3n que tenga. Si desea obtener m\u00e1s informaci\u00f3n acerca de las cookies utilizadas por Google Analytics, por favor<br>\nAccede a esta direcci\u00f3n:<br>\nhttps:\/\/developers.google.com\/analytics\/devguides\/collection\/analyticsjs\/cookie-usage?hl=es&amp;csw=1<\/p>\n<p>Tipo: Terceros<br>\n\u2013 Finalidad: Publicidad comportamental<br>\n\u2022 _gid<br>\n\u2013 Duraci\u00f3n: 24 horas<br>\n\u2013 Descripci\u00f3n: Generada por Google Analytics. Google almacena la informaci\u00f3n recogida por las cookies en servidores ubicados en Estados Unidos, en cumplimiento de la legislaci\u00f3n europea en materia de protecci\u00f3n de datos personales y se compromete a no compartirla con terceros, excepto cuando la ley lo obligue o sea necesario para el funcionamiento del sistema. Google no asocia su direcci\u00f3n IP con ning\u00fan otro dato del que disponga. Si desea obtener m\u00e1s informaci\u00f3n sobre las cookies que utiliza Google Analytics, visite esta direcci\u00f3n:<br>\nhttps:\/\/developers.google.com\/analytics\/devguides\/collection\/analyticsjs\/cookie-usage?hl=es&amp;csw<br>\n\u2013 Tipo: Tercero<br>\n\u2013 Finalidad: Publicidad comportamental<br>\n\u2022 ID de API<br>\n\u2013 Duraci\u00f3n: 2 a\u00f1os<br>\n\u2013 Descripci\u00f3n: Al crear o iniciar sesi\u00f3n en una cuenta de Google, esta cookie se almacena en tu ordenador para permanecer conectado a tu cuenta de Google cuando vuelvas a visitar sus servicios. Mientras permanezcas conectado y uses complementos en otros sitios web como el nuestro, Google har\u00e1 uso de estas cookies para mejorar tu experiencia de usuario.<br>\n\u2013 Tipo: Terceros<br>\n\u2013 Finalidad: Anal\u00edtica<br>\n\u2022 Identificador de HS<br>\n\u2013 Duraci\u00f3n: 2 a\u00f1os<br>\n\u2013 Descripci\u00f3n: Al crear o iniciar sesi\u00f3n en una cuenta de Google, esta cookie se almacena en tu ordenador para permanecer conectado a tu cuenta de Google cuando vuelvas a visitar sus servicios. Mientras permanezcas conectado y uses complementos en otras webs como la nuestra,<br>\nGoogle utilizar\u00e1 estas cookies para mejorar tu experiencia de usuario.<br>\n\u2013 Tipo: Terceros<\/p>\n<p>Finalidad: Anal\u00edtica<br>\n\u2022 INFORMACI\u00d3N DE INICIO DE SESI\u00d3N<br>\n\u2013 Duraci\u00f3n: 2 a\u00f1os<br>\n\u2013 Descripci\u00f3n: En algunas p\u00e1ginas de nuestro Sitio Web hemos incrustado v\u00eddeos de YouTube, un servicio de Google. Su uso implica el env\u00edo de esta cookie adem\u00e1s de las cookies que Google requiere si mantienes la sesi\u00f3n activa con tu cuenta, con la finalidad de visualizar los v\u00eddeos incrustados, estimar el ancho de banda y mostrar cu\u00e1ntas veces se ha reproducido.<br>\n\u2013 Tipo: Tercero<br>\n\u2013 Finalidad: Anal\u00edtica<br>\n\u2022 PREFERENCIA<br>\n\u2013 Duraci\u00f3n: 2 a\u00f1os<br>\n\u2013 Descripci\u00f3n: Al crear o iniciar sesi\u00f3n en una cuenta de Google, esta cookie se almacena en tu ordenador para permanecer conectado a tu cuenta de Google cuando vuelvas a visitar sus servicios. Mientras permanezcas con esta sesi\u00f3n activa y uses complementos en otras webs como la nuestra, Google har\u00e1 uso de estas cookies para mejorar tu experiencia de usuario.<br>\n\u2013 Tipo: Tercero<br>\n\u2013 Finalidad: Anal\u00edtica<br>\n\u2022 SAPISIDO<br>\n\u2013 Duraci\u00f3n: 2 a\u00f1os<br>\n\u2013 Descripci\u00f3n: En algunas p\u00e1ginas de nuestro Sitio Web hemos incrustado v\u00eddeos de YouTube, un servicio de Google. Su uso implica el env\u00edo de esta cookie adem\u00e1s de las cookies que Google requiere si mantienes la sesi\u00f3n activa con tu cuenta, con la finalidad de mostrar los v\u00eddeos incrustados, estimar el ancho de banda y mostrar cu\u00e1ntas veces ha sido reproducido.<br>\n\u2013 Tipo: Tercero<br>\n\u2013 Finalidad: Anal\u00edtica<br>\n\u2022 Identificaci\u00f3n individual<br>\n\u2013 Duraci\u00f3n: 2 a\u00f1os<br>\nDescripci\u00f3n: Al crear o iniciar sesi\u00f3n en una cuenta de Google se almacenan estas cookies en su ordenador para permanecer conectado a su cuenta de Google cuando vuelva a visitar sus servicios. Mientras permanezca con esta sesi\u00f3n activa y use complementos en otros sitios web como el nuestro, Google har\u00e1 uso de estas cookies para mejorar su experiencia de usuario.<br>\n\u2013 Tipo: Tercero<br>\n\u2013 Finalidad: Anal\u00edtica<br>\n\u2022 SSID<br>\n\u2013 Duraci\u00f3n: 2 a\u00f1os<br>\n\u2013 Descripci\u00f3n: Al crear o iniciar sesi\u00f3n en una cuenta de Google se almacenan estas cookies en tu ordenador para permanecer conectado a tu cuenta de Google cuando vuelvas a visitar sus servicios. Mientras permanezcas con esta sesi\u00f3n activa y uses complementos en otras webs como la nuestra, Google har\u00e1 uso de estas cookies para mejorar tu experiencia de usuario.<br>\n\u2013 Tipo: Tercero<br>\n\u2013 Finalidad: Anal\u00edtica<br>\n\u2022 INFORMACI\u00d3N_DE_VISITANTE1_EN_VIVO<br>\n\u2013 Duraci\u00f3n: 8 meses<br>\n\u2013 Descripci\u00f3n: En algunas p\u00e1ginas de nuestro Sitio Web tenemos v\u00eddeos incrustados de Youtube, es un servicio de Google. Su uso implica el env\u00edo de esta cookie adem\u00e1s de las cookies que Google requiere si mantienes la sesi\u00f3n activa con tu cuenta, con la finalidad de visualizar los v\u00eddeos incrustados, estimar el ancho de banda y mostrar cu\u00e1ntas veces se ha reproducido.<br>\n\u2013 Tipo: Tercero<br>\n\u2013 Finalidad: Anal\u00edtica<br>\n\u2022 YSC<br>\n\u2013 Duraci\u00f3n: Cuando cierras la sesi\u00f3n<br>\n\u2013 Descripci\u00f3n: En algunas p\u00e1ginas de nuestro Sitio Web hemos incrustado v\u00eddeos de YouTube, un servicio de Google. Su uso implica el env\u00edo de esta cookie adem\u00e1s de las cookies que Google requiere si mantienes la sesi\u00f3n activa con tu cuenta, con la finalidad de visualizar los v\u00eddeos incrustados, estimar el ancho de banda y mostrar cu\u00e1ntas veces se ha reproducido.<\/p>\n<p>Tipo: Terceros<br>\n\u2013 Finalidad: Anal\u00edtica<br>\n\u2022 nTpXe.reanudar<br>\n\u2013 Duraci\u00f3n: 1 mes<br>\n\u2013 Descripci\u00f3n: En algunas p\u00e1ginas de nuestro Sitio Web tenemos v\u00eddeos incrustados de Youtube, es un servicio de Google. Su uso implica el env\u00edo de esta cookie adem\u00e1s de las cookies que Google requiere si mantienes la sesi\u00f3n activa con tu cuenta, con la finalidad de visualizar los v\u00eddeos incrustados, estimar el ancho de banda y mostrar cu\u00e1ntas veces se ha reproducido.<br>\n\u2013 Tipo: Tercero<br>\n\u2013 Finalidad: Anal\u00edtica<br>\n\u2022 NID<br>\n\u2013 Duraci\u00f3n: 6 meses<br>\n\u2013 Descripci\u00f3n: La finalidad de esta cookie es almacenar informaci\u00f3n sobre tus preferencias.<br>\n\u2013 Tipo: Tercero<br>\n\u2013 Finalidad: Personalizaci\u00f3n<br>\n\u2022 Token de amplificador<br>\n\u2013 Duraci\u00f3n: 30 segundos a 1 a\u00f1o<br>\n\u2013 Descripci\u00f3n: incluye un token que se puede utilizar para recuperar un ID de cliente del servicio de ID de cliente de AMP. Otros valores posibles indican cancelaciones de suscripci\u00f3n, solicitudes en curso o errores obtenidos al recuperar un ID del servicio de ID de cliente de AMP.<br>\n\u2013 Tipo: Tercero<br>\n\u2013 Finalidad: Anal\u00edtica<\/p>\n<p>\u2022 _gac_<br>\n\u2013 Duraci\u00f3n: 90 d\u00edas<br>\n\u2013 Descripci\u00f3n: Contiene informaci\u00f3n de la campa\u00f1a sobre el usuario. Si ha vinculado sus cuentas de Google Analytics y AdWords, las etiquetas de conversi\u00f3n del sitio web leer\u00e1n esta cookie a menos que usted opte por no hacerlo.<br>\n\u2013 Tipo: Tercero<br>\n\u2013 Finalidad: Anal\u00edtica<\/p>\n<p><b>Aceptaci\u00f3n de la Pol\u00edtica de Cookies<br><\/b>\nhttps:\/\/spleeft.app\/ asume que usted acepta el uso de cookies. No obstante, muestra informaci\u00f3n sobre su Pol\u00edtica de Cookies en la parte inferior o superior de cualquier p\u00e1gina del portal con cada inicio de sesi\u00f3n con el objeto de que usted sea consciente.<\/p>\n<p>Con esta informaci\u00f3n es posible realizar las siguientes acciones:<br>\n\u2022 Aceptar cookies:<br>\nEste aviso no se volver\u00e1 a visualizar al acceder a cualquier p\u00e1gina del portal durante la sesi\u00f3n actual.<br>\n\u2022 Cerca:<br>\nEl aviso est\u00e1 oculto en esta p\u00e1gina.<br>\n\u2022 Modificar su configuraci\u00f3n:<br>\nPodr\u00e1s obtener m\u00e1s informaci\u00f3n sobre qu\u00e9 son las cookies, conocer la Pol\u00edtica de Cookies de:<br>\nhttps:\/\/spleeft.app\/ y modifique la configuraci\u00f3n de su navegador.<\/p>\n<p>Pol\u00edtica de cookies actualizada por \u00faltima vez el 8 de agosto de 2024<\/p>\t\t\t\t\t\t\t\t<\/div>\n\t\t\t\t<\/div>\n\t\t\t\t\t<\/div>\n\t\t\t\t<\/div>\n\t\t\t\t<\/div>","protected":false},"excerpt":{"rendered":"<p>Pol\u00edtica de cookies. IVAN DE LUCAS ROGERO informa sobre el uso de cookies en su sitio web: https:\/\/spleeft.app\/ \u00bfQu\u00e9 son las cookies? Las cookies son archivos que se pueden descargar en su ordenador a trav\u00e9s de los sitios web. Son herramientas esenciales para la prestaci\u00f3n de numerosos servicios de la sociedad de la informaci\u00f3n. Entre otras cosas, permiten a un sitio web\u2026 <\/p>\n<p class=\"link-more\"><a href=\"https:\/\/spleeft.app\/es\/politica-de-cookies\/\" class=\"more-link\">Leer m\u00e1s<span class=\"screen-reader-text\"> \u00abPol\u00edtica de Cookies\u00bb<\/span><\/a><\/p>","protected":false},"author":3,"featured_media":0,"parent":0,"menu_order":0,"comment_status":"closed","ping_status":"closed","template":"elementor_header_footer","meta":{"om_disable_all_campaigns":false,"_monsterinsights_skip_tracking":false,"_monsterinsights_sitenote_active":false,"_monsterinsights_sitenote_note":"","_monsterinsights_sitenote_category":0,"footnotes":""},"class_list":["post-8012","page","type-page","status-publish","hentry"],"_links":{"self":[{"href":"https:\/\/spleeft.app\/es\/wp-json\/wp\/v2\/pages\/8012","targetHints":{"allow":["GET"]}}],"collection":[{"href":"https:\/\/spleeft.app\/es\/wp-json\/wp\/v2\/pages"}],"about":[{"href":"https:\/\/spleeft.app\/es\/wp-json\/wp\/v2\/types\/page"}],"author":[{"embeddable":true,"href":"https:\/\/spleeft.app\/es\/wp-json\/wp\/v2\/users\/3"}],"replies":[{"embeddable":true,"href":"https:\/\/spleeft.app\/es\/wp-json\/wp\/v2\/comments?post=8012"}],"version-history":[{"count":0,"href":"https:\/\/spleeft.app\/es\/wp-json\/wp\/v2\/pages\/8012\/revisions"}],"wp:attachment":[{"href":"https:\/\/spleeft.app\/es\/wp-json\/wp\/v2\/media?parent=8012"}],"curies":[{"name":"gracias","href":"https:\/\/api.w.org\/{rel}","templated":true}]}}