{"id":8000,"date":"2024-08-30T11:43:56","date_gmt":"2024-08-30T09:43:56","guid":{"rendered":"https:\/\/spleeft.app\/?page_id=8000"},"modified":"2024-10-01T12:08:57","modified_gmt":"2024-10-01T10:08:57","slug":"politica-de-privacidad-2","status":"publish","type":"page","link":"https:\/\/spleeft.app\/es\/politica-de-privacidad-2\/","title":{"rendered":"Pol\u00edtica de privacidad"},"content":{"rendered":"<div data-elementor-type=\"wp-page\" data-elementor-id=\"8000\" class=\"elementor elementor-8000\" data-elementor-post-type=\"page\">\n\t\t\t\t<div class=\"elementor-element elementor-element-f2135bb e-flex e-con-boxed e-con e-parent\" data-id=\"f2135bb\" data-element_type=\"container\" data-e-type=\"container\">\n\t\t\t\t\t<div class=\"e-con-inner\">\n\t\t\t\t<div class=\"elementor-element elementor-element-1deb8a1 elementor-widget elementor-widget-heading\" data-id=\"1deb8a1\" data-element_type=\"widget\" data-e-type=\"widget\" data-widget_type=\"heading.default\">\n\t\t\t\t<div class=\"elementor-widget-container\">\n\t\t\t\t\t<h1 class=\"elementor-heading-title elementor-size-default\">Pol\u00edtica de privacidad<\/h1>\t\t\t\t<\/div>\n\t\t\t\t<\/div>\n\t\t\t\t\t<\/div>\n\t\t\t\t<\/div>\n\t\t<div class=\"elementor-element elementor-element-9ba171c e-flex e-con-boxed e-con e-parent\" data-id=\"9ba171c\" data-element_type=\"container\" data-e-type=\"container\">\n\t\t\t\t\t<div class=\"e-con-inner\">\n\t\t\t\t<div class=\"elementor-element elementor-element-0bd6198 elementor-widget elementor-widget-text-editor\" data-id=\"0bd6198\" data-element_type=\"widget\" data-e-type=\"widget\" data-widget_type=\"text-editor.default\">\n\t\t\t\t<div class=\"elementor-widget-container\">\n\t\t\t\t\t\t\t\t\t<p>El sitio web, https:\/\/spleeft.app\/, es propiedad de IVAN DE LUCAS ROGERO, en adelante IVAN-DE-LUCAS.<\/p>\n<p>En IVAN-DE-LUCAS nos comprometemos a proteger la informaci\u00f3n personal que comparta con nosotros, ya que para nosotros es esencial garantizar y proteger la privacidad y confidencialidad de sus datos personales.&nbsp;<\/p>\n<p>El sitio web https:\/\/spleeft.app\/ cumple los requisitos de las siguientes leyes:<\/p>\n<p>Ley Org\u00e1nica 3\/2018, de 5 de diciembre, de Protecci\u00f3n de Datos Personales y Garant\u00eda de los Derechos Digitales. Descargar. ( https:\/\/boe.es\/boe\/dias\/2018\/12\/06\/pdfs\/BOE-A-2018-16673.pdf)<br>Reglamento (UE) 2016\/679 del Parlamento Europeo y del Consejo, de 27 de abril de 2016, relativo a la protecci\u00f3n de las personas f\u00edsicas (RGPD), Descargar ( https:\/\/www.boe.es\/doue\/2016\/119\/L00001-00088.pdf )<br>Ley 34\/2002, de 11 de julio, de Servicios de la Sociedad de la Informaci\u00f3n y Comercio Electr\u00f3nico (LSSICE o LSSI) que regula las transacciones econ\u00f3micas por medios electr\u00f3nicos. Descargar ( https:\/\/www.boe.es\/buscar\/doc.php?id=BOE-A-2002-13758 )<br>Esta declaraci\u00f3n establece nuestra pol\u00edtica de privacidad y protecci\u00f3n de datos con respecto a la informaci\u00f3n que usted nos proporciona para que podamos garantizar que:<\/p>\n<p>En cualquier momento podr\u00e1 solicitar la cancelaci\u00f3n de sus datos personales siempre que se cumplan los requisitos legales de protecci\u00f3n y conservaci\u00f3n de datos.<br>Nos comprometemos al cumplimiento de la obligaci\u00f3n de secreto de los datos de car\u00e1cter personal recogidos, de su deber de guardarlos y de no comunicarlos a terceros, salvo consentimiento expreso del titular de los mismos.<br>Hemos adoptado las medidas t\u00e9cnicas y organizativas necesarias, teniendo en cuenta el estado de la t\u00e9cnica, los costes de aplicaci\u00f3n y la naturaleza, el alcance, el contexto y los fines del tratamiento, as\u00ed como los riesgos de probabilidad y gravedad variables para los derechos y libertades de las personas f\u00edsicas, para garantizar un nivel de seguridad adecuado al riesgo detectado, y asegurar la seudonimizaci\u00f3n y el cifrado de los datos personales, as\u00ed como la capacidad de garantizar la confidencialidad, integridad, disponibilidad y resiliencia permanentes de los sistemas y servicios de tratamiento.<\/p>\n<p>Tenga en cuenta que esta pol\u00edtica de privacidad puede variar en funci\u00f3n de exigencias legislativas o de autorregulaci\u00f3n, por lo que se aconseja a los usuarios que la visiten peri\u00f3dicamente. Ser\u00e1 de aplicaci\u00f3n si los usuarios deciden rellenar alg\u00fan formulario de cualquiera de los formularios de contacto en los que se recaben datos de car\u00e1cter personal.<\/p>\n<p>CONTROLADOR DE DATOS<br>La persona responsable del tratamiento de los datos personales recogidos en este sitio web es:<\/p>\n<p>Nombre comercial: IVAN-DE-LUCAS<br>Responsable: IVAN DE LUCAS ROGERO<br>CIF: 70265279A<br>Direcci\u00f3n: Calle Los Cantos, 23. 28260 Galapagar (Madrid)<br>Tel\u00e9fono: +34 634442588<br>Contacto: ivandelucas2000@gmail.com<\/p>\n<p>PRINCIPIOS DE APLICACI\u00d3N A LA INFORMACI\u00d3N PERSONAL<br>En el tratamiento de sus datos personales se aplicar\u00e1n los siguientes principios, que cumplen los requisitos del nuevo reglamento europeo de protecci\u00f3n de datos:<\/p>\n<p>Principio de licitud, lealtad y transparencia: Siempre se requerir\u00e1 el consentimiento del usuario para el tratamiento de sus datos personales para una o varias finalidades espec\u00edficas de las que se informar\u00e1 previamente con absoluta transparencia.<br>Principio de minimizaci\u00f3n de datos: S\u00f3lo se solicitar\u00e1n los datos estrictamente necesarios en relaci\u00f3n con los fines para los que se requieran. Los m\u00ednimos posibles. Principio de limitaci\u00f3n del plazo de conservaci\u00f3n: los datos no se conservar\u00e1n m\u00e1s tiempo del necesario para los fines del tratamiento, en funci\u00f3n de la finalidad.<br>Principio de integridad y confidencialidad: Los datos personales se tratar\u00e1n de forma que se garantice la seguridad adecuada de los mismos y la confidencialidad. Debe saber que se toman todas las precauciones necesarias para evitar el acceso no autorizado o el uso indebido de los datos de los usuarios por parte de terceros.<\/p>\n<p>FINALIDAD DEL TRATAMIENTO DE SUS DATOS PERSONALES<br>La recogida y uso de sus datos personales s\u00f3lo es posible si usted nos los facilita voluntariamente y acepta esta pol\u00edtica de privacidad.<\/p>\n<p>Las distintas finalidades del tratamiento de sus datos personales ser\u00e1n:<\/p>\n<p>Tienda en l\u00ednea: Compra de ropa (\"el Contrato\") Los datos personales facilitados en el curso de su proceso de compra ser\u00e1n recabados, tratados y utilizados con la finalidad de gestionar su servicio para la posterior ejecuci\u00f3n del Contrato, as\u00ed como para el mantenimiento de la relaci\u00f3n contractual, la gesti\u00f3n, administraci\u00f3n, prestaci\u00f3n, ampliaci\u00f3n y mejora de los servicios, as\u00ed como el env\u00edo de sus art\u00edculos adquiridos relacionados con el Contrato, por cualquier medio, incluido el correo electr\u00f3nico y\/o medio equivalente.<br>Formularios de contacto: A trav\u00e9s de cualquiera de los formularios de contacto establecidos en el Sitio Web ('Solicitud de informaci\u00f3n', 'Contacto', etc.), le solicitaremos, adem\u00e1s de su n\u00famero de tel\u00e9fono y correo electr\u00f3nico, determinados datos relativos a usted, o a su empresa, con el fin de resolver sus dudas, consultas o remitirle m\u00e1s informaci\u00f3n. La base legal para el tratamiento de dichos datos se fundamenta en su consentimiento. Los datos facilitados est\u00e1n ubicados en los servidores de Webempresa Europa SL<br>Formulario de suscripci\u00f3n a contenidos y comunicaciones comerciales: A trav\u00e9s del formulario de suscripci\u00f3n al bolet\u00edn, se solicitan los siguientes datos personales (nombre, empresa, correo electr\u00f3nico y tel\u00e9fono) para gestionar la lista de suscriptores, enviar boletines, comunicaciones comerciales, promociones y ofertas especiales por medios electr\u00f3nicos, telef\u00f3nicos o telem\u00e1ticos, facilitados por el usuario al suscribirse. Dentro del sitio web existen varios formularios para activar la suscripci\u00f3n. Los datos ser\u00e1n conservados con esta finalidad mientras permanezca dado de alta en nuestros sistemas de env\u00edo de comunicaciones comerciales y mientras no revoque su consentimiento. Los boletines electr\u00f3nicos o newsletters son gestionados por Mailchimp. Te informo que los datos que me facilitas estar\u00e1n ubicados en los servidores de The Rocket Science Group LLC (MailChimp), proveedor de IVAN-DE-LUCAS, fuera de la UE en EEUU. Mailchimp. Puedes ver la pol\u00edtica de privacidad de Mailchimp desde aqu\u00ed.<br>Cookies: Al acceder y navegar por el Sitio Web, se podr\u00e1n implantar en el equipo que utilice para la navegaci\u00f3n unos archivos denominados cookies. Cuando acceda al Sitio Web, se le ofrecer\u00e1 cierta informaci\u00f3n sobre el uso de esta tecnolog\u00eda a trav\u00e9s de su dispositivo o equipo terminal y podr\u00e1 elegir qu\u00e9 cookies desea que funcionen en este Sitio Web. El Sitio Web utiliza cookies con el fin de personalizar el contenido y los anuncios, ofrecer funciones de medios sociales y analizar el tr\u00e1fico. Adem\u00e1s, compartimos informaci\u00f3n sobre su uso del sitio web con nuestros socios de medios sociales, publicidad y an\u00e1lisis web, que pueden combinarla con otra informaci\u00f3n que usted les haya proporcionado o que hayan recopilado a partir del uso que usted hace de sus servicios. En cualquier momento puede retirar o modificar su consentimiento, bloquearlos o desactivarlos a trav\u00e9s del sistema de configuraci\u00f3n del Sitio Web o de las opciones de configuraci\u00f3n de su navegador. Si desea m\u00e1s informaci\u00f3n, puede consultar nuestra pol\u00edtica de cookies . La base legal para el tratamiento de dichos datos se fundamenta en su consentimiento.<br>Perfiles. En el caso de que nos preste su consentimiento expreso e inequ\u00edvoco, los datos personales facilitados ser\u00e1n recogidos, tratados y utilizados con la finalidad de crear perfiles de forma automatizada para poder ofrecerle productos acordes a sus necesidades. A tal efecto, IVAN-DE-LUCAS le informa de que: dicho an\u00e1lisis no producir\u00e1 efectos jur\u00eddicos ni consecuencias discriminatorias que puedan derivarse por criterios sensibles, como la raza o el origen \u00e9tnico, las opiniones pol\u00edticas o creencias religiosas, el estado de salud o la orientaci\u00f3n sexual, ya que esta informaci\u00f3n no se incluye en dicho tratamiento, su derecho a obtener intervenci\u00f3n humana en los tratamientos, a expresar su punto de vista, a obtener una explicaci\u00f3n sobre la decisi\u00f3n adoptada basada en un tratamiento automatizado, y a impugnar dicha decisi\u00f3n mediante comunicaci\u00f3n directa con nuestro DPO a trav\u00e9s del correo electr\u00f3nico ivandelucas2000@gmail.com; la l\u00f3gica aplicada se basa en realizar proactivamente an\u00e1lisis de riesgos y aplicar t\u00e9cnicas estad\u00edsticas y de segmentaci\u00f3n de clientes a sus datos, con las siguientes finalidades: a) estudiar productos o servicios que puedan ajustarse al perfil espec\u00edfico del Usuario, todo ello con el fin de realizar ofertas comerciales adaptadas a sus necesidades y preferencias, b) realizar el seguimiento de los productos y servicios contratados, c) realizar, por IVAN-DE-LUCAS o terceros contratados por \u00e9sta, encuestas de satisfacci\u00f3n por v\u00eda telef\u00f3nica o electr\u00f3nica con el fin de evaluar los servicios prestados, d) dise\u00f1ar nuevos productos o servicios, o mejorar el dise\u00f1o y usabilidad de los existentes, as\u00ed como definir o mejorar experiencias de usuario. El usuario, en caso de disponer de ellos, autoriza la incorporaci\u00f3n a los perfiles creados sobre \u00e9l de los datos que haya facilitado personalmente, tales como: datos de contacto (como nombre, direcci\u00f3n, correo electr\u00f3nico, datos identificativos (como nombre, apellidos, tel\u00e9fono, correo electr\u00f3nico); historial de clientes (como recepci\u00f3n de ofertas, datos de compra de proyectos o servicios complementarios ofrecidos por IVAN-DE-LUCAS); datos de apps, webs o redes sociales (como datos de uso de consultas online o solicitudes de informaci\u00f3n).<\/p>\n<p>Tambi\u00e9n existen otros fines para los que se tratan los datos personales de los usuarios:<\/p>\n<p>Garantizar el cumplimiento de las condiciones de uso y de la legislaci\u00f3n aplicable. Esto puede incluir el desarrollo de herramientas y algoritmos que ayuden a este sitio web a garantizar la confidencialidad de los datos personales que recopila.<br>Para apoyar y mejorar los servicios ofrecidos por este sitio web. Tambi\u00e9n se recogen otros datos no identificativos que se obtienen a trav\u00e9s de algunas cookies que se descargan en el ordenador del usuario al navegar por este sitio web, que detallo en la pol\u00edtica de cookies.<br>Gestionar las redes sociales. IVAN-DE-LUCAS tiene presencia en redes sociales. El tratamiento de los datos que se lleve a cabo de las personas que se hagan seguidoras en las redes sociales de las p\u00e1ginas de https:\/\/spleeft.app\/ se regir\u00e1 por este apartado. As\u00ed como por aquellas condiciones de uso, pol\u00edticas de privacidad y normativas de acceso que pertenezcan a la red social que proceda en cada caso y aceptadas previamente por el usuario de IVAN-DE-LUCAS. Tratar\u00e1 sus datos con las finalidades de administrar correctamente su presencia en la red social, informando de actividades, productos o servicios de https:\/\/spleeft.app\/. As\u00ed como para cualquier otra finalidad que las normativas de las redes sociales permitan.<\/p>\n<p>SEGUIMIENTO EN LAS REDES SOCIALES<br>Las redes sociales son servicios prestados por terceros proveedores que permiten a los usuarios participar en una comunidad virtual con otros usuarios a trav\u00e9s de la cual pueden crear su propio perfil p\u00fablico donde crear y compartir contenidos, informaci\u00f3n y datos personales con otros usuarios de la red. En una red social se pueden crear y compartir p\u00e1ginas, cuentas o perfiles con fines personales y\/o comerciales. El funcionamiento de la red social est\u00e1 regulado, en primer lugar, por las condiciones establecidas por el titular y\/o proveedor de la red y, en segundo lugar, cuando se trata de p\u00e1ginas, cuentas o perfiles con fines comerciales, por los t\u00e9rminos y condiciones establecidos por el responsable del perfil o cuenta comercial, que tambi\u00e9n ser\u00e1 el responsable del tratamiento de los datos de los mismos.<br>IVAN-DE-LUCAS tiene perfiles en algunas redes sociales como, entre otras, Twitter, Facebook y Linkedin. Los usuarios pueden seguirnos y hacerse fans de las p\u00e1ginas oficiales de IVAN-DE-LUCAS en las citadas redes sociales.<br>Se informa al usuario que el tratamiento de los datos que se lleve a cabo a trav\u00e9s de las p\u00e1ginas, perfiles o cuentas de IVAN-DE-LUCAS en redes sociales se regir\u00e1 por las correspondientes pol\u00edticas y condiciones tanto de la p\u00e1gina oficial como del proveedor y titular de cada red social, en su caso.<\/p>\n<p>PERIODO DE CONSERVACI\u00d3N DE DATOS<br>Los datos personales facilitados para la finalidad 1 \"Contrataci\u00f3n de proyectos\" se conservar\u00e1n mientras se mantenga la relaci\u00f3n comercial entre las partes y por un periodo m\u00e1ximo de 5 a\u00f1os.<\/p>\n<p>Los datos personales proporcionados a efectos de formularios, cookies, perfiles y encuestas se conservar\u00e1n mientras el titular de los datos no ejerza su derecho de supresi\u00f3n, oposici\u00f3n, limitaci\u00f3n del tratamiento y revocaci\u00f3n del consentimiento otorgado.<\/p>\n<p>CATEGOR\u00cdA DE DATOS<br>Las categor\u00edas de datos tratados son: datos de identificaci\u00f3n, en concreto, nombre, apellidos, direcci\u00f3n, propietario de la habitaci\u00f3n, n\u00famero de tel\u00e9fono y direcci\u00f3n de correo electr\u00f3nico.<\/p>\n<p>No se tratan categor\u00edas de datos especialmente protegidas.<\/p>\n<p>DESTINATARIOS. COMUNICACI\u00d3N DE DATOS<br>IVAN-DE-LUCAS utiliza herramientas para gestionar los datos de los usuarios que son contratadas por terceros.<\/p>\n<p>Para prestar servicios estrictamente necesarios para el desarrollo de la actividad, IVAN-DE-LUCAS, comparte datos con los siguientes prestadores bajo sus correspondientes condiciones de privacidad:<\/p>\n<p>Google Analytics: un servicio anal\u00edtico de web prestado por Google, Inc, una compa\u00f1\u00eda de Delaware cuya oficina principal est\u00e1 en 1600 Amphitheatre Parkway, Mountain View (California), CA 94043, Estados Unidos (\"Google\"). Google Analytics utiliza \"cookies\", que son archivos de texto ubicados en su ordenador, para ayudar a https:\/\/spleeft.app\/ a analizar el uso que hacen los usuarios del sitio web. La informaci\u00f3n que genera la cookie acerca de su uso de https:\/\/spleeft.app\/ (incluyendo su direcci\u00f3n IP) ser\u00e1 directamente transmitida y archivada por Google en los servidores de Estados Unidos.<br>Alojamiento: Webempresa Europa SL, con direcci\u00f3n C\/ Almagro 11 6\u00ba 7\u00aa 1. 28010 Madrid (MADRID) Espa\u00f1a. M\u00e1s informaci\u00f3n aqu\u00ed . Webempresa Europa SL trata los datos con la finalidad de prestar sus servicios de alojamiento de p\u00e1ginas web y bases de datos a IVAN-DE-LUCAS.<br>Marketing por correo electr\u00f3nico: Para realizar campa\u00f1as de email marketing, segmentar audiencias y realizar campa\u00f1as promocionales, uso Mailchimp, propiedad de The Rocket Science Group LLC (MailChimp), con sede fuera de la UE en EEUU. Puedes consultar la pol\u00edtica de privacidad de Mailchimp aqu\u00ed.<\/p>\n<p>NAVEGACI\u00d3N<br>Al navegar por https:\/\/spleeft.app\/ pueden recopilarse datos no identificables, que pueden incluir direcciones IP, ubicaci\u00f3n geogr\u00e1fica (aproximadamente), un registro de c\u00f3mo se utilizan los servicios y sitios, y otros datos que no pueden utilizarse para identificar al usuario. Los datos no identificables tambi\u00e9n incluyen datos relacionados con sus h\u00e1bitos de navegaci\u00f3n a trav\u00e9s de servicios de terceros. Este sitio web utiliza los siguientes servicios de an\u00e1lisis de terceros:<\/p>\n<p>Google Analytics. Esta informaci\u00f3n se utiliza para analizar tendencias, administrar el sitio web, rastrear los movimientos del usuario por el sitio web y recopilar informaci\u00f3n demogr\u00e1fica sobre nuestra base de usuarios en su conjunto.<\/p>\n<p>SEGURIDAD Y CONFIDENCIALIDAD DE LOS DATOS<br>IVAN-DE-LUCAS se compromete en el uso y tratamiento de los datos personales de los usuarios, respetando su confidencialidad y a utilizarlos de acuerdo con la finalidad del mismo, as\u00ed como a dar cumplimiento a su obligaci\u00f3n de guardarlos y adaptar todas las medidas para evitar la alteraci\u00f3n, p\u00e9rdida, tratamiento o acceso no autorizado, de conformidad con lo establecido en la normativa vigente de protecci\u00f3n de datos.<\/p>\n<p>Este sitio web incluye un certificado SSL. Se trata de un protocolo de seguridad que garantiza que sus datos viajan de forma \u00edntegra y segura, es decir, que la transmisi\u00f3n de datos entre un servidor y un usuario web, y en retroalimentaci\u00f3n, est\u00e1 completamente encriptada.<\/p>\n<p>IVAN-DE-LUCAS no puede garantizar la invulnerabilidad absoluta de la red Internet y por tanto la violaci\u00f3n de los datos mediante accesos fraudulentos a ellos por parte de terceros.<\/p>\n<p>Con respecto a la confidencialidad del tratamiento, IVAN-DE-LUCAS se asegurar\u00e1 de que cualquier persona que est\u00e9 autorizada por IVAN-DE-LUCAS para tratar los datos del Cliente (incluido su personal, colaboradores y proveedores), estar\u00e1 bajo la obligaci\u00f3n apropiada de confidencialidad (ya sea un deber contractual o legal).<\/p>\n<p>Cuando se produzca un incidente de seguridad, al tener conocimiento del mismo, IVAN-DE-LUCAS deber\u00e1 notificarlo al cliente sin demora indebida y deber\u00e1 facilitar puntualmente la informaci\u00f3n relacionada con el incidente de seguridad tal y como se conozca o cuando el cliente lo solicite razonablemente.<\/p>\n<p>EXACTITUD Y VERACIDAD DE LOS DATOS<br>El usuario es el \u00fanico responsable de la veracidad y correcci\u00f3n de los datos enviados a https:\/\/spleeft.app\/, exonerando a IVAN-DE-LUCAS de cualquier responsabilidad al respecto.<\/p>\n<p>Los usuarios garantizan y responden, en cualquier caso, de la exactitud, vigencia y autenticidad de los datos personales facilitados, y se comprometen a mantenerlos debidamente actualizados. El usuario acepta proporcionar informaci\u00f3n completa y correcta en el formulario de contacto o suscripci\u00f3n.<\/p>\n<p>ACEPTACI\u00d3N Y CONSENTIMIENTO<br>El usuario declara haber sido informado de las condiciones sobre protecci\u00f3n de datos de car\u00e1cter personal, aceptando y consintiendo el tratamiento de los mismos por parte de IVAN-DE-LUCAS en la forma y para las finalidades indicadas en esta pol\u00edtica de privacidad.<\/p>\n<p>REVOCABILIDAD<br>El consentimiento prestado, tanto para el tratamiento como para la cesi\u00f3n de los datos de los interesados, es revocable en cualquier momento comunic\u00e1ndolo a IVAN-DE-LUCAS en los t\u00e9rminos establecidos en esta pol\u00edtica para el ejercicio de los derechos ARCOPOL. Esta revocaci\u00f3n no tendr\u00e1 en ning\u00fan caso car\u00e1cter retroactivo.<\/p>\n<p>Para ejercer estos derechos o retirar el consentimiento prestado, puede ponerse en contacto con el RPD de IVAN-DE-LUCAS por correo electr\u00f3nico en la direcci\u00f3n ivandelucas2000@gmail.com.<\/p>\n<p>CAMBIOS EN LA POL\u00cdTICA DE PRIVACIDAD<br>IVAN-DE-LUCAS, se reserva el derecho a modificar la presente pol\u00edtica para adaptarla a novedades legislativas o jurisprudenciales, as\u00ed como a pr\u00e1cticas de la industria. En dichos supuestos, IVAN-DE-LUCAS anunciar\u00e1 en esta p\u00e1gina los cambios introducidos con razonable antelaci\u00f3n a su puesta en pr\u00e1ctica.<\/p>\n<p>CORREOS ELECTR\u00d3NICOS COMERCIALES<br>De acuerdo con la LSSICE, el sitio web https:\/\/spleeft.app\/ no realiza pr\u00e1cticas de SPAM, por lo que no env\u00eda correos comerciales por v\u00eda electr\u00f3nica que no hayan sido previamente solicitados o autorizados por el usuario. En consecuencia, en cada uno de los formularios del sitio web, el usuario tiene la posibilidad de dar su consentimiento expreso para recibir el bolet\u00edn de noticias, con independencia de la informaci\u00f3n comercial espec\u00edficamente solicitada.<\/p>\n<p>Conforme a lo dispuesto en la Ley 34\/2002 de Servicios de la Sociedad de la Informaci\u00f3n y de comercio electr\u00f3nico, https:\/\/spleeft.app\/ se compromete a no remitir comunicaciones comerciales sin identificarlas debidamente.<\/p>\n<div data-elementor-type=\"wp-page\" data-elementor-id=\"8000\" data-elementor-post-type=\"page\">\n<div data-id=\"9ba171c\" data-element_type=\"container\">\n<div>\n<div data-id=\"0bd6198\" data-element_type=\"widget\" data-widget_type=\"text-editor.default\">\n<div>\n<p>Pol\u00edtica de privacidad <span style=\"color: var( --e-global-color-text ); font-family: var( --e-global-typography-text-font-family ), Sans-serif; font-size: var( --e-global-typography-text-font-size ); font-weight: var( --e-global-typography-text-font-weight ); text-align: var(--text-align);\">&nbsp;\u00faltima actualizaci\u00f3n: 8 de agosto de 2024<\/span><\/p><p><br><\/p>\n<\/div>\n<\/div>\n<\/div>\n<\/div>\n<\/div>\n<div data-elementor-type=\"footer\" data-elementor-id=\"8025\" data-elementor-post-type=\"elementor_library\">&nbsp;<\/div>\n<p><\/p>\t\t\t\t\t\t\t\t<\/div>\n\t\t\t\t<\/div>\n\t\t\t\t\t<\/div>\n\t\t\t\t<\/div>\n\t\t\t\t<\/div>","protected":false},"excerpt":{"rendered":"<p>Pol\u00edtica de privacidad. El sitio web https:\/\/spleeft.app\/ es propiedad de IVAN DE LUCAS ROGERO, en adelante IVAN-DE-LUCAS. En IVAN-DE-LUCAS nos comprometemos a proteger la informaci\u00f3n personal que comparte con nosotros, ya que es fundamental para nosotros garantizar y proteger la privacidad y confidencialidad de sus datos personales. El sitio web https:\/\/spleeft.app\/ cumple con los requisitos de\u2026 <\/p>\n<p class=\"link-more\"><a href=\"https:\/\/spleeft.app\/es\/politica-de-privacidad-2\/\" class=\"more-link\">Leer m\u00e1s<span class=\"screen-reader-text\"> &quot;Pol\u00edtica de privacidad&quot;<\/span><\/a><\/p>","protected":false},"author":3,"featured_media":0,"parent":0,"menu_order":0,"comment_status":"closed","ping_status":"closed","template":"elementor_header_footer","meta":{"om_disable_all_campaigns":false,"_monsterinsights_skip_tracking":false,"_monsterinsights_sitenote_active":false,"_monsterinsights_sitenote_note":"","_monsterinsights_sitenote_category":0,"footnotes":""},"class_list":["post-8000","page","type-page","status-publish","hentry"],"_links":{"self":[{"href":"https:\/\/spleeft.app\/es\/wp-json\/wp\/v2\/pages\/8000","targetHints":{"allow":["GET"]}}],"collection":[{"href":"https:\/\/spleeft.app\/es\/wp-json\/wp\/v2\/pages"}],"about":[{"href":"https:\/\/spleeft.app\/es\/wp-json\/wp\/v2\/types\/page"}],"author":[{"embeddable":true,"href":"https:\/\/spleeft.app\/es\/wp-json\/wp\/v2\/users\/3"}],"replies":[{"embeddable":true,"href":"https:\/\/spleeft.app\/es\/wp-json\/wp\/v2\/comments?post=8000"}],"version-history":[{"count":0,"href":"https:\/\/spleeft.app\/es\/wp-json\/wp\/v2\/pages\/8000\/revisions"}],"wp:attachment":[{"href":"https:\/\/spleeft.app\/es\/wp-json\/wp\/v2\/media?parent=8000"}],"curies":[{"name":"gracias","href":"https:\/\/api.w.org\/{rel}","templated":true}]}}