{"id":7988,"date":"2024-08-30T11:38:26","date_gmt":"2024-08-30T09:38:26","guid":{"rendered":"https:\/\/spleeft.app\/?page_id=7988"},"modified":"2024-09-10T15:41:46","modified_gmt":"2024-09-10T13:41:46","slug":"aviso-legal-2","status":"publish","type":"page","link":"https:\/\/spleeft.app\/es\/aviso-legal-2\/","title":{"rendered":"Aviso legal"},"content":{"rendered":"<div data-elementor-type=\"wp-page\" data-elementor-id=\"7988\" class=\"elementor elementor-7988\" data-elementor-post-type=\"page\">\n\t\t\t\t<div class=\"elementor-element elementor-element-9e2b5de e-flex e-con-boxed e-con e-parent\" data-id=\"9e2b5de\" data-element_type=\"container\" data-e-type=\"container\">\n\t\t\t\t\t<div class=\"e-con-inner\">\n\t\t\t\t<div class=\"elementor-element elementor-element-38f9019 elementor-widget elementor-widget-heading\" data-id=\"38f9019\" data-element_type=\"widget\" data-e-type=\"widget\" data-widget_type=\"heading.default\">\n\t\t\t\t<div class=\"elementor-widget-container\">\n\t\t\t\t\t<h1 class=\"elementor-heading-title elementor-size-default\">Aviso legal<\/h1>\t\t\t\t<\/div>\n\t\t\t\t<\/div>\n\t\t\t\t\t<\/div>\n\t\t\t\t<\/div>\n\t\t<div class=\"elementor-element elementor-element-24d78e0 e-flex e-con-boxed e-con e-parent\" data-id=\"24d78e0\" data-element_type=\"container\" data-e-type=\"container\">\n\t\t\t\t\t<div class=\"e-con-inner\">\n\t\t\t\t<div class=\"elementor-element elementor-element-9037bc0 elementor-widget elementor-widget-text-editor\" data-id=\"9037bc0\" data-element_type=\"widget\" data-e-type=\"widget\" data-widget_type=\"text-editor.default\">\n\t\t\t\t<div class=\"elementor-widget-container\">\n\t\t\t\t\t\t\t\t\t<p>Los t\u00e9rminos y condiciones indicados a continuaci\u00f3n regulan el acceso y uso del sitio web https:\/\/spleeft.app\/, propiedad de IVAN DE LUCAS ROGERO, en adelante IVAN-DE-LUCAS, que es el responsable legal de este sitio web.<\/p>\n<p>Nombre comercial: IVAN-DE-LUCAS&nbsp;<br>Responsable: IVAN DE LUCAS ROGERO<br>IDENTIFICADOR: 70265279A<br>Direcci\u00f3n: Calle Los Cantos, 23. 28260 Galapagar (Madrid)<br>Tel\u00e9fono: +34 634442588<br>Contacto: ivandelucas2000@gmail.com<\/p>\n<p>A continuaci\u00f3n se incluye toda la informaci\u00f3n relativa a los t\u00e9rminos y condiciones legales que definen las relaciones entre el usuario e IVAN-DE-LUCAS como responsable de este sitio web.<br>IVAN-DE-LUCAS se compromete a tratar la informaci\u00f3n de los usuarios y clientes con plenas garant\u00edas y cumpliendo los requisitos nacionales y europeos que regulan la recogida y uso de los datos personales de los usuarios.<br>El sitio web https:\/\/spleeft.app\/ est\u00e1 adaptado a los requisitos de las siguientes leyes:<\/p>\n<p>\u25cf Ley Org\u00e1nica 3\/2018, de 5 de diciembre, de Protecci\u00f3n de Datos Personales y garant\u00eda de los derechos digitales. Descargar (https:\/\/boe.es\/boe\/dias\/2018\/12\/06\/pdfs\/BOE-A-2018-16673.pdf)<br>\u25cf Reglamento (UE) 2016\/679 del Parlamento Europeo y del Consejo, de 27 de abril de 2016, relativo a la protecci\u00f3n de las personas f\u00edsicas (RGPD), Descargar (https:\/\/www.boe.es\/doue\/2016\/119\/ L00001-00088.pdf )<br>\u25cf Ley 34\/2002, de 11 de julio, de Servicios de la Sociedad de la Informaci\u00f3n y de Comercio Electr\u00f3nico (LSSICE o LSSI) que regula las transacciones econ\u00f3micas por medios electr\u00f3nicos. Descargar (https:\/\/www.boe.es\/buscar\/doc.php?id=BOE-A-2002-13758)<\/p>\n<p>T\u00c9RMINOS Y CONDICIONES LEGALES<br>Las presentes Condiciones Generales regulan el uso, incluyendo el mero acceso, de todas las p\u00e1ginas web integrantes del sitio web https:\/\/spleeft.app\/ incluidos los contenidos y servicios puestos a disposici\u00f3n en ellas.<\/p>\n<p>La utilizaci\u00f3n de este Sitio Web https:\/\/spleeft.app\/ supone un acuerdo entre el Usuario e IVAN-DE-LUCAS, que implica la adhesi\u00f3n plena y sin reservas a todas y cada una de las condiciones generales publicadas por IVAN-DE -LUCAS, en la versi\u00f3n publicada y vigente en el momento mismo en que se acceda. Por ello, IVAN-DE-LUCAS recomienda al Usuario leer las mismas atentamente cada vez que acceda al Sitio Web.<\/p>\n<p>MENORES<br>Queda prohibido el acceso y uso del portal a los menores de edad, por lo que el usuario declara que es mayor de edad (es decir, tiene al menos 18 a\u00f1os) y dispone de la capacidad legal necesaria para adquirir los servicios ofertados a trav\u00e9s del Portal IVAN-DE-LUCAS de conformidad con las presentes condiciones generales, que comprende y entiende en su totalidad.<br>IVAN-DE-LUCAS le informa que existen programas inform\u00e1ticos que permiten filtrar y bloquear el acceso a determinados contenidos y servicios, de tal forma que los padres, por ejemplo, pueden decidir cu\u00e1les son los contenidos y servicios del Portal a los que sus hijos pueden tener acceso y cu\u00e1les no.<\/p>\n<p>EXCLUSI\u00d3N DE GARANT\u00cdAS Y EXENCI\u00d3N DE RESPONSABILIDAD<\/p>\n<p>Esta p\u00e1gina y sus componentes se proporcionan \u00fanicamente con fines informativos. IVAN-DE-LUCAS, titular de esta p\u00e1gina web no se hace responsable de la exactitud, utilidad o disponibilidad de cualquier informaci\u00f3n que se transmita o ponga a disposici\u00f3n a trav\u00e9s de la misma; no ser\u00e1 responsable de los errores u omisiones que pudieran existir en dicha informaci\u00f3n. Los usuarios de esta p\u00e1gina que faciliten sus datos de car\u00e1cter personal, con la aceptaci\u00f3n del consentimiento informado, renuncian a cualquier indemnizaci\u00f3n que pudiera corresponderles por el uso legal de dichos datos, no pudiendo ejercer reclamaci\u00f3n legal alguna por ello. Si quiere presumir de ello, no ceda sus datos en esta p\u00e1gina web.<br>Asimismo, IVAN-DE-LUCAS no otorga ninguna garant\u00eda ni se hace responsable, en ning\u00fan caso, de los da\u00f1os y perjuicios de cualquier naturaleza que pudieran traer causa de:<br>\u25cf La falta disponibilidad, mantenimiento y efectivo funcionamiento del sitio web, o de sus servicios y contenidos.<br>\u25cf La existencia de malware, programas maliciosos o da\u00f1inos en los contenidos;<br>\u25cf Uso ilegal, negligente, fraudulento o contrario a este aviso legal;<br>\u25cf La falta de licitud, calidad, fiabilidad, utilidad y disponibilidad de los servicios prestados por terceros y puestos a disposici\u00f3n de los usuarios en el sitio web.<\/p>\n<p>El proveedor no se hace responsable bajo ning\u00fan concepto de los da\u00f1os que pudieran dimanar del uso ilegal o indebido de este sitio web.<\/p>\n<p>ENTORNO SEGURO<br>El acceso completo al sitio https:\/\/spleeft.app\/ a trav\u00e9s del cual el Usuario de IVAN-DE-LUCAS contrata los productos o servicios de IVAN-DE-LUCAS se realiza en un entorno seguro.<\/p>\n<p>Asimismo, los datos personales comunicados por el usuario a IVAN-DE-LUCAS pueden ser almacenados en bases de datos automatizadas o no, cuya titularidad corresponde en exclusiva a IVAN-DE-LUCAS, asumiendo \u00e9sta todas las medidas de \u00edndole t\u00e9cnica, organizativa y de seguridad que garantizan la confidencialidad, integridad y calidad de la informaci\u00f3n contenida en las mismas de acuerdo con lo establecido en la normativa vigente en protecci\u00f3n de datos. La comunicaci\u00f3n entre los usuarios y https:\/\/spleeft.app\/ utiliza un canal seguro, y los datos transmitidos son cifrados gracias a protocolos https, por tanto, se garantizan las mejores condiciones de seguridad para que la confidencialidad de los usuarios est\u00e9 garantizada.<\/p>\n<p>CONTENIDO<br>La informaci\u00f3n que aparece en esta p\u00e1gina es la vigente en la fecha de su \u00faltima actualizaci\u00f3n. IVAN-DE-LUCAS se reserva el derecho a actualizar, modificar o eliminar la informaci\u00f3n o contenido de esta p\u00e1gina web, as\u00ed como el presente Aviso Legal. En este sentido, IVAN-DE-LUCAS realiza los m\u00e1ximos esfuerzos para evitar cualquier error en los contenidos que pudieran aparecer en esta p\u00e1gina.<\/p>\n<p>IVAN-DE-LUCAS no se responsabiliza del mal uso que se realice de los contenidos de sus p\u00e1ginas web, siendo exclusiva responsabilidad de la persona que accede a ellos o los utiliza. Asimismo, se exonera a la empresa de responsabilidad ante cualquier da\u00f1o o perjuicio que pudiera sufrir el Usuario como consecuencia de errores, defectos u omisiones, en la informaci\u00f3n facilitada por IVAN-DE-LUCAS.<\/p>\n<p>IVAN-DE-LUCAS no controla y, por tanto, no asume responsabilidad alguna por la informaci\u00f3n contenida en p\u00e1ginas web de terceros a las que se pueda acceder por enlaces (links) o buscadores de las p\u00e1ginas web de IVAN-DE-LUCAS. La presencia de enlaces (links) en las p\u00e1ginas Web de IVAN-DE-LUCAS tiene finalidad meramente informativa y en ning\u00fan caso supone sugerencia, invitaci\u00f3n o recomendaci\u00f3n sobre los mismos.<\/p>\n<p>En el caso de que el Usuario tuviera conocimiento de que los sitios enlazados remiten a p\u00e1ginas cuyos contenidos o servicios son il\u00edcitos, nocivos, degradantes, violentos o contrarios a la moral podr\u00e1 ponerse en contacto con IVAN-DE-LUCAS indicando los datos personales del comunicante. y una breve descripci\u00f3n de los hechos. La recepci\u00f3n por parte de IVAN-DE-LUCAS de la comunicaci\u00f3n prevista en esta cl\u00e1usula no supondr\u00e1 por s\u00ed misma el conocimiento efectivo de las actividades y\/o contenidos indicados por el comunicante. Queda expresamente prohibido el uso del Sitio Web con fines lesivos de bienes o intereses, as\u00ed como actuaciones que de cualquier forma sobrecarguen, da\u00f1en o inutilicen las redes, servidores y dem\u00e1s equipos inform\u00e1ticos (hardware) o productos y aplicaciones inform\u00e1ticas (software) de IVAN-DE-LUCAS. DE-LUCAS o de terceros.<\/p>\n<p>PROPIEDAD INTELECTUAL E INDUSTRIAL<br>Este Sitio Web, https:\/\/spleeft.app\/ es propiedad de IVAN-DE-LUCAS. Los derechos de Propiedad Intelectual y derechos de explotaci\u00f3n y reproducci\u00f3n de esta Web, de sus p\u00e1ginas, pantallas, la informaci\u00f3n que contienen, su apariencia y dise\u00f1o, as\u00ed como los v\u00ednculos que se establezcan desde ella a otras Web de cualquiera de las empresas indicadas. anteriormente, son propiedad exclusiva de \u00e9stas, salvo que se especifique otra cosa.<\/p>\n<p>Todos los nombres, dise\u00f1os y\/o logotipos que componen esta p\u00e1gina son marcas debidamente registradas.<\/p>\n<p>Cualquier uso indebido de los mismos por persona distinta de su leg\u00edtimo titular podr\u00e1 ser perseguido de conformidad con la legislaci\u00f3n vigente. Los derechos de propiedad intelectual y marcas de terceros est\u00e1n destacados convenientemente y deben ser respetados por todo aqu\u00e9l que acceda a la Web. S\u00f3lo para uso personal y privado se permite descargar los contenidos, copiar o imprimir cualquier p\u00e1gina de esta Web. Queda prohibido reproducir, transmitir, modificar o suprimir la informaci\u00f3n, contenido o advertencias de esta Web sin la previa autorizaci\u00f3n por escrito de IVAN-DE-LUCAS.<\/p>\n<p>Respecto a las citas de productos y servicios de terceros, IVAN-DE-LUCAS reconoce a favor de sus titulares los correspondientes derechos de propiedad industrial e intelectual, no implicando su sola menci\u00f3n o aparici\u00f3n en la Web la existencia de derechos o responsabilidad alguna de IVAN-DE-LUCAS sobre los mismos, como tampoco respaldo, patrocinio o recomendaci\u00f3n por parte de IVAN-DE-LUCAS, a no ser que se manifieste de manera expresa. -DE-LUCAS sobre los mismos, como tampoco respaldo, patrocinio o recomendaci\u00f3n por parte de IVAN-DE-LUCAS, a no ser que se manifieste de manera expresa.<\/p>\n<p>En el caso de que un usuario o un tercero consideren que se ha producido una violaci\u00f3n de sus leg\u00edtimos derechos de propiedad intelectual por la introducci\u00f3n de un determinado contenido en la web, deber\u00e1 notificar dicha circunstancia a IVAN-DE-LUCAS indicando:<\/p>\n<p>\u25cf Datos personales del interesado titular de los derechos presuntamente infringidos, o indicar la representaci\u00f3n con la que act\u00faa en el caso de que la reclamaci\u00f3n la presente un tercero distinto del interesado.<\/p>\n<p>\u25cf Indicaci\u00f3n de los contenidos protegidos por los derechos de propiedad intelectual y su ubicaci\u00f3n en el Web, la acreditaci\u00f3n de los derechos de propiedad intelectual se\u00f1alados y declaraci\u00f3n expresa en la que el interesado se responsabiliza de la veracidad de las informaciones facilitadas en la notificaci\u00f3n.<\/p>\n<p>EXCLUSI\u00d3N DE GARANT\u00cdAS Y DE RESPONSABILIDAD<br>IVAN-DE-LUCAS no otorga ninguna garant\u00eda ni se hace responsable, en ning\u00fan caso, de los eventuales da\u00f1os o perjuicios que pudieran originarse por:<\/p>\n<p>\u25cf De interferencias, omisiones, interrupciones, virus inform\u00e1ticos, aver\u00edas telef\u00f3nicas o desconexiones en el funcionamiento operativo de este sistema electr\u00f3nico, motivadas por causas ajenas a la empresa; de retrasos o bloqueos en el uso del presente sistema electr\u00f3nico causados por deficiencias o sobrecargas de l\u00edneas telef\u00f3nicas o sobrecargas en Internet o en otros sistemas electr\u00f3nicos.<\/p>\n<p>\u25cf As\u00ed como los perjuicios que puedan ser causados por terceras personas mediante intromisiones ileg\u00edtimas fuera del control de IVAN-DE-LUCAS. Asimismo, se exonera a la empresa de responsabilidad ante cualquier da\u00f1o o perjuicio que pudiera sufrir el usuario como consecuencia de errores, defectos u omisiones, en la informaci\u00f3n facilitada por IVAN-DE-LUCAS.<\/p>\n<p>\u25cf Adem\u00e1s, la falta de disponibilidad, mantenimiento y efectivo funcionamiento del sitio web, o de sus servicios y contenidos.<\/p>\n<p>\u25cf La existencia de malware, programas maliciosos o da\u00f1inos en los contenidos;<\/p>\n<p>\u25cf Uso ilegal, negligente, fraudulento o contrario a este aviso legal;<\/p>\n<p>\u25cf La falta de licitud, calidad, fiabilidad, utilidad y disponibilidad de los servicios prestados por terceros y puestos a disposici\u00f3n de los usuarios en el sitio web.<\/p>\n<p>Por otro lado, IVAN-DE-LUCAS podr\u00e1 requerir provisionalmente la suspensi\u00f3n de los servicios cuando ello sea necesario para la reparaci\u00f3n o mantenimiento de sus propios equipos, programas o redes.<\/p>\n<p>IVAN-DE-LUCAS no se hace responsable bajo ning\u00fan concepto de los da\u00f1os que pudieran dimanar del uso ilegal o indebido del presente sitio web.<\/p>\n<p>IVAN-DE-LUCAS se reserva la posibilidad de modificar, en cualquier momento y sin aviso previo, el dise\u00f1o, presentaci\u00f3n y\/o configuraci\u00f3n del sitio https:\/\/spleeft.app\/, as\u00ed como algunos o todos los contenidos y servicios, as\u00ed como la forma de modificar las presentes Condiciones Generales y\/o condiciones particulares requeridas para utilizar los mismos.<\/p>\n<p>POL\u00cdTICA DE PROTECCI\u00d3N DE DATOS Y CONFIDENCIALIDAD<br>IVAN-DE-LUCAS se compromete en la utilizaci\u00f3n de los datos obtenidos en esta web, a respetar su confidencialidad y a utilizarlos de acuerdo con la finalidad de la misma, as\u00ed como a dar cumplimiento a su obligaci\u00f3n de guardarlos y adaptar todas las medidas para evitar la alteraci\u00f3n, p\u00e9rdida, tratamiento o acceso no autorizado, de conformidad con lo establecido en el Reglamento UE 2016\/679, del Parlamento Europeo y del Consejo de 27 de abril de 2016. (RGPD) y Ley Org\u00e1nica 3\/2018, de 5 de diciembre , de Protecci\u00f3n de Datos de Car\u00e1cter Personal y garant\u00eda de los derechos digitales.<\/p>\n<p>El Usuario garantiza que los datos personales facilitados a trav\u00e9s de los formularios de contacto son veraces y se hace responsable de comunicar cualquier modificaci\u00f3n en los mismos. Asimismo, el Usuario garantiza que toda la informaci\u00f3n facilitada se corresponde con su situaci\u00f3n real, que est\u00e1 puesta al d\u00eda y es exacta. Adem\u00e1s, el Usuario se obliga a mantener en todo momento sus datos actualizados, siendo el \u00fanico responsable de la inexactitud o falsedad de los datos facilitados y de los perjuicios que pueda causar por ello a IVAN-DE-LUCAS como titular del sitio web.<\/p>\n<p>Asimismo, el Usuario tiene acceso en todo momento a modificar, editar o borrar la informaci\u00f3n facilitada, as\u00ed como gestionar su baja directamente, o mediante solicitud dirigida al contacto que figura en el apartado Direcciones de Contacto o mediante escrito dirigido a IVAN-DE- LUCAS junto con una copia de su DNI o documento equivalente.<\/p>\n<p>Para m\u00e1s informaci\u00f3n sobre la pol\u00edtica de protecci\u00f3n de datos y derechos, puede consultar la direcci\u00f3n: https:\/\/spleeft.app\/politica-de-privacidad<\/p>\n<p>PROPIEDAD INDUSTRIAL E INTELECTUAL<br>Este Sitio Web es propiedad de IVAN-DE-LUCAS. Los derechos de Propiedad Intelectual y derechos de explotaci\u00f3n y reproducci\u00f3n de esta Web, de sus p\u00e1ginas, pantallas, la informaci\u00f3n que contienen, su apariencia y dise\u00f1o, as\u00ed como los v\u00ednculos que se establezcan desde ella a otras Web son propiedad exclusiva de \u00e9sta, salvo que se especifique otra cosa.<\/p>\n<p>Todos los nombres, dise\u00f1os y\/o logotipos que componen esta p\u00e1gina son marcas debidamente registradas.<\/p>\n<p>Cualquier uso indebido de los mismos por persona distinta de su leg\u00edtimo titular podr\u00e1 ser perseguido de conformidad con la legislaci\u00f3n vigente. Los derechos de propiedad intelectual y marcas de terceros est\u00e1n destacados convenientemente y deben ser respetados por todo aqu\u00e9l que acceda a la Web. S\u00f3lo para uso personal y privado se permite descargar los contenidos, copiar o imprimir cualquier p\u00e1gina de esta Web. Queda prohibido reproducir, transmitir, modificar o suprimir la informaci\u00f3n, contenido o advertencias de esta Web sin la previa autorizaci\u00f3n por escrito de IVAN-DE-LUCAS.<\/p>\n<p>LEGISLACI\u00d3N Y JURISDICCI\u00d3N APLICABLES<br>Para la resoluci\u00f3n de todas las controversias o cuestiones relacionadas con el presente sitio web o de las actividades en \u00e9l desarrolladas, ser\u00e1 de aplicaci\u00f3n la legislaci\u00f3n espa\u00f1ola, a la que se someten expresamente las partes, siendo competentes para la resoluci\u00f3n de todos los conflictos derivados de su uso los Juzgados y Tribunales del domicilio del usuario o responsable.<\/p>\n<p>Si cualquier cl\u00e1usula incluida en estas condiciones generales fuese declarada, total o parcialmente, nula o ineficaz, tal nulidad o ineficacia afectar\u00e1 tan s\u00f3lo a dicha disposici\u00f3n o a la parte de la misma que resulte nula o ineficaz, subsistiendo las presentes condiciones generales en todo lo dem\u00e1s y consider\u00e1ndose tal disposici\u00f3n total o parcialmente por no incluida.<\/p>\n<p>Adem\u00e1s, le recordamos que puede acceder a la plataforma de resoluci\u00f3n de litigios en l\u00ednea de la Uni\u00f3n Europea siguiendo este enlace:<br>https:\/\/ec.europa.eu\/consumers\/odr\/main\/?event=main.home2.show.<\/p>\n<p>CONTACTO<br>Para cualquier pregunta sobre el aviso legal o cualquier comentario sobre el sitio web https:\/\/spleeft.app\/, env\u00ede un correo electr\u00f3nico a ivandelucas2000@gmail.com.<\/p>\n<p>Aviso legal actualizado por \u00faltima vez el 8 de agosto de 2024<\/p>\t\t\t\t\t\t\t\t<\/div>\n\t\t\t\t<\/div>\n\t\t\t\t\t<\/div>\n\t\t\t\t<\/div>\n\t\t\t\t<\/div>","protected":false},"excerpt":{"rendered":"<p>Aviso Legal. Los t\u00e9rminos y condiciones que se indican a continuaci\u00f3n regulan el acceso y el uso del sitio web https:\/\/spleeft.app\/, propiedad de IVAN DE LUCAS ROGERO, en adelante IVAN-DE-LUCAS, responsable legal de este sitio web. Nombre comercial: IVAN-DE-LUCAS. Responsable: IVAN DE LUCAS ROGERO. ID: 70265279A. Direcci\u00f3n: Calle Los Cantos, 23, 28260 Galapagar (Madrid). Tel\u00e9fono: +34 634442588. Contacto: ivandelucas2000@gmail.com. A continuaci\u00f3n, encontrar\u00e1 toda la informaci\u00f3n relacionada\u2026 <\/p>\n<p class=\"link-more\"><a href=\"https:\/\/spleeft.app\/es\/aviso-legal-2\/\" class=\"more-link\">Leer m\u00e1s<span class=\"screen-reader-text\"> \u00abAviso legal\u00bb<\/span><\/a><\/p>","protected":false},"author":3,"featured_media":0,"parent":0,"menu_order":0,"comment_status":"closed","ping_status":"closed","template":"elementor_header_footer","meta":{"om_disable_all_campaigns":false,"_monsterinsights_skip_tracking":false,"_monsterinsights_sitenote_active":false,"_monsterinsights_sitenote_note":"","_monsterinsights_sitenote_category":0,"footnotes":""},"class_list":["post-7988","page","type-page","status-publish","hentry"],"_links":{"self":[{"href":"https:\/\/spleeft.app\/es\/wp-json\/wp\/v2\/pages\/7988","targetHints":{"allow":["GET"]}}],"collection":[{"href":"https:\/\/spleeft.app\/es\/wp-json\/wp\/v2\/pages"}],"about":[{"href":"https:\/\/spleeft.app\/es\/wp-json\/wp\/v2\/types\/page"}],"author":[{"embeddable":true,"href":"https:\/\/spleeft.app\/es\/wp-json\/wp\/v2\/users\/3"}],"replies":[{"embeddable":true,"href":"https:\/\/spleeft.app\/es\/wp-json\/wp\/v2\/comments?post=7988"}],"version-history":[{"count":0,"href":"https:\/\/spleeft.app\/es\/wp-json\/wp\/v2\/pages\/7988\/revisions"}],"wp:attachment":[{"href":"https:\/\/spleeft.app\/es\/wp-json\/wp\/v2\/media?parent=7988"}],"curies":[{"name":"gracias","href":"https:\/\/api.w.org\/{rel}","templated":true}]}}