{"id":5206,"date":"2014-08-06T08:40:48","date_gmt":"2014-08-06T07:40:48","guid":{"rendered":"http:\/\/demo.wpzoom.com\/inspiro\/?page_id=5206"},"modified":"2023-03-05T18:26:43","modified_gmt":"2023-03-05T17:26:43","slug":"registro-de-cambios","status":"publish","type":"page","link":"https:\/\/spleeft.app\/es\/registro-de-cambios\/","title":{"rendered":"\u00daltimas actualizaciones"},"content":{"rendered":"<div data-elementor-type=\"wp-page\" data-elementor-id=\"5206\" class=\"elementor elementor-5206\" data-elementor-post-type=\"page\">\n\t\t\t\t\t\t<section class=\"elementor-section elementor-top-section elementor-element elementor-element-5e5f23f elementor-section-boxed elementor-section-height-default elementor-section-height-default\" data-id=\"5e5f23f\" data-element_type=\"section\" data-e-type=\"section\">\n\t\t\t\t\t\t<div class=\"elementor-container elementor-column-gap-default\">\n\t\t\t\t\t<div class=\"elementor-column elementor-col-100 elementor-top-column elementor-element elementor-element-e09a620\" data-id=\"e09a620\" data-element_type=\"column\" data-e-type=\"column\">\n\t\t\t<div class=\"elementor-widget-wrap elementor-element-populated\">\n\t\t\t\t\t\t<div class=\"elementor-element elementor-element-40abc3f elementor-widget elementor-widget-heading\" data-id=\"40abc3f\" data-element_type=\"widget\" data-e-type=\"widget\" data-widget_type=\"heading.default\">\n\t\t\t\t<div class=\"elementor-widget-container\">\n\t\t\t\t\t<h2 class=\"elementor-heading-title elementor-size-default\">Versi\u00f3n 2.2 (para Android)<\/h2>\t\t\t\t<\/div>\n\t\t\t\t<\/div>\n\t\t\t\t<div class=\"elementor-element elementor-element-fb35c8b elementor-widget elementor-widget-button\" data-id=\"fb35c8b\" data-element_type=\"widget\" data-e-type=\"widget\" data-widget_type=\"button.default\">\n\t\t\t\t<div class=\"elementor-widget-container\">\n\t\t\t\t\t\t\t\t\t<div class=\"elementor-button-wrapper\">\n\t\t\t\t\t<a class=\"elementor-button elementor-button-link elementor-size-sm\" href=\"https:\/\/linktr.ee\/spleeftapp\" target=\"_blank\" rel=\"noopener\">\n\t\t\t\t\t\t<span class=\"elementor-button-content-wrapper\">\n\t\t\t\t\t\t\t\t\t<span class=\"elementor-button-text\">6\/03\/2023<\/span>\n\t\t\t\t\t<\/span>\n\t\t\t\t\t<\/a>\n\t\t\t\t<\/div>\n\t\t\t\t\t\t\t\t<\/div>\n\t\t\t\t<\/div>\n\t\t\t\t\t<\/div>\n\t\t<\/div>\n\t\t\t\t\t<\/div>\n\t\t<\/section>\n\t\t\t\t<section class=\"elementor-section elementor-top-section elementor-element elementor-element-2fb2a7d elementor-section-boxed elementor-section-height-default elementor-section-height-default\" data-id=\"2fb2a7d\" data-element_type=\"section\" data-e-type=\"section\">\n\t\t\t\t\t\t<div class=\"elementor-container elementor-column-gap-default\">\n\t\t\t\t\t<div class=\"elementor-column elementor-col-100 elementor-top-column elementor-element elementor-element-a3c19b2\" data-id=\"a3c19b2\" data-element_type=\"column\" data-e-type=\"column\">\n\t\t\t<div class=\"elementor-widget-wrap elementor-element-populated\">\n\t\t\t\t\t\t<div class=\"elementor-element elementor-element-fdcae2e elementor-widget elementor-widget-text-editor\" data-id=\"fdcae2e\" data-element_type=\"widget\" data-e-type=\"widget\" data-widget_type=\"text-editor.default\">\n\t\t\t\t<div class=\"elementor-widget-container\">\n\t\t\t\t\t\t\t\t\t<h3><strong><span style=\"color: #333333;\">Optimizaciones<\/span> (\ud83e\udd16)<\/strong><\/h3>\n<p>En la parte superior de la pantalla de velocidad en tiempo real tienes la oportunidad de calibrar el sensor de tu tel\u00e9fono. En primer lugar, colocalo sobre una superficie y d\u00e9jalo sin movimientos durante diez segundos. En la pantalla ver\u00e1s la aceleraci\u00f3n media de los \u00faltimos 8 segundos y la desviaci\u00f3n est\u00e1ndar. Si la aceleraci\u00f3n media es superior a 0,01 m\/s2, el aceler\u00f3metro est\u00e1 calibrado. Puede calibrar y restablecer el valor en esa pantalla.&nbsp;<\/p><p>La precisi\u00f3n del sensor tambi\u00e9n se muestra debajo del bot\u00f3n de inicio en esa misma pantalla<\/p>\n<h3><span style=\"color: #333333;\"><strong>Soluci\u00f3n a bugs (<\/strong><\/span>\ud83e\udd16<strong>&nbsp;<\/strong><strong style=\"font-size: 1.5rem; color: rgb(51, 51, 51);\">)<\/strong><\/h3>\n<p>A veces la aplicaci\u00f3n se quedaba congelada tras unos segundos sin movimiento, actualmente ese error deber\u00eda desaparecer en la mayor\u00eda de dispositivos.<\/p><p>Algunos representantes no se contabilizaron debido a un error con los filtros autom\u00e1ticos que ya se ha solucionado.<\/p>\t\t\t\t\t\t\t\t<\/div>\n\t\t\t\t<\/div>\n\t\t\t\t<div class=\"elementor-element elementor-element-4f52282 elementor-widget-divider--view-line elementor-widget elementor-widget-divider\" data-id=\"4f52282\" data-element_type=\"widget\" data-e-type=\"widget\" data-widget_type=\"divider.default\">\n\t\t\t\t<div class=\"elementor-widget-container\">\n\t\t\t\t\t\t\t<div class=\"elementor-divider\">\n\t\t\t<span class=\"elementor-divider-separator\">\n\t\t\t\t\t\t<\/span>\n\t\t<\/div>\n\t\t\t\t\t\t<\/div>\n\t\t\t\t<\/div>\n\t\t\t\t\t<\/div>\n\t\t<\/div>\n\t\t\t\t\t<\/div>\n\t\t<\/section>\n\t\t\t\t<section class=\"elementor-section elementor-top-section elementor-element elementor-element-6435f82 elementor-section-boxed elementor-section-height-default elementor-section-height-default\" data-id=\"6435f82\" data-element_type=\"section\" data-e-type=\"section\">\n\t\t\t\t\t\t<div class=\"elementor-container elementor-column-gap-default\">\n\t\t\t\t\t<div class=\"elementor-column elementor-col-100 elementor-top-column elementor-element elementor-element-b67b605\" data-id=\"b67b605\" data-element_type=\"column\" data-e-type=\"column\">\n\t\t\t<div class=\"elementor-widget-wrap elementor-element-populated\">\n\t\t\t\t\t\t<div class=\"elementor-element elementor-element-940ee90 elementor-widget elementor-widget-heading\" data-id=\"940ee90\" data-element_type=\"widget\" data-e-type=\"widget\" data-widget_type=\"heading.default\">\n\t\t\t\t<div class=\"elementor-widget-container\">\n\t\t\t\t\t<h2 class=\"elementor-heading-title elementor-size-default\">Version 1.4 .4 (\ud83c\udf4e) y  2.1 .2(\ud83e\udd16)<\/h2>\t\t\t\t<\/div>\n\t\t\t\t<\/div>\n\t\t\t\t<div class=\"elementor-element elementor-element-ea2b808 elementor-widget elementor-widget-button\" data-id=\"ea2b808\" data-element_type=\"widget\" data-e-type=\"widget\" data-widget_type=\"button.default\">\n\t\t\t\t<div class=\"elementor-widget-container\">\n\t\t\t\t\t\t\t\t\t<div class=\"elementor-button-wrapper\">\n\t\t\t\t\t<a class=\"elementor-button elementor-button-link elementor-size-sm\" href=\"https:\/\/linktr.ee\/spleeftapp\" target=\"_blank\" rel=\"noopener\">\n\t\t\t\t\t\t<span class=\"elementor-button-content-wrapper\">\n\t\t\t\t\t\t\t\t\t<span class=\"elementor-button-text\">23\/11\/2022<\/span>\n\t\t\t\t\t<\/span>\n\t\t\t\t\t<\/a>\n\t\t\t\t<\/div>\n\t\t\t\t\t\t\t\t<\/div>\n\t\t\t\t<\/div>\n\t\t\t\t\t<\/div>\n\t\t<\/div>\n\t\t\t\t\t<\/div>\n\t\t<\/section>\n\t\t\t\t<section class=\"elementor-section elementor-top-section elementor-element elementor-element-6091b14 elementor-section-boxed elementor-section-height-default elementor-section-height-default\" data-id=\"6091b14\" data-element_type=\"section\" data-e-type=\"section\">\n\t\t\t\t\t\t<div class=\"elementor-container elementor-column-gap-default\">\n\t\t\t\t\t<div class=\"elementor-column elementor-col-100 elementor-top-column elementor-element elementor-element-fc81071\" data-id=\"fc81071\" data-element_type=\"column\" data-e-type=\"column\">\n\t\t\t<div class=\"elementor-widget-wrap elementor-element-populated\">\n\t\t\t\t\t\t<div class=\"elementor-element elementor-element-1b66f30 elementor-widget elementor-widget-text-editor\" data-id=\"1b66f30\" data-element_type=\"widget\" data-e-type=\"widget\" data-widget_type=\"text-editor.default\">\n\t\t\t\t<div class=\"elementor-widget-container\">\n\t\t\t\t\t\t\t\t\t<h3><strong><span style=\"color: #333333;\">Optimizaciones<\/span> (\ud83c\udf4e y \ud83e\udd16)<\/strong><\/h3><p>En l\u00ednea con las dos \u00faltimas actualizaciones, ahora los filtros de ROM y velocidad son calculados de manera autom\u00e1tica para cada serie. Esta funcionalidad viene por defecto (recomendado), pero puedes volver a los filtros manuales seleccionandolo en ajustes (en el caso de que est\u00e9s experimentando problemas).<\/p><p>\u00bfC\u00d3MO FUNCIONA? Para el filtro ROM, los valores inferiores o alejados un 35% de la media de la serie no se consideran v\u00e1lidos y la se\u00f1al se vuelve a procesar. Lo mismo para el filtro de velocidad.<\/p><h3><span style=\"color: #333333;\"><strong>Soluci\u00f3n a bugs <\/strong><\/span><strong style=\"color: #333333; font-size: 1.5rem;\">)<\/strong><\/h3><p>Solucionados los problemas con el feedback auditivo en iOS 16.<\/p>\t\t\t\t\t\t\t\t<\/div>\n\t\t\t\t<\/div>\n\t\t\t\t<div class=\"elementor-element elementor-element-c0c9ca4 elementor-widget-divider--view-line elementor-widget elementor-widget-divider\" data-id=\"c0c9ca4\" data-element_type=\"widget\" data-e-type=\"widget\" data-widget_type=\"divider.default\">\n\t\t\t\t<div class=\"elementor-widget-container\">\n\t\t\t\t\t\t\t<div class=\"elementor-divider\">\n\t\t\t<span class=\"elementor-divider-separator\">\n\t\t\t\t\t\t<\/span>\n\t\t<\/div>\n\t\t\t\t\t\t<\/div>\n\t\t\t\t<\/div>\n\t\t\t\t\t<\/div>\n\t\t<\/div>\n\t\t\t\t\t<\/div>\n\t\t<\/section>\n\t\t\t\t<section class=\"elementor-section elementor-top-section elementor-element elementor-element-97aefcf elementor-section-boxed elementor-section-height-default elementor-section-height-default\" data-id=\"97aefcf\" data-element_type=\"section\" data-e-type=\"section\">\n\t\t\t\t\t\t<div class=\"elementor-container elementor-column-gap-default\">\n\t\t\t\t\t<div class=\"elementor-column elementor-col-100 elementor-top-column elementor-element elementor-element-9446448\" data-id=\"9446448\" data-element_type=\"column\" data-e-type=\"column\">\n\t\t\t<div class=\"elementor-widget-wrap elementor-element-populated\">\n\t\t\t\t\t\t<div class=\"elementor-element elementor-element-453a43a elementor-widget elementor-widget-heading\" data-id=\"453a43a\" data-element_type=\"widget\" data-e-type=\"widget\" data-widget_type=\"heading.default\">\n\t\t\t\t<div class=\"elementor-widget-container\">\n\t\t\t\t\t<h2 class=\"elementor-heading-title elementor-size-default\">Version 1.4 .2 (\ud83c\udf4e) y  2.1 .1(\ud83e\udd16)<\/h2>\t\t\t\t<\/div>\n\t\t\t\t<\/div>\n\t\t\t\t<div class=\"elementor-element elementor-element-c58be9a elementor-widget elementor-widget-button\" data-id=\"c58be9a\" data-element_type=\"widget\" data-e-type=\"widget\" data-widget_type=\"button.default\">\n\t\t\t\t<div class=\"elementor-widget-container\">\n\t\t\t\t\t\t\t\t\t<div class=\"elementor-button-wrapper\">\n\t\t\t\t\t<a class=\"elementor-button elementor-button-link elementor-size-sm\" href=\"https:\/\/linktr.ee\/spleeftapp\" target=\"_blank\" rel=\"noopener\">\n\t\t\t\t\t\t<span class=\"elementor-button-content-wrapper\">\n\t\t\t\t\t\t\t\t\t<span class=\"elementor-button-text\">19\/11\/2022<\/span>\n\t\t\t\t\t<\/span>\n\t\t\t\t\t<\/a>\n\t\t\t\t<\/div>\n\t\t\t\t\t\t\t\t<\/div>\n\t\t\t\t<\/div>\n\t\t\t\t\t<\/div>\n\t\t<\/div>\n\t\t\t\t\t<\/div>\n\t\t<\/section>\n\t\t\t\t<section class=\"elementor-section elementor-top-section elementor-element elementor-element-d7fd0bc elementor-section-boxed elementor-section-height-default elementor-section-height-default\" data-id=\"d7fd0bc\" data-element_type=\"section\" data-e-type=\"section\">\n\t\t\t\t\t\t<div class=\"elementor-container elementor-column-gap-default\">\n\t\t\t\t\t<div class=\"elementor-column elementor-col-100 elementor-top-column elementor-element elementor-element-c47d4cb\" data-id=\"c47d4cb\" data-element_type=\"column\" data-e-type=\"column\">\n\t\t\t<div class=\"elementor-widget-wrap elementor-element-populated\">\n\t\t\t\t\t\t<div class=\"elementor-element elementor-element-da49a39 elementor-widget elementor-widget-text-editor\" data-id=\"da49a39\" data-element_type=\"widget\" data-e-type=\"widget\" data-widget_type=\"text-editor.default\">\n\t\t\t\t<div class=\"elementor-widget-container\">\n\t\t\t\t\t\t\t\t\t<h3><strong><span style=\"color: #333333;\">Optimizaciones<\/span> (\ud83c\udf4e y \ud83e\udd16)<\/strong><\/h3><p>Hemos optimizado la aplicaci\u00f3n para que puedas establecer un filtro de velocidad (ajustes en la pantalla de velocidad en tiempo real en la esquina superior derecha) para mejorar la precisi\u00f3n de las mediciones. Tras la \u00faltima actualizaci\u00f3n, si la aplicaci\u00f3n detecta una repetici\u00f3n bajo el filtro de rango de movimiento o el filtro de velocidad, la repetici\u00f3n no se cuenta pero la se\u00f1al se vuelve a procesar cuando se detecta otra positble repetici\u00f3n.\u00a0<\/p><p>\u00bfC\u00d3MO MEJORAR EL CONTEO DE REPETICIONES Y LA PRECISI\u00d3N DE LA VELOCIDAD CON ESTA ACTUALIZACI\u00d3N? Simplemente establece un filtro de velocidad y ROM cercano al resultado esperado. Por ejemplo: si esperas levantar 60 kg en sentadilla a 0,74 m\/s y con un ROM de 50 cm establece filtros un poco bajos, de 0,5 m\/s y 30 cm, por ejemplo. Esto se har\u00e1 autom\u00e1ticamente en las siguientes actualizaciones.\u00a0<\/p><p>El tiempo de respuesta se ha reducido, ahora el feedback de la velocidad se da un poco antes.\u00a0<\/p><h3><span style=\"color: #333333;\"><strong>Nuevas funcionalidades (\ud83c\udf4e\u00a0<\/strong><\/span>y \ud83e\udd16<strong style=\"color: #333333; font-size: 1.5rem;\">)<\/strong><\/h3><ol><li><span style=\"text-decoration: underline;\">NUEVOS EJERCICIOS<\/span> Los ejercicios en m\u00e1quina como el lat pull-down o la prensa de piernas han sido probados (por eso la necesidad de usar filtros de velocidad) y a\u00f1adidos a la lista de ejercicios. S\u00f3lo hay que poner el tel\u00e9fono en las placas y medir la velocidad vertical.<\/li><\/ol><p>IMPORTANTE: la prensa de piernas inclinada viene con una correcci\u00f3n del factor sen(45\u00ba). Actualmente Spleeft mide la velocidad de movimiento s\u00f3lo en el eje vertical, pero en este ejercicio, la fuerza se aplica con 45 grados de inclinaci\u00f3n.\u00a0<\/p>\t\t\t\t\t\t\t\t<\/div>\n\t\t\t\t<\/div>\n\t\t\t\t<div class=\"elementor-element elementor-element-de1bed7 elementor-widget-divider--view-line elementor-widget elementor-widget-divider\" data-id=\"de1bed7\" data-element_type=\"widget\" data-e-type=\"widget\" data-widget_type=\"divider.default\">\n\t\t\t\t<div class=\"elementor-widget-container\">\n\t\t\t\t\t\t\t<div class=\"elementor-divider\">\n\t\t\t<span class=\"elementor-divider-separator\">\n\t\t\t\t\t\t<\/span>\n\t\t<\/div>\n\t\t\t\t\t\t<\/div>\n\t\t\t\t<\/div>\n\t\t\t\t\t<\/div>\n\t\t<\/div>\n\t\t\t\t\t<\/div>\n\t\t<\/section>\n\t\t\t\t<section class=\"elementor-section elementor-top-section elementor-element elementor-element-3e39ec6 elementor-section-boxed elementor-section-height-default elementor-section-height-default\" data-id=\"3e39ec6\" data-element_type=\"section\" data-e-type=\"section\">\n\t\t\t\t\t\t<div class=\"elementor-container elementor-column-gap-default\">\n\t\t\t\t\t<div class=\"elementor-column elementor-col-100 elementor-top-column elementor-element elementor-element-11ca8c3\" data-id=\"11ca8c3\" data-element_type=\"column\" data-e-type=\"column\">\n\t\t\t<div class=\"elementor-widget-wrap elementor-element-populated\">\n\t\t\t\t\t\t<div class=\"elementor-element elementor-element-a7721d9 elementor-widget elementor-widget-heading\" data-id=\"a7721d9\" data-element_type=\"widget\" data-e-type=\"widget\" data-widget_type=\"heading.default\">\n\t\t\t\t<div class=\"elementor-widget-container\">\n\t\t\t\t\t<h2 class=\"elementor-heading-title elementor-size-default\">Versi\u00f3n 1.4 (\ud83c\udf4e) y 2.1 (\ud83e\udd16)<\/h2>\t\t\t\t<\/div>\n\t\t\t\t<\/div>\n\t\t\t\t<div class=\"elementor-element elementor-element-7a8a7d9 elementor-widget elementor-widget-button\" data-id=\"7a8a7d9\" data-element_type=\"widget\" data-e-type=\"widget\" data-widget_type=\"button.default\">\n\t\t\t\t<div class=\"elementor-widget-container\">\n\t\t\t\t\t\t\t\t\t<div class=\"elementor-button-wrapper\">\n\t\t\t\t\t<a class=\"elementor-button elementor-button-link elementor-size-sm\" href=\"https:\/\/linktr.ee\/spleeftapp\" target=\"_blank\" rel=\"noopener\">\n\t\t\t\t\t\t<span class=\"elementor-button-content-wrapper\">\n\t\t\t\t\t\t\t\t\t<span class=\"elementor-button-text\">3\/11\/2022<\/span>\n\t\t\t\t\t<\/span>\n\t\t\t\t\t<\/a>\n\t\t\t\t<\/div>\n\t\t\t\t\t\t\t\t<\/div>\n\t\t\t\t<\/div>\n\t\t\t\t\t<\/div>\n\t\t<\/div>\n\t\t\t\t\t<\/div>\n\t\t<\/section>\n\t\t\t\t<section class=\"elementor-section elementor-top-section elementor-element elementor-element-0890bae elementor-section-boxed elementor-section-height-default elementor-section-height-default\" data-id=\"0890bae\" data-element_type=\"section\" data-e-type=\"section\">\n\t\t\t\t\t\t<div class=\"elementor-container elementor-column-gap-default\">\n\t\t\t\t\t<div class=\"elementor-column elementor-col-100 elementor-top-column elementor-element elementor-element-46e05e7\" data-id=\"46e05e7\" data-element_type=\"column\" data-e-type=\"column\">\n\t\t\t<div class=\"elementor-widget-wrap elementor-element-populated\">\n\t\t\t\t\t\t<div class=\"elementor-element elementor-element-e5122dd elementor-widget elementor-widget-text-editor\" data-id=\"e5122dd\" data-element_type=\"widget\" data-e-type=\"widget\" data-widget_type=\"text-editor.default\">\n\t\t\t\t<div class=\"elementor-widget-container\">\n\t\t\t\t\t\t\t\t\t<h3><strong><span style=\"color: #333333;\">Optimizaciones<\/span> (\ud83c\udf4e y \ud83e\udd16)<\/strong><\/h3><p>La monitorizaci\u00f3n de la velocidad de ejecuci\u00f3n mediante el aceler\u00f3metro ha sido mejorada con un reprocesado de la se\u00f1al cada vez que un peque\u00f1o movimiento es detectado y borrando la se\u00f1al cuando se detecte una repetici\u00f3n. Anteriormente la se\u00f1al se limpiaba con velocidad cero. Ahora Spleeft es m\u00e1s capaz de detectar las repeticiones m\u00e1s lentas, pero el tiempo de respuesta (tiempo entre que el movimiento termina y se escucha el feedback de velocidad) es mayor.<\/p><h3><span style=\"color: #333333;\"><strong>Nuevas funcionalidades (\ud83c\udf4e)<\/strong><\/span><\/h3><ol><li><span style=\"text-decoration: underline;\">Perfil de carga - velocidad autom\u00e1tico.<\/span> Actualmente, Spleeft es capaz de realizar perfiles de carga-velocidad bas\u00e1ndose en sus datos hist\u00f3ricos y en unas condiciones para ser fiable. <a href=\"https:\/\/spleeft.app\/autoregulation-1-automatic-load-velocity-profile-and-daily-1rm-estimation\/\" target=\"_blank\">M\u00e1s informaci\u00f3n aqu\u00ed<\/a><\/li><li><span style=\"text-decoration: underline;\">Estimaci\u00f3n diaria de la 1RM:<\/span>Bas\u00e1ndose en el perfil carga-velocidad anterior, Spleeft puede ofrecerle una estimaci\u00f3n de su 1RM diario con el fin de mejorar la autorregulaci\u00f3n. <a href=\"https:\/\/spleeft.app\/autoregulation-1-automatic-load-velocity-profile-and-daily-1rm-estimation\/\" target=\"_blank\">M\u00e1s informaci\u00f3n aqu\u00ed\u00a0<\/a><\/li><li><span style=\"text-decoration: underline;\">Feedback en tiempo real de potencia<\/span>: en la esquina superior derecha de la pantalla de monitorizaci\u00f3n de velocidad pincha en bot\u00f3n de configuraci\u00f3n y escoge entre feedback de velocidad o potencia.\u00a0<\/li><li>\u00a0<span style=\"text-decoration: underline;\">Monitorizaci\u00f3n a largo plazo de la m\u00e1xima potencia con una carga<\/span>. Como en la anterior, puedes elegir entre potencia o velocidad en el gr\u00e1fico hist\u00f3rico. <a href=\"https:\/\/spleeft.app\/manage-your-long-term-performance-with-velocity-based-training\/\" target=\"_blank\">M\u00e1s informaci\u00f3n aqu\u00ed<\/a><\/li><li>\u00a0<span style=\"text-decoration: underline;\">Edita la carga en la pantalla resumen de la serie<\/span>. Mant\u00e9n pulsado en la carga e introduce la carga correcta.\u00a0<\/li><\/ol><p>Recuerda nuestro post sobre la nueva funci\u00f3n inclu\u00edda en la \u00faltima actualizaci\u00f3n: <a href=\"https:\/\/spleeft.app\/autoregulate-your-resistance-training-with-z-scores\/\" target=\"_blank\">autorregulaci\u00f3n con Z-Score.<\/a><\/p>\t\t\t\t\t\t\t\t<\/div>\n\t\t\t\t<\/div>\n\t\t\t\t\t<\/div>\n\t\t<\/div>\n\t\t\t\t\t<\/div>\n\t\t<\/section>\n\t\t\t\t<\/div>","protected":false},"excerpt":{"rendered":"<p>Versi\u00f3n 2.2 (en Android \ud83e\udd16) 03\/06\/2023 Mejoras (\ud83e\udd16) En la parte superior de la pantalla de velocidad en tiempo real, puedes calibrar el sensor de tu tel\u00e9fono. Primero, coloca el tel\u00e9fono sobre una superficie y d\u00e9jalo inm\u00f3vil durante diez segundos. En la pantalla ver\u00e1s la aceleraci\u00f3n media de los \u00faltimos 8... <\/p>\n<p class=\"link-more\"><a href=\"https:\/\/spleeft.app\/es\/registro-de-cambios\/\" class=\"more-link\">Leer m\u00e1s<span class=\"screen-reader-text\"> \u00ab\u00daltimas actualizaciones\u00bb<\/span><\/a><\/p>","protected":false},"author":1,"featured_media":0,"parent":0,"menu_order":0,"comment_status":"open","ping_status":"closed","template":"page-templates\/full-width-builder-bb.php","meta":{"om_disable_all_campaigns":false,"_monsterinsights_skip_tracking":false,"_monsterinsights_sitenote_active":false,"_monsterinsights_sitenote_note":"","_monsterinsights_sitenote_category":0,"footnotes":""},"class_list":["post-5206","page","type-page","status-publish","hentry"],"_links":{"self":[{"href":"https:\/\/spleeft.app\/es\/wp-json\/wp\/v2\/pages\/5206","targetHints":{"allow":["GET"]}}],"collection":[{"href":"https:\/\/spleeft.app\/es\/wp-json\/wp\/v2\/pages"}],"about":[{"href":"https:\/\/spleeft.app\/es\/wp-json\/wp\/v2\/types\/page"}],"author":[{"embeddable":true,"href":"https:\/\/spleeft.app\/es\/wp-json\/wp\/v2\/users\/1"}],"replies":[{"embeddable":true,"href":"https:\/\/spleeft.app\/es\/wp-json\/wp\/v2\/comments?post=5206"}],"version-history":[{"count":0,"href":"https:\/\/spleeft.app\/es\/wp-json\/wp\/v2\/pages\/5206\/revisions"}],"wp:attachment":[{"href":"https:\/\/spleeft.app\/es\/wp-json\/wp\/v2\/media?parent=5206"}],"curies":[{"name":"gracias","href":"https:\/\/api.w.org\/{rel}","templated":true}]}}